{"id":971,"date":"2026-02-11T19:03:07","date_gmt":"2026-02-11T18:03:07","guid":{"rendered":"https:\/\/web.hotelmaranellovillage.com\/services\/"},"modified":"2026-04-24T16:31:11","modified_gmt":"2026-04-24T14:31:11","slug":"services","status":"publish","type":"page","link":"https:\/\/www.hotelmaranellovillage.com\/fr\/services\/","title":{"rendered":"Services"},"content":{"rendered":"<div class=\"wpb-content-wrapper\"><p>[vc_row full_width=\u00a0\u00bbstretch_row_content_no_spaces\u00a0\u00bb content_placement=\u00a0\u00bbmiddle\u00a0\u00bb css=\u00a0\u00bb.vc_custom_1772648524312{padding-top: 4em !important;padding-bottom: 4em !important;background-color: #101010 !important;}\u00a0\u00bb][vc_column css_animation=\u00a0\u00bbnone\u00a0\u00bb width=\u00a0\u00bb1\/2&Prime; el_class=\u00a0\u00bbdeco-column right\u00a0\u00bb][vc_row_inner][vc_column_inner width=\u00a0\u00bb5\/6&Prime; offset=\u00a0\u00bbvc_col-md-offset-2 vc_col-md-8 vc_col-sm-offset-1 vc_col-xs-offset-1 vc_col-xs-10&Prime; css=\u00a0\u00bb.vc_custom_1772553117214{padding-top: 4em !important;padding-bottom: 4em !important;}\u00a0\u00bb]<h1 class=\"deco-title sinistra\"><span class=\"eyelet\">Services<\/span> Des moteurs toujours au <mark class=\"subtitle\">Maximum<\/mark><\/h1>[vc_column_text css=\u00a0\u00bb\u00a0\u00bb]Ce que nous souhaitons au <strong>Maranello Village<\/strong>, c\u2019est vous offrir une immersion totale dans l\u2019<strong>atmosph\u00e8re Ferrari la plus authentique et la plus captivante<\/strong>.<\/p>\n<p>C\u2019est pourquoi nous vous proposons une s\u00e9lection de services con\u00e7us pour rendre chacun de vos s\u00e9jours unique, confortable et sans souci.[\/vc_column_text]<div class=\"button-wrapper inline\"><a class=\"btn btn-default btn-lg\" href=\"https:\/\/www.simplebooking.it\/ibe2\/hotel\/2562?lang=IT&cur=EUR\"  target=\"_blank\" title=\"R\u00e9servez maintenant\">R\u00e9servez maintenant<\/a><\/div>[\/vc_column_inner][\/vc_row_inner][\/vc_column][vc_column css_animation=\u00a0\u00bbappear\u00a0\u00bb width=\u00a0\u00bb1\/2&Prime; css=\u00a0\u00bb.vc_custom_1777018584700{background-image: url(https:\/\/www.hotelmaranellovillage.com\/wp-content\/uploads\/2026\/04\/hotel-maranello-village-colazione-buffet-2026.jpg?id=1299) !important;background-position: center !important;background-repeat: no-repeat !important;background-size: cover !important;}\u00a0\u00bb]<div title=\"H\u00f4tel Maranello Village Services - Petit-d\u00e9jeuner buffet\" class=\"image-wrapper\">\n\t\t\t\t<figure class=\"aspect-image\" style=\"background-image:url('https:\/\/www.hotelmaranellovillage.com\/wp-content\/themes\/aitec\/img\/transparent-placeholder.png'); aspect-ratio: 4 \/ 3; \">\n\t\t\t\t\t<img decoding=\"async\" src=\"https:\/\/www.hotelmaranellovillage.com\/wp-content\/uploads\/2026\/04\/hotel-maranello-village-colazione-buffet-2026-1024x682.jpg\" alt=\"H\u00f4tel Maranello Village Services - Petit-d\u00e9jeuner buffet\">\n\t\t\t\t\t<figcaption>H\u00f4tel Maranello Village Services - Petit-d\u00e9jeuner buffet<\/figcaption>\n\t\t\t\t<\/figure>\n\t\t\t<\/div>[\/vc_column][\/vc_row][vc_row full_width=\u00a0\u00bbstretch_row\u00a0\u00bb css=\u00a0\u00bb.vc_custom_1772648538426{padding-bottom: 2em !important;}\u00a0\u00bb][vc_column width=\u00a0\u00bb1\/3&Prime;]<div title=\"hotel-maranello-village-colazione-2026\" class=\"image-wrapper rounded shadow mb-3\"><figure class=\"aspect-image\" style=\"background-image:url('https:\/\/www.hotelmaranellovillage.com\/wp-content\/uploads\/2026\/04\/hotel-maranello-village-colazione-2026-1024x768.jpg'); aspect-ratio: 16 \/ 9; \" ><\/figure><\/div>[vc_column_text css=\u00a0\u00bb\u00a0\u00bb]<\/p>\n<h2>Petit-d\u00e9jeuner<\/h2>\n<p>Repartez le matin avec un petit-d\u00e9jeuner de champion. Nous vous souhaitons le bonjour avec notre riche buffet sucr\u00e9 et sal\u00e9. Le petit-d\u00e9jeuner est disponible pour tous les clients moyennant un suppl\u00e9ment. Pour tout d\u00e9tail, notre r\u00e9ception est toujours \u00e0 votre disposition.<\/p>\n<ul>\n<li>Riche buffet sucr\u00e9 et sal\u00e9<\/li>\n<li>Caf\u00e9t\u00e9ria classique et boissons fra\u00eeches<\/li>\n<li>Service pratique et rapide<\/li>\n<\/ul>\n<p>[\/vc_column_text][\/vc_column][vc_column width=\u00a0\u00bb1\/3&Prime;]<div title=\"hotel-maranello-village-pet-welcome-a-spasso-cane\" class=\"image-wrapper rounded shadow mb-3\"><figure class=\"aspect-image\" style=\"background-image:url('https:\/\/www.hotelmaranellovillage.com\/wp-content\/uploads\/2026\/04\/hotel-maranello-village-pet-welcome-a-spasso-cane.jpg'); aspect-ratio: 16 \/ 9; \" ><\/figure><\/div>[vc_column_text css=\u00a0\u00bb\u00a0\u00bb]<\/p>\n<h2>Animaux bienvenus<\/h2>\n<p>Ne partez pas en laissant votre animal \u00e0 la maison. Au Maranello Village, les animaux de toutes tailles sont les bienvenus, sans frais suppl\u00e9mentaires.<\/p>\n<ul>\n<li>Apportez vos animaux<\/li>\n<li>Toutes les tailles sont accept\u00e9es<\/li>\n<li>Service gratuit<\/li>\n<\/ul>\n<p>[\/vc_column_text][\/vc_column][vc_column width=\u00a0\u00bb1\/3&Prime;]<div title=\"hotel-maranello-village-servizi-ristorante-paddock-gnocco-fritto\" class=\"image-wrapper rounded shadow mb-3\"><figure class=\"aspect-image\" style=\"background-image:url('https:\/\/www.hotelmaranellovillage.com\/wp-content\/uploads\/2026\/03\/hotel-maranello-village-servizi-ristorante-paddock-gnocco-fritto-1024x683.jpg'); aspect-ratio: 16 \/ 9; \" ><\/figure><\/div>[vc_column_text css=\u00a0\u00bb\u00a0\u00bb]<\/p>\n<h2>Restaurants<\/h2>\n<p>Nous vous attendons pour le d\u00e9jeuner et le d\u00eener avec deux restaurants \u00e0 votre disposition. Au Paddock, vous retrouverez tout l\u2019accueil de la grande tradition culinaire de Mod\u00e8ne. Tandis qu\u2019au self-service Pit Lane, le go\u00fbt va vite avec de nombreux plats savoureux pr\u00eats imm\u00e9diatement :<\/p>\n<ul>\n<li>Grande tradition gastronomique<\/li>\n<li>Possibilit\u00e9 de d\u00e9jeuners rapides<\/li>\n<li>D\u00e9jeuners et d\u00eeners d\u2019affaires<\/li>\n<li>Un large choix pour chaque besoin<\/li>\n<\/ul>\n<p>[\/vc_column_text][\/vc_column][\/vc_row][vc_row full_width=\u00a0\u00bbstretch_row\u00a0\u00bb css=\u00a0\u00bb.vc_custom_1772648538426{padding-bottom: 2em !important;}\u00a0\u00bb][vc_column width=\u00a0\u00bb1\/3&Prime;]<div title=\"Hotel Maranello Village particolare reception foto\" class=\"image-wrapper rounded shadow mb-3\"><figure class=\"aspect-image\" style=\"background-image:url('https:\/\/www.hotelmaranellovillage.com\/wp-content\/uploads\/2026\/02\/hotel-maranello-villate-reception-focus.jpg'); aspect-ratio: 16 \/ 9; \" ><\/figure><\/div>[vc_column_text css=\u00a0\u00bb\u00a0\u00bb]<\/p>\n<h2>Grands Prix<\/h2>\n<p>Vous craignez de manquer un Grand Prix de F1 pendant votre voyage ? Ne vous inqui\u00e9tez pas, ici au Maranello Village, nous n\u2019en manquons aucun. Et qui sait, vous aurez peut-\u00eatre la chance de le regarder avec des ing\u00e9nieurs Ferrari r\u00e9sidant au Village, entre anecdotes et coulisses de Maranello !<\/p>\n<ul>\n<li>Vous ne manquerez pas une minute de la course<\/li>\n<li>Diffusion en direct sur Sky sur \u00e9cran g\u00e9ant dans la salle de r\u00e9union<\/li>\n<li>Possibilit\u00e9 de regarder \u00e9galement depuis les fauteuils confortables du hall<\/li>\n<\/ul>\n<p>[\/vc_column_text][\/vc_column][vc_column width=\u00a0\u00bb1\/3&Prime;]<div title=\"hotel-maranello-village-residence-e-dependance-dall-alto\" class=\"image-wrapper rounded shadow mb-3\"><figure class=\"aspect-image\" style=\"background-image:url('https:\/\/www.hotelmaranellovillage.com\/wp-content\/uploads\/2026\/03\/hotel-maranello-village-residence-e-dependance-dall-alto-1024x575.jpg'); aspect-ratio: 16 \/ 9; \" ><\/figure><\/div>[vc_column_text css=\u00a0\u00bb\u00a0\u00bb]<\/p>\n<h2>Durabilit\u00e9<\/h2>\n<p>Le Maranello Village est une structure moderne, attentive \u00e0 la consommation et \u00e0 la durabilit\u00e9 environnementale, \u00e9quip\u00e9e d\u2019installations efficaces et de panneaux photovolta\u00efques sur les toits.<\/p>\n<ul>\n<li>Panneaux photovolta\u00efques<\/li>\n<li>Structures efficaces<\/li>\n<li>Installations modernes<\/li>\n<\/ul>\n<p>[\/vc_column_text][\/vc_column][vc_column width=\u00a0\u00bb1\/3&Prime;]<div title=\"hotel-maranello-village-reception-parco-e-parcheggio\" class=\"image-wrapper rounded shadow mb-3\"><figure class=\"aspect-image\" style=\"background-image:url('https:\/\/www.hotelmaranellovillage.com\/wp-content\/uploads\/2026\/03\/hotel-maranello-village-reception-parco-e-parcheggio-1024x575.jpg'); aspect-ratio: 16 \/ 9; \" ><\/figure><\/div>[vc_column_text css=\u00a0\u00bb\u00a0\u00bb]<\/p>\n<h2>Parking et garage<\/h2>\n<p>Comment pourrions-nous oublier votre voiture ? C\u2019est la terre des moteurs et, pour nous, tous les moteurs sont importants. C\u2019est pourquoi nous vous garantissons toujours une place de stationnement, que ce soit dans notre parking ext\u00e9rieur ou dans le garage souterrain, ferm\u00e9 et sous vid\u00e9osurveillance.<\/p>\n<ul>\n<li>Grand parking ext\u00e9rieur gratuit<\/li>\n<li>Garage souterrain payant, ferm\u00e9 et sous vid\u00e9osurveillance<\/li>\n<li>Acc\u00e8s tr\u00e8s pratique depuis les routes \u00e0 circulation rapide<\/li>\n<\/ul>\n<p>[\/vc_column_text][\/vc_column][\/vc_row]<\/p>\n<\/div>","protected":false},"excerpt":{"rendered":"<p>[vc_row full_width=\u00a0\u00bbstretch_row_content_no_spaces\u00a0\u00bb content_placement=\u00a0\u00bbmiddle\u00a0\u00bb css=\u00a0\u00bb.vc_custom_1772648524312{padding-top: 4em !important;padding-bottom: 4em !important;background-color: #101010 !important;}\u00a0\u00bb][vc_column css_animation=\u00a0\u00bbnone\u00a0\u00bb width=\u00a0\u00bb1\/2&Prime; el_class=\u00a0\u00bbdeco-column right\u00a0\u00bb][vc_row_inner][vc_column_inner width=\u00a0\u00bb5\/6&Prime; offset=\u00a0\u00bbvc_col-md-offset-2 vc_col-md-8 vc_col-sm-offset-1 vc_col-xs-offset-1 vc_col-xs-10&Prime; css=\u00a0\u00bb.vc_custom_1772553117214{padding-top: 4em !important;padding-bottom: 4em !important;}\u00a0\u00bb][vc_column_text css=\u00a0\u00bb\u00a0\u00bb]Ce que nous souhaitons au Maranello Village, c\u2019est vous offrir une immersion totale dans l\u2019atmosph\u00e8re Ferrari la plus authentique et la plus captivante. C\u2019est pourquoi nous vous proposons une s\u00e9lection [&hellip;]<\/p>\n","protected":false},"author":1,"featured_media":0,"parent":0,"menu_order":0,"comment_status":"closed","ping_status":"closed","template":"","meta":{"_acf_changed":false,"rs_blank_template":"","rs_page_bg_color":"","slide_template_v7":"","footnotes":""},"class_list":["post-971","page","type-page","status-publish","hentry"],"acf":[],"yoast_head":"<!-- This site is optimized with the Yoast SEO plugin v27.5 - https:\/\/yoast.com\/product\/yoast-seo-wordpress\/ -->\n<title>Services | Maranello Village - Hotel &amp; Residence Sito Ufficiale<\/title>\n<meta name=\"robots\" content=\"index, follow, max-snippet:-1, max-image-preview:large, max-video-preview:-1\" \/>\n<link rel=\"canonical\" href=\"https:\/\/www.hotelmaranellovillage.com\/fr\/services\/\" \/>\n<meta property=\"og:locale\" content=\"fr_FR\" \/>\n<meta property=\"og:type\" content=\"article\" \/>\n<meta property=\"og:title\" content=\"Services | Maranello Village - Hotel &amp; Residence Sito Ufficiale\" \/>\n<meta property=\"og:description\" content=\"[vc_row full_width=\u00a0\u00bbstretch_row_content_no_spaces\u00a0\u00bb content_placement=\u00a0\u00bbmiddle\u00a0\u00bb css=\u00a0\u00bb.vc_custom_1772648524312{padding-top: 4em !important;padding-bottom: 4em !important;background-color: #101010 !important;}\u00a0\u00bb][vc_column css_animation=\u00a0\u00bbnone\u00a0\u00bb width=\u00a0\u00bb1\/2&Prime; el_class=\u00a0\u00bbdeco-column right\u00a0\u00bb][vc_row_inner][vc_column_inner width=\u00a0\u00bb5\/6&Prime; offset=\u00a0\u00bbvc_col-md-offset-2 vc_col-md-8 vc_col-sm-offset-1 vc_col-xs-offset-1 vc_col-xs-10&Prime; css=\u00a0\u00bb.vc_custom_1772553117214{padding-top: 4em !important;padding-bottom: 4em !important;}\u00a0\u00bb][vc_column_text css=\u00a0\u00bb\u00a0\u00bb]Ce que nous souhaitons au Maranello Village, c\u2019est vous offrir une immersion totale dans l\u2019atmosph\u00e8re Ferrari la plus authentique et la plus captivante. C\u2019est pourquoi nous vous proposons une s\u00e9lection [&hellip;]\" \/>\n<meta property=\"og:url\" content=\"https:\/\/www.hotelmaranellovillage.com\/fr\/services\/\" \/>\n<meta property=\"og:site_name\" content=\"Maranello Village\" \/>\n<meta property=\"article:publisher\" content=\"https:\/\/www.facebook.com\/MaranelloVillage\" \/>\n<meta property=\"article:modified_time\" content=\"2026-04-24T14:31:11+00:00\" \/>\n<meta property=\"og:image\" content=\"https:\/\/www.hotelmaranellovillage.com\/wp-content\/uploads\/2026\/04\/hotel-maranello-village-reception-2026.jpg\" \/>\n\t<meta property=\"og:image:width\" content=\"1200\" \/>\n\t<meta property=\"og:image:height\" content=\"675\" \/>\n\t<meta property=\"og:image:type\" content=\"image\/jpeg\" \/>\n<meta name=\"twitter:card\" content=\"summary_large_image\" \/>\n<meta name=\"twitter:label1\" content=\"Dur\u00e9e de lecture estim\u00e9e\" \/>\n\t<meta name=\"twitter:data1\" content=\"4 minutes\" \/>\n<script type=\"application\/ld+json\" class=\"yoast-schema-graph\">{\"@context\":\"https:\\\/\\\/schema.org\",\"@graph\":[{\"@type\":\"WebPage\",\"@id\":\"https:\\\/\\\/www.hotelmaranellovillage.com\\\/fr\\\/services\\\/\",\"url\":\"https:\\\/\\\/www.hotelmaranellovillage.com\\\/fr\\\/services\\\/\",\"name\":\"Services | Maranello Village - Hotel & Residence Sito Ufficiale\",\"isPartOf\":{\"@id\":\"https:\\\/\\\/www.hotelmaranellovillage.com\\\/fr\\\/#website\"},\"datePublished\":\"2026-02-11T18:03:07+00:00\",\"dateModified\":\"2026-04-24T14:31:11+00:00\",\"breadcrumb\":{\"@id\":\"https:\\\/\\\/www.hotelmaranellovillage.com\\\/fr\\\/services\\\/#breadcrumb\"},\"inLanguage\":\"fr-FR\",\"potentialAction\":[{\"@type\":\"ReadAction\",\"target\":[\"https:\\\/\\\/www.hotelmaranellovillage.com\\\/fr\\\/services\\\/\"]}]},{\"@type\":\"BreadcrumbList\",\"@id\":\"https:\\\/\\\/www.hotelmaranellovillage.com\\\/fr\\\/services\\\/#breadcrumb\",\"itemListElement\":[{\"@type\":\"ListItem\",\"position\":1,\"name\":\"Home\",\"item\":\"https:\\\/\\\/www.hotelmaranellovillage.com\\\/fr\\\/page-daccueil\\\/\"},{\"@type\":\"ListItem\",\"position\":2,\"name\":\"Services\"}]},{\"@type\":\"WebSite\",\"@id\":\"https:\\\/\\\/www.hotelmaranellovillage.com\\\/fr\\\/#website\",\"url\":\"https:\\\/\\\/www.hotelmaranellovillage.com\\\/fr\\\/\",\"name\":\"Maranello Village\",\"description\":\"Hotel &amp; Residence Sito Ufficiale\",\"publisher\":{\"@id\":\"https:\\\/\\\/www.hotelmaranellovillage.com\\\/fr\\\/#organization\"},\"alternateName\":\"HMV\",\"potentialAction\":[{\"@type\":\"SearchAction\",\"target\":{\"@type\":\"EntryPoint\",\"urlTemplate\":\"https:\\\/\\\/www.hotelmaranellovillage.com\\\/fr\\\/?s={search_term_string}\"},\"query-input\":{\"@type\":\"PropertyValueSpecification\",\"valueRequired\":true,\"valueName\":\"search_term_string\"}}],\"inLanguage\":\"fr-FR\"},{\"@type\":\"Organization\",\"@id\":\"https:\\\/\\\/www.hotelmaranellovillage.com\\\/fr\\\/#organization\",\"name\":\"Hotel & Residence 4 stelle\",\"url\":\"https:\\\/\\\/www.hotelmaranellovillage.com\\\/fr\\\/\",\"logo\":{\"@type\":\"ImageObject\",\"inLanguage\":\"fr-FR\",\"@id\":\"https:\\\/\\\/www.hotelmaranellovillage.com\\\/fr\\\/#\\\/schema\\\/logo\\\/image\\\/\",\"url\":\"https:\\\/\\\/www.hotelmaranellovillage.com\\\/wp-content\\\/uploads\\\/2026\\\/04\\\/maranello-village-logo-2026.png\",\"contentUrl\":\"https:\\\/\\\/www.hotelmaranellovillage.com\\\/wp-content\\\/uploads\\\/2026\\\/04\\\/maranello-village-logo-2026.png\",\"width\":800,\"height\":256,\"caption\":\"Hotel & Residence 4 stelle\"},\"image\":{\"@id\":\"https:\\\/\\\/www.hotelmaranellovillage.com\\\/fr\\\/#\\\/schema\\\/logo\\\/image\\\/\"},\"sameAs\":[\"https:\\\/\\\/www.facebook.com\\\/MaranelloVillage\",\"https:\\\/\\\/www.instagram.com\\\/hotelmaranellovillage\\\/\",\"https:\\\/\\\/it.linkedin.com\\\/company\\\/maranello-village-hotel-\"]}]}<\/script>\n<!-- \/ Yoast SEO plugin. -->","yoast_head_json":{"title":"Services | Maranello Village - Hotel & Residence Sito Ufficiale","robots":{"index":"index","follow":"follow","max-snippet":"max-snippet:-1","max-image-preview":"max-image-preview:large","max-video-preview":"max-video-preview:-1"},"canonical":"https:\/\/www.hotelmaranellovillage.com\/fr\/services\/","og_locale":"fr_FR","og_type":"article","og_title":"Services | Maranello Village - Hotel & Residence Sito Ufficiale","og_description":"[vc_row full_width=\u00a0\u00bbstretch_row_content_no_spaces\u00a0\u00bb content_placement=\u00a0\u00bbmiddle\u00a0\u00bb css=\u00a0\u00bb.vc_custom_1772648524312{padding-top: 4em !important;padding-bottom: 4em !important;background-color: #101010 !important;}\u00a0\u00bb][vc_column css_animation=\u00a0\u00bbnone\u00a0\u00bb width=\u00a0\u00bb1\/2&Prime; el_class=\u00a0\u00bbdeco-column right\u00a0\u00bb][vc_row_inner][vc_column_inner width=\u00a0\u00bb5\/6&Prime; offset=\u00a0\u00bbvc_col-md-offset-2 vc_col-md-8 vc_col-sm-offset-1 vc_col-xs-offset-1 vc_col-xs-10&Prime; css=\u00a0\u00bb.vc_custom_1772553117214{padding-top: 4em !important;padding-bottom: 4em !important;}\u00a0\u00bb][vc_column_text css=\u00a0\u00bb\u00a0\u00bb]Ce que nous souhaitons au Maranello Village, c\u2019est vous offrir une immersion totale dans l\u2019atmosph\u00e8re Ferrari la plus authentique et la plus captivante. C\u2019est pourquoi nous vous proposons une s\u00e9lection [&hellip;]","og_url":"https:\/\/www.hotelmaranellovillage.com\/fr\/services\/","og_site_name":"Maranello Village","article_publisher":"https:\/\/www.facebook.com\/MaranelloVillage","article_modified_time":"2026-04-24T14:31:11+00:00","og_image":[{"width":1200,"height":675,"url":"https:\/\/www.hotelmaranellovillage.com\/wp-content\/uploads\/2026\/04\/hotel-maranello-village-reception-2026.jpg","type":"image\/jpeg"}],"twitter_card":"summary_large_image","twitter_misc":{"Dur\u00e9e de lecture estim\u00e9e":"4 minutes"},"schema":{"@context":"https:\/\/schema.org","@graph":[{"@type":"WebPage","@id":"https:\/\/www.hotelmaranellovillage.com\/fr\/services\/","url":"https:\/\/www.hotelmaranellovillage.com\/fr\/services\/","name":"Services | Maranello Village - Hotel & Residence Sito Ufficiale","isPartOf":{"@id":"https:\/\/www.hotelmaranellovillage.com\/fr\/#website"},"datePublished":"2026-02-11T18:03:07+00:00","dateModified":"2026-04-24T14:31:11+00:00","breadcrumb":{"@id":"https:\/\/www.hotelmaranellovillage.com\/fr\/services\/#breadcrumb"},"inLanguage":"fr-FR","potentialAction":[{"@type":"ReadAction","target":["https:\/\/www.hotelmaranellovillage.com\/fr\/services\/"]}]},{"@type":"BreadcrumbList","@id":"https:\/\/www.hotelmaranellovillage.com\/fr\/services\/#breadcrumb","itemListElement":[{"@type":"ListItem","position":1,"name":"Home","item":"https:\/\/www.hotelmaranellovillage.com\/fr\/page-daccueil\/"},{"@type":"ListItem","position":2,"name":"Services"}]},{"@type":"WebSite","@id":"https:\/\/www.hotelmaranellovillage.com\/fr\/#website","url":"https:\/\/www.hotelmaranellovillage.com\/fr\/","name":"Maranello Village","description":"Hotel &amp; Residence Sito Ufficiale","publisher":{"@id":"https:\/\/www.hotelmaranellovillage.com\/fr\/#organization"},"alternateName":"HMV","potentialAction":[{"@type":"SearchAction","target":{"@type":"EntryPoint","urlTemplate":"https:\/\/www.hotelmaranellovillage.com\/fr\/?s={search_term_string}"},"query-input":{"@type":"PropertyValueSpecification","valueRequired":true,"valueName":"search_term_string"}}],"inLanguage":"fr-FR"},{"@type":"Organization","@id":"https:\/\/www.hotelmaranellovillage.com\/fr\/#organization","name":"Hotel & Residence 4 stelle","url":"https:\/\/www.hotelmaranellovillage.com\/fr\/","logo":{"@type":"ImageObject","inLanguage":"fr-FR","@id":"https:\/\/www.hotelmaranellovillage.com\/fr\/#\/schema\/logo\/image\/","url":"https:\/\/www.hotelmaranellovillage.com\/wp-content\/uploads\/2026\/04\/maranello-village-logo-2026.png","contentUrl":"https:\/\/www.hotelmaranellovillage.com\/wp-content\/uploads\/2026\/04\/maranello-village-logo-2026.png","width":800,"height":256,"caption":"Hotel & Residence 4 stelle"},"image":{"@id":"https:\/\/www.hotelmaranellovillage.com\/fr\/#\/schema\/logo\/image\/"},"sameAs":["https:\/\/www.facebook.com\/MaranelloVillage","https:\/\/www.instagram.com\/hotelmaranellovillage\/","https:\/\/it.linkedin.com\/company\/maranello-village-hotel-"]}]}},"_links":{"self":[{"href":"https:\/\/www.hotelmaranellovillage.com\/fr\/wp-json\/wp\/v2\/pages\/971","targetHints":{"allow":["GET"]}}],"collection":[{"href":"https:\/\/www.hotelmaranellovillage.com\/fr\/wp-json\/wp\/v2\/pages"}],"about":[{"href":"https:\/\/www.hotelmaranellovillage.com\/fr\/wp-json\/wp\/v2\/types\/page"}],"author":[{"embeddable":true,"href":"https:\/\/www.hotelmaranellovillage.com\/fr\/wp-json\/wp\/v2\/users\/1"}],"replies":[{"embeddable":true,"href":"https:\/\/www.hotelmaranellovillage.com\/fr\/wp-json\/wp\/v2\/comments?post=971"}],"version-history":[{"count":18,"href":"https:\/\/www.hotelmaranellovillage.com\/fr\/wp-json\/wp\/v2\/pages\/971\/revisions"}],"predecessor-version":[{"id":1549,"href":"https:\/\/www.hotelmaranellovillage.com\/fr\/wp-json\/wp\/v2\/pages\/971\/revisions\/1549"}],"wp:attachment":[{"href":"https:\/\/www.hotelmaranellovillage.com\/fr\/wp-json\/wp\/v2\/media?parent=971"}],"curies":[{"name":"wp","href":"https:\/\/api.w.org\/{rel}","templated":true}]}}