{"id":928,"date":"2026-02-11T19:04:04","date_gmt":"2026-02-11T18:04:04","guid":{"rendered":"https:\/\/web.hotelmaranellovillage.com\/contacts\/"},"modified":"2026-04-24T12:09:07","modified_gmt":"2026-04-24T10:09:07","slug":"contacts","status":"publish","type":"page","link":"https:\/\/www.hotelmaranellovillage.com\/fr\/contacts\/","title":{"rendered":"Contacts"},"content":{"rendered":"<div class=\"wpb-content-wrapper\"><p>[vc_row full_width=\u00a0\u00bbstretch_row_content_no_spaces\u00a0\u00bb content_placement=\u00a0\u00bbmiddle\u00a0\u00bb css=\u00a0\u00bb.vc_custom_1772559919691{padding-top: 4em !important;padding-bottom: 4em !important;}\u00a0\u00bb][vc_column css_animation=\u00a0\u00bbnone\u00a0\u00bb width=\u00a0\u00bb1\/2&Prime; el_class=\u00a0\u00bbdeco-column right\u00a0\u00bb][vc_row_inner][vc_column_inner width=\u00a0\u00bb5\/6&Prime; offset=\u00a0\u00bbvc_col-md-offset-2 vc_col-md-8 vc_col-sm-offset-1 vc_col-xs-offset-1 vc_col-xs-10&Prime; css=\u00a0\u00bb.vc_custom_1772553117214{padding-top: 4em !important;padding-bottom: 4em !important;}\u00a0\u00bb]<h1 class=\"deco-title sinistra with-subtitle\"><span class=\"eyelet\">Contacts<\/span> Maranello Village <mark class=\"subtitle\">H\u00f4tel &amp; R\u00e9sidence 4 \u00e9toiles<\/mark><\/h1>[vc_column_text css=\u00a0\u00bb\u00a0\u00bb]Viale Terra delle Rosse, 12<br \/>\n41053 Maranello MO &#8211; Italie<br \/>\n<strong>GPS :<\/strong> <a href=\"https:\/\/www.google.com\/maps\/dir\/\/Hotel+Maranello+Village,+Via+Terra+delle+Rosse,+12,+41053+Maranello+MO\/@44.4792832,11.0149371,6449m\/data=!3m1!1e3!4m8!4m7!1m0!1m5!1m1!1s0x477fe3c341f2d067:0x965d9b850cf33832!2m2!1d10.8971422!2d44.5308537?entry=ttu&amp;g_ep=EgoyMDI2MDIyNS4wIKXMDSoASAFQAw%3D%3D\" target=\"_blank\" rel=\"noopener\">Google Maps<\/a><br \/>\n<strong>T\u00e9l\u00e9phone :<\/strong> <a href=\"tel:+390536073300\">+39 0536 073 300<\/a><br \/>\n<strong>E-mail :<\/strong> <a href=\"mailto:info@maranellovillage.com\">info@maranellovillage.com<\/a><\/p>\n<p>[\/vc_column_text][\/vc_column_inner][\/vc_row_inner][\/vc_column][vc_column css_animation=\u00a0\u00bbnone\u00a0\u00bb width=\u00a0\u00bb1\/3&Prime; offset=\u00a0\u00bbvc_col-sm-offset-1 vc_col-xs-offset-1 vc_col-xs-10&Prime;]<form id=\"form-1545\" class=\"acfd-form needs-validation\" novalidate data-recaptcha=\"\" data-google_analytics=\"false\"><input type=\"hidden\" name=\"acfd_form_id\" value=\"1545\"><input type=\"hidden\" name=\"acfd_remote_addr\" value=\"216.73.216.112\"><input type=\"hidden\" name=\"acfd_user_agent\" value=\"Mozilla\/5.0 AppleWebKit\/537.36 (KHTML, like Gecko; compatible; ClaudeBot\/1.0; +claudebot@anthropic.com)\"><input type=\"hidden\" name=\"acfd_request_uri\" value=\"\/fr\/wp-json\/wp\/v2\/pages\/928\"><input type=\"hidden\" name=\"acfd_complete_url\" value=\"https:\/\/www.hotelmaranellovillage.com\/fr\/wp-json\/wp\/v2\/pages\/928\">[vc_row gap=\"15\"][vc_column width=\"1\/2\"]<div class=\"mb-3\">\n\t<label for=\"nome-1545\" class=\"acfd-label form-label\">Nom <abbr title=\"Required field\">&#42;<\/abbr><\/label>\n\t<input type=\"text\" class=\"form-control \" id=\"nome-1545\" name=\"nome\" placeholder=\"Votre nom\"  required>\n<\/div>\n[\/vc_column][vc_column width=\"1\/2\"]<div class=\"mb-3\">\n\t<label for=\"cognome-1545\" class=\"acfd-label form-label\">Nom de famille <abbr title=\"Required field\">&#42;<\/abbr><\/label>\n\t<input type=\"text\" class=\"form-control \" id=\"cognome-1545\" name=\"cognome\" placeholder=\"Votre nom de famille\"  required>\n<\/div>\n[\/vc_column][\/vc_row][vc_row][vc_column]<div class=\"mb-3\">\n\t<label for=\"email-1545\" class=\"acfd-label form-label\">Courrier \u00e9lectronique <abbr title=\"Required field\">&#42;<\/abbr><\/label>\n\t<input type=\"email\" class=\"form-control \" id=\"email-1545\" name=\"email\" placeholder=\"latua@email.it\"  required>\n<\/div>\n[\/vc_column][\/vc_row][vc_row][vc_column]<div class=\"mb-3\">\n\t<label for=\"telefono-1545\" class=\"acfd-label form-label\">T\u00e9l\u00e9phone <abbr title=\"Required field\">&#42;<\/abbr><\/label>\n\t<input type=\"text\" class=\"form-control \" id=\"telefono-1545\" name=\"telefono\" placeholder=\"+39...\"  required>\n<\/div>\n[\/vc_column][\/vc_row][vc_row][vc_column]<div class=\"mb-3\">\n\t<label for=\"messaggio-1545\">Votre demande <abbr title=\"Required field\">&#42;<\/abbr><\/label>\n\t<textarea class=\"form-control \" rows=\"4\" id=\"messaggio-1545\" name=\"messaggio\" aria-describedby=\"messaggio-1545-help\"   required><\/textarea>\n\t<small id=\"messaggio1545-help\" class=\"form-text text-muted\">Specifica qui la tua richiesta<\/small>\n<\/div>\n[\/vc_column][\/vc_row][vc_row][vc_column]\t<div class=\"form-check mb-1\">\n\t\t<input type=\"checkbox\" class=\"form-check-input\" id=\"privacy-1545-0\" name=\"privacy\" value=\"acconsento\" required \/>\n\t\t<label class=\"form-check-label\" for=\"privacy-1545-0\">Ho preso visione della privacy policy e acconsento al trattamento dei miei dati personali <abbr title=\"Required field\">&#42;<\/abbr><\/label>\n\t<\/div>\n\t<div class=\"form-check mb-1\">\n\t\t<input type=\"checkbox\" class=\"form-check-input\" id=\"newsletter-1545-0\" name=\"newsletter\" value=\"ADD\" \/>\n\t\t<label class=\"form-check-label\" for=\"newsletter-1545-0\">Desidero restare informato e ricevere informazioni via e-mail sulle novit\u00e0 e le offerte del Maranello village<\/label>\n\t<\/div>\n[\/vc_column][\/vc_row][vc_row][vc_column]<div class=\"button-wrapper mb-3\">\n\t<button type=\"submit\" id=\"invia-1545\" class=\"btn btn-default\">Envoyer une demande <i class=\"btn-icon fas fa-envelope\"><\/i><\/button>\n<\/div>\n[\/vc_column][\/vc_row]<div class=\"modal acfd-form-response\" data-form=\"form-1545\" tabindex=\"-1\"><div class=\"modal-dialog modal-dialog-centered\"><div class=\"modal-content\"><div class=\"modal-header\"><h5 class=\"modal-title\"><\/h5><button type=\"button\" class=\"btn-close\" data-bs-dismiss=\"modal\" aria-label=\"Close\"><\/button><\/div><div class=\"modal-body\"><\/div><\/div><\/div><\/div><\/form>[\/vc_column][\/vc_row][vc_row][vc_column]\n[\/vc_column][\/vc_row]<\/p>\n<\/div>","protected":false},"excerpt":{"rendered":"<p>[vc_row full_width=\u00a0\u00bbstretch_row_content_no_spaces\u00a0\u00bb content_placement=\u00a0\u00bbmiddle\u00a0\u00bb css=\u00a0\u00bb.vc_custom_1772559919691{padding-top: 4em !important;padding-bottom: 4em !important;}\u00a0\u00bb][vc_column css_animation=\u00a0\u00bbnone\u00a0\u00bb width=\u00a0\u00bb1\/2&Prime; el_class=\u00a0\u00bbdeco-column right\u00a0\u00bb][vc_row_inner][vc_column_inner width=\u00a0\u00bb5\/6&Prime; offset=\u00a0\u00bbvc_col-md-offset-2 vc_col-md-8 vc_col-sm-offset-1 vc_col-xs-offset-1 vc_col-xs-10&Prime; css=\u00a0\u00bb.vc_custom_1772553117214{padding-top: 4em !important;padding-bottom: 4em !important;}\u00a0\u00bb][vc_column_text css=\u00a0\u00bb\u00a0\u00bb]Viale Terra delle Rosse, 12 41053 Maranello MO &#8211; Italie GPS : Google Maps T\u00e9l\u00e9phone : +39 0536 073 300 E-mail : info@maranellovillage.com [\/vc_column_text][\/vc_column_inner][\/vc_row_inner][\/vc_column][vc_column css_animation=\u00a0\u00bbnone\u00a0\u00bb width=\u00a0\u00bb1\/3&Prime; offset=\u00a0\u00bbvc_col-sm-offset-1 vc_col-xs-offset-1 vc_col-xs-10&Prime;][\/vc_column][\/vc_row][vc_row][vc_column][\/vc_column][\/vc_row]<\/p>\n","protected":false},"author":1,"featured_media":0,"parent":0,"menu_order":0,"comment_status":"closed","ping_status":"closed","template":"","meta":{"_acf_changed":false,"rs_blank_template":"","rs_page_bg_color":"","slide_template_v7":"","footnotes":""},"class_list":["post-928","page","type-page","status-publish","hentry"],"acf":[],"yoast_head":"<!-- This site is optimized with the Yoast SEO plugin v27.5 - https:\/\/yoast.com\/product\/yoast-seo-wordpress\/ -->\n<title>Contacts | Maranello Village - Hotel &amp; Residence Sito Ufficiale<\/title>\n<meta name=\"robots\" content=\"index, follow, max-snippet:-1, max-image-preview:large, max-video-preview:-1\" \/>\n<link rel=\"canonical\" href=\"https:\/\/www.hotelmaranellovillage.com\/fr\/contacts\/\" \/>\n<meta property=\"og:locale\" content=\"fr_FR\" \/>\n<meta property=\"og:type\" content=\"article\" \/>\n<meta property=\"og:title\" content=\"Contacts | Maranello Village - Hotel &amp; Residence Sito Ufficiale\" \/>\n<meta property=\"og:description\" content=\"[vc_row full_width=\u00a0\u00bbstretch_row_content_no_spaces\u00a0\u00bb content_placement=\u00a0\u00bbmiddle\u00a0\u00bb css=\u00a0\u00bb.vc_custom_1772559919691{padding-top: 4em !important;padding-bottom: 4em !important;}\u00a0\u00bb][vc_column css_animation=\u00a0\u00bbnone\u00a0\u00bb width=\u00a0\u00bb1\/2&Prime; el_class=\u00a0\u00bbdeco-column right\u00a0\u00bb][vc_row_inner][vc_column_inner width=\u00a0\u00bb5\/6&Prime; offset=\u00a0\u00bbvc_col-md-offset-2 vc_col-md-8 vc_col-sm-offset-1 vc_col-xs-offset-1 vc_col-xs-10&Prime; css=\u00a0\u00bb.vc_custom_1772553117214{padding-top: 4em !important;padding-bottom: 4em !important;}\u00a0\u00bb][vc_column_text css=\u00a0\u00bb\u00a0\u00bb]Viale Terra delle Rosse, 12 41053 Maranello MO &#8211; Italie GPS : Google Maps T\u00e9l\u00e9phone : +39 0536 073 300 E-mail : info@maranellovillage.com [\/vc_column_text][\/vc_column_inner][\/vc_row_inner][\/vc_column][vc_column css_animation=\u00a0\u00bbnone\u00a0\u00bb width=\u00a0\u00bb1\/3&Prime; offset=\u00a0\u00bbvc_col-sm-offset-1 vc_col-xs-offset-1 vc_col-xs-10&Prime;][\/vc_column][\/vc_row][vc_row][vc_column][\/vc_column][\/vc_row]\" \/>\n<meta property=\"og:url\" content=\"https:\/\/www.hotelmaranellovillage.com\/fr\/contacts\/\" \/>\n<meta property=\"og:site_name\" content=\"Maranello Village\" \/>\n<meta property=\"article:publisher\" content=\"https:\/\/www.facebook.com\/MaranelloVillage\" \/>\n<meta property=\"article:modified_time\" content=\"2026-04-24T10:09:07+00:00\" \/>\n<meta property=\"og:image\" content=\"https:\/\/www.hotelmaranellovillage.com\/wp-content\/uploads\/2026\/04\/hotel-maranello-village-reception-2026.jpg\" \/>\n\t<meta property=\"og:image:width\" content=\"1200\" \/>\n\t<meta property=\"og:image:height\" content=\"675\" \/>\n\t<meta property=\"og:image:type\" content=\"image\/jpeg\" \/>\n<meta name=\"twitter:card\" content=\"summary_large_image\" \/>\n<meta name=\"twitter:label1\" content=\"Dur\u00e9e de lecture estim\u00e9e\" \/>\n\t<meta name=\"twitter:data1\" content=\"1 minute\" \/>\n<script type=\"application\/ld+json\" class=\"yoast-schema-graph\">{\"@context\":\"https:\\\/\\\/schema.org\",\"@graph\":[{\"@type\":\"WebPage\",\"@id\":\"https:\\\/\\\/www.hotelmaranellovillage.com\\\/fr\\\/contacts\\\/\",\"url\":\"https:\\\/\\\/www.hotelmaranellovillage.com\\\/fr\\\/contacts\\\/\",\"name\":\"Contacts | Maranello Village - Hotel & Residence Sito Ufficiale\",\"isPartOf\":{\"@id\":\"https:\\\/\\\/www.hotelmaranellovillage.com\\\/fr\\\/#website\"},\"datePublished\":\"2026-02-11T18:04:04+00:00\",\"dateModified\":\"2026-04-24T10:09:07+00:00\",\"breadcrumb\":{\"@id\":\"https:\\\/\\\/www.hotelmaranellovillage.com\\\/fr\\\/contacts\\\/#breadcrumb\"},\"inLanguage\":\"fr-FR\",\"potentialAction\":[{\"@type\":\"ReadAction\",\"target\":[\"https:\\\/\\\/www.hotelmaranellovillage.com\\\/fr\\\/contacts\\\/\"]}]},{\"@type\":\"BreadcrumbList\",\"@id\":\"https:\\\/\\\/www.hotelmaranellovillage.com\\\/fr\\\/contacts\\\/#breadcrumb\",\"itemListElement\":[{\"@type\":\"ListItem\",\"position\":1,\"name\":\"Home\",\"item\":\"https:\\\/\\\/www.hotelmaranellovillage.com\\\/fr\\\/page-daccueil\\\/\"},{\"@type\":\"ListItem\",\"position\":2,\"name\":\"Contacts\"}]},{\"@type\":\"WebSite\",\"@id\":\"https:\\\/\\\/www.hotelmaranellovillage.com\\\/fr\\\/#website\",\"url\":\"https:\\\/\\\/www.hotelmaranellovillage.com\\\/fr\\\/\",\"name\":\"Maranello Village\",\"description\":\"Hotel &amp; Residence Sito Ufficiale\",\"publisher\":{\"@id\":\"https:\\\/\\\/www.hotelmaranellovillage.com\\\/fr\\\/#organization\"},\"alternateName\":\"HMV\",\"potentialAction\":[{\"@type\":\"SearchAction\",\"target\":{\"@type\":\"EntryPoint\",\"urlTemplate\":\"https:\\\/\\\/www.hotelmaranellovillage.com\\\/fr\\\/?s={search_term_string}\"},\"query-input\":{\"@type\":\"PropertyValueSpecification\",\"valueRequired\":true,\"valueName\":\"search_term_string\"}}],\"inLanguage\":\"fr-FR\"},{\"@type\":\"Organization\",\"@id\":\"https:\\\/\\\/www.hotelmaranellovillage.com\\\/fr\\\/#organization\",\"name\":\"Hotel & Residence 4 stelle\",\"url\":\"https:\\\/\\\/www.hotelmaranellovillage.com\\\/fr\\\/\",\"logo\":{\"@type\":\"ImageObject\",\"inLanguage\":\"fr-FR\",\"@id\":\"https:\\\/\\\/www.hotelmaranellovillage.com\\\/fr\\\/#\\\/schema\\\/logo\\\/image\\\/\",\"url\":\"https:\\\/\\\/www.hotelmaranellovillage.com\\\/wp-content\\\/uploads\\\/2026\\\/04\\\/maranello-village-logo-2026.png\",\"contentUrl\":\"https:\\\/\\\/www.hotelmaranellovillage.com\\\/wp-content\\\/uploads\\\/2026\\\/04\\\/maranello-village-logo-2026.png\",\"width\":800,\"height\":256,\"caption\":\"Hotel & Residence 4 stelle\"},\"image\":{\"@id\":\"https:\\\/\\\/www.hotelmaranellovillage.com\\\/fr\\\/#\\\/schema\\\/logo\\\/image\\\/\"},\"sameAs\":[\"https:\\\/\\\/www.facebook.com\\\/MaranelloVillage\",\"https:\\\/\\\/www.instagram.com\\\/hotelmaranellovillage\\\/\",\"https:\\\/\\\/it.linkedin.com\\\/company\\\/maranello-village-hotel-\"]}]}<\/script>\n<!-- \/ Yoast SEO plugin. -->","yoast_head_json":{"title":"Contacts | Maranello Village - Hotel & Residence Sito Ufficiale","robots":{"index":"index","follow":"follow","max-snippet":"max-snippet:-1","max-image-preview":"max-image-preview:large","max-video-preview":"max-video-preview:-1"},"canonical":"https:\/\/www.hotelmaranellovillage.com\/fr\/contacts\/","og_locale":"fr_FR","og_type":"article","og_title":"Contacts | Maranello Village - Hotel & Residence Sito Ufficiale","og_description":"[vc_row full_width=\u00a0\u00bbstretch_row_content_no_spaces\u00a0\u00bb content_placement=\u00a0\u00bbmiddle\u00a0\u00bb css=\u00a0\u00bb.vc_custom_1772559919691{padding-top: 4em !important;padding-bottom: 4em !important;}\u00a0\u00bb][vc_column css_animation=\u00a0\u00bbnone\u00a0\u00bb width=\u00a0\u00bb1\/2&Prime; el_class=\u00a0\u00bbdeco-column right\u00a0\u00bb][vc_row_inner][vc_column_inner width=\u00a0\u00bb5\/6&Prime; offset=\u00a0\u00bbvc_col-md-offset-2 vc_col-md-8 vc_col-sm-offset-1 vc_col-xs-offset-1 vc_col-xs-10&Prime; css=\u00a0\u00bb.vc_custom_1772553117214{padding-top: 4em !important;padding-bottom: 4em !important;}\u00a0\u00bb][vc_column_text css=\u00a0\u00bb\u00a0\u00bb]Viale Terra delle Rosse, 12 41053 Maranello MO &#8211; Italie GPS : Google Maps T\u00e9l\u00e9phone : +39 0536 073 300 E-mail : info@maranellovillage.com [\/vc_column_text][\/vc_column_inner][\/vc_row_inner][\/vc_column][vc_column css_animation=\u00a0\u00bbnone\u00a0\u00bb width=\u00a0\u00bb1\/3&Prime; offset=\u00a0\u00bbvc_col-sm-offset-1 vc_col-xs-offset-1 vc_col-xs-10&Prime;][\/vc_column][\/vc_row][vc_row][vc_column][\/vc_column][\/vc_row]","og_url":"https:\/\/www.hotelmaranellovillage.com\/fr\/contacts\/","og_site_name":"Maranello Village","article_publisher":"https:\/\/www.facebook.com\/MaranelloVillage","article_modified_time":"2026-04-24T10:09:07+00:00","og_image":[{"width":1200,"height":675,"url":"https:\/\/www.hotelmaranellovillage.com\/wp-content\/uploads\/2026\/04\/hotel-maranello-village-reception-2026.jpg","type":"image\/jpeg"}],"twitter_card":"summary_large_image","twitter_misc":{"Dur\u00e9e de lecture estim\u00e9e":"1 minute"},"schema":{"@context":"https:\/\/schema.org","@graph":[{"@type":"WebPage","@id":"https:\/\/www.hotelmaranellovillage.com\/fr\/contacts\/","url":"https:\/\/www.hotelmaranellovillage.com\/fr\/contacts\/","name":"Contacts | Maranello Village - Hotel & Residence Sito Ufficiale","isPartOf":{"@id":"https:\/\/www.hotelmaranellovillage.com\/fr\/#website"},"datePublished":"2026-02-11T18:04:04+00:00","dateModified":"2026-04-24T10:09:07+00:00","breadcrumb":{"@id":"https:\/\/www.hotelmaranellovillage.com\/fr\/contacts\/#breadcrumb"},"inLanguage":"fr-FR","potentialAction":[{"@type":"ReadAction","target":["https:\/\/www.hotelmaranellovillage.com\/fr\/contacts\/"]}]},{"@type":"BreadcrumbList","@id":"https:\/\/www.hotelmaranellovillage.com\/fr\/contacts\/#breadcrumb","itemListElement":[{"@type":"ListItem","position":1,"name":"Home","item":"https:\/\/www.hotelmaranellovillage.com\/fr\/page-daccueil\/"},{"@type":"ListItem","position":2,"name":"Contacts"}]},{"@type":"WebSite","@id":"https:\/\/www.hotelmaranellovillage.com\/fr\/#website","url":"https:\/\/www.hotelmaranellovillage.com\/fr\/","name":"Maranello Village","description":"Hotel &amp; Residence Sito Ufficiale","publisher":{"@id":"https:\/\/www.hotelmaranellovillage.com\/fr\/#organization"},"alternateName":"HMV","potentialAction":[{"@type":"SearchAction","target":{"@type":"EntryPoint","urlTemplate":"https:\/\/www.hotelmaranellovillage.com\/fr\/?s={search_term_string}"},"query-input":{"@type":"PropertyValueSpecification","valueRequired":true,"valueName":"search_term_string"}}],"inLanguage":"fr-FR"},{"@type":"Organization","@id":"https:\/\/www.hotelmaranellovillage.com\/fr\/#organization","name":"Hotel & Residence 4 stelle","url":"https:\/\/www.hotelmaranellovillage.com\/fr\/","logo":{"@type":"ImageObject","inLanguage":"fr-FR","@id":"https:\/\/www.hotelmaranellovillage.com\/fr\/#\/schema\/logo\/image\/","url":"https:\/\/www.hotelmaranellovillage.com\/wp-content\/uploads\/2026\/04\/maranello-village-logo-2026.png","contentUrl":"https:\/\/www.hotelmaranellovillage.com\/wp-content\/uploads\/2026\/04\/maranello-village-logo-2026.png","width":800,"height":256,"caption":"Hotel & Residence 4 stelle"},"image":{"@id":"https:\/\/www.hotelmaranellovillage.com\/fr\/#\/schema\/logo\/image\/"},"sameAs":["https:\/\/www.facebook.com\/MaranelloVillage","https:\/\/www.instagram.com\/hotelmaranellovillage\/","https:\/\/it.linkedin.com\/company\/maranello-village-hotel-"]}]}},"_links":{"self":[{"href":"https:\/\/www.hotelmaranellovillage.com\/fr\/wp-json\/wp\/v2\/pages\/928","targetHints":{"allow":["GET"]}}],"collection":[{"href":"https:\/\/www.hotelmaranellovillage.com\/fr\/wp-json\/wp\/v2\/pages"}],"about":[{"href":"https:\/\/www.hotelmaranellovillage.com\/fr\/wp-json\/wp\/v2\/types\/page"}],"author":[{"embeddable":true,"href":"https:\/\/www.hotelmaranellovillage.com\/fr\/wp-json\/wp\/v2\/users\/1"}],"replies":[{"embeddable":true,"href":"https:\/\/www.hotelmaranellovillage.com\/fr\/wp-json\/wp\/v2\/comments?post=928"}],"version-history":[{"count":8,"href":"https:\/\/www.hotelmaranellovillage.com\/fr\/wp-json\/wp\/v2\/pages\/928\/revisions"}],"predecessor-version":[{"id":1380,"href":"https:\/\/www.hotelmaranellovillage.com\/fr\/wp-json\/wp\/v2\/pages\/928\/revisions\/1380"}],"wp:attachment":[{"href":"https:\/\/www.hotelmaranellovillage.com\/fr\/wp-json\/wp\/v2\/media?parent=928"}],"curies":[{"name":"wp","href":"https:\/\/api.w.org\/{rel}","templated":true}]}}