{"id":920,"date":"2026-02-11T19:05:27","date_gmt":"2026-02-11T18:05:27","guid":{"rendered":"https:\/\/web.hotelmaranellovillage.com\/chambres\/chambre-double-standard\/"},"modified":"2026-04-24T11:48:50","modified_gmt":"2026-04-24T09:48:50","slug":"chambre-double-standard","status":"publish","type":"page","link":"https:\/\/www.hotelmaranellovillage.com\/fr\/chambres\/chambre-double-standard\/","title":{"rendered":"Chambre double standard"},"content":{"rendered":"<div class=\"wpb-content-wrapper\"><p>[vc_row full_width=\u00a0\u00bbstretch_row_content_no_spaces\u00a0\u00bb content_placement=\u00a0\u00bbmiddle\u00a0\u00bb][vc_column width=\u00a0\u00bb1\/2&Prime; css=\u00a0\u00bb.vc_custom_1775829156150{padding-top: 0px !important;background-image: url(https:\/\/www.hotelmaranellovillage.com\/wp-content\/uploads\/2026\/04\/doppia-standard-camere-maranello-village-04.jpg?id=546) !important;background-position: center !important;background-repeat: no-repeat !important;background-size: cover !important;}\u00a0\u00bb]<div title=\"Chambre double standard - Maranello Village\" class=\"image-wrapper\">\n\t\t\t\t<figure class=\"aspect-image\" style=\"background-image:url('https:\/\/www.hotelmaranellovillage.com\/wp-content\/themes\/aitec\/img\/transparent-placeholder.png'); aspect-ratio: 3 \/ 2; \">\n\t\t\t\t\t<img decoding=\"async\" src=\"https:\/\/www.hotelmaranellovillage.com\/wp-content\/uploads\/2026\/04\/doppia-standard-camere-maranello-village-04.jpg\" alt=\"Chambre double standard - Maranello Village\">\n\t\t\t\t\t<figcaption>Chambre double standard - Maranello Village<\/figcaption>\n\t\t\t\t<\/figure>\n\t\t\t<\/div>[\/vc_column][vc_column width=\u00a0\u00bb1\/3&Prime; offset=\u00a0\u00bbvc_col-sm-offset-1&Prime;]<h1 class=\"deco-title sinistra\"><span class=\"eyelet\">Chambres<\/span> Chambre <mark class=\"subtitle\">Chambre double standard<\/mark><\/h1>[vc_column_text css=\u00a0\u00bb\u00a0\u00bb]Nos chambres doubles standard transforment chaque s\u00e9jour en un voyage dans l&rsquo;univers unique de Ferrari. Le style est simple et \u00e9pur\u00e9, les couleurs sont celles de la maison de Maranello.<\/p>\n<p>Situ\u00e9es dans le b\u00e2timent Daytona, elles sont parfaites pour leur confort et leur praticit\u00e9, et constituent le choix id\u00e9al pour votre <strong>voyage d&rsquo;affaires<\/strong> ou de loisirs.[\/vc_column_text]<div class=\"button-wrapper sinistra\"><a class=\"btn btn-default\" href=\"https:\/\/www.simplebooking.it\/ibe2\/hotel\/2562?lang=IT\"  target=\"_blank\" title=\"R\u00e9servez maintenant\">R\u00e9servez maintenant<\/a><\/div>[\/vc_column][\/vc_row][vc_row full_width=\u00a0\u00bbstretch_row\u00a0\u00bb content_placement=\u00a0\u00bbmiddle\u00a0\u00bb css=\u00a0\u00bb.vc_custom_1772473763870{padding-top: 4em !important;padding-bottom: 4em !important;background-color: #EFEFEF !important;}\u00a0\u00bb][vc_column width=\u00a0\u00bb5\/12&Prime;]<h2 class=\"deco-title sinistra\"><span class=\"eyelet\">Dans la salle<\/span> Pour compl\u00e9ter votre <mark class=\"subtitle\">S\u00e9jour<\/mark><\/h2>[vc_column_text css=\u00a0\u00bb\u00a0\u00bb]Nos chambres incluent \u00e9galement un vaste parking gratuit, ou payant dans le <strong>garage souterrain<\/strong>. Le <strong>petit-d\u00e9jeuner<\/strong> est disponible sur demande avec suppl\u00e9ment, et nos <strong>deux restaurants<\/strong> sont pr\u00eats \u00e0 conqu\u00e9rir votre palais.<\/p>\n<p>Vous souhaitez en savoir plus ? <a href=\"https:\/\/www.hotelmaranellovillage.com\/fr\/contacts\/\">Contactez-nous<\/a>[\/vc_column_text][\/vc_column][vc_column width=\u00a0\u00bb1\/2&Prime; offset=\u00a0\u00bbvc_col-sm-offset-1&Prime;]<ul class=\"feature-list text-column-2\">\n\t\t\t\t\t<li><a href=\"https:\/\/www.simplebooking.it\/ibe2\/hotel\/2562?lang=IT\" title=\"Wi-Fi gratuit\"><i class=\"fas fa-wifi\"><\/i> Wi-Fi gratuit<\/a><\/li>\n<li><a href=\"https:\/\/www.simplebooking.it\/ibe2\/hotel\/2562?lang=IT\" title=\"Minibar\"><i class=\"fas fa-glass-martini\"><\/i> Minibar<\/a><\/li>\n<li><a href=\"https:\/\/www.simplebooking.it\/ibe2\/hotel\/2562?lang=IT\" title=\"T\u00e9l\u00e9vision 32\" gratuite\"><i class=\"fas fa-tv\"><\/i> T\u00e9l\u00e9vision 32\" gratuite<\/a><\/li>\n<li><a href=\"https:\/\/www.simplebooking.it\/ibe2\/hotel\/2562?lang=IT\" title=\"Salle de bain priv\u00e9e\"><i class=\"fas fa-shower\"><\/i> Salle de bain priv\u00e9e<\/a><\/li>\n<li><a href=\"https:\/\/www.simplebooking.it\/ibe2\/hotel\/2562?lang=IT\" title=\"Set de courtoisie\"><i class=\"fas fa-pump-soap\"><\/i> Set de courtoisie<\/a><\/li>\n<li><a href=\"https:\/\/www.simplebooking.it\/ibe2\/hotel\/2562?lang=IT\" title=\"S\u00e8che-cheveux\"><i class=\"fas fa-wind\"><\/i> S\u00e8che-cheveux<\/a><\/li>\n<li><a href=\"https:\/\/www.simplebooking.it\/ibe2\/hotel\/2562?lang=IT\" title=\"S\u00fbr\"><i class=\"fas fa-lock\"><\/i> S\u00fbr<\/a><\/li>\n<li><a href=\"https:\/\/www.simplebooking.it\/ibe2\/hotel\/2562?lang=IT\" title=\"T\u00e9l\u00e9phone et r\u00e9veil\"><i class=\"fas fa-phone\"><\/i> T\u00e9l\u00e9phone et r\u00e9veil<\/a><\/li>\n<li><a href=\"https:\/\/www.simplebooking.it\/ibe2\/hotel\/2562?lang=IT\" title=\"Climatisation\"><i class=\"fas fa-snowflake\"><\/i> Climatisation<\/a><\/li>\n<li><a href=\"https:\/\/www.simplebooking.it\/ibe2\/hotel\/2562?lang=IT\" title=\"Cot gratuit\"><i class=\"fas fa-baby-carriage\"><\/i> Cot gratuit<\/a><\/li>\n\t\t\t\t<\/ul>[\/vc_column][\/vc_row][vc_row full_width=\u00a0\u00bbstretch_row_content_no_spaces\u00a0\u00bb content_placement=\u00a0\u00bbmiddle\u00a0\u00bb css=\u00a0\u00bb.vc_custom_1772473985251{background-color: #E51C24 !important;}\u00a0\u00bb][vc_column width=\u00a0\u00bb1\/3&Prime; offset=\u00a0\u00bbvc_col-sm-offset-1&Prime;]<h2 class=\"deco-title sinistra text-white\"><span class=\"eyelet\">Cadeaux et offres<\/span> Get in the Red <mark class=\"subtitle\">Mood<\/mark><\/h2>[vc_column_text css=\u00a0\u00bb\u00a0\u00bb el_class=\u00a0\u00bbtext-white\u00a0\u00bb]D\u00e9couvrez les <strong>offres uniques<\/strong> et r\u00e9servez toujours aux <strong>meilleurs prix<\/strong> avec le maximum de service <strong>directement sur notre site<\/strong>.<\/p>\n<p>Voyagez avec style et faites battre la passion, nous vous attendons.[\/vc_column_text]<div class=\"button-wrapper inline\"><a class=\"btn btn-default color-secondary\" href=\"https:\/\/www.simplebooking.it\/ibe2\/hotel\/2562?lang=IT\"  target=\"_blank\" title=\"R\u00e9servez maintenant\">R\u00e9servez maintenant<\/a><\/div><div class=\"button-wrapper inline\"><a class=\"btn btn-default color-tertiary nudge-left\" href=\"https:\/\/www.hotelmaranellovillage.com\/fr\/offres\/\"  target=\"_blank\" title=\"Offres exclusives\">Offres exclusives<\/a><\/div>[\/vc_column][vc_column width=\u00a0\u00bb1\/2&Prime; css=\u00a0\u00bb.vc_custom_1772473959278{padding-top: 0px !important;}\u00a0\u00bb offset=\u00a0\u00bbvc_col-sm-offset-1&Prime;]<section id=\"snap-slider-69f4b6432beb7\" class=\"snap-slider-wrapper\" data-items=\"1\">\r\n\t\t\t\t\t\r\n\t\t\t\t\t<div class=\"snap-slider-control\">\r\n\t\t\t\t\t\t<button class=\"snap-slider-control-left\" type=\"button\">\r\n\t\t\t\t\t\t\t<i class=\"fas fa-arrow-left\"><\/i>\r\n\t\t\t\t\t\t\t<span class=\"visually-hidden\">Previous<\/span>\r\n\t\t\t\t\t\t<\/button>\r\n\t\t\t\t\t\t<button class=\"snap-slider-control-right\" type=\"button\">\r\n\t\t\t\t\t\t\t<i class=\"fas fa-arrow-right\"><\/i>\r\n\t\t\t\t\t\t\t<span class=\"visually-hidden\">Next<\/span>\r\n\t\t\t\t\t\t<\/button>\r\n\t\t\t\t\t<\/div>\r\n\t\t\t\t\t<div class=\"snap-slider\">\r\n\t\t\t\t\t\t<figure id=\"snap-slider-69f4b6432beb7-element-0\" class=\"snap-slider-element aspect-image lightbox\" style=\"background-image:url('https:\/\/www.hotelmaranellovillage.com\/wp-content\/uploads\/2026\/03\/doppia-standard-camere-maranello-village-01-1024x683.jpg'); aspect-ratio:3 \/ 2;\" data-url=\"https:\/\/www.hotelmaranellovillage.com\/wp-content\/uploads\/2026\/03\/doppia-standard-camere-maranello-village-01.jpg\" data-width=\"1200\" data-height=\"800\">\r\n\t\t\t\t\t\t\t<img decoding=\"async\" src=\"https:\/\/www.hotelmaranellovillage.com\/wp-content\/uploads\/2026\/03\/doppia-standard-camere-maranello-village-01-1024x683.jpg\" alt=\"\" \/>\r\n\t\t\t\t\t\t\t\r\n\t\t\t\t\t\t<\/figure>\n<figure id=\"snap-slider-69f4b6432beb7-element-1\" class=\"snap-slider-element aspect-image lightbox lightbox\" style=\"background-image:url('https:\/\/www.hotelmaranellovillage.com\/wp-content\/uploads\/2026\/03\/doppia-standard-camere-maranello-village-02-1024x683.jpg'); aspect-ratio:3 \/ 2;\" data-url=\"https:\/\/www.hotelmaranellovillage.com\/wp-content\/uploads\/2026\/03\/doppia-standard-camere-maranello-village-02.jpg\" data-width=\"1200\" data-height=\"800\">\r\n\t\t\t\t\t\t\t<img decoding=\"async\" src=\"https:\/\/www.hotelmaranellovillage.com\/wp-content\/uploads\/2026\/03\/doppia-standard-camere-maranello-village-02-1024x683.jpg\" alt=\"\" \/>\r\n\t\t\t\t\t\t\t\r\n\t\t\t\t\t\t<\/figure>\n<figure id=\"snap-slider-69f4b6432beb7-element-2\" class=\"snap-slider-element aspect-image lightbox lightbox lightbox\" style=\"background-image:url('https:\/\/www.hotelmaranellovillage.com\/wp-content\/uploads\/2026\/03\/doppia-standard-camere-maranello-village-03-1024x683.jpg'); aspect-ratio:3 \/ 2;\" data-url=\"https:\/\/www.hotelmaranellovillage.com\/wp-content\/uploads\/2026\/03\/doppia-standard-camere-maranello-village-03.jpg\" data-width=\"1200\" data-height=\"800\">\r\n\t\t\t\t\t\t\t<img decoding=\"async\" src=\"https:\/\/www.hotelmaranellovillage.com\/wp-content\/uploads\/2026\/03\/doppia-standard-camere-maranello-village-03-1024x683.jpg\" alt=\"\" \/>\r\n\t\t\t\t\t\t\t\r\n\t\t\t\t\t\t<\/figure>\r\n\t\t\t\t\t<\/div>\r\n\t\t\t\t<\/section>[\/vc_column][\/vc_row]<\/p>\n<\/div>","protected":false},"excerpt":{"rendered":"<p>[vc_row full_width=\u00a0\u00bbstretch_row_content_no_spaces\u00a0\u00bb content_placement=\u00a0\u00bbmiddle\u00a0\u00bb][vc_column width=\u00a0\u00bb1\/2&Prime; css=\u00a0\u00bb.vc_custom_1775829156150{padding-top: 0px !important;background-image: url(https:\/\/www.hotelmaranellovillage.com\/wp-content\/uploads\/2026\/04\/doppia-standard-camere-maranello-village-04.jpg?id=546) !important;background-position: center !important;background-repeat: no-repeat !important;background-size: cover !important;}\u00a0\u00bb][\/vc_column][vc_column width=\u00a0\u00bb1\/3&Prime; offset=\u00a0\u00bbvc_col-sm-offset-1&Prime;][vc_column_text css=\u00a0\u00bb\u00a0\u00bb]Nos chambres doubles standard transforment chaque s\u00e9jour en un voyage dans l&rsquo;univers unique de Ferrari. Le style est simple et \u00e9pur\u00e9, les couleurs sont celles de la maison de Maranello. Situ\u00e9es dans le b\u00e2timent Daytona, elles sont parfaites [&hellip;]<\/p>\n","protected":false},"author":1,"featured_media":921,"parent":760,"menu_order":0,"comment_status":"closed","ping_status":"closed","template":"","meta":{"_acf_changed":false,"rs_blank_template":"","rs_page_bg_color":"","slide_template_v7":"","footnotes":""},"class_list":["post-920","page","type-page","status-publish","has-post-thumbnail","hentry"],"acf":[],"yoast_head":"<!-- This site is optimized with the Yoast SEO plugin v27.5 - https:\/\/yoast.com\/product\/yoast-seo-wordpress\/ -->\n<title>Chambre double standard | Maranello Village - Hotel &amp; Residence Sito Ufficiale<\/title>\n<meta name=\"robots\" content=\"index, follow, max-snippet:-1, max-image-preview:large, max-video-preview:-1\" \/>\n<link rel=\"canonical\" href=\"https:\/\/www.hotelmaranellovillage.com\/fr\/chambres\/chambre-double-standard\/\" \/>\n<meta property=\"og:locale\" content=\"fr_FR\" \/>\n<meta property=\"og:type\" content=\"article\" \/>\n<meta property=\"og:title\" content=\"Chambre double standard | Maranello Village - Hotel &amp; Residence Sito Ufficiale\" \/>\n<meta property=\"og:description\" content=\"[vc_row full_width=\u00a0\u00bbstretch_row_content_no_spaces\u00a0\u00bb content_placement=\u00a0\u00bbmiddle\u00a0\u00bb][vc_column width=\u00a0\u00bb1\/2&Prime; css=\u00a0\u00bb.vc_custom_1775829156150{padding-top: 0px !important;background-image: url(https:\/\/www.hotelmaranellovillage.com\/wp-content\/uploads\/2026\/04\/doppia-standard-camere-maranello-village-04.jpg?id=546) !important;background-position: center !important;background-repeat: no-repeat !important;background-size: cover !important;}\u00a0\u00bb][\/vc_column][vc_column width=\u00a0\u00bb1\/3&Prime; offset=\u00a0\u00bbvc_col-sm-offset-1&Prime;][vc_column_text css=\u00a0\u00bb\u00a0\u00bb]Nos chambres doubles standard transforment chaque s\u00e9jour en un voyage dans l&rsquo;univers unique de Ferrari. Le style est simple et \u00e9pur\u00e9, les couleurs sont celles de la maison de Maranello. Situ\u00e9es dans le b\u00e2timent Daytona, elles sont parfaites [&hellip;]\" \/>\n<meta property=\"og:url\" content=\"https:\/\/www.hotelmaranellovillage.com\/fr\/chambres\/chambre-double-standard\/\" \/>\n<meta property=\"og:site_name\" content=\"Maranello Village\" \/>\n<meta property=\"article:publisher\" content=\"https:\/\/www.facebook.com\/MaranelloVillage\" \/>\n<meta property=\"article:modified_time\" content=\"2026-04-24T09:48:50+00:00\" \/>\n<meta property=\"og:image\" content=\"https:\/\/www.hotelmaranellovillage.com\/wp-content\/uploads\/2026\/03\/doppia-standard-camere-maranello-village-01.jpg\" \/>\n\t<meta property=\"og:image:width\" content=\"1200\" \/>\n\t<meta property=\"og:image:height\" content=\"800\" \/>\n\t<meta property=\"og:image:type\" content=\"image\/jpeg\" \/>\n<meta name=\"twitter:card\" content=\"summary_large_image\" \/>\n<meta name=\"twitter:label1\" content=\"Dur\u00e9e de lecture estim\u00e9e\" \/>\n\t<meta name=\"twitter:data1\" content=\"3 minutes\" \/>\n<script type=\"application\/ld+json\" class=\"yoast-schema-graph\">{\"@context\":\"https:\\\/\\\/schema.org\",\"@graph\":[{\"@type\":\"WebPage\",\"@id\":\"https:\\\/\\\/www.hotelmaranellovillage.com\\\/fr\\\/chambres\\\/chambre-double-standard\\\/\",\"url\":\"https:\\\/\\\/www.hotelmaranellovillage.com\\\/fr\\\/chambres\\\/chambre-double-standard\\\/\",\"name\":\"Chambre double standard | Maranello Village - Hotel & Residence Sito Ufficiale\",\"isPartOf\":{\"@id\":\"https:\\\/\\\/www.hotelmaranellovillage.com\\\/fr\\\/#website\"},\"primaryImageOfPage\":{\"@id\":\"https:\\\/\\\/www.hotelmaranellovillage.com\\\/fr\\\/chambres\\\/chambre-double-standard\\\/#primaryimage\"},\"image\":{\"@id\":\"https:\\\/\\\/www.hotelmaranellovillage.com\\\/fr\\\/chambres\\\/chambre-double-standard\\\/#primaryimage\"},\"thumbnailUrl\":\"https:\\\/\\\/www.hotelmaranellovillage.com\\\/wp-content\\\/uploads\\\/2026\\\/03\\\/doppia-standard-camere-maranello-village-01.jpg\",\"datePublished\":\"2026-02-11T18:05:27+00:00\",\"dateModified\":\"2026-04-24T09:48:50+00:00\",\"breadcrumb\":{\"@id\":\"https:\\\/\\\/www.hotelmaranellovillage.com\\\/fr\\\/chambres\\\/chambre-double-standard\\\/#breadcrumb\"},\"inLanguage\":\"fr-FR\",\"potentialAction\":[{\"@type\":\"ReadAction\",\"target\":[\"https:\\\/\\\/www.hotelmaranellovillage.com\\\/fr\\\/chambres\\\/chambre-double-standard\\\/\"]}]},{\"@type\":\"ImageObject\",\"inLanguage\":\"fr-FR\",\"@id\":\"https:\\\/\\\/www.hotelmaranellovillage.com\\\/fr\\\/chambres\\\/chambre-double-standard\\\/#primaryimage\",\"url\":\"https:\\\/\\\/www.hotelmaranellovillage.com\\\/wp-content\\\/uploads\\\/2026\\\/03\\\/doppia-standard-camere-maranello-village-01.jpg\",\"contentUrl\":\"https:\\\/\\\/www.hotelmaranellovillage.com\\\/wp-content\\\/uploads\\\/2026\\\/03\\\/doppia-standard-camere-maranello-village-01.jpg\",\"width\":1200,\"height\":800},{\"@type\":\"BreadcrumbList\",\"@id\":\"https:\\\/\\\/www.hotelmaranellovillage.com\\\/fr\\\/chambres\\\/chambre-double-standard\\\/#breadcrumb\",\"itemListElement\":[{\"@type\":\"ListItem\",\"position\":1,\"name\":\"Home\",\"item\":\"https:\\\/\\\/www.hotelmaranellovillage.com\\\/fr\\\/page-daccueil\\\/\"},{\"@type\":\"ListItem\",\"position\":2,\"name\":\"Chambres\",\"item\":\"https:\\\/\\\/www.hotelmaranellovillage.com\\\/fr\\\/chambres\\\/\"},{\"@type\":\"ListItem\",\"position\":3,\"name\":\"Chambre double standard\"}]},{\"@type\":\"WebSite\",\"@id\":\"https:\\\/\\\/www.hotelmaranellovillage.com\\\/fr\\\/#website\",\"url\":\"https:\\\/\\\/www.hotelmaranellovillage.com\\\/fr\\\/\",\"name\":\"Maranello Village\",\"description\":\"Hotel &amp; Residence Sito Ufficiale\",\"publisher\":{\"@id\":\"https:\\\/\\\/www.hotelmaranellovillage.com\\\/fr\\\/#organization\"},\"alternateName\":\"HMV\",\"potentialAction\":[{\"@type\":\"SearchAction\",\"target\":{\"@type\":\"EntryPoint\",\"urlTemplate\":\"https:\\\/\\\/www.hotelmaranellovillage.com\\\/fr\\\/?s={search_term_string}\"},\"query-input\":{\"@type\":\"PropertyValueSpecification\",\"valueRequired\":true,\"valueName\":\"search_term_string\"}}],\"inLanguage\":\"fr-FR\"},{\"@type\":\"Organization\",\"@id\":\"https:\\\/\\\/www.hotelmaranellovillage.com\\\/fr\\\/#organization\",\"name\":\"Hotel & Residence 4 stelle\",\"url\":\"https:\\\/\\\/www.hotelmaranellovillage.com\\\/fr\\\/\",\"logo\":{\"@type\":\"ImageObject\",\"inLanguage\":\"fr-FR\",\"@id\":\"https:\\\/\\\/www.hotelmaranellovillage.com\\\/fr\\\/#\\\/schema\\\/logo\\\/image\\\/\",\"url\":\"https:\\\/\\\/www.hotelmaranellovillage.com\\\/wp-content\\\/uploads\\\/2026\\\/04\\\/maranello-village-logo-2026.png\",\"contentUrl\":\"https:\\\/\\\/www.hotelmaranellovillage.com\\\/wp-content\\\/uploads\\\/2026\\\/04\\\/maranello-village-logo-2026.png\",\"width\":800,\"height\":256,\"caption\":\"Hotel & Residence 4 stelle\"},\"image\":{\"@id\":\"https:\\\/\\\/www.hotelmaranellovillage.com\\\/fr\\\/#\\\/schema\\\/logo\\\/image\\\/\"},\"sameAs\":[\"https:\\\/\\\/www.facebook.com\\\/MaranelloVillage\",\"https:\\\/\\\/www.instagram.com\\\/hotelmaranellovillage\\\/\",\"https:\\\/\\\/it.linkedin.com\\\/company\\\/maranello-village-hotel-\"]}]}<\/script>\n<!-- \/ Yoast SEO plugin. -->","yoast_head_json":{"title":"Chambre double standard | Maranello Village - Hotel & Residence Sito Ufficiale","robots":{"index":"index","follow":"follow","max-snippet":"max-snippet:-1","max-image-preview":"max-image-preview:large","max-video-preview":"max-video-preview:-1"},"canonical":"https:\/\/www.hotelmaranellovillage.com\/fr\/chambres\/chambre-double-standard\/","og_locale":"fr_FR","og_type":"article","og_title":"Chambre double standard | Maranello Village - Hotel & Residence Sito Ufficiale","og_description":"[vc_row full_width=\u00a0\u00bbstretch_row_content_no_spaces\u00a0\u00bb content_placement=\u00a0\u00bbmiddle\u00a0\u00bb][vc_column width=\u00a0\u00bb1\/2&Prime; css=\u00a0\u00bb.vc_custom_1775829156150{padding-top: 0px !important;background-image: url(https:\/\/www.hotelmaranellovillage.com\/wp-content\/uploads\/2026\/04\/doppia-standard-camere-maranello-village-04.jpg?id=546) !important;background-position: center !important;background-repeat: no-repeat !important;background-size: cover !important;}\u00a0\u00bb][\/vc_column][vc_column width=\u00a0\u00bb1\/3&Prime; offset=\u00a0\u00bbvc_col-sm-offset-1&Prime;][vc_column_text css=\u00a0\u00bb\u00a0\u00bb]Nos chambres doubles standard transforment chaque s\u00e9jour en un voyage dans l&rsquo;univers unique de Ferrari. Le style est simple et \u00e9pur\u00e9, les couleurs sont celles de la maison de Maranello. Situ\u00e9es dans le b\u00e2timent Daytona, elles sont parfaites [&hellip;]","og_url":"https:\/\/www.hotelmaranellovillage.com\/fr\/chambres\/chambre-double-standard\/","og_site_name":"Maranello Village","article_publisher":"https:\/\/www.facebook.com\/MaranelloVillage","article_modified_time":"2026-04-24T09:48:50+00:00","og_image":[{"width":1200,"height":800,"url":"https:\/\/www.hotelmaranellovillage.com\/wp-content\/uploads\/2026\/03\/doppia-standard-camere-maranello-village-01.jpg","type":"image\/jpeg"}],"twitter_card":"summary_large_image","twitter_misc":{"Dur\u00e9e de lecture estim\u00e9e":"3 minutes"},"schema":{"@context":"https:\/\/schema.org","@graph":[{"@type":"WebPage","@id":"https:\/\/www.hotelmaranellovillage.com\/fr\/chambres\/chambre-double-standard\/","url":"https:\/\/www.hotelmaranellovillage.com\/fr\/chambres\/chambre-double-standard\/","name":"Chambre double standard | Maranello Village - Hotel & Residence Sito Ufficiale","isPartOf":{"@id":"https:\/\/www.hotelmaranellovillage.com\/fr\/#website"},"primaryImageOfPage":{"@id":"https:\/\/www.hotelmaranellovillage.com\/fr\/chambres\/chambre-double-standard\/#primaryimage"},"image":{"@id":"https:\/\/www.hotelmaranellovillage.com\/fr\/chambres\/chambre-double-standard\/#primaryimage"},"thumbnailUrl":"https:\/\/www.hotelmaranellovillage.com\/wp-content\/uploads\/2026\/03\/doppia-standard-camere-maranello-village-01.jpg","datePublished":"2026-02-11T18:05:27+00:00","dateModified":"2026-04-24T09:48:50+00:00","breadcrumb":{"@id":"https:\/\/www.hotelmaranellovillage.com\/fr\/chambres\/chambre-double-standard\/#breadcrumb"},"inLanguage":"fr-FR","potentialAction":[{"@type":"ReadAction","target":["https:\/\/www.hotelmaranellovillage.com\/fr\/chambres\/chambre-double-standard\/"]}]},{"@type":"ImageObject","inLanguage":"fr-FR","@id":"https:\/\/www.hotelmaranellovillage.com\/fr\/chambres\/chambre-double-standard\/#primaryimage","url":"https:\/\/www.hotelmaranellovillage.com\/wp-content\/uploads\/2026\/03\/doppia-standard-camere-maranello-village-01.jpg","contentUrl":"https:\/\/www.hotelmaranellovillage.com\/wp-content\/uploads\/2026\/03\/doppia-standard-camere-maranello-village-01.jpg","width":1200,"height":800},{"@type":"BreadcrumbList","@id":"https:\/\/www.hotelmaranellovillage.com\/fr\/chambres\/chambre-double-standard\/#breadcrumb","itemListElement":[{"@type":"ListItem","position":1,"name":"Home","item":"https:\/\/www.hotelmaranellovillage.com\/fr\/page-daccueil\/"},{"@type":"ListItem","position":2,"name":"Chambres","item":"https:\/\/www.hotelmaranellovillage.com\/fr\/chambres\/"},{"@type":"ListItem","position":3,"name":"Chambre double standard"}]},{"@type":"WebSite","@id":"https:\/\/www.hotelmaranellovillage.com\/fr\/#website","url":"https:\/\/www.hotelmaranellovillage.com\/fr\/","name":"Maranello Village","description":"Hotel &amp; Residence Sito Ufficiale","publisher":{"@id":"https:\/\/www.hotelmaranellovillage.com\/fr\/#organization"},"alternateName":"HMV","potentialAction":[{"@type":"SearchAction","target":{"@type":"EntryPoint","urlTemplate":"https:\/\/www.hotelmaranellovillage.com\/fr\/?s={search_term_string}"},"query-input":{"@type":"PropertyValueSpecification","valueRequired":true,"valueName":"search_term_string"}}],"inLanguage":"fr-FR"},{"@type":"Organization","@id":"https:\/\/www.hotelmaranellovillage.com\/fr\/#organization","name":"Hotel & Residence 4 stelle","url":"https:\/\/www.hotelmaranellovillage.com\/fr\/","logo":{"@type":"ImageObject","inLanguage":"fr-FR","@id":"https:\/\/www.hotelmaranellovillage.com\/fr\/#\/schema\/logo\/image\/","url":"https:\/\/www.hotelmaranellovillage.com\/wp-content\/uploads\/2026\/04\/maranello-village-logo-2026.png","contentUrl":"https:\/\/www.hotelmaranellovillage.com\/wp-content\/uploads\/2026\/04\/maranello-village-logo-2026.png","width":800,"height":256,"caption":"Hotel & Residence 4 stelle"},"image":{"@id":"https:\/\/www.hotelmaranellovillage.com\/fr\/#\/schema\/logo\/image\/"},"sameAs":["https:\/\/www.facebook.com\/MaranelloVillage","https:\/\/www.instagram.com\/hotelmaranellovillage\/","https:\/\/it.linkedin.com\/company\/maranello-village-hotel-"]}]}},"_links":{"self":[{"href":"https:\/\/www.hotelmaranellovillage.com\/fr\/wp-json\/wp\/v2\/pages\/920","targetHints":{"allow":["GET"]}}],"collection":[{"href":"https:\/\/www.hotelmaranellovillage.com\/fr\/wp-json\/wp\/v2\/pages"}],"about":[{"href":"https:\/\/www.hotelmaranellovillage.com\/fr\/wp-json\/wp\/v2\/types\/page"}],"author":[{"embeddable":true,"href":"https:\/\/www.hotelmaranellovillage.com\/fr\/wp-json\/wp\/v2\/users\/1"}],"replies":[{"embeddable":true,"href":"https:\/\/www.hotelmaranellovillage.com\/fr\/wp-json\/wp\/v2\/comments?post=920"}],"version-history":[{"count":4,"href":"https:\/\/www.hotelmaranellovillage.com\/fr\/wp-json\/wp\/v2\/pages\/920\/revisions"}],"predecessor-version":[{"id":1347,"href":"https:\/\/www.hotelmaranellovillage.com\/fr\/wp-json\/wp\/v2\/pages\/920\/revisions\/1347"}],"up":[{"embeddable":true,"href":"https:\/\/www.hotelmaranellovillage.com\/fr\/wp-json\/wp\/v2\/pages\/760"}],"wp:featuredmedia":[{"embeddable":true,"href":"https:\/\/www.hotelmaranellovillage.com\/fr\/wp-json\/wp\/v2\/media\/921"}],"wp:attachment":[{"href":"https:\/\/www.hotelmaranellovillage.com\/fr\/wp-json\/wp\/v2\/media?parent=920"}],"curies":[{"name":"wp","href":"https:\/\/api.w.org\/{rel}","templated":true}]}}