{"id":831,"date":"2026-03-18T13:31:26","date_gmt":"2026-03-18T12:31:26","guid":{"rendered":"https:\/\/web.hotelmaranellovillage.com\/test-drive-en-ferrari\/"},"modified":"2026-04-24T12:31:12","modified_gmt":"2026-04-24T10:31:12","slug":"test-drive-en-ferrari","status":"publish","type":"page","link":"https:\/\/www.hotelmaranellovillage.com\/fr\/maranello-et-ses-environs\/test-drive-en-ferrari\/","title":{"rendered":"Test drive en Ferrari"},"content":{"rendered":"<div class=\"wpb-content-wrapper\"><p>[vc_row full_width=\u00a0\u00bbstretch_row_content_no_spaces\u00a0\u00bb content_placement=\u00a0\u00bbmiddle\u00a0\u00bb css=\u00a0\u00bb.vc_custom_1772648524312{padding-top: 4em !important;padding-bottom: 4em !important;background-color: #101010 !important;}\u00a0\u00bb][vc_column css_animation=\u00a0\u00bbnone\u00a0\u00bb width=\u00a0\u00bb1\/2&Prime; el_class=\u00a0\u00bbdeco-column right\u00a0\u00bb][vc_row_inner][vc_column_inner width=\u00a0\u00bb5\/6&Prime; offset=\u00a0\u00bbvc_col-md-offset-2 vc_col-md-8 vc_col-sm-offset-1 vc_col-xs-offset-1 vc_col-xs-10&Prime; css=\u00a0\u00bb.vc_custom_1772553117214{padding-top: 4em !important;padding-bottom: 4em !important;}\u00a0\u00bb]<h1 class=\"deco-title sinistra\"><span class=\"eyelet\">Que faire \u00e0 Maranello ?<\/span> Test drive en <mark class=\"subtitle\">Ferrari<\/mark><\/h1>[vc_column_text css=\u00a0\u00bb\u00a0\u00bb]Vous \u00eates \u00e0 Maranello et vous entendez d\u00e9j\u00e0 le <strong>rugissement d\u2019une Testarossa<\/strong> vibrer dans l\u2019air. N\u2019avez-vous pas envie de go\u00fbter \u00e0 l\u2019ivresse d\u2019un tour ? Bien s\u00fbr que c\u2019est possible ! \u00c0 Maranello, plusieurs <strong>loueurs de voitures sp\u00e9cialis\u00e9s<\/strong> sont \u00e0 votre disposition pour vous permettre de monter \u00e0 bord d\u2019une <strong>Ferrari<\/strong> flamboyante et de conduire sur route ou de filer sur piste pour vivre une \u00e9motion que beaucoup ont qualifi\u00e9e d\u2019\u00ab indescriptible \u00bb.<\/p>\n<p>Les tours durent de 10 \u00e0 90 minutes \u00e0 partir de 140 \u20ac environ.<\/p>\n<p>Vous souhaitez un forfait avec s\u00e9jour inclus ? <a href=\"https:\/\/www.hotelmaranellovillage.com\/fr\/offres\/\">Consultez nos offres<\/a> ![\/vc_column_text]<div class=\"button-wrapper left\">\r\n\t\t\t\t\t<button type=\"button\" class=\"btn btn-default modal-btn\" data-bs-target=\"#form-69f4c8d0c8766-modal\" data-modal=\"PGRpdiBjbGFzcz0ibW9kYWwgZmFkZSIgaWQ9ImZvcm0tMTU0NS1tb2RhbCIgdGFiaW5kZXg9Ii0xIiBhcmlhLWxhYmVsbGVkYnk9ImZvcm0tMTU0NS1tb2RhbC1sYWJlbCIgYXJpYS1oaWRkZW49InRydWUiPjxkaXYgY2xhc3M9Im1vZGFsLWRpYWxvZyBtb2RhbC1kaWFsb2ctY2VudGVyZWQiPjxkaXYgY2xhc3M9Im1vZGFsLWNvbnRlbnQiPjxkaXYgY2xhc3M9Im1vZGFsLWhlYWRlciI+PGg1IGNsYXNzPSJtb2RhbC10aXRsZSIgaWQ9ImZvcm0tMTU0NS1tb2RhbC1sYWJlbCI+Q2hpZWRpIGluZm9ybWF6aW9uaTwvaDU+PGJ1dHRvbiB0eXBlPSJidXR0b24iIGNsYXNzPSJidG4tY2xvc2UiIGRhdGEtYnMtZGlzbWlzcz0ibW9kYWwiIGFyaWEtbGFiZWw9IkNsb3NlIj48L2J1dHRvbj48L2Rpdj48ZGl2IGNsYXNzPSJtb2RhbC1ib2R5Ij48Zm9ybSBpZD0iZm9ybS0xNTQ1IiBjbGFzcz0iYWNmZC1mb3JtIG5lZWRzLXZhbGlkYXRpb24iIG5vdmFsaWRhdGUgZGF0YS1yZWNhcHRjaGE9IiIgZGF0YS1nb29nbGVfYW5hbHl0aWNzPSJmYWxzZSI+PGlucHV0IHR5cGU9ImhpZGRlbiIgbmFtZT0iYWNmZF9mb3JtX2lkIiB2YWx1ZT0iMTU0NSI+PGlucHV0IHR5cGU9ImhpZGRlbiIgbmFtZT0iYWNmZF9yZW1vdGVfYWRkciIgdmFsdWU9IjIxNi43My4yMTYuMTEyIj48aW5wdXQgdHlwZT0iaGlkZGVuIiBuYW1lPSJhY2ZkX3JlcXVlc3RfdXJpIiB2YWx1ZT0iL2ZyL3dwLWpzb24vd3AvdjIvcGFnZXMvODMxIj48aW5wdXQgdHlwZT0iaGlkZGVuIiBuYW1lPSJhY2ZkX3VzZXJfYWdlbnQiIHZhbHVlPSJNb3ppbGxhLzUuMCBBcHBsZVdlYktpdC81MzcuMzYgKEtIVE1MLCBsaWtlIEdlY2tvOyBjb21wYXRpYmxlOyBDbGF1ZGVCb3QvMS4wOyArY2xhdWRlYm90QGFudGhyb3BpYy5jb20pIj48aW5wdXQgdHlwZT0iaGlkZGVuIiBuYW1lPSJhY2ZkX2NvbXBsZXRlX3VybCIgdmFsdWU9Imh0dHBzOi8vd3d3LmhvdGVsbWFyYW5lbGxvdmlsbGFnZS5jb20vZnIvd3AtanNvbi93cC92Mi9wYWdlcy84MzEiPlt2Y19yb3cgZ2FwPSIxNSJdW3ZjX2NvbHVtbiB3aWR0aD0iMS8yIl08ZGl2IGNsYXNzPSJtYi0zIj4KCTxsYWJlbCBmb3I9Im5vbWUtMTU0NSIgY2xhc3M9ImFjZmQtbGFiZWwgZm9ybS1sYWJlbCI+Tm9tIDxhYmJyIHRpdGxlPSJSZXF1aXJlZCBmaWVsZCI+JiM0Mjs8L2FiYnI+PC9sYWJlbD4KCTxpbnB1dCB0eXBlPSJ0ZXh0IiBjbGFzcz0iZm9ybS1jb250cm9sICIgaWQ9Im5vbWUtMTU0NSIgbmFtZT0ibm9tZSIgcGxhY2Vob2xkZXI9IlZvdHJlIG5vbSIgIHJlcXVpcmVkPgo8L2Rpdj4KWy92Y19jb2x1bW5dW3ZjX2NvbHVtbiB3aWR0aD0iMS8yIl08ZGl2IGNsYXNzPSJtYi0zIj4KCTxsYWJlbCBmb3I9ImNvZ25vbWUtMTU0NSIgY2xhc3M9ImFjZmQtbGFiZWwgZm9ybS1sYWJlbCI+Tm9tIGRlIGZhbWlsbGUgPGFiYnIgdGl0bGU9IlJlcXVpcmVkIGZpZWxkIj4mIzQyOzwvYWJicj48L2xhYmVsPgoJPGlucHV0IHR5cGU9InRleHQiIGNsYXNzPSJmb3JtLWNvbnRyb2wgIiBpZD0iY29nbm9tZS0xNTQ1IiBuYW1lPSJjb2dub21lIiBwbGFjZWhvbGRlcj0iVm90cmUgbm9tIGRlIGZhbWlsbGUiICByZXF1aXJlZD4KPC9kaXY+ClsvdmNfY29sdW1uXVsvdmNfcm93XVt2Y19yb3ddW3ZjX2NvbHVtbl08ZGl2IGNsYXNzPSJtYi0zIj4KCTxsYWJlbCBmb3I9ImVtYWlsLTE1NDUiIGNsYXNzPSJhY2ZkLWxhYmVsIGZvcm0tbGFiZWwiPkNvdXJyaWVyIMOpbGVjdHJvbmlxdWUgPGFiYnIgdGl0bGU9IlJlcXVpcmVkIGZpZWxkIj4mIzQyOzwvYWJicj48L2xhYmVsPgoJPGlucHV0IHR5cGU9ImVtYWlsIiBjbGFzcz0iZm9ybS1jb250cm9sICIgaWQ9ImVtYWlsLTE1NDUiIG5hbWU9ImVtYWlsIiBwbGFjZWhvbGRlcj0ibGF0dWFAZW1haWwuaXQiICByZXF1aXJlZD4KPC9kaXY+ClsvdmNfY29sdW1uXVsvdmNfcm93XVt2Y19yb3ddW3ZjX2NvbHVtbl08ZGl2IGNsYXNzPSJtYi0zIj4KCTxsYWJlbCBmb3I9InRlbGVmb25vLTE1NDUiIGNsYXNzPSJhY2ZkLWxhYmVsIGZvcm0tbGFiZWwiPlTDqWzDqXBob25lIDxhYmJyIHRpdGxlPSJSZXF1aXJlZCBmaWVsZCI+JiM0Mjs8L2FiYnI+PC9sYWJlbD4KCTxpbnB1dCB0eXBlPSJ0ZXh0IiBjbGFzcz0iZm9ybS1jb250cm9sICIgaWQ9InRlbGVmb25vLTE1NDUiIG5hbWU9InRlbGVmb25vIiBwbGFjZWhvbGRlcj0iKzM5Li4uIiAgcmVxdWlyZWQ+CjwvZGl2PgpbL3ZjX2NvbHVtbl1bL3ZjX3Jvd11bdmNfcm93XVt2Y19jb2x1bW5dPGRpdiBjbGFzcz0ibWItMyI+Cgk8bGFiZWwgZm9yPSJtZXNzYWdnaW8tMTU0NSI+Vm90cmUgZGVtYW5kZSA8YWJiciB0aXRsZT0iUmVxdWlyZWQgZmllbGQiPiYjNDI7PC9hYmJyPjwvbGFiZWw+Cgk8dGV4dGFyZWEgY2xhc3M9ImZvcm0tY29udHJvbCAiIHJvd3M9IjQiIGlkPSJtZXNzYWdnaW8tMTU0NSIgbmFtZT0ibWVzc2FnZ2lvIiBhcmlhLWRlc2NyaWJlZGJ5PSJtZXNzYWdnaW8tMTU0NS1oZWxwIiAgIHJlcXVpcmVkPjwvdGV4dGFyZWE+Cgk8c21hbGwgaWQ9Im1lc3NhZ2dpbzE1NDUtaGVscCIgY2xhc3M9ImZvcm0tdGV4dCB0ZXh0LW11dGVkIj5TcGVjaWZpY2EgcXVpIGxhIHR1YSByaWNoaWVzdGE8L3NtYWxsPgo8L2Rpdj4KWy92Y19jb2x1bW5dWy92Y19yb3ddW3ZjX3Jvd11bdmNfY29sdW1uXQk8ZGl2IGNsYXNzPSJmb3JtLWNoZWNrIG1iLTEiPgoJCTxpbnB1dCB0eXBlPSJjaGVja2JveCIgY2xhc3M9ImZvcm0tY2hlY2staW5wdXQiIGlkPSJwcml2YWN5LTE1NDUtMCIgbmFtZT0icHJpdmFjeSIgdmFsdWU9ImFjY29uc2VudG8iIHJlcXVpcmVkIC8+CgkJPGxhYmVsIGNsYXNzPSJmb3JtLWNoZWNrLWxhYmVsIiBmb3I9InByaXZhY3ktMTU0NS0wIj5IbyBwcmVzbyB2aXNpb25lIGRlbGxhIHByaXZhY3kgcG9saWN5IGUgYWNjb25zZW50byBhbCB0cmF0dGFtZW50byBkZWkgbWllaSBkYXRpIHBlcnNvbmFsaSA8YWJiciB0aXRsZT0iUmVxdWlyZWQgZmllbGQiPiYjNDI7PC9hYmJyPjwvbGFiZWw+Cgk8L2Rpdj4KCTxkaXYgY2xhc3M9ImZvcm0tY2hlY2sgbWItMSI+CgkJPGlucHV0IHR5cGU9ImNoZWNrYm94IiBjbGFzcz0iZm9ybS1jaGVjay1pbnB1dCIgaWQ9Im5ld3NsZXR0ZXItMTU0NS0wIiBuYW1lPSJuZXdzbGV0dGVyIiB2YWx1ZT0iQUREIiAvPgoJCTxsYWJlbCBjbGFzcz0iZm9ybS1jaGVjay1sYWJlbCIgZm9yPSJuZXdzbGV0dGVyLTE1NDUtMCI+RGVzaWRlcm8gcmVzdGFyZSBpbmZvcm1hdG8gZSByaWNldmVyZSBpbmZvcm1hemlvbmkgdmlhIGUtbWFpbCBzdWxsZSBub3ZpdMOgIGUgbGUgb2ZmZXJ0ZSBkZWwgTWFyYW5lbGxvIHZpbGxhZ2U8L2xhYmVsPgoJPC9kaXY+ClsvdmNfY29sdW1uXVsvdmNfcm93XVt2Y19yb3ddW3ZjX2NvbHVtbl08ZGl2IGNsYXNzPSJidXR0b24td3JhcHBlciBtYi0zIj4KCTxidXR0b24gdHlwZT0ic3VibWl0IiBpZD0iaW52aWEtMTU0NSIgY2xhc3M9ImJ0biBidG4tZGVmYXVsdCI+RW52b3llciB1bmUgZGVtYW5kZSA8aSBjbGFzcz0iYnRuLWljb24gZmFzIGZhLWVudmVsb3BlIj48L2k+PC9idXR0b24+CjwvZGl2PgpbL3ZjX2NvbHVtbl1bL3ZjX3Jvd108ZGl2IGNsYXNzPSJtb2RhbCBhY2ZkLWZvcm0tcmVzcG9uc2UiIGRhdGEtZm9ybT0iZm9ybS0iMTU0NSIiIHRhYmluZGV4PSItMSI+PGRpdiBjbGFzcz0ibW9kYWwtZGlhbG9nIG1vZGFsLWRpYWxvZy1jZW50ZXJlZCI+PGRpdiBjbGFzcz0ibW9kYWwtY29udGVudCI+PGRpdiBjbGFzcz0ibW9kYWwtaGVhZGVyIj48aDUgY2xhc3M9Im1vZGFsLXRpdGxlIj48L2g1PjxidXR0b24gdHlwZT0iYnV0dG9uIiBjbGFzcz0iYnRuLWNsb3NlIiBkYXRhLWJzLWRpc21pc3M9Im1vZGFsIiBhcmlhLWxhYmVsPSJDbG9zZSI+PC9idXR0b24+PC9kaXY+PGRpdiBjbGFzcz0ibW9kYWwtYm9keSI+PC9kaXY+PC9kaXY+PC9kaXY+PC9kaXY+PC9mb3JtPjwvZGl2PjwvZGl2PjwvZGl2PjwvZGl2Pg==\">Chiedi informazioni<\/button>\r\n\t\t\t\t<\/div>[\/vc_column_inner][\/vc_row_inner][\/vc_column][vc_column css_animation=\u00a0\u00bbappear\u00a0\u00bb width=\u00a0\u00bb1\/2&Prime; css=\u00a0\u00bb.vc_custom_1773914091782{background-image: url(https:\/\/www.hotelmaranellovillage.com\/wp-content\/uploads\/2026\/03\/hotel-maranello-village-offerte-driving-experience-ferrari-california.jpg?id=221) !important;background-position: center !important;background-repeat: no-repeat !important;background-size: cover !important;}\u00a0\u00bb]<div title=\"H\u00f4tel Maranello Village - Aux alentours de Maranello - Test Drive\" class=\"image-wrapper\">\n\t\t\t\t<figure class=\"aspect-image\" style=\"background-image:url('https:\/\/www.hotelmaranellovillage.com\/wp-content\/themes\/aitec\/img\/transparent-placeholder.png'); aspect-ratio: 4 \/ 3; \">\n\t\t\t\t\t<img decoding=\"async\" src=\"https:\/\/www.hotelmaranellovillage.com\/wp-content\/uploads\/2026\/03\/hotel-maranello-village-offerte-driving-experience-ferrari-california.jpg\" alt=\"H\u00f4tel Maranello Village - Aux alentours de Maranello - Test Drive\">\n\t\t\t\t\t<figcaption>H\u00f4tel Maranello Village - Aux alentours de Maranello - Test Drive<\/figcaption>\n\t\t\t\t<\/figure>\n\t\t\t<\/div>[\/vc_column][\/vc_row]<\/p>\n<\/div>","protected":false},"excerpt":{"rendered":"<p>[vc_row full_width=\u00a0\u00bbstretch_row_content_no_spaces\u00a0\u00bb content_placement=\u00a0\u00bbmiddle\u00a0\u00bb css=\u00a0\u00bb.vc_custom_1772648524312{padding-top: 4em !important;padding-bottom: 4em !important;background-color: #101010 !important;}\u00a0\u00bb][vc_column css_animation=\u00a0\u00bbnone\u00a0\u00bb width=\u00a0\u00bb1\/2&Prime; el_class=\u00a0\u00bbdeco-column right\u00a0\u00bb][vc_row_inner][vc_column_inner width=\u00a0\u00bb5\/6&Prime; offset=\u00a0\u00bbvc_col-md-offset-2 vc_col-md-8 vc_col-sm-offset-1 vc_col-xs-offset-1 vc_col-xs-10&Prime; css=\u00a0\u00bb.vc_custom_1772553117214{padding-top: 4em !important;padding-bottom: 4em !important;}\u00a0\u00bb][vc_column_text css=\u00a0\u00bb\u00a0\u00bb]Vous \u00eates \u00e0 Maranello et vous entendez d\u00e9j\u00e0 le rugissement d\u2019une Testarossa vibrer dans l\u2019air. N\u2019avez-vous pas envie de go\u00fbter \u00e0 l\u2019ivresse d\u2019un tour ? Bien s\u00fbr que c\u2019est possible [&hellip;]<\/p>\n","protected":false},"author":1,"featured_media":832,"parent":961,"menu_order":0,"comment_status":"closed","ping_status":"closed","template":"","meta":{"_acf_changed":false,"rs_blank_template":"","rs_page_bg_color":"","slide_template_v7":"","footnotes":""},"class_list":["post-831","page","type-page","status-publish","has-post-thumbnail","hentry"],"acf":[],"yoast_head":"<!-- This site is optimized with the Yoast SEO plugin v27.5 - https:\/\/yoast.com\/product\/yoast-seo-wordpress\/ -->\n<title>Test drive en Ferrari | Maranello Village - Hotel &amp; Residence Sito Ufficiale<\/title>\n<meta name=\"robots\" content=\"index, follow, max-snippet:-1, max-image-preview:large, max-video-preview:-1\" \/>\n<link rel=\"canonical\" href=\"https:\/\/www.hotelmaranellovillage.com\/fr\/maranello-et-ses-environs\/test-drive-en-ferrari\/\" \/>\n<meta property=\"og:locale\" content=\"fr_FR\" \/>\n<meta property=\"og:type\" content=\"article\" \/>\n<meta property=\"og:title\" content=\"Test drive en Ferrari | Maranello Village - Hotel &amp; Residence Sito Ufficiale\" \/>\n<meta property=\"og:description\" content=\"[vc_row full_width=\u00a0\u00bbstretch_row_content_no_spaces\u00a0\u00bb content_placement=\u00a0\u00bbmiddle\u00a0\u00bb css=\u00a0\u00bb.vc_custom_1772648524312{padding-top: 4em !important;padding-bottom: 4em !important;background-color: #101010 !important;}\u00a0\u00bb][vc_column css_animation=\u00a0\u00bbnone\u00a0\u00bb width=\u00a0\u00bb1\/2&Prime; el_class=\u00a0\u00bbdeco-column right\u00a0\u00bb][vc_row_inner][vc_column_inner width=\u00a0\u00bb5\/6&Prime; offset=\u00a0\u00bbvc_col-md-offset-2 vc_col-md-8 vc_col-sm-offset-1 vc_col-xs-offset-1 vc_col-xs-10&Prime; css=\u00a0\u00bb.vc_custom_1772553117214{padding-top: 4em !important;padding-bottom: 4em !important;}\u00a0\u00bb][vc_column_text css=\u00a0\u00bb\u00a0\u00bb]Vous \u00eates \u00e0 Maranello et vous entendez d\u00e9j\u00e0 le rugissement d\u2019une Testarossa vibrer dans l\u2019air. N\u2019avez-vous pas envie de go\u00fbter \u00e0 l\u2019ivresse d\u2019un tour ? Bien s\u00fbr que c\u2019est possible [&hellip;]\" \/>\n<meta property=\"og:url\" content=\"https:\/\/www.hotelmaranellovillage.com\/fr\/maranello-et-ses-environs\/test-drive-en-ferrari\/\" \/>\n<meta property=\"og:site_name\" content=\"Maranello Village\" \/>\n<meta property=\"article:publisher\" content=\"https:\/\/www.facebook.com\/MaranelloVillage\" \/>\n<meta property=\"article:modified_time\" content=\"2026-04-24T10:31:12+00:00\" \/>\n<meta property=\"og:image\" content=\"https:\/\/www.hotelmaranellovillage.com\/wp-content\/uploads\/2026\/03\/hotel-maranello-village-offerte-driving-experience-ferrari-california.jpg\" \/>\n\t<meta property=\"og:image:width\" content=\"1024\" \/>\n\t<meta property=\"og:image:height\" content=\"626\" \/>\n\t<meta property=\"og:image:type\" content=\"image\/jpeg\" \/>\n<meta name=\"twitter:card\" content=\"summary_large_image\" \/>\n<meta name=\"twitter:label1\" content=\"Dur\u00e9e de lecture estim\u00e9e\" \/>\n\t<meta name=\"twitter:data1\" content=\"1 minute\" \/>\n<script type=\"application\/ld+json\" class=\"yoast-schema-graph\">{\"@context\":\"https:\\\/\\\/schema.org\",\"@graph\":[{\"@type\":\"WebPage\",\"@id\":\"https:\\\/\\\/www.hotelmaranellovillage.com\\\/fr\\\/maranello-et-ses-environs\\\/test-drive-en-ferrari\\\/\",\"url\":\"https:\\\/\\\/www.hotelmaranellovillage.com\\\/fr\\\/maranello-et-ses-environs\\\/test-drive-en-ferrari\\\/\",\"name\":\"Test drive en Ferrari | Maranello Village - Hotel & Residence Sito Ufficiale\",\"isPartOf\":{\"@id\":\"https:\\\/\\\/www.hotelmaranellovillage.com\\\/fr\\\/#website\"},\"primaryImageOfPage\":{\"@id\":\"https:\\\/\\\/www.hotelmaranellovillage.com\\\/fr\\\/maranello-et-ses-environs\\\/test-drive-en-ferrari\\\/#primaryimage\"},\"image\":{\"@id\":\"https:\\\/\\\/www.hotelmaranellovillage.com\\\/fr\\\/maranello-et-ses-environs\\\/test-drive-en-ferrari\\\/#primaryimage\"},\"thumbnailUrl\":\"https:\\\/\\\/www.hotelmaranellovillage.com\\\/wp-content\\\/uploads\\\/2026\\\/03\\\/hotel-maranello-village-offerte-driving-experience-ferrari-california.jpg\",\"datePublished\":\"2026-03-18T12:31:26+00:00\",\"dateModified\":\"2026-04-24T10:31:12+00:00\",\"breadcrumb\":{\"@id\":\"https:\\\/\\\/www.hotelmaranellovillage.com\\\/fr\\\/maranello-et-ses-environs\\\/test-drive-en-ferrari\\\/#breadcrumb\"},\"inLanguage\":\"fr-FR\",\"potentialAction\":[{\"@type\":\"ReadAction\",\"target\":[\"https:\\\/\\\/www.hotelmaranellovillage.com\\\/fr\\\/maranello-et-ses-environs\\\/test-drive-en-ferrari\\\/\"]}]},{\"@type\":\"ImageObject\",\"inLanguage\":\"fr-FR\",\"@id\":\"https:\\\/\\\/www.hotelmaranellovillage.com\\\/fr\\\/maranello-et-ses-environs\\\/test-drive-en-ferrari\\\/#primaryimage\",\"url\":\"https:\\\/\\\/www.hotelmaranellovillage.com\\\/wp-content\\\/uploads\\\/2026\\\/03\\\/hotel-maranello-village-offerte-driving-experience-ferrari-california.jpg\",\"contentUrl\":\"https:\\\/\\\/www.hotelmaranellovillage.com\\\/wp-content\\\/uploads\\\/2026\\\/03\\\/hotel-maranello-village-offerte-driving-experience-ferrari-california.jpg\",\"width\":1024,\"height\":626},{\"@type\":\"BreadcrumbList\",\"@id\":\"https:\\\/\\\/www.hotelmaranellovillage.com\\\/fr\\\/maranello-et-ses-environs\\\/test-drive-en-ferrari\\\/#breadcrumb\",\"itemListElement\":[{\"@type\":\"ListItem\",\"position\":1,\"name\":\"Home\",\"item\":\"https:\\\/\\\/www.hotelmaranellovillage.com\\\/fr\\\/page-daccueil\\\/\"},{\"@type\":\"ListItem\",\"position\":2,\"name\":\"Maranello et ses environs\",\"item\":\"https:\\\/\\\/www.hotelmaranellovillage.com\\\/fr\\\/maranello-et-ses-environs\\\/\"},{\"@type\":\"ListItem\",\"position\":3,\"name\":\"Test drive en Ferrari\"}]},{\"@type\":\"WebSite\",\"@id\":\"https:\\\/\\\/www.hotelmaranellovillage.com\\\/fr\\\/#website\",\"url\":\"https:\\\/\\\/www.hotelmaranellovillage.com\\\/fr\\\/\",\"name\":\"Maranello Village\",\"description\":\"Hotel &amp; Residence Sito Ufficiale\",\"publisher\":{\"@id\":\"https:\\\/\\\/www.hotelmaranellovillage.com\\\/fr\\\/#organization\"},\"alternateName\":\"HMV\",\"potentialAction\":[{\"@type\":\"SearchAction\",\"target\":{\"@type\":\"EntryPoint\",\"urlTemplate\":\"https:\\\/\\\/www.hotelmaranellovillage.com\\\/fr\\\/?s={search_term_string}\"},\"query-input\":{\"@type\":\"PropertyValueSpecification\",\"valueRequired\":true,\"valueName\":\"search_term_string\"}}],\"inLanguage\":\"fr-FR\"},{\"@type\":\"Organization\",\"@id\":\"https:\\\/\\\/www.hotelmaranellovillage.com\\\/fr\\\/#organization\",\"name\":\"Hotel & Residence 4 stelle\",\"url\":\"https:\\\/\\\/www.hotelmaranellovillage.com\\\/fr\\\/\",\"logo\":{\"@type\":\"ImageObject\",\"inLanguage\":\"fr-FR\",\"@id\":\"https:\\\/\\\/www.hotelmaranellovillage.com\\\/fr\\\/#\\\/schema\\\/logo\\\/image\\\/\",\"url\":\"https:\\\/\\\/www.hotelmaranellovillage.com\\\/wp-content\\\/uploads\\\/2026\\\/04\\\/maranello-village-logo-2026.png\",\"contentUrl\":\"https:\\\/\\\/www.hotelmaranellovillage.com\\\/wp-content\\\/uploads\\\/2026\\\/04\\\/maranello-village-logo-2026.png\",\"width\":800,\"height\":256,\"caption\":\"Hotel & Residence 4 stelle\"},\"image\":{\"@id\":\"https:\\\/\\\/www.hotelmaranellovillage.com\\\/fr\\\/#\\\/schema\\\/logo\\\/image\\\/\"},\"sameAs\":[\"https:\\\/\\\/www.facebook.com\\\/MaranelloVillage\",\"https:\\\/\\\/www.instagram.com\\\/hotelmaranellovillage\\\/\",\"https:\\\/\\\/it.linkedin.com\\\/company\\\/maranello-village-hotel-\"]}]}<\/script>\n<!-- \/ Yoast SEO plugin. -->","yoast_head_json":{"title":"Test drive en Ferrari | Maranello Village - Hotel & Residence Sito Ufficiale","robots":{"index":"index","follow":"follow","max-snippet":"max-snippet:-1","max-image-preview":"max-image-preview:large","max-video-preview":"max-video-preview:-1"},"canonical":"https:\/\/www.hotelmaranellovillage.com\/fr\/maranello-et-ses-environs\/test-drive-en-ferrari\/","og_locale":"fr_FR","og_type":"article","og_title":"Test drive en Ferrari | Maranello Village - Hotel & Residence Sito Ufficiale","og_description":"[vc_row full_width=\u00a0\u00bbstretch_row_content_no_spaces\u00a0\u00bb content_placement=\u00a0\u00bbmiddle\u00a0\u00bb css=\u00a0\u00bb.vc_custom_1772648524312{padding-top: 4em !important;padding-bottom: 4em !important;background-color: #101010 !important;}\u00a0\u00bb][vc_column css_animation=\u00a0\u00bbnone\u00a0\u00bb width=\u00a0\u00bb1\/2&Prime; el_class=\u00a0\u00bbdeco-column right\u00a0\u00bb][vc_row_inner][vc_column_inner width=\u00a0\u00bb5\/6&Prime; offset=\u00a0\u00bbvc_col-md-offset-2 vc_col-md-8 vc_col-sm-offset-1 vc_col-xs-offset-1 vc_col-xs-10&Prime; css=\u00a0\u00bb.vc_custom_1772553117214{padding-top: 4em !important;padding-bottom: 4em !important;}\u00a0\u00bb][vc_column_text css=\u00a0\u00bb\u00a0\u00bb]Vous \u00eates \u00e0 Maranello et vous entendez d\u00e9j\u00e0 le rugissement d\u2019une Testarossa vibrer dans l\u2019air. N\u2019avez-vous pas envie de go\u00fbter \u00e0 l\u2019ivresse d\u2019un tour ? Bien s\u00fbr que c\u2019est possible [&hellip;]","og_url":"https:\/\/www.hotelmaranellovillage.com\/fr\/maranello-et-ses-environs\/test-drive-en-ferrari\/","og_site_name":"Maranello Village","article_publisher":"https:\/\/www.facebook.com\/MaranelloVillage","article_modified_time":"2026-04-24T10:31:12+00:00","og_image":[{"width":1024,"height":626,"url":"https:\/\/www.hotelmaranellovillage.com\/wp-content\/uploads\/2026\/03\/hotel-maranello-village-offerte-driving-experience-ferrari-california.jpg","type":"image\/jpeg"}],"twitter_card":"summary_large_image","twitter_misc":{"Dur\u00e9e de lecture estim\u00e9e":"1 minute"},"schema":{"@context":"https:\/\/schema.org","@graph":[{"@type":"WebPage","@id":"https:\/\/www.hotelmaranellovillage.com\/fr\/maranello-et-ses-environs\/test-drive-en-ferrari\/","url":"https:\/\/www.hotelmaranellovillage.com\/fr\/maranello-et-ses-environs\/test-drive-en-ferrari\/","name":"Test drive en Ferrari | Maranello Village - Hotel & Residence Sito Ufficiale","isPartOf":{"@id":"https:\/\/www.hotelmaranellovillage.com\/fr\/#website"},"primaryImageOfPage":{"@id":"https:\/\/www.hotelmaranellovillage.com\/fr\/maranello-et-ses-environs\/test-drive-en-ferrari\/#primaryimage"},"image":{"@id":"https:\/\/www.hotelmaranellovillage.com\/fr\/maranello-et-ses-environs\/test-drive-en-ferrari\/#primaryimage"},"thumbnailUrl":"https:\/\/www.hotelmaranellovillage.com\/wp-content\/uploads\/2026\/03\/hotel-maranello-village-offerte-driving-experience-ferrari-california.jpg","datePublished":"2026-03-18T12:31:26+00:00","dateModified":"2026-04-24T10:31:12+00:00","breadcrumb":{"@id":"https:\/\/www.hotelmaranellovillage.com\/fr\/maranello-et-ses-environs\/test-drive-en-ferrari\/#breadcrumb"},"inLanguage":"fr-FR","potentialAction":[{"@type":"ReadAction","target":["https:\/\/www.hotelmaranellovillage.com\/fr\/maranello-et-ses-environs\/test-drive-en-ferrari\/"]}]},{"@type":"ImageObject","inLanguage":"fr-FR","@id":"https:\/\/www.hotelmaranellovillage.com\/fr\/maranello-et-ses-environs\/test-drive-en-ferrari\/#primaryimage","url":"https:\/\/www.hotelmaranellovillage.com\/wp-content\/uploads\/2026\/03\/hotel-maranello-village-offerte-driving-experience-ferrari-california.jpg","contentUrl":"https:\/\/www.hotelmaranellovillage.com\/wp-content\/uploads\/2026\/03\/hotel-maranello-village-offerte-driving-experience-ferrari-california.jpg","width":1024,"height":626},{"@type":"BreadcrumbList","@id":"https:\/\/www.hotelmaranellovillage.com\/fr\/maranello-et-ses-environs\/test-drive-en-ferrari\/#breadcrumb","itemListElement":[{"@type":"ListItem","position":1,"name":"Home","item":"https:\/\/www.hotelmaranellovillage.com\/fr\/page-daccueil\/"},{"@type":"ListItem","position":2,"name":"Maranello et ses environs","item":"https:\/\/www.hotelmaranellovillage.com\/fr\/maranello-et-ses-environs\/"},{"@type":"ListItem","position":3,"name":"Test drive en Ferrari"}]},{"@type":"WebSite","@id":"https:\/\/www.hotelmaranellovillage.com\/fr\/#website","url":"https:\/\/www.hotelmaranellovillage.com\/fr\/","name":"Maranello Village","description":"Hotel &amp; Residence Sito Ufficiale","publisher":{"@id":"https:\/\/www.hotelmaranellovillage.com\/fr\/#organization"},"alternateName":"HMV","potentialAction":[{"@type":"SearchAction","target":{"@type":"EntryPoint","urlTemplate":"https:\/\/www.hotelmaranellovillage.com\/fr\/?s={search_term_string}"},"query-input":{"@type":"PropertyValueSpecification","valueRequired":true,"valueName":"search_term_string"}}],"inLanguage":"fr-FR"},{"@type":"Organization","@id":"https:\/\/www.hotelmaranellovillage.com\/fr\/#organization","name":"Hotel & Residence 4 stelle","url":"https:\/\/www.hotelmaranellovillage.com\/fr\/","logo":{"@type":"ImageObject","inLanguage":"fr-FR","@id":"https:\/\/www.hotelmaranellovillage.com\/fr\/#\/schema\/logo\/image\/","url":"https:\/\/www.hotelmaranellovillage.com\/wp-content\/uploads\/2026\/04\/maranello-village-logo-2026.png","contentUrl":"https:\/\/www.hotelmaranellovillage.com\/wp-content\/uploads\/2026\/04\/maranello-village-logo-2026.png","width":800,"height":256,"caption":"Hotel & Residence 4 stelle"},"image":{"@id":"https:\/\/www.hotelmaranellovillage.com\/fr\/#\/schema\/logo\/image\/"},"sameAs":["https:\/\/www.facebook.com\/MaranelloVillage","https:\/\/www.instagram.com\/hotelmaranellovillage\/","https:\/\/it.linkedin.com\/company\/maranello-village-hotel-"]}]}},"_links":{"self":[{"href":"https:\/\/www.hotelmaranellovillage.com\/fr\/wp-json\/wp\/v2\/pages\/831","targetHints":{"allow":["GET"]}}],"collection":[{"href":"https:\/\/www.hotelmaranellovillage.com\/fr\/wp-json\/wp\/v2\/pages"}],"about":[{"href":"https:\/\/www.hotelmaranellovillage.com\/fr\/wp-json\/wp\/v2\/types\/page"}],"author":[{"embeddable":true,"href":"https:\/\/www.hotelmaranellovillage.com\/fr\/wp-json\/wp\/v2\/users\/1"}],"replies":[{"embeddable":true,"href":"https:\/\/www.hotelmaranellovillage.com\/fr\/wp-json\/wp\/v2\/comments?post=831"}],"version-history":[{"count":3,"href":"https:\/\/www.hotelmaranellovillage.com\/fr\/wp-json\/wp\/v2\/pages\/831\/revisions"}],"predecessor-version":[{"id":1455,"href":"https:\/\/www.hotelmaranellovillage.com\/fr\/wp-json\/wp\/v2\/pages\/831\/revisions\/1455"}],"up":[{"embeddable":true,"href":"https:\/\/www.hotelmaranellovillage.com\/fr\/wp-json\/wp\/v2\/pages\/961"}],"wp:featuredmedia":[{"embeddable":true,"href":"https:\/\/www.hotelmaranellovillage.com\/fr\/wp-json\/wp\/v2\/media\/832"}],"wp:attachment":[{"href":"https:\/\/www.hotelmaranellovillage.com\/fr\/wp-json\/wp\/v2\/media?parent=831"}],"curies":[{"name":"wp","href":"https:\/\/api.w.org\/{rel}","templated":true}]}}