{"id":796,"date":"2026-02-26T18:48:38","date_gmt":"2026-02-26T17:48:38","guid":{"rendered":"https:\/\/web.hotelmaranellovillage.com\/restaurant-paddock\/"},"modified":"2026-04-24T13:01:31","modified_gmt":"2026-04-24T11:01:31","slug":"restaurant-paddock","status":"publish","type":"page","link":"https:\/\/www.hotelmaranellovillage.com\/fr\/services\/restaurant-paddock\/","title":{"rendered":"Restaurant Paddock"},"content":{"rendered":"<div class=\"wpb-content-wrapper\"><p>[vc_row full_width=\u00a0\u00bbstretch_row_content_no_spaces\u00a0\u00bb content_placement=\u00a0\u00bbmiddle\u00a0\u00bb css=\u00a0\u00bb.vc_custom_1772648524312{padding-top: 4em !important;padding-bottom: 4em !important;background-color: #101010 !important;}\u00a0\u00bb][vc_column css_animation=\u00a0\u00bbnone\u00a0\u00bb width=\u00a0\u00bb1\/2&Prime; el_class=\u00a0\u00bbdeco-column right\u00a0\u00bb][vc_row_inner][vc_column_inner width=\u00a0\u00bb5\/6&Prime; offset=\u00a0\u00bbvc_col-md-offset-2 vc_col-md-8 vc_col-sm-offset-1 vc_col-xs-offset-1 vc_col-xs-10&Prime; css=\u00a0\u00bb.vc_custom_1772553117214{padding-top: 4em !important;padding-bottom: 4em !important;}\u00a0\u00bb]<h1 class=\"deco-title sinistra with-subtitle\"><span class=\"eyelet\">Services<\/span> Restaurant Paddock <mark class=\"subtitle\">Tradition et go\u00fbt<\/mark><\/h1>[vc_column_text css=\u00a0\u00bb\u00a0\u00bb]Le Restaurant Paddock est le <strong>moteur gastronomique<\/strong> du Maranello Village, d\u00e9di\u00e9 aux passionn\u00e9s de Ferrari qui aiment s\u2019offrir le meilleur, m\u00eame en cuisine.<\/p>\n<p>Les espaces marient <strong>l\u2019\u00e2me rustique<\/strong> de l\u2019ancienne grange dont il est issu au <strong>style sophistiqu\u00e9<\/strong> du mobilier moderne.<\/p>\n<p>\u00c0 partir de produits frais du terroir, le Restaurant Paddock propose un menu \u00e0 la carte o\u00f9 se rencontrent les <strong>plats typiques de la tradition mod\u00e9naise<\/strong> et les classiques de la cuisine italienne.[\/vc_column_text]<div class=\"button-wrapper inline\"><a class=\"btn btn-default\" href=\"https:\/\/www.ristorantepaddock.it\/\"  target=\"_blank\" title=\"Aller sur le site du restaurant\">Aller sur le site<\/a><\/div><div class=\"button-wrapper inline\"><a class=\"btn btn-default variant nudge-left\" href=\"tel:05361752910\"  target=\"_blank\" title=\"Aller sur le site du restaurant\">R\u00e9servez maintenant <i class=\"fas fa-phone\"><\/i><\/a><\/div>[\/vc_column_inner][\/vc_row_inner][\/vc_column][vc_column css_animation=\u00a0\u00bbappear\u00a0\u00bb width=\u00a0\u00bb1\/2&Prime; css=\u00a0\u00bb.vc_custom_1775727079361{background-image: url(https:\/\/www.hotelmaranellovillage.com\/wp-content\/uploads\/2026\/04\/hotel-maranello-village-ristorante-paddock-sala-interna-soffito-a-volta.jpg?id=503) !important;background-position: center !important;background-repeat: no-repeat !important;background-size: cover !important;}\u00a0\u00bb]<div title=\"H\u00f4tel Maranello Village - Services - Restaurant Paddock\" class=\"image-wrapper\">\n\t\t\t\t<figure class=\"aspect-image\" style=\"background-image:url('https:\/\/www.hotelmaranellovillage.com\/wp-content\/themes\/aitec\/img\/transparent-placeholder.png'); aspect-ratio: 4 \/ 3; \">\n\t\t\t\t\t<img decoding=\"async\" src=\"https:\/\/www.hotelmaranellovillage.com\/wp-content\/uploads\/2026\/04\/hotel-maranello-village-ristorante-paddock-sala-interna-soffito-a-volta.jpg\" alt=\"H\u00f4tel Maranello Village - Services - Restaurant Paddock\">\n\t\t\t\t\t<figcaption>H\u00f4tel Maranello Village - Services - Restaurant Paddock<\/figcaption>\n\t\t\t\t<\/figure>\n\t\t\t<\/div>[\/vc_column][\/vc_row][vc_row css=\u00a0\u00bb.vc_custom_1773915376988{padding-top: 2em !important;padding-bottom: 4em !important;}\u00a0\u00bb][vc_column]<div class=\"image-gallery\">\r\n\t\t\t\t\t<div class=\"row justify-content-center\">\r\n\t\t\t\t\t\t<div class=\"col-xl-3 col-6\">\r\n\t\t\t\t\t\t\r\n\t\t\t\t\t\t<figure class=\"aspect-image lightbox\" style=\"background-image:url('https:\/\/www.hotelmaranellovillage.com\/wp-content\/uploads\/2026\/04\/hotel-maranello-village-ristorante-paddock-piatto-tagliatelle-ottani-1024x768.jpg'); aspect-ratio:4 \/ 3;\" data-url=\"https:\/\/www.hotelmaranellovillage.com\/wp-content\/uploads\/2026\/04\/hotel-maranello-village-ristorante-paddock-piatto-tagliatelle-ottani-scaled.jpg\" data-width=\"2560\" data-height=\"1920\">\r\n\t\t\t\t\t\t\t<img decoding=\"async\" src=\"https:\/\/www.hotelmaranellovillage.com\/wp-content\/uploads\/2026\/04\/hotel-maranello-village-ristorante-paddock-piatto-tagliatelle-ottani-1024x768.jpg\" alt=\"\" \/>\r\n\t\t\t\t\t\t\t\r\n\t\t\t\t\t\t<\/figure>\r\n\t\t\t\t\t\t\r\n\t\t\t\t\t<\/div>\n<div class=\"col-xl-3 col-6\">\r\n\t\t\t\t\t\t\r\n\t\t\t\t\t\t<figure class=\"aspect-image lightbox lightbox\" style=\"background-image:url('https:\/\/www.hotelmaranellovillage.com\/wp-content\/uploads\/2026\/04\/hotel-maranello-village-ristorante-paddock-tagliata-ottani-1024x768.jpg'); aspect-ratio:4 \/ 3;\" data-url=\"https:\/\/www.hotelmaranellovillage.com\/wp-content\/uploads\/2026\/04\/hotel-maranello-village-ristorante-paddock-tagliata-ottani.jpg\" data-width=\"2560\" data-height=\"1920\">\r\n\t\t\t\t\t\t\t<img decoding=\"async\" src=\"https:\/\/www.hotelmaranellovillage.com\/wp-content\/uploads\/2026\/04\/hotel-maranello-village-ristorante-paddock-tagliata-ottani-1024x768.jpg\" alt=\"\" \/>\r\n\t\t\t\t\t\t\t\r\n\t\t\t\t\t\t<\/figure>\r\n\t\t\t\t\t\t\r\n\t\t\t\t\t<\/div>\n<div class=\"col-xl-3 col-6\">\r\n\t\t\t\t\t\t\r\n\t\t\t\t\t\t<figure class=\"aspect-image lightbox lightbox lightbox\" style=\"background-image:url('https:\/\/www.hotelmaranellovillage.com\/wp-content\/uploads\/2026\/04\/hotel-maranello-village-ristorante-paddock-tartare-ottani-1024x768.jpg'); aspect-ratio:4 \/ 3;\" data-url=\"https:\/\/www.hotelmaranellovillage.com\/wp-content\/uploads\/2026\/04\/hotel-maranello-village-ristorante-paddock-tartare-ottani-scaled.jpg\" data-width=\"2560\" data-height=\"1920\">\r\n\t\t\t\t\t\t\t<img decoding=\"async\" src=\"https:\/\/www.hotelmaranellovillage.com\/wp-content\/uploads\/2026\/04\/hotel-maranello-village-ristorante-paddock-tartare-ottani-1024x768.jpg\" alt=\"\" \/>\r\n\t\t\t\t\t\t\t\r\n\t\t\t\t\t\t<\/figure>\r\n\t\t\t\t\t\t\r\n\t\t\t\t\t<\/div>\n<div class=\"col-xl-3 col-6\">\r\n\t\t\t\t\t\t\r\n\t\t\t\t\t\t<figure class=\"aspect-image lightbox lightbox lightbox lightbox\" style=\"background-image:url('https:\/\/www.hotelmaranellovillage.com\/wp-content\/uploads\/2026\/04\/hotel-maranello-village-ristorante-paddock-dessert-ottani-1024x768.jpg'); aspect-ratio:4 \/ 3;\" data-url=\"https:\/\/www.hotelmaranellovillage.com\/wp-content\/uploads\/2026\/04\/hotel-maranello-village-ristorante-paddock-dessert-ottani.jpg\" data-width=\"2560\" data-height=\"1920\">\r\n\t\t\t\t\t\t\t<img decoding=\"async\" src=\"https:\/\/www.hotelmaranellovillage.com\/wp-content\/uploads\/2026\/04\/hotel-maranello-village-ristorante-paddock-dessert-ottani-1024x768.jpg\" alt=\"\" \/>\r\n\t\t\t\t\t\t\t\r\n\t\t\t\t\t\t<\/figure>\r\n\t\t\t\t\t\t\r\n\t\t\t\t\t<\/div>\r\n\t\t\t\t\t<\/div>\r\n\t\t\t\t<\/div>[\/vc_column][\/vc_row]<\/p>\n<\/div>","protected":false},"excerpt":{"rendered":"<p>[vc_row full_width=\u00a0\u00bbstretch_row_content_no_spaces\u00a0\u00bb content_placement=\u00a0\u00bbmiddle\u00a0\u00bb css=\u00a0\u00bb.vc_custom_1772648524312{padding-top: 4em !important;padding-bottom: 4em !important;background-color: #101010 !important;}\u00a0\u00bb][vc_column css_animation=\u00a0\u00bbnone\u00a0\u00bb width=\u00a0\u00bb1\/2&Prime; el_class=\u00a0\u00bbdeco-column right\u00a0\u00bb][vc_row_inner][vc_column_inner width=\u00a0\u00bb5\/6&Prime; offset=\u00a0\u00bbvc_col-md-offset-2 vc_col-md-8 vc_col-sm-offset-1 vc_col-xs-offset-1 vc_col-xs-10&Prime; css=\u00a0\u00bb.vc_custom_1772553117214{padding-top: 4em !important;padding-bottom: 4em !important;}\u00a0\u00bb][vc_column_text css=\u00a0\u00bb\u00a0\u00bb]Le Restaurant Paddock est le moteur gastronomique du Maranello Village, d\u00e9di\u00e9 aux passionn\u00e9s de Ferrari qui aiment s\u2019offrir le meilleur, m\u00eame en cuisine. Les espaces marient l\u2019\u00e2me rustique de l\u2019ancienne [&hellip;]<\/p>\n","protected":false},"author":1,"featured_media":797,"parent":971,"menu_order":0,"comment_status":"closed","ping_status":"closed","template":"","meta":{"_acf_changed":false,"rs_blank_template":"","rs_page_bg_color":"","slide_template_v7":"","footnotes":""},"class_list":["post-796","page","type-page","status-publish","has-post-thumbnail","hentry"],"acf":[],"yoast_head":"<!-- This site is optimized with the Yoast SEO plugin v27.5 - https:\/\/yoast.com\/product\/yoast-seo-wordpress\/ -->\n<title>Restaurant Paddock | Maranello Village - Hotel &amp; Residence Sito Ufficiale<\/title>\n<meta name=\"robots\" content=\"index, follow, max-snippet:-1, max-image-preview:large, max-video-preview:-1\" \/>\n<link rel=\"canonical\" href=\"https:\/\/www.hotelmaranellovillage.com\/fr\/services\/restaurant-paddock\/\" \/>\n<meta property=\"og:locale\" content=\"fr_FR\" \/>\n<meta property=\"og:type\" content=\"article\" \/>\n<meta property=\"og:title\" content=\"Restaurant Paddock | Maranello Village - Hotel &amp; Residence Sito Ufficiale\" \/>\n<meta property=\"og:description\" content=\"[vc_row full_width=\u00a0\u00bbstretch_row_content_no_spaces\u00a0\u00bb content_placement=\u00a0\u00bbmiddle\u00a0\u00bb css=\u00a0\u00bb.vc_custom_1772648524312{padding-top: 4em !important;padding-bottom: 4em !important;background-color: #101010 !important;}\u00a0\u00bb][vc_column css_animation=\u00a0\u00bbnone\u00a0\u00bb width=\u00a0\u00bb1\/2&Prime; el_class=\u00a0\u00bbdeco-column right\u00a0\u00bb][vc_row_inner][vc_column_inner width=\u00a0\u00bb5\/6&Prime; offset=\u00a0\u00bbvc_col-md-offset-2 vc_col-md-8 vc_col-sm-offset-1 vc_col-xs-offset-1 vc_col-xs-10&Prime; css=\u00a0\u00bb.vc_custom_1772553117214{padding-top: 4em !important;padding-bottom: 4em !important;}\u00a0\u00bb][vc_column_text css=\u00a0\u00bb\u00a0\u00bb]Le Restaurant Paddock est le moteur gastronomique du Maranello Village, d\u00e9di\u00e9 aux passionn\u00e9s de Ferrari qui aiment s\u2019offrir le meilleur, m\u00eame en cuisine. Les espaces marient l\u2019\u00e2me rustique de l\u2019ancienne [&hellip;]\" \/>\n<meta property=\"og:url\" content=\"https:\/\/www.hotelmaranellovillage.com\/fr\/services\/restaurant-paddock\/\" \/>\n<meta property=\"og:site_name\" content=\"Maranello Village\" \/>\n<meta property=\"article:publisher\" content=\"https:\/\/www.facebook.com\/MaranelloVillage\" \/>\n<meta property=\"article:modified_time\" content=\"2026-04-24T11:01:31+00:00\" \/>\n<meta property=\"og:image\" content=\"https:\/\/www.hotelmaranellovillage.com\/wp-content\/uploads\/2026\/03\/hotel-maranello-village-ristorante-paddock.jpg\" \/>\n\t<meta property=\"og:image:width\" content=\"1000\" \/>\n\t<meta property=\"og:image:height\" content=\"750\" \/>\n\t<meta property=\"og:image:type\" content=\"image\/jpeg\" \/>\n<meta name=\"twitter:card\" content=\"summary_large_image\" \/>\n<meta name=\"twitter:label1\" content=\"Dur\u00e9e de lecture estim\u00e9e\" \/>\n\t<meta name=\"twitter:data1\" content=\"1 minute\" \/>\n<script type=\"application\/ld+json\" class=\"yoast-schema-graph\">{\"@context\":\"https:\\\/\\\/schema.org\",\"@graph\":[{\"@type\":\"WebPage\",\"@id\":\"https:\\\/\\\/www.hotelmaranellovillage.com\\\/fr\\\/services\\\/restaurant-paddock\\\/\",\"url\":\"https:\\\/\\\/www.hotelmaranellovillage.com\\\/fr\\\/services\\\/restaurant-paddock\\\/\",\"name\":\"Restaurant Paddock | Maranello Village - Hotel & Residence Sito Ufficiale\",\"isPartOf\":{\"@id\":\"https:\\\/\\\/www.hotelmaranellovillage.com\\\/fr\\\/#website\"},\"primaryImageOfPage\":{\"@id\":\"https:\\\/\\\/www.hotelmaranellovillage.com\\\/fr\\\/services\\\/restaurant-paddock\\\/#primaryimage\"},\"image\":{\"@id\":\"https:\\\/\\\/www.hotelmaranellovillage.com\\\/fr\\\/services\\\/restaurant-paddock\\\/#primaryimage\"},\"thumbnailUrl\":\"https:\\\/\\\/www.hotelmaranellovillage.com\\\/wp-content\\\/uploads\\\/2026\\\/03\\\/hotel-maranello-village-ristorante-paddock.jpg\",\"datePublished\":\"2026-02-26T17:48:38+00:00\",\"dateModified\":\"2026-04-24T11:01:31+00:00\",\"breadcrumb\":{\"@id\":\"https:\\\/\\\/www.hotelmaranellovillage.com\\\/fr\\\/services\\\/restaurant-paddock\\\/#breadcrumb\"},\"inLanguage\":\"fr-FR\",\"potentialAction\":[{\"@type\":\"ReadAction\",\"target\":[\"https:\\\/\\\/www.hotelmaranellovillage.com\\\/fr\\\/services\\\/restaurant-paddock\\\/\"]}]},{\"@type\":\"ImageObject\",\"inLanguage\":\"fr-FR\",\"@id\":\"https:\\\/\\\/www.hotelmaranellovillage.com\\\/fr\\\/services\\\/restaurant-paddock\\\/#primaryimage\",\"url\":\"https:\\\/\\\/www.hotelmaranellovillage.com\\\/wp-content\\\/uploads\\\/2026\\\/03\\\/hotel-maranello-village-ristorante-paddock.jpg\",\"contentUrl\":\"https:\\\/\\\/www.hotelmaranellovillage.com\\\/wp-content\\\/uploads\\\/2026\\\/03\\\/hotel-maranello-village-ristorante-paddock.jpg\",\"width\":1000,\"height\":750},{\"@type\":\"BreadcrumbList\",\"@id\":\"https:\\\/\\\/www.hotelmaranellovillage.com\\\/fr\\\/services\\\/restaurant-paddock\\\/#breadcrumb\",\"itemListElement\":[{\"@type\":\"ListItem\",\"position\":1,\"name\":\"Home\",\"item\":\"https:\\\/\\\/www.hotelmaranellovillage.com\\\/fr\\\/page-daccueil\\\/\"},{\"@type\":\"ListItem\",\"position\":2,\"name\":\"Services\",\"item\":\"https:\\\/\\\/www.hotelmaranellovillage.com\\\/fr\\\/services\\\/\"},{\"@type\":\"ListItem\",\"position\":3,\"name\":\"Restaurant Paddock\"}]},{\"@type\":\"WebSite\",\"@id\":\"https:\\\/\\\/www.hotelmaranellovillage.com\\\/fr\\\/#website\",\"url\":\"https:\\\/\\\/www.hotelmaranellovillage.com\\\/fr\\\/\",\"name\":\"Maranello Village\",\"description\":\"Hotel &amp; Residence Sito Ufficiale\",\"publisher\":{\"@id\":\"https:\\\/\\\/www.hotelmaranellovillage.com\\\/fr\\\/#organization\"},\"alternateName\":\"HMV\",\"potentialAction\":[{\"@type\":\"SearchAction\",\"target\":{\"@type\":\"EntryPoint\",\"urlTemplate\":\"https:\\\/\\\/www.hotelmaranellovillage.com\\\/fr\\\/?s={search_term_string}\"},\"query-input\":{\"@type\":\"PropertyValueSpecification\",\"valueRequired\":true,\"valueName\":\"search_term_string\"}}],\"inLanguage\":\"fr-FR\"},{\"@type\":\"Organization\",\"@id\":\"https:\\\/\\\/www.hotelmaranellovillage.com\\\/fr\\\/#organization\",\"name\":\"Hotel & Residence 4 stelle\",\"url\":\"https:\\\/\\\/www.hotelmaranellovillage.com\\\/fr\\\/\",\"logo\":{\"@type\":\"ImageObject\",\"inLanguage\":\"fr-FR\",\"@id\":\"https:\\\/\\\/www.hotelmaranellovillage.com\\\/fr\\\/#\\\/schema\\\/logo\\\/image\\\/\",\"url\":\"https:\\\/\\\/www.hotelmaranellovillage.com\\\/wp-content\\\/uploads\\\/2026\\\/04\\\/maranello-village-logo-2026.png\",\"contentUrl\":\"https:\\\/\\\/www.hotelmaranellovillage.com\\\/wp-content\\\/uploads\\\/2026\\\/04\\\/maranello-village-logo-2026.png\",\"width\":800,\"height\":256,\"caption\":\"Hotel & Residence 4 stelle\"},\"image\":{\"@id\":\"https:\\\/\\\/www.hotelmaranellovillage.com\\\/fr\\\/#\\\/schema\\\/logo\\\/image\\\/\"},\"sameAs\":[\"https:\\\/\\\/www.facebook.com\\\/MaranelloVillage\",\"https:\\\/\\\/www.instagram.com\\\/hotelmaranellovillage\\\/\",\"https:\\\/\\\/it.linkedin.com\\\/company\\\/maranello-village-hotel-\"]}]}<\/script>\n<!-- \/ Yoast SEO plugin. -->","yoast_head_json":{"title":"Restaurant Paddock | Maranello Village - Hotel & Residence Sito Ufficiale","robots":{"index":"index","follow":"follow","max-snippet":"max-snippet:-1","max-image-preview":"max-image-preview:large","max-video-preview":"max-video-preview:-1"},"canonical":"https:\/\/www.hotelmaranellovillage.com\/fr\/services\/restaurant-paddock\/","og_locale":"fr_FR","og_type":"article","og_title":"Restaurant Paddock | Maranello Village - Hotel & Residence Sito Ufficiale","og_description":"[vc_row full_width=\u00a0\u00bbstretch_row_content_no_spaces\u00a0\u00bb content_placement=\u00a0\u00bbmiddle\u00a0\u00bb css=\u00a0\u00bb.vc_custom_1772648524312{padding-top: 4em !important;padding-bottom: 4em !important;background-color: #101010 !important;}\u00a0\u00bb][vc_column css_animation=\u00a0\u00bbnone\u00a0\u00bb width=\u00a0\u00bb1\/2&Prime; el_class=\u00a0\u00bbdeco-column right\u00a0\u00bb][vc_row_inner][vc_column_inner width=\u00a0\u00bb5\/6&Prime; offset=\u00a0\u00bbvc_col-md-offset-2 vc_col-md-8 vc_col-sm-offset-1 vc_col-xs-offset-1 vc_col-xs-10&Prime; css=\u00a0\u00bb.vc_custom_1772553117214{padding-top: 4em !important;padding-bottom: 4em !important;}\u00a0\u00bb][vc_column_text css=\u00a0\u00bb\u00a0\u00bb]Le Restaurant Paddock est le moteur gastronomique du Maranello Village, d\u00e9di\u00e9 aux passionn\u00e9s de Ferrari qui aiment s\u2019offrir le meilleur, m\u00eame en cuisine. Les espaces marient l\u2019\u00e2me rustique de l\u2019ancienne [&hellip;]","og_url":"https:\/\/www.hotelmaranellovillage.com\/fr\/services\/restaurant-paddock\/","og_site_name":"Maranello Village","article_publisher":"https:\/\/www.facebook.com\/MaranelloVillage","article_modified_time":"2026-04-24T11:01:31+00:00","og_image":[{"width":1000,"height":750,"url":"https:\/\/www.hotelmaranellovillage.com\/wp-content\/uploads\/2026\/03\/hotel-maranello-village-ristorante-paddock.jpg","type":"image\/jpeg"}],"twitter_card":"summary_large_image","twitter_misc":{"Dur\u00e9e de lecture estim\u00e9e":"1 minute"},"schema":{"@context":"https:\/\/schema.org","@graph":[{"@type":"WebPage","@id":"https:\/\/www.hotelmaranellovillage.com\/fr\/services\/restaurant-paddock\/","url":"https:\/\/www.hotelmaranellovillage.com\/fr\/services\/restaurant-paddock\/","name":"Restaurant Paddock | Maranello Village - Hotel & Residence Sito Ufficiale","isPartOf":{"@id":"https:\/\/www.hotelmaranellovillage.com\/fr\/#website"},"primaryImageOfPage":{"@id":"https:\/\/www.hotelmaranellovillage.com\/fr\/services\/restaurant-paddock\/#primaryimage"},"image":{"@id":"https:\/\/www.hotelmaranellovillage.com\/fr\/services\/restaurant-paddock\/#primaryimage"},"thumbnailUrl":"https:\/\/www.hotelmaranellovillage.com\/wp-content\/uploads\/2026\/03\/hotel-maranello-village-ristorante-paddock.jpg","datePublished":"2026-02-26T17:48:38+00:00","dateModified":"2026-04-24T11:01:31+00:00","breadcrumb":{"@id":"https:\/\/www.hotelmaranellovillage.com\/fr\/services\/restaurant-paddock\/#breadcrumb"},"inLanguage":"fr-FR","potentialAction":[{"@type":"ReadAction","target":["https:\/\/www.hotelmaranellovillage.com\/fr\/services\/restaurant-paddock\/"]}]},{"@type":"ImageObject","inLanguage":"fr-FR","@id":"https:\/\/www.hotelmaranellovillage.com\/fr\/services\/restaurant-paddock\/#primaryimage","url":"https:\/\/www.hotelmaranellovillage.com\/wp-content\/uploads\/2026\/03\/hotel-maranello-village-ristorante-paddock.jpg","contentUrl":"https:\/\/www.hotelmaranellovillage.com\/wp-content\/uploads\/2026\/03\/hotel-maranello-village-ristorante-paddock.jpg","width":1000,"height":750},{"@type":"BreadcrumbList","@id":"https:\/\/www.hotelmaranellovillage.com\/fr\/services\/restaurant-paddock\/#breadcrumb","itemListElement":[{"@type":"ListItem","position":1,"name":"Home","item":"https:\/\/www.hotelmaranellovillage.com\/fr\/page-daccueil\/"},{"@type":"ListItem","position":2,"name":"Services","item":"https:\/\/www.hotelmaranellovillage.com\/fr\/services\/"},{"@type":"ListItem","position":3,"name":"Restaurant Paddock"}]},{"@type":"WebSite","@id":"https:\/\/www.hotelmaranellovillage.com\/fr\/#website","url":"https:\/\/www.hotelmaranellovillage.com\/fr\/","name":"Maranello Village","description":"Hotel &amp; Residence Sito Ufficiale","publisher":{"@id":"https:\/\/www.hotelmaranellovillage.com\/fr\/#organization"},"alternateName":"HMV","potentialAction":[{"@type":"SearchAction","target":{"@type":"EntryPoint","urlTemplate":"https:\/\/www.hotelmaranellovillage.com\/fr\/?s={search_term_string}"},"query-input":{"@type":"PropertyValueSpecification","valueRequired":true,"valueName":"search_term_string"}}],"inLanguage":"fr-FR"},{"@type":"Organization","@id":"https:\/\/www.hotelmaranellovillage.com\/fr\/#organization","name":"Hotel & Residence 4 stelle","url":"https:\/\/www.hotelmaranellovillage.com\/fr\/","logo":{"@type":"ImageObject","inLanguage":"fr-FR","@id":"https:\/\/www.hotelmaranellovillage.com\/fr\/#\/schema\/logo\/image\/","url":"https:\/\/www.hotelmaranellovillage.com\/wp-content\/uploads\/2026\/04\/maranello-village-logo-2026.png","contentUrl":"https:\/\/www.hotelmaranellovillage.com\/wp-content\/uploads\/2026\/04\/maranello-village-logo-2026.png","width":800,"height":256,"caption":"Hotel & Residence 4 stelle"},"image":{"@id":"https:\/\/www.hotelmaranellovillage.com\/fr\/#\/schema\/logo\/image\/"},"sameAs":["https:\/\/www.facebook.com\/MaranelloVillage","https:\/\/www.instagram.com\/hotelmaranellovillage\/","https:\/\/it.linkedin.com\/company\/maranello-village-hotel-"]}]}},"_links":{"self":[{"href":"https:\/\/www.hotelmaranellovillage.com\/fr\/wp-json\/wp\/v2\/pages\/796","targetHints":{"allow":["GET"]}}],"collection":[{"href":"https:\/\/www.hotelmaranellovillage.com\/fr\/wp-json\/wp\/v2\/pages"}],"about":[{"href":"https:\/\/www.hotelmaranellovillage.com\/fr\/wp-json\/wp\/v2\/types\/page"}],"author":[{"embeddable":true,"href":"https:\/\/www.hotelmaranellovillage.com\/fr\/wp-json\/wp\/v2\/users\/1"}],"replies":[{"embeddable":true,"href":"https:\/\/www.hotelmaranellovillage.com\/fr\/wp-json\/wp\/v2\/comments?post=796"}],"version-history":[{"count":6,"href":"https:\/\/www.hotelmaranellovillage.com\/fr\/wp-json\/wp\/v2\/pages\/796\/revisions"}],"predecessor-version":[{"id":1536,"href":"https:\/\/www.hotelmaranellovillage.com\/fr\/wp-json\/wp\/v2\/pages\/796\/revisions\/1536"}],"up":[{"embeddable":true,"href":"https:\/\/www.hotelmaranellovillage.com\/fr\/wp-json\/wp\/v2\/pages\/971"}],"wp:featuredmedia":[{"embeddable":true,"href":"https:\/\/www.hotelmaranellovillage.com\/fr\/wp-json\/wp\/v2\/media\/797"}],"wp:attachment":[{"href":"https:\/\/www.hotelmaranellovillage.com\/fr\/wp-json\/wp\/v2\/media?parent=796"}],"curies":[{"name":"wp","href":"https:\/\/api.w.org\/{rel}","templated":true}]}}