{"id":760,"date":"2026-02-11T19:01:50","date_gmt":"2026-02-11T18:01:50","guid":{"rendered":"https:\/\/web.hotelmaranellovillage.com\/chambres\/"},"modified":"2026-04-30T17:17:21","modified_gmt":"2026-04-30T15:17:21","slug":"chambres","status":"publish","type":"page","link":"https:\/\/www.hotelmaranellovillage.com\/fr\/chambres\/","title":{"rendered":"Chambres"},"content":{"rendered":"<div class=\"wpb-content-wrapper\"><p>[vc_row full_width=\u00a0\u00bbstretch_row_content_no_spaces\u00a0\u00bb content_placement=\u00a0\u00bbmiddle\u00a0\u00bb css=\u00a0\u00bb.vc_custom_1772476059283{padding-top: 4em !important;padding-bottom: 4em !important;background-color: #101010 !important;}\u00a0\u00bb][vc_column css_animation=\u00a0\u00bbnone\u00a0\u00bb width=\u00a0\u00bb1\/2&Prime; el_class=\u00a0\u00bbdeco-column right\u00a0\u00bb][vc_row_inner][vc_column_inner width=\u00a0\u00bb2\/3&Prime; offset=\u00a0\u00bbvc_col-sm-offset-2&Prime;]<h1 class=\"deco-title sinistra\"><span class=\"eyelet\">Chambres<\/span> Dormez \u00e0 l&#039;ombre du <mark class=\"subtitle\">Cavallino rampante<\/mark><\/h1>[vc_column_text css=\u00a0\u00bb\u00a0\u00bb]Le Maranello Village a \u00e9t\u00e9 cr\u00e9\u00e9 en 2006 en tant que <strong>village r\u00e9sidentiel pour les employ\u00e9s Ferrari<\/strong>, une structure de prestige, fonctionnelle et r\u00e9serv\u00e9e o\u00f9 vivre \u00e0 chaque instant l&rsquo;atmosph\u00e8re du mythe du cavallino rampante.<\/p>\n<p>Aujourd&rsquo;hui, vous pouvez ainsi dormir dans les m\u00eames chambres o\u00f9 s\u00e9journent encore ing\u00e9nieurs, dirigeants, m\u00e9caniciens historiques et pilotes \u00e9mergents de la maison automobile.<\/p>\n<p>Les chambres et les appartements sont r\u00e9partis dans quatre blocs d\u00e9di\u00e9s aux circuits historiques de <strong>Daytona, Monza, Suzuka et Le Mans.<\/strong><\/p>\n<p>Vous pourrez ainsi profiter d&rsquo;une <strong>tranquillit\u00e9 et praticit\u00e9 maximales<\/strong>, dans un contexte au style unique.[\/vc_column_text]<div class=\"button-wrapper inline\"><a class=\"btn btn-default\" href=\"https:\/\/www.simplebooking.it\/ibe2\/hotel\/2562?lang=IT&cur=EUR\"  target=\"_blank\" title=\"R\u00e9servez maintenant\">R\u00e9servez maintenant<\/a><\/div>[\/vc_column_inner][\/vc_row_inner][\/vc_column][vc_column css_animation=\u00a0\u00bbappear\u00a0\u00bb width=\u00a0\u00bb1\/2&Prime; css=\u00a0\u00bb.vc_custom_1772475996787{background-image: url(https:\/\/www.hotelmaranellovillage.com\/wp-content\/uploads\/2026\/03\/hotel-maranello-village-reception-parco-e-parcheggio.jpg?id=149) !important;background-position: center !important;background-repeat: no-repeat !important;background-size: cover !important;}\u00a0\u00bb]<div title=\"Bienvenue au Maranello Village\" class=\"image-wrapper\">\n\t\t\t\t<figure class=\"aspect-image\" style=\"background-image:url('https:\/\/www.hotelmaranellovillage.com\/wp-content\/themes\/aitec\/img\/transparent-placeholder.png'); aspect-ratio: 4 \/ 3; \">\n\t\t\t\t\t<img decoding=\"async\" src=\"https:\/\/www.hotelmaranellovillage.com\/wp-content\/uploads\/2026\/02\/hotel-maranello-villate-reception-focus.jpg\" alt=\"Bienvenue au Maranello Village\">\n\t\t\t\t\t<figcaption>Bienvenue au Maranello Village<\/figcaption>\n\t\t\t\t<\/figure>\n\t\t\t<\/div>[\/vc_column][\/vc_row][vc_row full_width=\u00a0\u00bbstretch_row_content_no_spaces\u00a0\u00bb css=\u00a0\u00bb.vc_custom_1772635403085{padding-bottom: 2em !important;}\u00a0\u00bb][vc_column]<div class=\"image-gallery\">\r\n\t\t\t\t\t<div class=\"row justify-content-center\">\r\n\t\t\t\t\t\t<div class=\"col-xl-3 col-6\">\r\n\t\t\t\t\t\t\r\n\t\t\t\t\t\t<figure class=\"aspect-image lightbox\" style=\"background-image:url('https:\/\/www.hotelmaranellovillage.com\/wp-content\/uploads\/2026\/03\/hotel-maranello-village-blocco-daytona-1024x683.jpg'); aspect-ratio:16 \/ 9;\" data-url=\"https:\/\/www.hotelmaranellovillage.com\/wp-content\/uploads\/2026\/03\/hotel-maranello-village-blocco-daytona.jpg\" data-width=\"1200\" data-height=\"800\">\r\n\t\t\t\t\t\t\t<img decoding=\"async\" src=\"https:\/\/www.hotelmaranellovillage.com\/wp-content\/uploads\/2026\/03\/hotel-maranello-village-blocco-daytona-1024x683.jpg\" alt=\"\" \/>\r\n\t\t\t\t\t\t\t\r\n\t\t\t\t\t\t<\/figure>\r\n\t\t\t\t\t\t\r\n\t\t\t\t\t<\/div>\n<div class=\"col-xl-3 col-6\">\r\n\t\t\t\t\t\t\r\n\t\t\t\t\t\t<figure class=\"aspect-image lightbox lightbox\" style=\"background-image:url('https:\/\/www.hotelmaranellovillage.com\/wp-content\/uploads\/2026\/03\/hotel-maranello-village-blocco-le-mans-1024x683.jpg'); aspect-ratio:16 \/ 9;\" data-url=\"https:\/\/www.hotelmaranellovillage.com\/wp-content\/uploads\/2026\/03\/hotel-maranello-village-blocco-le-mans.jpg\" data-width=\"1200\" data-height=\"800\">\r\n\t\t\t\t\t\t\t<img decoding=\"async\" src=\"https:\/\/www.hotelmaranellovillage.com\/wp-content\/uploads\/2026\/03\/hotel-maranello-village-blocco-le-mans-1024x683.jpg\" alt=\"\" \/>\r\n\t\t\t\t\t\t\t\r\n\t\t\t\t\t\t<\/figure>\r\n\t\t\t\t\t\t\r\n\t\t\t\t\t<\/div>\n<div class=\"col-xl-3 col-6\">\r\n\t\t\t\t\t\t\r\n\t\t\t\t\t\t<figure class=\"aspect-image lightbox lightbox lightbox\" style=\"background-image:url('https:\/\/www.hotelmaranellovillage.com\/wp-content\/uploads\/2026\/03\/hotel-maranello-village-blocco-monza-1024x683.jpg'); aspect-ratio:16 \/ 9;\" data-url=\"https:\/\/www.hotelmaranellovillage.com\/wp-content\/uploads\/2026\/03\/hotel-maranello-village-blocco-monza.jpg\" data-width=\"1200\" data-height=\"800\">\r\n\t\t\t\t\t\t\t<img decoding=\"async\" src=\"https:\/\/www.hotelmaranellovillage.com\/wp-content\/uploads\/2026\/03\/hotel-maranello-village-blocco-monza-1024x683.jpg\" alt=\"\" \/>\r\n\t\t\t\t\t\t\t\r\n\t\t\t\t\t\t<\/figure>\r\n\t\t\t\t\t\t\r\n\t\t\t\t\t<\/div>\n<div class=\"col-xl-3 col-6\">\r\n\t\t\t\t\t\t\r\n\t\t\t\t\t\t<figure class=\"aspect-image lightbox lightbox lightbox lightbox\" style=\"background-image:url('https:\/\/www.hotelmaranellovillage.com\/wp-content\/uploads\/2026\/03\/hotel-maranello-village-blocco-suzuka-1024x683.jpg'); aspect-ratio:16 \/ 9;\" data-url=\"https:\/\/www.hotelmaranellovillage.com\/wp-content\/uploads\/2026\/03\/hotel-maranello-village-blocco-suzuka.jpg\" data-width=\"1200\" data-height=\"800\">\r\n\t\t\t\t\t\t\t<img decoding=\"async\" src=\"https:\/\/www.hotelmaranellovillage.com\/wp-content\/uploads\/2026\/03\/hotel-maranello-village-blocco-suzuka-1024x683.jpg\" alt=\"\" \/>\r\n\t\t\t\t\t\t\t\r\n\t\t\t\t\t\t<\/figure>\r\n\t\t\t\t\t\t\r\n\t\t\t\t\t<\/div>\r\n\t\t\t\t\t<\/div>\r\n\t\t\t\t<\/div>[\/vc_column][\/vc_row]<\/p>\n<\/div>","protected":false},"excerpt":{"rendered":"<p>Le Maranello Village a \u00e9t\u00e9 cr\u00e9\u00e9 en tant que r\u00e9sidence pour les employ\u00e9s de Ferrari. Dans nos chambres, vous pourrez profiter de la tranquillit\u00e9 et du confort.<\/p>\n","protected":false},"author":1,"featured_media":1090,"parent":0,"menu_order":0,"comment_status":"closed","ping_status":"closed","template":"","meta":{"_acf_changed":false,"rs_blank_template":"","rs_page_bg_color":"","slide_template_v7":"","footnotes":""},"class_list":["post-760","page","type-page","status-publish","has-post-thumbnail","hentry"],"acf":[],"yoast_head":"<!-- This site is optimized with the Yoast SEO plugin v27.5 - https:\/\/yoast.com\/product\/yoast-seo-wordpress\/ -->\n<title>Chambres | Maranello Village - Hotel &amp; Residence Sito Ufficiale<\/title>\n<meta name=\"description\" content=\"Le Maranello Village a \u00e9t\u00e9 cr\u00e9\u00e9 en tant que r\u00e9sidence pour les employ\u00e9s de Ferrari. Dans nos chambres, vous pourrez profiter de la tranquillit\u00e9 et du confort.\" \/>\n<meta name=\"robots\" content=\"index, follow, max-snippet:-1, max-image-preview:large, max-video-preview:-1\" \/>\n<link rel=\"canonical\" href=\"https:\/\/www.hotelmaranellovillage.com\/fr\/chambres\/\" \/>\n<meta property=\"og:locale\" content=\"fr_FR\" \/>\n<meta property=\"og:type\" content=\"article\" \/>\n<meta property=\"og:title\" content=\"Chambres | Maranello Village - Hotel &amp; Residence Sito Ufficiale\" \/>\n<meta property=\"og:description\" content=\"Le Maranello Village a \u00e9t\u00e9 cr\u00e9\u00e9 en tant que r\u00e9sidence pour les employ\u00e9s de Ferrari. Dans nos chambres, vous pourrez profiter de la tranquillit\u00e9 et du confort.\" \/>\n<meta property=\"og:url\" content=\"https:\/\/www.hotelmaranellovillage.com\/fr\/chambres\/\" \/>\n<meta property=\"og:site_name\" content=\"Maranello Village\" \/>\n<meta property=\"article:publisher\" content=\"https:\/\/www.facebook.com\/MaranelloVillage\" \/>\n<meta property=\"article:modified_time\" content=\"2026-04-30T15:17:21+00:00\" \/>\n<meta property=\"og:image\" content=\"https:\/\/www.hotelmaranellovillage.com\/wp-content\/uploads\/2026\/03\/hotel-maranello-village-camera-quadrupla-standard-01.jpg\" \/>\n\t<meta property=\"og:image:width\" content=\"1200\" \/>\n\t<meta property=\"og:image:height\" content=\"800\" \/>\n\t<meta property=\"og:image:type\" content=\"image\/jpeg\" \/>\n<meta name=\"twitter:card\" content=\"summary_large_image\" \/>\n<meta name=\"twitter:label1\" content=\"Dur\u00e9e de lecture estim\u00e9e\" \/>\n\t<meta name=\"twitter:data1\" content=\"1 minute\" \/>\n<script type=\"application\/ld+json\" class=\"yoast-schema-graph\">{\"@context\":\"https:\\\/\\\/schema.org\",\"@graph\":[{\"@type\":\"WebPage\",\"@id\":\"https:\\\/\\\/www.hotelmaranellovillage.com\\\/fr\\\/chambres\\\/\",\"url\":\"https:\\\/\\\/www.hotelmaranellovillage.com\\\/fr\\\/chambres\\\/\",\"name\":\"Chambres | Maranello Village - Hotel & Residence Sito Ufficiale\",\"isPartOf\":{\"@id\":\"https:\\\/\\\/www.hotelmaranellovillage.com\\\/fr\\\/#website\"},\"primaryImageOfPage\":{\"@id\":\"https:\\\/\\\/www.hotelmaranellovillage.com\\\/fr\\\/chambres\\\/#primaryimage\"},\"image\":{\"@id\":\"https:\\\/\\\/www.hotelmaranellovillage.com\\\/fr\\\/chambres\\\/#primaryimage\"},\"thumbnailUrl\":\"https:\\\/\\\/www.hotelmaranellovillage.com\\\/wp-content\\\/uploads\\\/2026\\\/03\\\/hotel-maranello-village-camera-quadrupla-standard-01.jpg\",\"datePublished\":\"2026-02-11T18:01:50+00:00\",\"dateModified\":\"2026-04-30T15:17:21+00:00\",\"description\":\"Le Maranello Village a \u00e9t\u00e9 cr\u00e9\u00e9 en tant que r\u00e9sidence pour les employ\u00e9s de Ferrari. Dans nos chambres, vous pourrez profiter de la tranquillit\u00e9 et du confort.\",\"breadcrumb\":{\"@id\":\"https:\\\/\\\/www.hotelmaranellovillage.com\\\/fr\\\/chambres\\\/#breadcrumb\"},\"inLanguage\":\"fr-FR\",\"potentialAction\":[{\"@type\":\"ReadAction\",\"target\":[\"https:\\\/\\\/www.hotelmaranellovillage.com\\\/fr\\\/chambres\\\/\"]}]},{\"@type\":\"ImageObject\",\"inLanguage\":\"fr-FR\",\"@id\":\"https:\\\/\\\/www.hotelmaranellovillage.com\\\/fr\\\/chambres\\\/#primaryimage\",\"url\":\"https:\\\/\\\/www.hotelmaranellovillage.com\\\/wp-content\\\/uploads\\\/2026\\\/03\\\/hotel-maranello-village-camera-quadrupla-standard-01.jpg\",\"contentUrl\":\"https:\\\/\\\/www.hotelmaranellovillage.com\\\/wp-content\\\/uploads\\\/2026\\\/03\\\/hotel-maranello-village-camera-quadrupla-standard-01.jpg\",\"width\":1200,\"height\":800},{\"@type\":\"BreadcrumbList\",\"@id\":\"https:\\\/\\\/www.hotelmaranellovillage.com\\\/fr\\\/chambres\\\/#breadcrumb\",\"itemListElement\":[{\"@type\":\"ListItem\",\"position\":1,\"name\":\"Home\",\"item\":\"https:\\\/\\\/www.hotelmaranellovillage.com\\\/fr\\\/page-daccueil\\\/\"},{\"@type\":\"ListItem\",\"position\":2,\"name\":\"Chambres\"}]},{\"@type\":\"WebSite\",\"@id\":\"https:\\\/\\\/www.hotelmaranellovillage.com\\\/fr\\\/#website\",\"url\":\"https:\\\/\\\/www.hotelmaranellovillage.com\\\/fr\\\/\",\"name\":\"Maranello Village\",\"description\":\"Hotel &amp; Residence Sito Ufficiale\",\"publisher\":{\"@id\":\"https:\\\/\\\/www.hotelmaranellovillage.com\\\/fr\\\/#organization\"},\"alternateName\":\"HMV\",\"potentialAction\":[{\"@type\":\"SearchAction\",\"target\":{\"@type\":\"EntryPoint\",\"urlTemplate\":\"https:\\\/\\\/www.hotelmaranellovillage.com\\\/fr\\\/?s={search_term_string}\"},\"query-input\":{\"@type\":\"PropertyValueSpecification\",\"valueRequired\":true,\"valueName\":\"search_term_string\"}}],\"inLanguage\":\"fr-FR\"},{\"@type\":\"Organization\",\"@id\":\"https:\\\/\\\/www.hotelmaranellovillage.com\\\/fr\\\/#organization\",\"name\":\"Hotel & Residence 4 stelle\",\"url\":\"https:\\\/\\\/www.hotelmaranellovillage.com\\\/fr\\\/\",\"logo\":{\"@type\":\"ImageObject\",\"inLanguage\":\"fr-FR\",\"@id\":\"https:\\\/\\\/www.hotelmaranellovillage.com\\\/fr\\\/#\\\/schema\\\/logo\\\/image\\\/\",\"url\":\"https:\\\/\\\/www.hotelmaranellovillage.com\\\/wp-content\\\/uploads\\\/2026\\\/04\\\/maranello-village-logo-2026.png\",\"contentUrl\":\"https:\\\/\\\/www.hotelmaranellovillage.com\\\/wp-content\\\/uploads\\\/2026\\\/04\\\/maranello-village-logo-2026.png\",\"width\":800,\"height\":256,\"caption\":\"Hotel & Residence 4 stelle\"},\"image\":{\"@id\":\"https:\\\/\\\/www.hotelmaranellovillage.com\\\/fr\\\/#\\\/schema\\\/logo\\\/image\\\/\"},\"sameAs\":[\"https:\\\/\\\/www.facebook.com\\\/MaranelloVillage\",\"https:\\\/\\\/www.instagram.com\\\/hotelmaranellovillage\\\/\",\"https:\\\/\\\/it.linkedin.com\\\/company\\\/maranello-village-hotel-\"]}]}<\/script>\n<!-- \/ Yoast SEO plugin. -->","yoast_head_json":{"title":"Chambres | Maranello Village - Hotel & Residence Sito Ufficiale","description":"Le Maranello Village a \u00e9t\u00e9 cr\u00e9\u00e9 en tant que r\u00e9sidence pour les employ\u00e9s de Ferrari. Dans nos chambres, vous pourrez profiter de la tranquillit\u00e9 et du confort.","robots":{"index":"index","follow":"follow","max-snippet":"max-snippet:-1","max-image-preview":"max-image-preview:large","max-video-preview":"max-video-preview:-1"},"canonical":"https:\/\/www.hotelmaranellovillage.com\/fr\/chambres\/","og_locale":"fr_FR","og_type":"article","og_title":"Chambres | Maranello Village - Hotel & Residence Sito Ufficiale","og_description":"Le Maranello Village a \u00e9t\u00e9 cr\u00e9\u00e9 en tant que r\u00e9sidence pour les employ\u00e9s de Ferrari. Dans nos chambres, vous pourrez profiter de la tranquillit\u00e9 et du confort.","og_url":"https:\/\/www.hotelmaranellovillage.com\/fr\/chambres\/","og_site_name":"Maranello Village","article_publisher":"https:\/\/www.facebook.com\/MaranelloVillage","article_modified_time":"2026-04-30T15:17:21+00:00","og_image":[{"width":1200,"height":800,"url":"https:\/\/www.hotelmaranellovillage.com\/wp-content\/uploads\/2026\/03\/hotel-maranello-village-camera-quadrupla-standard-01.jpg","type":"image\/jpeg"}],"twitter_card":"summary_large_image","twitter_misc":{"Dur\u00e9e de lecture estim\u00e9e":"1 minute"},"schema":{"@context":"https:\/\/schema.org","@graph":[{"@type":"WebPage","@id":"https:\/\/www.hotelmaranellovillage.com\/fr\/chambres\/","url":"https:\/\/www.hotelmaranellovillage.com\/fr\/chambres\/","name":"Chambres | Maranello Village - Hotel & Residence Sito Ufficiale","isPartOf":{"@id":"https:\/\/www.hotelmaranellovillage.com\/fr\/#website"},"primaryImageOfPage":{"@id":"https:\/\/www.hotelmaranellovillage.com\/fr\/chambres\/#primaryimage"},"image":{"@id":"https:\/\/www.hotelmaranellovillage.com\/fr\/chambres\/#primaryimage"},"thumbnailUrl":"https:\/\/www.hotelmaranellovillage.com\/wp-content\/uploads\/2026\/03\/hotel-maranello-village-camera-quadrupla-standard-01.jpg","datePublished":"2026-02-11T18:01:50+00:00","dateModified":"2026-04-30T15:17:21+00:00","description":"Le Maranello Village a \u00e9t\u00e9 cr\u00e9\u00e9 en tant que r\u00e9sidence pour les employ\u00e9s de Ferrari. Dans nos chambres, vous pourrez profiter de la tranquillit\u00e9 et du confort.","breadcrumb":{"@id":"https:\/\/www.hotelmaranellovillage.com\/fr\/chambres\/#breadcrumb"},"inLanguage":"fr-FR","potentialAction":[{"@type":"ReadAction","target":["https:\/\/www.hotelmaranellovillage.com\/fr\/chambres\/"]}]},{"@type":"ImageObject","inLanguage":"fr-FR","@id":"https:\/\/www.hotelmaranellovillage.com\/fr\/chambres\/#primaryimage","url":"https:\/\/www.hotelmaranellovillage.com\/wp-content\/uploads\/2026\/03\/hotel-maranello-village-camera-quadrupla-standard-01.jpg","contentUrl":"https:\/\/www.hotelmaranellovillage.com\/wp-content\/uploads\/2026\/03\/hotel-maranello-village-camera-quadrupla-standard-01.jpg","width":1200,"height":800},{"@type":"BreadcrumbList","@id":"https:\/\/www.hotelmaranellovillage.com\/fr\/chambres\/#breadcrumb","itemListElement":[{"@type":"ListItem","position":1,"name":"Home","item":"https:\/\/www.hotelmaranellovillage.com\/fr\/page-daccueil\/"},{"@type":"ListItem","position":2,"name":"Chambres"}]},{"@type":"WebSite","@id":"https:\/\/www.hotelmaranellovillage.com\/fr\/#website","url":"https:\/\/www.hotelmaranellovillage.com\/fr\/","name":"Maranello Village","description":"Hotel &amp; Residence Sito Ufficiale","publisher":{"@id":"https:\/\/www.hotelmaranellovillage.com\/fr\/#organization"},"alternateName":"HMV","potentialAction":[{"@type":"SearchAction","target":{"@type":"EntryPoint","urlTemplate":"https:\/\/www.hotelmaranellovillage.com\/fr\/?s={search_term_string}"},"query-input":{"@type":"PropertyValueSpecification","valueRequired":true,"valueName":"search_term_string"}}],"inLanguage":"fr-FR"},{"@type":"Organization","@id":"https:\/\/www.hotelmaranellovillage.com\/fr\/#organization","name":"Hotel & Residence 4 stelle","url":"https:\/\/www.hotelmaranellovillage.com\/fr\/","logo":{"@type":"ImageObject","inLanguage":"fr-FR","@id":"https:\/\/www.hotelmaranellovillage.com\/fr\/#\/schema\/logo\/image\/","url":"https:\/\/www.hotelmaranellovillage.com\/wp-content\/uploads\/2026\/04\/maranello-village-logo-2026.png","contentUrl":"https:\/\/www.hotelmaranellovillage.com\/wp-content\/uploads\/2026\/04\/maranello-village-logo-2026.png","width":800,"height":256,"caption":"Hotel & Residence 4 stelle"},"image":{"@id":"https:\/\/www.hotelmaranellovillage.com\/fr\/#\/schema\/logo\/image\/"},"sameAs":["https:\/\/www.facebook.com\/MaranelloVillage","https:\/\/www.instagram.com\/hotelmaranellovillage\/","https:\/\/it.linkedin.com\/company\/maranello-village-hotel-"]}]}},"_links":{"self":[{"href":"https:\/\/www.hotelmaranellovillage.com\/fr\/wp-json\/wp\/v2\/pages\/760","targetHints":{"allow":["GET"]}}],"collection":[{"href":"https:\/\/www.hotelmaranellovillage.com\/fr\/wp-json\/wp\/v2\/pages"}],"about":[{"href":"https:\/\/www.hotelmaranellovillage.com\/fr\/wp-json\/wp\/v2\/types\/page"}],"author":[{"embeddable":true,"href":"https:\/\/www.hotelmaranellovillage.com\/fr\/wp-json\/wp\/v2\/users\/1"}],"replies":[{"embeddable":true,"href":"https:\/\/www.hotelmaranellovillage.com\/fr\/wp-json\/wp\/v2\/comments?post=760"}],"version-history":[{"count":7,"href":"https:\/\/www.hotelmaranellovillage.com\/fr\/wp-json\/wp\/v2\/pages\/760\/revisions"}],"predecessor-version":[{"id":1573,"href":"https:\/\/www.hotelmaranellovillage.com\/fr\/wp-json\/wp\/v2\/pages\/760\/revisions\/1573"}],"wp:featuredmedia":[{"embeddable":true,"href":"https:\/\/www.hotelmaranellovillage.com\/fr\/wp-json\/wp\/v2\/media\/1090"}],"wp:attachment":[{"href":"https:\/\/www.hotelmaranellovillage.com\/fr\/wp-json\/wp\/v2\/media?parent=760"}],"curies":[{"name":"wp","href":"https:\/\/api.w.org\/{rel}","templated":true}]}}