{"id":589,"date":"2026-03-18T12:17:23","date_gmt":"2026-03-18T11:17:23","guid":{"rendered":"https:\/\/web.hotelmaranellovillage.com\/musee-lamborghini\/"},"modified":"2026-04-24T12:27:39","modified_gmt":"2026-04-24T10:27:39","slug":"musee-lamborghini","status":"publish","type":"page","link":"https:\/\/www.hotelmaranellovillage.com\/fr\/maranello-et-ses-environs\/musee-lamborghini\/","title":{"rendered":"Mus\u00e9e Lamborghini"},"content":{"rendered":"<div class=\"wpb-content-wrapper\"><p>[vc_row full_width=\u00a0\u00bbstretch_row_content_no_spaces\u00a0\u00bb content_placement=\u00a0\u00bbmiddle\u00a0\u00bb css=\u00a0\u00bb.vc_custom_1772648524312{padding-top: 4em !important;padding-bottom: 4em !important;background-color: #101010 !important;}\u00a0\u00bb][vc_column css_animation=\u00a0\u00bbnone\u00a0\u00bb width=\u00a0\u00bb1\/2&Prime; el_class=\u00a0\u00bbdeco-column right\u00a0\u00bb][vc_row_inner][vc_column_inner width=\u00a0\u00bb5\/6&Prime; offset=\u00a0\u00bbvc_col-md-offset-2 vc_col-md-8 vc_col-sm-offset-1 vc_col-xs-offset-1 vc_col-xs-10&Prime; css=\u00a0\u00bb.vc_custom_1772553117214{padding-top: 4em !important;padding-bottom: 4em !important;}\u00a0\u00bb]<h1 class=\"deco-title sinistra\"><span class=\"eyelet\">Maranello et ses environs<\/span> Mus\u00e9e Lamborghini <\/h1>[vc_column_text css=\u00a0\u00bb\u00a0\u00bb]En parcourant quelques kilom\u00e8tres en dehors de la province de Mod\u00e8ne, \u00e0 <strong>Sant\u2019Agata Bolognese<\/strong>, il est possible de visiter le <strong>Mus\u00e9e Automobili Lamborghini<\/strong>.<\/p>\n<p><strong>Murcielago, Miura, Countach, Jalpa, Espada, Aventador<\/strong> : tous les mod\u00e8les historiques, les plus passionnants et les plus incroyables sont ici expos\u00e9s et racont\u00e9s.<\/p>\n<p>Inaugur\u00e9 en 2001, le mus\u00e9e ne permet pas seulement de r\u00eaver les yeux ouverts, mais offre \u00e9galement une exp\u00e9rience interactive avec le simulateur de conduite, qui amplifie les \u00e9motions \u00e0 d\u00e9couvrir pour les voitures expos\u00e9es.[\/vc_column_text]<div class=\"button-wrapper inline\"><a class=\"btn btn-default\" href=\"https:\/\/www.lamborghini.com\/en-en\/museum#val-tab\"  target=\"_blank\" title=\"Aller sur le site du mus\u00e9e\">Aller sur le site<\/a><\/div><div class=\"button-wrapper inline\"><a class=\"btn btn-default variant nudge-left\" href=\"https:\/\/www.ticketlandia.com\/m\/lamborghini-museum\"  target=\"_blank\" title=\"Aller sur le site du mus\u00e9e\">Billets<\/a><\/div>[\/vc_column_inner][\/vc_row_inner][\/vc_column][vc_column css_animation=\u00a0\u00bbappear\u00a0\u00bb width=\u00a0\u00bb1\/2&Prime; css=\u00a0\u00bb.vc_custom_1773832613059{background-image: url(https:\/\/www.hotelmaranellovillage.com\/wp-content\/uploads\/2026\/03\/hotel-maranello-village-maranello-e-dintorni-museo-lamborghini-sant-agata-bolognese.jpg?id=332) !important;background-position: center !important;background-repeat: no-repeat !important;background-size: cover !important;}\u00a0\u00bb]<div title=\"H\u00f4tel Maranello Village - Aux alentours de Maranello - Mus\u00e9e Lamborghini\" class=\"image-wrapper\">\n\t\t\t\t<figure class=\"aspect-image\" style=\"background-image:url('https:\/\/www.hotelmaranellovillage.com\/wp-content\/themes\/aitec\/img\/transparent-placeholder.png'); aspect-ratio: 4 \/ 3; \">\n\t\t\t\t\t<img decoding=\"async\" src=\"https:\/\/www.hotelmaranellovillage.com\/wp-content\/uploads\/2026\/03\/hotel-maranello-village-maranello-e-dintorni-museo-lamborghini-sant-agata-bolognese.jpg\" alt=\"H\u00f4tel Maranello Village - Aux alentours de Maranello - Mus\u00e9e Lamborghini\">\n\t\t\t\t\t<figcaption>H\u00f4tel Maranello Village - Aux alentours de Maranello - Mus\u00e9e Lamborghini<\/figcaption>\n\t\t\t\t<\/figure>\n\t\t\t<\/div>[\/vc_column][\/vc_row]<\/p>\n<\/div>","protected":false},"excerpt":{"rendered":"<p>[vc_row full_width=\u00a0\u00bbstretch_row_content_no_spaces\u00a0\u00bb content_placement=\u00a0\u00bbmiddle\u00a0\u00bb css=\u00a0\u00bb.vc_custom_1772648524312{padding-top: 4em !important;padding-bottom: 4em !important;background-color: #101010 !important;}\u00a0\u00bb][vc_column css_animation=\u00a0\u00bbnone\u00a0\u00bb width=\u00a0\u00bb1\/2&Prime; el_class=\u00a0\u00bbdeco-column right\u00a0\u00bb][vc_row_inner][vc_column_inner width=\u00a0\u00bb5\/6&Prime; offset=\u00a0\u00bbvc_col-md-offset-2 vc_col-md-8 vc_col-sm-offset-1 vc_col-xs-offset-1 vc_col-xs-10&Prime; css=\u00a0\u00bb.vc_custom_1772553117214{padding-top: 4em !important;padding-bottom: 4em !important;}\u00a0\u00bb][vc_column_text css=\u00a0\u00bb\u00a0\u00bb]En parcourant quelques kilom\u00e8tres en dehors de la province de Mod\u00e8ne, \u00e0 Sant\u2019Agata Bolognese, il est possible de visiter le Mus\u00e9e Automobili Lamborghini. Murcielago, Miura, Countach, Jalpa, Espada, Aventador : [&hellip;]<\/p>\n","protected":false},"author":1,"featured_media":590,"parent":961,"menu_order":0,"comment_status":"closed","ping_status":"closed","template":"","meta":{"_acf_changed":false,"rs_blank_template":"","rs_page_bg_color":"","slide_template_v7":"","footnotes":""},"class_list":["post-589","page","type-page","status-publish","has-post-thumbnail","hentry"],"acf":[],"yoast_head":"<!-- This site is optimized with the Yoast SEO plugin v27.5 - https:\/\/yoast.com\/product\/yoast-seo-wordpress\/ -->\n<title>Mus\u00e9e Lamborghini | Maranello Village - Hotel &amp; Residence Sito Ufficiale<\/title>\n<meta name=\"robots\" content=\"index, follow, max-snippet:-1, max-image-preview:large, max-video-preview:-1\" \/>\n<link rel=\"canonical\" href=\"https:\/\/www.hotelmaranellovillage.com\/fr\/maranello-et-ses-environs\/musee-lamborghini\/\" \/>\n<meta property=\"og:locale\" content=\"fr_FR\" \/>\n<meta property=\"og:type\" content=\"article\" \/>\n<meta property=\"og:title\" content=\"Mus\u00e9e Lamborghini | Maranello Village - Hotel &amp; Residence Sito Ufficiale\" \/>\n<meta property=\"og:description\" content=\"[vc_row full_width=\u00a0\u00bbstretch_row_content_no_spaces\u00a0\u00bb content_placement=\u00a0\u00bbmiddle\u00a0\u00bb css=\u00a0\u00bb.vc_custom_1772648524312{padding-top: 4em !important;padding-bottom: 4em !important;background-color: #101010 !important;}\u00a0\u00bb][vc_column css_animation=\u00a0\u00bbnone\u00a0\u00bb width=\u00a0\u00bb1\/2&Prime; el_class=\u00a0\u00bbdeco-column right\u00a0\u00bb][vc_row_inner][vc_column_inner width=\u00a0\u00bb5\/6&Prime; offset=\u00a0\u00bbvc_col-md-offset-2 vc_col-md-8 vc_col-sm-offset-1 vc_col-xs-offset-1 vc_col-xs-10&Prime; css=\u00a0\u00bb.vc_custom_1772553117214{padding-top: 4em !important;padding-bottom: 4em !important;}\u00a0\u00bb][vc_column_text css=\u00a0\u00bb\u00a0\u00bb]En parcourant quelques kilom\u00e8tres en dehors de la province de Mod\u00e8ne, \u00e0 Sant\u2019Agata Bolognese, il est possible de visiter le Mus\u00e9e Automobili Lamborghini. Murcielago, Miura, Countach, Jalpa, Espada, Aventador : [&hellip;]\" \/>\n<meta property=\"og:url\" content=\"https:\/\/www.hotelmaranellovillage.com\/fr\/maranello-et-ses-environs\/musee-lamborghini\/\" \/>\n<meta property=\"og:site_name\" content=\"Maranello Village\" \/>\n<meta property=\"article:publisher\" content=\"https:\/\/www.facebook.com\/MaranelloVillage\" \/>\n<meta property=\"article:modified_time\" content=\"2026-04-24T10:27:39+00:00\" \/>\n<meta property=\"og:image\" content=\"https:\/\/www.hotelmaranellovillage.com\/wp-content\/uploads\/2026\/03\/hotel-maranello-village-maranello-e-dintorni-museo-lamborghini-sant-agata-bolognese.jpg\" \/>\n\t<meta property=\"og:image:width\" content=\"800\" \/>\n\t<meta property=\"og:image:height\" content=\"800\" \/>\n\t<meta property=\"og:image:type\" content=\"image\/jpeg\" \/>\n<meta name=\"twitter:card\" content=\"summary_large_image\" \/>\n<meta name=\"twitter:label1\" content=\"Dur\u00e9e de lecture estim\u00e9e\" \/>\n\t<meta name=\"twitter:data1\" content=\"1 minute\" \/>\n<script type=\"application\/ld+json\" class=\"yoast-schema-graph\">{\"@context\":\"https:\\\/\\\/schema.org\",\"@graph\":[{\"@type\":\"WebPage\",\"@id\":\"https:\\\/\\\/www.hotelmaranellovillage.com\\\/fr\\\/maranello-et-ses-environs\\\/musee-lamborghini\\\/\",\"url\":\"https:\\\/\\\/www.hotelmaranellovillage.com\\\/fr\\\/maranello-et-ses-environs\\\/musee-lamborghini\\\/\",\"name\":\"Mus\u00e9e Lamborghini | Maranello Village - Hotel & Residence Sito Ufficiale\",\"isPartOf\":{\"@id\":\"https:\\\/\\\/www.hotelmaranellovillage.com\\\/fr\\\/#website\"},\"primaryImageOfPage\":{\"@id\":\"https:\\\/\\\/www.hotelmaranellovillage.com\\\/fr\\\/maranello-et-ses-environs\\\/musee-lamborghini\\\/#primaryimage\"},\"image\":{\"@id\":\"https:\\\/\\\/www.hotelmaranellovillage.com\\\/fr\\\/maranello-et-ses-environs\\\/musee-lamborghini\\\/#primaryimage\"},\"thumbnailUrl\":\"https:\\\/\\\/www.hotelmaranellovillage.com\\\/wp-content\\\/uploads\\\/2026\\\/03\\\/hotel-maranello-village-maranello-e-dintorni-museo-lamborghini-sant-agata-bolognese.jpg\",\"datePublished\":\"2026-03-18T11:17:23+00:00\",\"dateModified\":\"2026-04-24T10:27:39+00:00\",\"breadcrumb\":{\"@id\":\"https:\\\/\\\/www.hotelmaranellovillage.com\\\/fr\\\/maranello-et-ses-environs\\\/musee-lamborghini\\\/#breadcrumb\"},\"inLanguage\":\"fr-FR\",\"potentialAction\":[{\"@type\":\"ReadAction\",\"target\":[\"https:\\\/\\\/www.hotelmaranellovillage.com\\\/fr\\\/maranello-et-ses-environs\\\/musee-lamborghini\\\/\"]}]},{\"@type\":\"ImageObject\",\"inLanguage\":\"fr-FR\",\"@id\":\"https:\\\/\\\/www.hotelmaranellovillage.com\\\/fr\\\/maranello-et-ses-environs\\\/musee-lamborghini\\\/#primaryimage\",\"url\":\"https:\\\/\\\/www.hotelmaranellovillage.com\\\/wp-content\\\/uploads\\\/2026\\\/03\\\/hotel-maranello-village-maranello-e-dintorni-museo-lamborghini-sant-agata-bolognese.jpg\",\"contentUrl\":\"https:\\\/\\\/www.hotelmaranellovillage.com\\\/wp-content\\\/uploads\\\/2026\\\/03\\\/hotel-maranello-village-maranello-e-dintorni-museo-lamborghini-sant-agata-bolognese.jpg\",\"width\":800,\"height\":800},{\"@type\":\"BreadcrumbList\",\"@id\":\"https:\\\/\\\/www.hotelmaranellovillage.com\\\/fr\\\/maranello-et-ses-environs\\\/musee-lamborghini\\\/#breadcrumb\",\"itemListElement\":[{\"@type\":\"ListItem\",\"position\":1,\"name\":\"Home\",\"item\":\"https:\\\/\\\/www.hotelmaranellovillage.com\\\/fr\\\/page-daccueil\\\/\"},{\"@type\":\"ListItem\",\"position\":2,\"name\":\"Maranello et ses environs\",\"item\":\"https:\\\/\\\/www.hotelmaranellovillage.com\\\/fr\\\/maranello-et-ses-environs\\\/\"},{\"@type\":\"ListItem\",\"position\":3,\"name\":\"Mus\u00e9e Lamborghini\"}]},{\"@type\":\"WebSite\",\"@id\":\"https:\\\/\\\/www.hotelmaranellovillage.com\\\/fr\\\/#website\",\"url\":\"https:\\\/\\\/www.hotelmaranellovillage.com\\\/fr\\\/\",\"name\":\"Maranello Village\",\"description\":\"Hotel &amp; Residence Sito Ufficiale\",\"publisher\":{\"@id\":\"https:\\\/\\\/www.hotelmaranellovillage.com\\\/fr\\\/#organization\"},\"alternateName\":\"HMV\",\"potentialAction\":[{\"@type\":\"SearchAction\",\"target\":{\"@type\":\"EntryPoint\",\"urlTemplate\":\"https:\\\/\\\/www.hotelmaranellovillage.com\\\/fr\\\/?s={search_term_string}\"},\"query-input\":{\"@type\":\"PropertyValueSpecification\",\"valueRequired\":true,\"valueName\":\"search_term_string\"}}],\"inLanguage\":\"fr-FR\"},{\"@type\":\"Organization\",\"@id\":\"https:\\\/\\\/www.hotelmaranellovillage.com\\\/fr\\\/#organization\",\"name\":\"Hotel & Residence 4 stelle\",\"url\":\"https:\\\/\\\/www.hotelmaranellovillage.com\\\/fr\\\/\",\"logo\":{\"@type\":\"ImageObject\",\"inLanguage\":\"fr-FR\",\"@id\":\"https:\\\/\\\/www.hotelmaranellovillage.com\\\/fr\\\/#\\\/schema\\\/logo\\\/image\\\/\",\"url\":\"https:\\\/\\\/www.hotelmaranellovillage.com\\\/wp-content\\\/uploads\\\/2026\\\/04\\\/maranello-village-logo-2026.png\",\"contentUrl\":\"https:\\\/\\\/www.hotelmaranellovillage.com\\\/wp-content\\\/uploads\\\/2026\\\/04\\\/maranello-village-logo-2026.png\",\"width\":800,\"height\":256,\"caption\":\"Hotel & Residence 4 stelle\"},\"image\":{\"@id\":\"https:\\\/\\\/www.hotelmaranellovillage.com\\\/fr\\\/#\\\/schema\\\/logo\\\/image\\\/\"},\"sameAs\":[\"https:\\\/\\\/www.facebook.com\\\/MaranelloVillage\",\"https:\\\/\\\/www.instagram.com\\\/hotelmaranellovillage\\\/\",\"https:\\\/\\\/it.linkedin.com\\\/company\\\/maranello-village-hotel-\"]}]}<\/script>\n<!-- \/ Yoast SEO plugin. -->","yoast_head_json":{"title":"Mus\u00e9e Lamborghini | Maranello Village - Hotel & Residence Sito Ufficiale","robots":{"index":"index","follow":"follow","max-snippet":"max-snippet:-1","max-image-preview":"max-image-preview:large","max-video-preview":"max-video-preview:-1"},"canonical":"https:\/\/www.hotelmaranellovillage.com\/fr\/maranello-et-ses-environs\/musee-lamborghini\/","og_locale":"fr_FR","og_type":"article","og_title":"Mus\u00e9e Lamborghini | Maranello Village - Hotel & Residence Sito Ufficiale","og_description":"[vc_row full_width=\u00a0\u00bbstretch_row_content_no_spaces\u00a0\u00bb content_placement=\u00a0\u00bbmiddle\u00a0\u00bb css=\u00a0\u00bb.vc_custom_1772648524312{padding-top: 4em !important;padding-bottom: 4em !important;background-color: #101010 !important;}\u00a0\u00bb][vc_column css_animation=\u00a0\u00bbnone\u00a0\u00bb width=\u00a0\u00bb1\/2&Prime; el_class=\u00a0\u00bbdeco-column right\u00a0\u00bb][vc_row_inner][vc_column_inner width=\u00a0\u00bb5\/6&Prime; offset=\u00a0\u00bbvc_col-md-offset-2 vc_col-md-8 vc_col-sm-offset-1 vc_col-xs-offset-1 vc_col-xs-10&Prime; css=\u00a0\u00bb.vc_custom_1772553117214{padding-top: 4em !important;padding-bottom: 4em !important;}\u00a0\u00bb][vc_column_text css=\u00a0\u00bb\u00a0\u00bb]En parcourant quelques kilom\u00e8tres en dehors de la province de Mod\u00e8ne, \u00e0 Sant\u2019Agata Bolognese, il est possible de visiter le Mus\u00e9e Automobili Lamborghini. Murcielago, Miura, Countach, Jalpa, Espada, Aventador : [&hellip;]","og_url":"https:\/\/www.hotelmaranellovillage.com\/fr\/maranello-et-ses-environs\/musee-lamborghini\/","og_site_name":"Maranello Village","article_publisher":"https:\/\/www.facebook.com\/MaranelloVillage","article_modified_time":"2026-04-24T10:27:39+00:00","og_image":[{"width":800,"height":800,"url":"https:\/\/www.hotelmaranellovillage.com\/wp-content\/uploads\/2026\/03\/hotel-maranello-village-maranello-e-dintorni-museo-lamborghini-sant-agata-bolognese.jpg","type":"image\/jpeg"}],"twitter_card":"summary_large_image","twitter_misc":{"Dur\u00e9e de lecture estim\u00e9e":"1 minute"},"schema":{"@context":"https:\/\/schema.org","@graph":[{"@type":"WebPage","@id":"https:\/\/www.hotelmaranellovillage.com\/fr\/maranello-et-ses-environs\/musee-lamborghini\/","url":"https:\/\/www.hotelmaranellovillage.com\/fr\/maranello-et-ses-environs\/musee-lamborghini\/","name":"Mus\u00e9e Lamborghini | Maranello Village - Hotel & Residence Sito Ufficiale","isPartOf":{"@id":"https:\/\/www.hotelmaranellovillage.com\/fr\/#website"},"primaryImageOfPage":{"@id":"https:\/\/www.hotelmaranellovillage.com\/fr\/maranello-et-ses-environs\/musee-lamborghini\/#primaryimage"},"image":{"@id":"https:\/\/www.hotelmaranellovillage.com\/fr\/maranello-et-ses-environs\/musee-lamborghini\/#primaryimage"},"thumbnailUrl":"https:\/\/www.hotelmaranellovillage.com\/wp-content\/uploads\/2026\/03\/hotel-maranello-village-maranello-e-dintorni-museo-lamborghini-sant-agata-bolognese.jpg","datePublished":"2026-03-18T11:17:23+00:00","dateModified":"2026-04-24T10:27:39+00:00","breadcrumb":{"@id":"https:\/\/www.hotelmaranellovillage.com\/fr\/maranello-et-ses-environs\/musee-lamborghini\/#breadcrumb"},"inLanguage":"fr-FR","potentialAction":[{"@type":"ReadAction","target":["https:\/\/www.hotelmaranellovillage.com\/fr\/maranello-et-ses-environs\/musee-lamborghini\/"]}]},{"@type":"ImageObject","inLanguage":"fr-FR","@id":"https:\/\/www.hotelmaranellovillage.com\/fr\/maranello-et-ses-environs\/musee-lamborghini\/#primaryimage","url":"https:\/\/www.hotelmaranellovillage.com\/wp-content\/uploads\/2026\/03\/hotel-maranello-village-maranello-e-dintorni-museo-lamborghini-sant-agata-bolognese.jpg","contentUrl":"https:\/\/www.hotelmaranellovillage.com\/wp-content\/uploads\/2026\/03\/hotel-maranello-village-maranello-e-dintorni-museo-lamborghini-sant-agata-bolognese.jpg","width":800,"height":800},{"@type":"BreadcrumbList","@id":"https:\/\/www.hotelmaranellovillage.com\/fr\/maranello-et-ses-environs\/musee-lamborghini\/#breadcrumb","itemListElement":[{"@type":"ListItem","position":1,"name":"Home","item":"https:\/\/www.hotelmaranellovillage.com\/fr\/page-daccueil\/"},{"@type":"ListItem","position":2,"name":"Maranello et ses environs","item":"https:\/\/www.hotelmaranellovillage.com\/fr\/maranello-et-ses-environs\/"},{"@type":"ListItem","position":3,"name":"Mus\u00e9e Lamborghini"}]},{"@type":"WebSite","@id":"https:\/\/www.hotelmaranellovillage.com\/fr\/#website","url":"https:\/\/www.hotelmaranellovillage.com\/fr\/","name":"Maranello Village","description":"Hotel &amp; Residence Sito Ufficiale","publisher":{"@id":"https:\/\/www.hotelmaranellovillage.com\/fr\/#organization"},"alternateName":"HMV","potentialAction":[{"@type":"SearchAction","target":{"@type":"EntryPoint","urlTemplate":"https:\/\/www.hotelmaranellovillage.com\/fr\/?s={search_term_string}"},"query-input":{"@type":"PropertyValueSpecification","valueRequired":true,"valueName":"search_term_string"}}],"inLanguage":"fr-FR"},{"@type":"Organization","@id":"https:\/\/www.hotelmaranellovillage.com\/fr\/#organization","name":"Hotel & Residence 4 stelle","url":"https:\/\/www.hotelmaranellovillage.com\/fr\/","logo":{"@type":"ImageObject","inLanguage":"fr-FR","@id":"https:\/\/www.hotelmaranellovillage.com\/fr\/#\/schema\/logo\/image\/","url":"https:\/\/www.hotelmaranellovillage.com\/wp-content\/uploads\/2026\/04\/maranello-village-logo-2026.png","contentUrl":"https:\/\/www.hotelmaranellovillage.com\/wp-content\/uploads\/2026\/04\/maranello-village-logo-2026.png","width":800,"height":256,"caption":"Hotel & Residence 4 stelle"},"image":{"@id":"https:\/\/www.hotelmaranellovillage.com\/fr\/#\/schema\/logo\/image\/"},"sameAs":["https:\/\/www.facebook.com\/MaranelloVillage","https:\/\/www.instagram.com\/hotelmaranellovillage\/","https:\/\/it.linkedin.com\/company\/maranello-village-hotel-"]}]}},"_links":{"self":[{"href":"https:\/\/www.hotelmaranellovillage.com\/fr\/wp-json\/wp\/v2\/pages\/589","targetHints":{"allow":["GET"]}}],"collection":[{"href":"https:\/\/www.hotelmaranellovillage.com\/fr\/wp-json\/wp\/v2\/pages"}],"about":[{"href":"https:\/\/www.hotelmaranellovillage.com\/fr\/wp-json\/wp\/v2\/types\/page"}],"author":[{"embeddable":true,"href":"https:\/\/www.hotelmaranellovillage.com\/fr\/wp-json\/wp\/v2\/users\/1"}],"replies":[{"embeddable":true,"href":"https:\/\/www.hotelmaranellovillage.com\/fr\/wp-json\/wp\/v2\/comments?post=589"}],"version-history":[{"count":4,"href":"https:\/\/www.hotelmaranellovillage.com\/fr\/wp-json\/wp\/v2\/pages\/589\/revisions"}],"predecessor-version":[{"id":1443,"href":"https:\/\/www.hotelmaranellovillage.com\/fr\/wp-json\/wp\/v2\/pages\/589\/revisions\/1443"}],"up":[{"embeddable":true,"href":"https:\/\/www.hotelmaranellovillage.com\/fr\/wp-json\/wp\/v2\/pages\/961"}],"wp:featuredmedia":[{"embeddable":true,"href":"https:\/\/www.hotelmaranellovillage.com\/fr\/wp-json\/wp\/v2\/media\/590"}],"wp:attachment":[{"href":"https:\/\/www.hotelmaranellovillage.com\/fr\/wp-json\/wp\/v2\/media?parent=589"}],"curies":[{"name":"wp","href":"https:\/\/api.w.org\/{rel}","templated":true}]}}