{"id":563,"date":"2026-03-18T11:54:43","date_gmt":"2026-03-18T10:54:43","guid":{"rendered":"https:\/\/web.hotelmaranellovillage.com\/musee-ferrari-maranello\/"},"modified":"2026-04-24T12:26:29","modified_gmt":"2026-04-24T10:26:29","slug":"musee-ferrari-maranello","status":"publish","type":"page","link":"https:\/\/www.hotelmaranellovillage.com\/fr\/maranello-et-ses-environs\/musee-ferrari-maranello\/","title":{"rendered":"Mus\u00e9e Ferrari Maranello"},"content":{"rendered":"<div class=\"wpb-content-wrapper\"><p>[vc_row full_width=\u00a0\u00bbstretch_row_content_no_spaces\u00a0\u00bb content_placement=\u00a0\u00bbmiddle\u00a0\u00bb css=\u00a0\u00bb.vc_custom_1772648524312{padding-top: 4em !important;padding-bottom: 4em !important;background-color: #101010 !important;}\u00a0\u00bb][vc_column css_animation=\u00a0\u00bbnone\u00a0\u00bb width=\u00a0\u00bb1\/2&Prime; el_class=\u00a0\u00bbdeco-column right\u00a0\u00bb][vc_row_inner][vc_column_inner width=\u00a0\u00bb5\/6&Prime; offset=\u00a0\u00bbvc_col-md-offset-2 vc_col-md-8 vc_col-sm-offset-1 vc_col-xs-offset-1 vc_col-xs-10&Prime; css=\u00a0\u00bb.vc_custom_1772553117214{padding-top: 4em !important;padding-bottom: 4em !important;}\u00a0\u00bb]<h1 class=\"deco-title sinistra with-subtitle\"><span class=\"eyelet\">Maranello et ses environs<\/span> Mus\u00e9e Ferrari Maranello <mark class=\"subtitle\">Merveilleuse F1<\/mark><\/h1>[vc_column_text css=\u00a0\u00bb\u00a0\u00bb]\u00c9tape incontournable pour tout passionn\u00e9 des \u00ab Rosse \u00bb, le Mus\u00e9e Ferrari Maranello offre aux visiteurs des mod\u00e8les uniques au monde \u00e0 admirer, des expositions temporaires et un m\u00e9lange d\u2019exp\u00e9riences inoubliables \u00e0 vivre.<\/p>\n<p>\u00c0 moins de dix minutes du Maranello Village, vous pourrez admirer les plus l\u00e9gendaires bolides de Formule 1 dans leur maison m\u00e8re, vous vivrez l\u2019exp\u00e9rience d\u2019un v\u00e9ritable arr\u00eat au stand chronom\u00e9tr\u00e9 et vous vous glisserez <strong>totalement dans la peau d\u2019un pilote de F1<\/strong>, en ressentant le frisson de la vitesse sur le circuit de Monza avec l\u2019un des <strong>simulateurs<\/strong> semi-professionnels, \u00e9galement disponibles pour les plus petits en version junior.<\/p>\n<p>Et si vous ne pouvez vraiment pas r\u00e9sister, entrez au c\u0153ur du monde Ferrari, l\u2019<strong>Usine de Maranello<\/strong>, avec l\u2019un des circuits guid\u00e9s exclusifs \u00e0 bord d\u2019une navette qui vous emm\u00e8nera sur la Piste de Fiorano et sur l\u2019avenue Enzo Ferrari.[\/vc_column_text]<div class=\"button-wrapper inline\"><a class=\"btn btn-default\" href=\"https:\/\/www.ferrari.com\/it-IT\/museums\/il-museo-ferrari\"  target=\"_blank\" title=\"Aller sur le site du mus\u00e9e\">Aller sur le site<\/a><\/div><div class=\"button-wrapper inline\"><a class=\"btn btn-default variant nudge-left\" href=\"https:\/\/www.ferrari.com\/it-IT\/museums\/info-biglietti-visite-musei-ferrari\"  target=\"_blank\" title=\"Aller sur le site du mus\u00e9e pour les billets\">Billets <i class=\"fas fa-arrow-up-right-from-square\"><\/i><\/a><\/div>[\/vc_column_inner][\/vc_row_inner][\/vc_column][vc_column css_animation=\u00a0\u00bbappear\u00a0\u00bb width=\u00a0\u00bb1\/2&Prime; css=\u00a0\u00bb.vc_custom_1773830879825{background-image: url(https:\/\/www.hotelmaranellovillage.com\/wp-content\/uploads\/2026\/02\/ingresso-museo-ferrari-maranello.jpg?id=66) !important;background-position: center !important;background-repeat: no-repeat !important;background-size: cover !important;}\u00a0\u00bb]<div title=\"H\u00f4tel Maranello Village - Aux alentours de Maranello - Mus\u00e9e Ferrari Maranello\" class=\"image-wrapper\">\n\t\t\t\t<figure class=\"aspect-image\" style=\"background-image:url('https:\/\/www.hotelmaranellovillage.com\/wp-content\/themes\/aitec\/img\/transparent-placeholder.png'); aspect-ratio: 4 \/ 3; \">\n\t\t\t\t\t<img decoding=\"async\" src=\"https:\/\/www.hotelmaranellovillage.com\/wp-content\/uploads\/2026\/02\/ingresso-museo-ferrari-maranello.jpg\" alt=\"H\u00f4tel Maranello Village - Aux alentours de Maranello - Mus\u00e9e Ferrari Maranello\">\n\t\t\t\t\t<figcaption>H\u00f4tel Maranello Village - Aux alentours de Maranello - Mus\u00e9e Ferrari Maranello<\/figcaption>\n\t\t\t\t<\/figure>\n\t\t\t<\/div>[\/vc_column][\/vc_row]<\/p>\n<\/div>","protected":false},"excerpt":{"rendered":"<p>[vc_row full_width=\u00a0\u00bbstretch_row_content_no_spaces\u00a0\u00bb content_placement=\u00a0\u00bbmiddle\u00a0\u00bb css=\u00a0\u00bb.vc_custom_1772648524312{padding-top: 4em !important;padding-bottom: 4em !important;background-color: #101010 !important;}\u00a0\u00bb][vc_column css_animation=\u00a0\u00bbnone\u00a0\u00bb width=\u00a0\u00bb1\/2&Prime; el_class=\u00a0\u00bbdeco-column right\u00a0\u00bb][vc_row_inner][vc_column_inner width=\u00a0\u00bb5\/6&Prime; offset=\u00a0\u00bbvc_col-md-offset-2 vc_col-md-8 vc_col-sm-offset-1 vc_col-xs-offset-1 vc_col-xs-10&Prime; css=\u00a0\u00bb.vc_custom_1772553117214{padding-top: 4em !important;padding-bottom: 4em !important;}\u00a0\u00bb][vc_column_text css=\u00a0\u00bb\u00a0\u00bb]\u00c9tape incontournable pour tout passionn\u00e9 des \u00ab Rosse \u00bb, le Mus\u00e9e Ferrari Maranello offre aux visiteurs des mod\u00e8les uniques au monde \u00e0 admirer, des expositions temporaires et un m\u00e9lange d\u2019exp\u00e9riences [&hellip;]<\/p>\n","protected":false},"author":1,"featured_media":564,"parent":961,"menu_order":0,"comment_status":"closed","ping_status":"closed","template":"","meta":{"_acf_changed":false,"rs_blank_template":"","rs_page_bg_color":"","slide_template_v7":"","footnotes":""},"class_list":["post-563","page","type-page","status-publish","has-post-thumbnail","hentry"],"acf":[],"yoast_head":"<!-- This site is optimized with the Yoast SEO plugin v27.5 - https:\/\/yoast.com\/product\/yoast-seo-wordpress\/ -->\n<title>Mus\u00e9e Ferrari Maranello | Maranello Village - Hotel &amp; Residence Sito Ufficiale<\/title>\n<meta name=\"robots\" content=\"index, follow, max-snippet:-1, max-image-preview:large, max-video-preview:-1\" \/>\n<link rel=\"canonical\" href=\"https:\/\/www.hotelmaranellovillage.com\/fr\/maranello-et-ses-environs\/musee-ferrari-maranello\/\" \/>\n<meta property=\"og:locale\" content=\"fr_FR\" \/>\n<meta property=\"og:type\" content=\"article\" \/>\n<meta property=\"og:title\" content=\"Mus\u00e9e Ferrari Maranello | Maranello Village - Hotel &amp; Residence Sito Ufficiale\" \/>\n<meta property=\"og:description\" content=\"[vc_row full_width=\u00a0\u00bbstretch_row_content_no_spaces\u00a0\u00bb content_placement=\u00a0\u00bbmiddle\u00a0\u00bb css=\u00a0\u00bb.vc_custom_1772648524312{padding-top: 4em !important;padding-bottom: 4em !important;background-color: #101010 !important;}\u00a0\u00bb][vc_column css_animation=\u00a0\u00bbnone\u00a0\u00bb width=\u00a0\u00bb1\/2&Prime; el_class=\u00a0\u00bbdeco-column right\u00a0\u00bb][vc_row_inner][vc_column_inner width=\u00a0\u00bb5\/6&Prime; offset=\u00a0\u00bbvc_col-md-offset-2 vc_col-md-8 vc_col-sm-offset-1 vc_col-xs-offset-1 vc_col-xs-10&Prime; css=\u00a0\u00bb.vc_custom_1772553117214{padding-top: 4em !important;padding-bottom: 4em !important;}\u00a0\u00bb][vc_column_text css=\u00a0\u00bb\u00a0\u00bb]\u00c9tape incontournable pour tout passionn\u00e9 des \u00ab Rosse \u00bb, le Mus\u00e9e Ferrari Maranello offre aux visiteurs des mod\u00e8les uniques au monde \u00e0 admirer, des expositions temporaires et un m\u00e9lange d\u2019exp\u00e9riences [&hellip;]\" \/>\n<meta property=\"og:url\" content=\"https:\/\/www.hotelmaranellovillage.com\/fr\/maranello-et-ses-environs\/musee-ferrari-maranello\/\" \/>\n<meta property=\"og:site_name\" content=\"Maranello Village\" \/>\n<meta property=\"article:publisher\" content=\"https:\/\/www.facebook.com\/MaranelloVillage\" \/>\n<meta property=\"article:modified_time\" content=\"2026-04-24T10:26:29+00:00\" \/>\n<meta property=\"og:image\" content=\"https:\/\/www.hotelmaranellovillage.com\/wp-content\/uploads\/2026\/02\/ingresso-museo-ferrari-maranello.jpg\" \/>\n\t<meta property=\"og:image:width\" content=\"1000\" \/>\n\t<meta property=\"og:image:height\" content=\"800\" \/>\n\t<meta property=\"og:image:type\" content=\"image\/jpeg\" \/>\n<meta name=\"twitter:card\" content=\"summary_large_image\" \/>\n<meta name=\"twitter:label1\" content=\"Dur\u00e9e de lecture estim\u00e9e\" \/>\n\t<meta name=\"twitter:data1\" content=\"2 minutes\" \/>\n<script type=\"application\/ld+json\" class=\"yoast-schema-graph\">{\"@context\":\"https:\\\/\\\/schema.org\",\"@graph\":[{\"@type\":\"WebPage\",\"@id\":\"https:\\\/\\\/www.hotelmaranellovillage.com\\\/fr\\\/maranello-et-ses-environs\\\/musee-ferrari-maranello\\\/\",\"url\":\"https:\\\/\\\/www.hotelmaranellovillage.com\\\/fr\\\/maranello-et-ses-environs\\\/musee-ferrari-maranello\\\/\",\"name\":\"Mus\u00e9e Ferrari Maranello | Maranello Village - Hotel & Residence Sito Ufficiale\",\"isPartOf\":{\"@id\":\"https:\\\/\\\/www.hotelmaranellovillage.com\\\/fr\\\/#website\"},\"primaryImageOfPage\":{\"@id\":\"https:\\\/\\\/www.hotelmaranellovillage.com\\\/fr\\\/maranello-et-ses-environs\\\/musee-ferrari-maranello\\\/#primaryimage\"},\"image\":{\"@id\":\"https:\\\/\\\/www.hotelmaranellovillage.com\\\/fr\\\/maranello-et-ses-environs\\\/musee-ferrari-maranello\\\/#primaryimage\"},\"thumbnailUrl\":\"https:\\\/\\\/www.hotelmaranellovillage.com\\\/wp-content\\\/uploads\\\/2026\\\/02\\\/ingresso-museo-ferrari-maranello.jpg\",\"datePublished\":\"2026-03-18T10:54:43+00:00\",\"dateModified\":\"2026-04-24T10:26:29+00:00\",\"breadcrumb\":{\"@id\":\"https:\\\/\\\/www.hotelmaranellovillage.com\\\/fr\\\/maranello-et-ses-environs\\\/musee-ferrari-maranello\\\/#breadcrumb\"},\"inLanguage\":\"fr-FR\",\"potentialAction\":[{\"@type\":\"ReadAction\",\"target\":[\"https:\\\/\\\/www.hotelmaranellovillage.com\\\/fr\\\/maranello-et-ses-environs\\\/musee-ferrari-maranello\\\/\"]}]},{\"@type\":\"ImageObject\",\"inLanguage\":\"fr-FR\",\"@id\":\"https:\\\/\\\/www.hotelmaranellovillage.com\\\/fr\\\/maranello-et-ses-environs\\\/musee-ferrari-maranello\\\/#primaryimage\",\"url\":\"https:\\\/\\\/www.hotelmaranellovillage.com\\\/wp-content\\\/uploads\\\/2026\\\/02\\\/ingresso-museo-ferrari-maranello.jpg\",\"contentUrl\":\"https:\\\/\\\/www.hotelmaranellovillage.com\\\/wp-content\\\/uploads\\\/2026\\\/02\\\/ingresso-museo-ferrari-maranello.jpg\",\"width\":1000,\"height\":800},{\"@type\":\"BreadcrumbList\",\"@id\":\"https:\\\/\\\/www.hotelmaranellovillage.com\\\/fr\\\/maranello-et-ses-environs\\\/musee-ferrari-maranello\\\/#breadcrumb\",\"itemListElement\":[{\"@type\":\"ListItem\",\"position\":1,\"name\":\"Home\",\"item\":\"https:\\\/\\\/www.hotelmaranellovillage.com\\\/fr\\\/page-daccueil\\\/\"},{\"@type\":\"ListItem\",\"position\":2,\"name\":\"Maranello et ses environs\",\"item\":\"https:\\\/\\\/www.hotelmaranellovillage.com\\\/fr\\\/maranello-et-ses-environs\\\/\"},{\"@type\":\"ListItem\",\"position\":3,\"name\":\"Mus\u00e9e Ferrari Maranello\"}]},{\"@type\":\"WebSite\",\"@id\":\"https:\\\/\\\/www.hotelmaranellovillage.com\\\/fr\\\/#website\",\"url\":\"https:\\\/\\\/www.hotelmaranellovillage.com\\\/fr\\\/\",\"name\":\"Maranello Village\",\"description\":\"Hotel &amp; Residence Sito Ufficiale\",\"publisher\":{\"@id\":\"https:\\\/\\\/www.hotelmaranellovillage.com\\\/fr\\\/#organization\"},\"alternateName\":\"HMV\",\"potentialAction\":[{\"@type\":\"SearchAction\",\"target\":{\"@type\":\"EntryPoint\",\"urlTemplate\":\"https:\\\/\\\/www.hotelmaranellovillage.com\\\/fr\\\/?s={search_term_string}\"},\"query-input\":{\"@type\":\"PropertyValueSpecification\",\"valueRequired\":true,\"valueName\":\"search_term_string\"}}],\"inLanguage\":\"fr-FR\"},{\"@type\":\"Organization\",\"@id\":\"https:\\\/\\\/www.hotelmaranellovillage.com\\\/fr\\\/#organization\",\"name\":\"Hotel & Residence 4 stelle\",\"url\":\"https:\\\/\\\/www.hotelmaranellovillage.com\\\/fr\\\/\",\"logo\":{\"@type\":\"ImageObject\",\"inLanguage\":\"fr-FR\",\"@id\":\"https:\\\/\\\/www.hotelmaranellovillage.com\\\/fr\\\/#\\\/schema\\\/logo\\\/image\\\/\",\"url\":\"https:\\\/\\\/www.hotelmaranellovillage.com\\\/wp-content\\\/uploads\\\/2026\\\/04\\\/maranello-village-logo-2026.png\",\"contentUrl\":\"https:\\\/\\\/www.hotelmaranellovillage.com\\\/wp-content\\\/uploads\\\/2026\\\/04\\\/maranello-village-logo-2026.png\",\"width\":800,\"height\":256,\"caption\":\"Hotel & Residence 4 stelle\"},\"image\":{\"@id\":\"https:\\\/\\\/www.hotelmaranellovillage.com\\\/fr\\\/#\\\/schema\\\/logo\\\/image\\\/\"},\"sameAs\":[\"https:\\\/\\\/www.facebook.com\\\/MaranelloVillage\",\"https:\\\/\\\/www.instagram.com\\\/hotelmaranellovillage\\\/\",\"https:\\\/\\\/it.linkedin.com\\\/company\\\/maranello-village-hotel-\"]}]}<\/script>\n<!-- \/ Yoast SEO plugin. -->","yoast_head_json":{"title":"Mus\u00e9e Ferrari Maranello | Maranello Village - Hotel & Residence Sito Ufficiale","robots":{"index":"index","follow":"follow","max-snippet":"max-snippet:-1","max-image-preview":"max-image-preview:large","max-video-preview":"max-video-preview:-1"},"canonical":"https:\/\/www.hotelmaranellovillage.com\/fr\/maranello-et-ses-environs\/musee-ferrari-maranello\/","og_locale":"fr_FR","og_type":"article","og_title":"Mus\u00e9e Ferrari Maranello | Maranello Village - Hotel & Residence Sito Ufficiale","og_description":"[vc_row full_width=\u00a0\u00bbstretch_row_content_no_spaces\u00a0\u00bb content_placement=\u00a0\u00bbmiddle\u00a0\u00bb css=\u00a0\u00bb.vc_custom_1772648524312{padding-top: 4em !important;padding-bottom: 4em !important;background-color: #101010 !important;}\u00a0\u00bb][vc_column css_animation=\u00a0\u00bbnone\u00a0\u00bb width=\u00a0\u00bb1\/2&Prime; el_class=\u00a0\u00bbdeco-column right\u00a0\u00bb][vc_row_inner][vc_column_inner width=\u00a0\u00bb5\/6&Prime; offset=\u00a0\u00bbvc_col-md-offset-2 vc_col-md-8 vc_col-sm-offset-1 vc_col-xs-offset-1 vc_col-xs-10&Prime; css=\u00a0\u00bb.vc_custom_1772553117214{padding-top: 4em !important;padding-bottom: 4em !important;}\u00a0\u00bb][vc_column_text css=\u00a0\u00bb\u00a0\u00bb]\u00c9tape incontournable pour tout passionn\u00e9 des \u00ab Rosse \u00bb, le Mus\u00e9e Ferrari Maranello offre aux visiteurs des mod\u00e8les uniques au monde \u00e0 admirer, des expositions temporaires et un m\u00e9lange d\u2019exp\u00e9riences [&hellip;]","og_url":"https:\/\/www.hotelmaranellovillage.com\/fr\/maranello-et-ses-environs\/musee-ferrari-maranello\/","og_site_name":"Maranello Village","article_publisher":"https:\/\/www.facebook.com\/MaranelloVillage","article_modified_time":"2026-04-24T10:26:29+00:00","og_image":[{"width":1000,"height":800,"url":"https:\/\/www.hotelmaranellovillage.com\/wp-content\/uploads\/2026\/02\/ingresso-museo-ferrari-maranello.jpg","type":"image\/jpeg"}],"twitter_card":"summary_large_image","twitter_misc":{"Dur\u00e9e de lecture estim\u00e9e":"2 minutes"},"schema":{"@context":"https:\/\/schema.org","@graph":[{"@type":"WebPage","@id":"https:\/\/www.hotelmaranellovillage.com\/fr\/maranello-et-ses-environs\/musee-ferrari-maranello\/","url":"https:\/\/www.hotelmaranellovillage.com\/fr\/maranello-et-ses-environs\/musee-ferrari-maranello\/","name":"Mus\u00e9e Ferrari Maranello | Maranello Village - Hotel & Residence Sito Ufficiale","isPartOf":{"@id":"https:\/\/www.hotelmaranellovillage.com\/fr\/#website"},"primaryImageOfPage":{"@id":"https:\/\/www.hotelmaranellovillage.com\/fr\/maranello-et-ses-environs\/musee-ferrari-maranello\/#primaryimage"},"image":{"@id":"https:\/\/www.hotelmaranellovillage.com\/fr\/maranello-et-ses-environs\/musee-ferrari-maranello\/#primaryimage"},"thumbnailUrl":"https:\/\/www.hotelmaranellovillage.com\/wp-content\/uploads\/2026\/02\/ingresso-museo-ferrari-maranello.jpg","datePublished":"2026-03-18T10:54:43+00:00","dateModified":"2026-04-24T10:26:29+00:00","breadcrumb":{"@id":"https:\/\/www.hotelmaranellovillage.com\/fr\/maranello-et-ses-environs\/musee-ferrari-maranello\/#breadcrumb"},"inLanguage":"fr-FR","potentialAction":[{"@type":"ReadAction","target":["https:\/\/www.hotelmaranellovillage.com\/fr\/maranello-et-ses-environs\/musee-ferrari-maranello\/"]}]},{"@type":"ImageObject","inLanguage":"fr-FR","@id":"https:\/\/www.hotelmaranellovillage.com\/fr\/maranello-et-ses-environs\/musee-ferrari-maranello\/#primaryimage","url":"https:\/\/www.hotelmaranellovillage.com\/wp-content\/uploads\/2026\/02\/ingresso-museo-ferrari-maranello.jpg","contentUrl":"https:\/\/www.hotelmaranellovillage.com\/wp-content\/uploads\/2026\/02\/ingresso-museo-ferrari-maranello.jpg","width":1000,"height":800},{"@type":"BreadcrumbList","@id":"https:\/\/www.hotelmaranellovillage.com\/fr\/maranello-et-ses-environs\/musee-ferrari-maranello\/#breadcrumb","itemListElement":[{"@type":"ListItem","position":1,"name":"Home","item":"https:\/\/www.hotelmaranellovillage.com\/fr\/page-daccueil\/"},{"@type":"ListItem","position":2,"name":"Maranello et ses environs","item":"https:\/\/www.hotelmaranellovillage.com\/fr\/maranello-et-ses-environs\/"},{"@type":"ListItem","position":3,"name":"Mus\u00e9e Ferrari Maranello"}]},{"@type":"WebSite","@id":"https:\/\/www.hotelmaranellovillage.com\/fr\/#website","url":"https:\/\/www.hotelmaranellovillage.com\/fr\/","name":"Maranello Village","description":"Hotel &amp; Residence Sito Ufficiale","publisher":{"@id":"https:\/\/www.hotelmaranellovillage.com\/fr\/#organization"},"alternateName":"HMV","potentialAction":[{"@type":"SearchAction","target":{"@type":"EntryPoint","urlTemplate":"https:\/\/www.hotelmaranellovillage.com\/fr\/?s={search_term_string}"},"query-input":{"@type":"PropertyValueSpecification","valueRequired":true,"valueName":"search_term_string"}}],"inLanguage":"fr-FR"},{"@type":"Organization","@id":"https:\/\/www.hotelmaranellovillage.com\/fr\/#organization","name":"Hotel & Residence 4 stelle","url":"https:\/\/www.hotelmaranellovillage.com\/fr\/","logo":{"@type":"ImageObject","inLanguage":"fr-FR","@id":"https:\/\/www.hotelmaranellovillage.com\/fr\/#\/schema\/logo\/image\/","url":"https:\/\/www.hotelmaranellovillage.com\/wp-content\/uploads\/2026\/04\/maranello-village-logo-2026.png","contentUrl":"https:\/\/www.hotelmaranellovillage.com\/wp-content\/uploads\/2026\/04\/maranello-village-logo-2026.png","width":800,"height":256,"caption":"Hotel & Residence 4 stelle"},"image":{"@id":"https:\/\/www.hotelmaranellovillage.com\/fr\/#\/schema\/logo\/image\/"},"sameAs":["https:\/\/www.facebook.com\/MaranelloVillage","https:\/\/www.instagram.com\/hotelmaranellovillage\/","https:\/\/it.linkedin.com\/company\/maranello-village-hotel-"]}]}},"_links":{"self":[{"href":"https:\/\/www.hotelmaranellovillage.com\/fr\/wp-json\/wp\/v2\/pages\/563","targetHints":{"allow":["GET"]}}],"collection":[{"href":"https:\/\/www.hotelmaranellovillage.com\/fr\/wp-json\/wp\/v2\/pages"}],"about":[{"href":"https:\/\/www.hotelmaranellovillage.com\/fr\/wp-json\/wp\/v2\/types\/page"}],"author":[{"embeddable":true,"href":"https:\/\/www.hotelmaranellovillage.com\/fr\/wp-json\/wp\/v2\/users\/1"}],"replies":[{"embeddable":true,"href":"https:\/\/www.hotelmaranellovillage.com\/fr\/wp-json\/wp\/v2\/comments?post=563"}],"version-history":[{"count":4,"href":"https:\/\/www.hotelmaranellovillage.com\/fr\/wp-json\/wp\/v2\/pages\/563\/revisions"}],"predecessor-version":[{"id":1436,"href":"https:\/\/www.hotelmaranellovillage.com\/fr\/wp-json\/wp\/v2\/pages\/563\/revisions\/1436"}],"up":[{"embeddable":true,"href":"https:\/\/www.hotelmaranellovillage.com\/fr\/wp-json\/wp\/v2\/pages\/961"}],"wp:featuredmedia":[{"embeddable":true,"href":"https:\/\/www.hotelmaranellovillage.com\/fr\/wp-json\/wp\/v2\/media\/564"}],"wp:attachment":[{"href":"https:\/\/www.hotelmaranellovillage.com\/fr\/wp-json\/wp\/v2\/media?parent=563"}],"curies":[{"name":"wp","href":"https:\/\/api.w.org\/{rel}","templated":true}]}}