{"id":1164,"date":"2026-04-02T10:17:37","date_gmt":"2026-04-02T08:17:37","guid":{"rendered":"https:\/\/web.hotelmaranellovillage.com\/f-a-q\/"},"modified":"2026-04-24T12:11:47","modified_gmt":"2026-04-24T10:11:47","slug":"f-a-q","status":"publish","type":"page","link":"https:\/\/www.hotelmaranellovillage.com\/fr\/f-a-q\/","title":{"rendered":"F.A.Q."},"content":{"rendered":"<div class=\"wpb-content-wrapper\"><p>[vc_row full_width=\u00a0\u00bbstretch_row_content_no_spaces\u00a0\u00bb content_placement=\u00a0\u00bbmiddle\u00a0\u00bb css=\u00a0\u00bb.vc_custom_1775120510657{padding-top: 4em !important;padding-bottom: 4em !important;background-color: #101010 !important;}\u00a0\u00bb][vc_column css_animation=\u00a0\u00bbnone\u00a0\u00bb width=\u00a0\u00bb1\/2&Prime; el_class=\u00a0\u00bbdeco-column right\u00a0\u00bb][vc_row_inner][vc_column_inner width=\u00a0\u00bb5\/6&Prime; offset=\u00a0\u00bbvc_col-md-offset-2 vc_col-md-8 vc_col-sm-offset-1 vc_col-xs-offset-1 vc_col-xs-10&Prime; css=\u00a0\u00bb.vc_custom_1772553117214{padding-top: 4em !important;padding-bottom: 4em !important;}\u00a0\u00bb]<h1 class=\"deco-title sinistra\"><span class=\"eyelet\">F.A.Q.<\/span> Questions <mark class=\"subtitle\">Fr\u00e9quentes<\/mark><\/h1>[vc_column_text css=\u00a0\u00bb\u00a0\u00bb]Voici ci-dessous quelques informations essentielles sur votre s\u00e9jour, ainsi que les questions utiles pour planifier votre passage ici au <strong>Maranello Village<\/strong>.[\/vc_column_text]<ul class=\"feature-list\">\n\t\t\t\t\t<li><a href=\"\" title=\"L'enregistrement se fait \u00e0 partir de 15h00.\"><i class=\"fas fa-calendar-check\"><\/i> L'enregistrement se fait \u00e0 partir de 15h00.<\/a><\/li>\n<li><a href=\"\" title=\"Le d\u00e9part se fait \u00e0 11 heures.\"><i class=\"fas fa-person-walking-luggage\"><\/i> Le d\u00e9part se fait \u00e0 11 heures.<\/a><\/li>\n<li><a href=\"\" title=\"Le parking ext\u00e9rieur est gratuit\"><i class=\"fas fa-square-parking\"><\/i> Le parking ext\u00e9rieur est gratuit<\/a><\/li>\n<li><a href=\"\" title=\"Wi-Fi gratuit\"><i class=\"fas fa-wifi\"><\/i> Wi-Fi gratuit<\/a><\/li>\n\t\t\t\t<\/ul><div class=\"button-wrapper left\">\r\n\t\t\t\t\t<button type=\"button\" class=\"btn btn-default modal-btn btn-lg\" data-bs-target=\"#form-69f7157b40360-modal\" data-modal=\"PGRpdiBjbGFzcz0ibW9kYWwgZmFkZSIgaWQ9ImZvcm0tMTU0NS1tb2RhbCIgdGFiaW5kZXg9Ii0xIiBhcmlhLWxhYmVsbGVkYnk9ImZvcm0tMTU0NS1tb2RhbC1sYWJlbCIgYXJpYS1oaWRkZW49InRydWUiPjxkaXYgY2xhc3M9Im1vZGFsLWRpYWxvZyBtb2RhbC1kaWFsb2ctY2VudGVyZWQiPjxkaXYgY2xhc3M9Im1vZGFsLWNvbnRlbnQiPjxkaXYgY2xhc3M9Im1vZGFsLWhlYWRlciI+PGg1IGNsYXNzPSJtb2RhbC10aXRsZSIgaWQ9ImZvcm0tMTU0NS1tb2RhbC1sYWJlbCI+Q29udGF0dGFjaTwvaDU+PGJ1dHRvbiB0eXBlPSJidXR0b24iIGNsYXNzPSJidG4tY2xvc2UiIGRhdGEtYnMtZGlzbWlzcz0ibW9kYWwiIGFyaWEtbGFiZWw9IkNsb3NlIj48L2J1dHRvbj48L2Rpdj48ZGl2IGNsYXNzPSJtb2RhbC1ib2R5Ij48Zm9ybSBpZD0iZm9ybS0xNTQ1IiBjbGFzcz0iYWNmZC1mb3JtIG5lZWRzLXZhbGlkYXRpb24iIG5vdmFsaWRhdGUgZGF0YS1yZWNhcHRjaGE9IiIgZGF0YS1nb29nbGVfYW5hbHl0aWNzPSJmYWxzZSI+PGlucHV0IHR5cGU9ImhpZGRlbiIgbmFtZT0iYWNmZF9mb3JtX2lkIiB2YWx1ZT0iMTU0NSI+PGlucHV0IHR5cGU9ImhpZGRlbiIgbmFtZT0iYWNmZF9yZW1vdGVfYWRkciIgdmFsdWU9IjIxNi43My4yMTcuMTkiPjxpbnB1dCB0eXBlPSJoaWRkZW4iIG5hbWU9ImFjZmRfcmVxdWVzdF91cmkiIHZhbHVlPSIvZnIvd3AtanNvbi93cC92Mi9wYWdlcy8xMTY0Ij48aW5wdXQgdHlwZT0iaGlkZGVuIiBuYW1lPSJhY2ZkX3VzZXJfYWdlbnQiIHZhbHVlPSJNb3ppbGxhLzUuMCBBcHBsZVdlYktpdC81MzcuMzYgKEtIVE1MLCBsaWtlIEdlY2tvOyBjb21wYXRpYmxlOyBDbGF1ZGVCb3QvMS4wOyArY2xhdWRlYm90QGFudGhyb3BpYy5jb20pIj48aW5wdXQgdHlwZT0iaGlkZGVuIiBuYW1lPSJhY2ZkX2NvbXBsZXRlX3VybCIgdmFsdWU9Imh0dHBzOi8vd3d3LmhvdGVsbWFyYW5lbGxvdmlsbGFnZS5jb20vZnIvd3AtanNvbi93cC92Mi9wYWdlcy8xMTY0Ij5bdmNfcm93IGdhcD0iMTUiXVt2Y19jb2x1bW4gd2lkdGg9IjEvMiJdPGRpdiBjbGFzcz0ibWItMyI+Cgk8bGFiZWwgZm9yPSJub21lLTE1NDUiIGNsYXNzPSJhY2ZkLWxhYmVsIGZvcm0tbGFiZWwiPk5vbSA8YWJiciB0aXRsZT0iUmVxdWlyZWQgZmllbGQiPiYjNDI7PC9hYmJyPjwvbGFiZWw+Cgk8aW5wdXQgdHlwZT0idGV4dCIgY2xhc3M9ImZvcm0tY29udHJvbCAiIGlkPSJub21lLTE1NDUiIG5hbWU9Im5vbWUiIHBsYWNlaG9sZGVyPSJWb3RyZSBub20iICByZXF1aXJlZD4KPC9kaXY+ClsvdmNfY29sdW1uXVt2Y19jb2x1bW4gd2lkdGg9IjEvMiJdPGRpdiBjbGFzcz0ibWItMyI+Cgk8bGFiZWwgZm9yPSJjb2dub21lLTE1NDUiIGNsYXNzPSJhY2ZkLWxhYmVsIGZvcm0tbGFiZWwiPk5vbSBkZSBmYW1pbGxlIDxhYmJyIHRpdGxlPSJSZXF1aXJlZCBmaWVsZCI+JiM0Mjs8L2FiYnI+PC9sYWJlbD4KCTxpbnB1dCB0eXBlPSJ0ZXh0IiBjbGFzcz0iZm9ybS1jb250cm9sICIgaWQ9ImNvZ25vbWUtMTU0NSIgbmFtZT0iY29nbm9tZSIgcGxhY2Vob2xkZXI9IlZvdHJlIG5vbSBkZSBmYW1pbGxlIiAgcmVxdWlyZWQ+CjwvZGl2PgpbL3ZjX2NvbHVtbl1bL3ZjX3Jvd11bdmNfcm93XVt2Y19jb2x1bW5dPGRpdiBjbGFzcz0ibWItMyI+Cgk8bGFiZWwgZm9yPSJlbWFpbC0xNTQ1IiBjbGFzcz0iYWNmZC1sYWJlbCBmb3JtLWxhYmVsIj5Db3VycmllciDDqWxlY3Ryb25pcXVlIDxhYmJyIHRpdGxlPSJSZXF1aXJlZCBmaWVsZCI+JiM0Mjs8L2FiYnI+PC9sYWJlbD4KCTxpbnB1dCB0eXBlPSJlbWFpbCIgY2xhc3M9ImZvcm0tY29udHJvbCAiIGlkPSJlbWFpbC0xNTQ1IiBuYW1lPSJlbWFpbCIgcGxhY2Vob2xkZXI9ImxhdHVhQGVtYWlsLml0IiAgcmVxdWlyZWQ+CjwvZGl2PgpbL3ZjX2NvbHVtbl1bL3ZjX3Jvd11bdmNfcm93XVt2Y19jb2x1bW5dPGRpdiBjbGFzcz0ibWItMyI+Cgk8bGFiZWwgZm9yPSJ0ZWxlZm9uby0xNTQ1IiBjbGFzcz0iYWNmZC1sYWJlbCBmb3JtLWxhYmVsIj5Uw6lsw6lwaG9uZSA8YWJiciB0aXRsZT0iUmVxdWlyZWQgZmllbGQiPiYjNDI7PC9hYmJyPjwvbGFiZWw+Cgk8aW5wdXQgdHlwZT0idGV4dCIgY2xhc3M9ImZvcm0tY29udHJvbCAiIGlkPSJ0ZWxlZm9uby0xNTQ1IiBuYW1lPSJ0ZWxlZm9ubyIgcGxhY2Vob2xkZXI9IiszOS4uLiIgIHJlcXVpcmVkPgo8L2Rpdj4KWy92Y19jb2x1bW5dWy92Y19yb3ddW3ZjX3Jvd11bdmNfY29sdW1uXTxkaXYgY2xhc3M9Im1iLTMiPgoJPGxhYmVsIGZvcj0ibWVzc2FnZ2lvLTE1NDUiPlZvdHJlIGRlbWFuZGUgPGFiYnIgdGl0bGU9IlJlcXVpcmVkIGZpZWxkIj4mIzQyOzwvYWJicj48L2xhYmVsPgoJPHRleHRhcmVhIGNsYXNzPSJmb3JtLWNvbnRyb2wgIiByb3dzPSI0IiBpZD0ibWVzc2FnZ2lvLTE1NDUiIG5hbWU9Im1lc3NhZ2dpbyIgYXJpYS1kZXNjcmliZWRieT0ibWVzc2FnZ2lvLTE1NDUtaGVscCIgICByZXF1aXJlZD48L3RleHRhcmVhPgoJPHNtYWxsIGlkPSJtZXNzYWdnaW8xNTQ1LWhlbHAiIGNsYXNzPSJmb3JtLXRleHQgdGV4dC1tdXRlZCI+U3BlY2lmaWNhIHF1aSBsYSB0dWEgcmljaGllc3RhPC9zbWFsbD4KPC9kaXY+ClsvdmNfY29sdW1uXVsvdmNfcm93XVt2Y19yb3ddW3ZjX2NvbHVtbl0JPGRpdiBjbGFzcz0iZm9ybS1jaGVjayBtYi0xIj4KCQk8aW5wdXQgdHlwZT0iY2hlY2tib3giIGNsYXNzPSJmb3JtLWNoZWNrLWlucHV0IiBpZD0icHJpdmFjeS0xNTQ1LTAiIG5hbWU9InByaXZhY3kiIHZhbHVlPSJhY2NvbnNlbnRvIiByZXF1aXJlZCAvPgoJCTxsYWJlbCBjbGFzcz0iZm9ybS1jaGVjay1sYWJlbCIgZm9yPSJwcml2YWN5LTE1NDUtMCI+SG8gcHJlc28gdmlzaW9uZSBkZWxsYSBwcml2YWN5IHBvbGljeSBlIGFjY29uc2VudG8gYWwgdHJhdHRhbWVudG8gZGVpIG1pZWkgZGF0aSBwZXJzb25hbGkgPGFiYnIgdGl0bGU9IlJlcXVpcmVkIGZpZWxkIj4mIzQyOzwvYWJicj48L2xhYmVsPgoJPC9kaXY+Cgk8ZGl2IGNsYXNzPSJmb3JtLWNoZWNrIG1iLTEiPgoJCTxpbnB1dCB0eXBlPSJjaGVja2JveCIgY2xhc3M9ImZvcm0tY2hlY2staW5wdXQiIGlkPSJuZXdzbGV0dGVyLTE1NDUtMCIgbmFtZT0ibmV3c2xldHRlciIgdmFsdWU9IkFERCIgLz4KCQk8bGFiZWwgY2xhc3M9ImZvcm0tY2hlY2stbGFiZWwiIGZvcj0ibmV3c2xldHRlci0xNTQ1LTAiPkRlc2lkZXJvIHJlc3RhcmUgaW5mb3JtYXRvIGUgcmljZXZlcmUgaW5mb3JtYXppb25pIHZpYSBlLW1haWwgc3VsbGUgbm92aXTDoCBlIGxlIG9mZmVydGUgZGVsIE1hcmFuZWxsbyB2aWxsYWdlPC9sYWJlbD4KCTwvZGl2PgpbL3ZjX2NvbHVtbl1bL3ZjX3Jvd11bdmNfcm93XVt2Y19jb2x1bW5dPGRpdiBjbGFzcz0iYnV0dG9uLXdyYXBwZXIgbWItMyI+Cgk8YnV0dG9uIHR5cGU9InN1Ym1pdCIgaWQ9ImludmlhLTE1NDUiIGNsYXNzPSJidG4gYnRuLWRlZmF1bHQiPkVudm95ZXIgdW5lIGRlbWFuZGUgPGkgY2xhc3M9ImJ0bi1pY29uIGZhcyBmYS1lbnZlbG9wZSI+PC9pPjwvYnV0dG9uPgo8L2Rpdj4KWy92Y19jb2x1bW5dWy92Y19yb3ddPGRpdiBjbGFzcz0ibW9kYWwgYWNmZC1mb3JtLXJlc3BvbnNlIiBkYXRhLWZvcm09ImZvcm0tIjE1NDUiIiB0YWJpbmRleD0iLTEiPjxkaXYgY2xhc3M9Im1vZGFsLWRpYWxvZyBtb2RhbC1kaWFsb2ctY2VudGVyZWQiPjxkaXYgY2xhc3M9Im1vZGFsLWNvbnRlbnQiPjxkaXYgY2xhc3M9Im1vZGFsLWhlYWRlciI+PGg1IGNsYXNzPSJtb2RhbC10aXRsZSI+PC9oNT48YnV0dG9uIHR5cGU9ImJ1dHRvbiIgY2xhc3M9ImJ0bi1jbG9zZSIgZGF0YS1icy1kaXNtaXNzPSJtb2RhbCIgYXJpYS1sYWJlbD0iQ2xvc2UiPjwvYnV0dG9uPjwvZGl2PjxkaXYgY2xhc3M9Im1vZGFsLWJvZHkiPjwvZGl2PjwvZGl2PjwvZGl2PjwvZGl2PjwvZm9ybT48L2Rpdj48L2Rpdj48L2Rpdj48L2Rpdj4=\">Vuoi sapere altro?<\/button>\r\n\t\t\t\t<\/div>[\/vc_column_inner][\/vc_row_inner][\/vc_column][vc_column css_animation=\u00a0\u00bbappear\u00a0\u00bb width=\u00a0\u00bb1\/2&Prime; css=\u00a0\u00bb.vc_custom_1772476860811{background-image: url(https:\/\/www.hotelmaranellovillage.com\/wp-content\/uploads\/2026\/03\/hotel-maranello-village-reception-pit-lane-by-night.jpg?id=161) !important;background-position: center !important;background-repeat: no-repeat !important;background-size: cover !important;}\u00a0\u00bb]<div title=\"Bienvenue au Maranello Village\" class=\"image-wrapper\">\n\t\t\t\t<figure class=\"aspect-image\" style=\"background-image:url('https:\/\/www.hotelmaranellovillage.com\/wp-content\/themes\/aitec\/img\/transparent-placeholder.png'); aspect-ratio: 4 \/ 3; \">\n\t\t\t\t\t<img decoding=\"async\" src=\"https:\/\/www.hotelmaranellovillage.com\/wp-content\/uploads\/2026\/03\/hotel-maranello-village-reception-pit-lane-by-night-1024x683.jpg\" alt=\"Bienvenue au Maranello Village\">\n\t\t\t\t\t<figcaption>Bienvenue au Maranello Village<\/figcaption>\n\t\t\t\t<\/figure>\n\t\t\t<\/div>[\/vc_column][\/vc_row][vc_row][vc_column][vc_empty_space height=\u00a0\u00bb4rem\u00a0\u00bb][\/vc_column][\/vc_row][vc_row content_placement=\u00a0\u00bbmiddle\u00a0\u00bb][vc_column width=\u00a0\u00bb1\/3&Prime;]<h2 class=\"deco-title sinistra with-subtitle\"> Comment rejoindre le <mark class=\"subtitle\">Maranello Village ?<\/mark><\/h2>[\/vc_column][vc_column width=\u00a0\u00bb2\/3&Prime;][vc_column_text css=\u00a0\u00bb\u00a0\u00bb]Nous nous situons au <a href=\"https:\/\/maps.app.goo.gl\/26VZ7Qa7WQt4CCqLA\" target=\"_blank\" rel=\"noopener\">Via Terra delle Rosse, 12 \u00e0 Maranello<\/a>, mais pour nous rejoindre plus facilement, nous vous conseillons de saisir <a href=\"https:\/\/maps.app.goo.gl\/hRG9Fku7qeaDbA6F8\" target=\"_blank\" rel=\"noopener\">Via Frattini<\/a> sur votre GPS.[\/vc_column_text][\/vc_column][\/vc_row][vc_row content_placement=\u00a0\u00bbmiddle\u00a0\u00bb css=\u00a0\u00bb.vc_custom_1775124109076{background-color: #E5E5E5 !important;}\u00a0\u00bb][vc_column width=\u00a0\u00bb1\/3&Prime;]<h2 class=\"deco-title sinistra with-subtitle\"> Check-in et <mark class=\"subtitle\">Check-out ?<\/mark><\/h2>[\/vc_column][vc_column width=\u00a0\u00bb2\/3&Prime;][vc_column_text css=\u00a0\u00bb\u00a0\u00bb]L\u2019enregistrement s\u2019effectue \u00e0 partir de 15h00 ; le d\u00e9part doit avoir lieu avant 11h00. Si vous souhaitez poursuivre votre tour de la Motor Valley le jour de votre d\u00e9part, vous pouvez laisser vos bagages \u00e0 notre r\u00e9ception.[\/vc_column_text][\/vc_column][\/vc_row][vc_row content_placement=\u00a0\u00bbmiddle\u00a0\u00bb][vc_column width=\u00a0\u00bb1\/3&Prime;]<h2 class=\"deco-title sinistra with-subtitle\"> Quelles cartes de cr\u00e9dit <mark class=\"subtitle\">acceptez-vous ?<\/mark><\/h2>[\/vc_column][vc_column width=\u00a0\u00bb2\/3&Prime;][vc_column_text css=\u00a0\u00bb\u00a0\u00bb]Nous acceptons les cartes de cr\u00e9dit des r\u00e9seaux Visa, Mastercard, JBC, Diners et American Express.[\/vc_column_text][\/vc_column][\/vc_row][vc_row content_placement=\u00a0\u00bbmiddle\u00a0\u00bb css=\u00a0\u00bb.vc_custom_1775124109076{background-color: #E5E5E5 !important;}\u00a0\u00bb][vc_column width=\u00a0\u00bb1\/3&Prime;]<h2 class=\"deco-title sinistra with-subtitle\"> Conditions d\u2019 <mark class=\"subtitle\">annulation ?<\/mark><\/h2>[\/vc_column][vc_column width=\u00a0\u00bb2\/3&Prime;][vc_column_text css=\u00a0\u00bb\u00a0\u00bb]Habituellement, pour les annulations effectu\u00e9es <strong>jusqu\u2019\u00e0 18h00 le jour de l\u2019arriv\u00e9e<\/strong>, aucun frais n\u2019est appliqu\u00e9, mais nous vous invitons \u00e0 toujours v\u00e9rifier les conditions d\u2019annulation lors de la r\u00e9servation, car elles peuvent varier selon les p\u00e9riodes et les offres.[\/vc_column_text][\/vc_column][\/vc_row][vc_row content_placement=\u00a0\u00bbmiddle\u00a0\u00bb][vc_column width=\u00a0\u00bb1\/3&Prime;]<h2 class=\"deco-title sinistra with-subtitle\"> Avez-vous un <mark class=\"subtitle\">parking ?<\/mark><\/h2>[\/vc_column][vc_column width=\u00a0\u00bb2\/3&Prime;][vc_column_text css=\u00a0\u00bb\u00a0\u00bb]Le parking ext\u00e9rieur est gratuit et dispose de 500 places ; notre garage souterrain sous vid\u00e9osurveillance est \u00e9galement disponible moyennant un suppl\u00e9ment.[\/vc_column_text][\/vc_column][\/vc_row][vc_row content_placement=\u00a0\u00bbmiddle\u00a0\u00bb css=\u00a0\u00bb.vc_custom_1775124109076{background-color: #E5E5E5 !important;}\u00a0\u00bb][vc_column width=\u00a0\u00bb1\/3&Prime;]<h2 class=\"deco-title sinistra with-subtitle\"> Acceptez-vous les <mark class=\"subtitle\">animaux ?<\/mark><\/h2>[\/vc_column][vc_column width=\u00a0\u00bb2\/3&Prime;][vc_column_text css=\u00a0\u00bb\u00a0\u00bb]Bien s\u00fbr, au Maranello Village, les <strong>animaux de petite taille<\/strong> s\u00e9journent gratuitement ; pour les plus grands, nous pouvons demander un suppl\u00e9ment allant jusqu\u2019\u00e0 20,00 \u20ac par jour.[\/vc_column_text][\/vc_column][\/vc_row][vc_row content_placement=\u00a0\u00bbmiddle\u00a0\u00bb][vc_column width=\u00a0\u00bb1\/3&Prime;]<h2 class=\"deco-title sinistra with-subtitle\"> Avez-vous une <mark class=\"subtitle\">connexion Wi-Fi ?<\/mark><\/h2>[\/vc_column][vc_column width=\u00a0\u00bb2\/3&Prime;][vc_column_text css=\u00a0\u00bb\u00a0\u00bb]Oui, nous disposons d\u2019une connexion Internet sans fil gratuite dans toutes les zones. Sur demande, nous fournissons \u00e9galement une connexion ultra-rapide payante.[\/vc_column_text][\/vc_column][\/vc_row][vc_row content_placement=\u00a0\u00bbmiddle\u00a0\u00bb css=\u00a0\u00bb.vc_custom_1775124109076{background-color: #E5E5E5 !important;}\u00a0\u00bb][vc_column width=\u00a0\u00bb1\/3&Prime;]<h2 class=\"deco-title sinistra with-subtitle\"> Mus\u00e9e <mark class=\"subtitle\">Ferrari<\/mark><\/h2>[\/vc_column][vc_column width=\u00a0\u00bb2\/3&Prime;][vc_column_text css=\u00a0\u00bb\u00a0\u00bb]Le Mus\u00e9e Ferrari de Maranello se trouve \u00e0 seulement 3,5 km de chez nous et vous pourrez le rejoindre facilement gr\u00e2ce \u00e0 notre navette gratuite disponible du lundi au samedi matin. Le Mus\u00e9e Enzo Ferrari se trouve quant \u00e0 lui \u00e0 Mod\u00e8ne et vous pouvez vous y rendre avec votre voiture ou avec la navette qui le relie au Mus\u00e9e Ferrari.[\/vc_column_text][\/vc_column][\/vc_row][vc_row][vc_column][vc_empty_space height=\u00a0\u00bb4rem\u00a0\u00bb][\/vc_column][\/vc_row]<\/p>\n<\/div>","protected":false},"excerpt":{"rendered":"<p>[vc_row full_width=\u00a0\u00bbstretch_row_content_no_spaces\u00a0\u00bb content_placement=\u00a0\u00bbmiddle\u00a0\u00bb css=\u00a0\u00bb.vc_custom_1775120510657{padding-top: 4em !important;padding-bottom: 4em !important;background-color: #101010 !important;}\u00a0\u00bb][vc_column css_animation=\u00a0\u00bbnone\u00a0\u00bb width=\u00a0\u00bb1\/2&Prime; el_class=\u00a0\u00bbdeco-column right\u00a0\u00bb][vc_row_inner][vc_column_inner width=\u00a0\u00bb5\/6&Prime; offset=\u00a0\u00bbvc_col-md-offset-2 vc_col-md-8 vc_col-sm-offset-1 vc_col-xs-offset-1 vc_col-xs-10&Prime; css=\u00a0\u00bb.vc_custom_1772553117214{padding-top: 4em !important;padding-bottom: 4em !important;}\u00a0\u00bb][vc_column_text css=\u00a0\u00bb\u00a0\u00bb]Voici ci-dessous quelques informations essentielles sur votre s\u00e9jour, ainsi que les questions utiles pour planifier votre passage ici au Maranello Village.[\/vc_column_text][\/vc_column_inner][\/vc_row_inner][\/vc_column][vc_column css_animation=\u00a0\u00bbappear\u00a0\u00bb width=\u00a0\u00bb1\/2&Prime; css=\u00a0\u00bb.vc_custom_1772476860811{background-image: url(https:\/\/www.hotelmaranellovillage.com\/wp-content\/uploads\/2026\/03\/hotel-maranello-village-reception-pit-lane-by-night.jpg?id=161) !important;background-position: center !important;background-repeat: no-repeat !important;background-size: [&hellip;]<\/p>\n","protected":false},"author":1,"featured_media":0,"parent":0,"menu_order":0,"comment_status":"closed","ping_status":"closed","template":"","meta":{"_acf_changed":false,"rs_blank_template":"","rs_page_bg_color":"","slide_template_v7":"","footnotes":""},"class_list":["post-1164","page","type-page","status-publish","hentry"],"acf":[],"yoast_head":"<!-- This site is optimized with the Yoast SEO plugin v27.5 - https:\/\/yoast.com\/product\/yoast-seo-wordpress\/ -->\n<title>F.A.Q. | Maranello Village - Hotel &amp; Residence Sito Ufficiale<\/title>\n<meta name=\"robots\" content=\"index, follow, max-snippet:-1, max-image-preview:large, max-video-preview:-1\" \/>\n<link rel=\"canonical\" href=\"https:\/\/www.hotelmaranellovillage.com\/fr\/f-a-q\/\" \/>\n<meta property=\"og:locale\" content=\"fr_FR\" \/>\n<meta property=\"og:type\" content=\"article\" \/>\n<meta property=\"og:title\" content=\"F.A.Q. | Maranello Village - Hotel &amp; Residence Sito Ufficiale\" \/>\n<meta property=\"og:description\" content=\"[vc_row full_width=\u00a0\u00bbstretch_row_content_no_spaces\u00a0\u00bb content_placement=\u00a0\u00bbmiddle\u00a0\u00bb css=\u00a0\u00bb.vc_custom_1775120510657{padding-top: 4em !important;padding-bottom: 4em !important;background-color: #101010 !important;}\u00a0\u00bb][vc_column css_animation=\u00a0\u00bbnone\u00a0\u00bb width=\u00a0\u00bb1\/2&Prime; el_class=\u00a0\u00bbdeco-column right\u00a0\u00bb][vc_row_inner][vc_column_inner width=\u00a0\u00bb5\/6&Prime; offset=\u00a0\u00bbvc_col-md-offset-2 vc_col-md-8 vc_col-sm-offset-1 vc_col-xs-offset-1 vc_col-xs-10&Prime; css=\u00a0\u00bb.vc_custom_1772553117214{padding-top: 4em !important;padding-bottom: 4em !important;}\u00a0\u00bb][vc_column_text css=\u00a0\u00bb\u00a0\u00bb]Voici ci-dessous quelques informations essentielles sur votre s\u00e9jour, ainsi que les questions utiles pour planifier votre passage ici au Maranello Village.[\/vc_column_text][\/vc_column_inner][\/vc_row_inner][\/vc_column][vc_column css_animation=\u00a0\u00bbappear\u00a0\u00bb width=\u00a0\u00bb1\/2&Prime; css=\u00a0\u00bb.vc_custom_1772476860811{background-image: url(https:\/\/www.hotelmaranellovillage.com\/wp-content\/uploads\/2026\/03\/hotel-maranello-village-reception-pit-lane-by-night.jpg?id=161) !important;background-position: center !important;background-repeat: no-repeat !important;background-size: [&hellip;]\" \/>\n<meta property=\"og:url\" content=\"https:\/\/www.hotelmaranellovillage.com\/fr\/f-a-q\/\" \/>\n<meta property=\"og:site_name\" content=\"Maranello Village\" \/>\n<meta property=\"article:publisher\" content=\"https:\/\/www.facebook.com\/MaranelloVillage\" \/>\n<meta property=\"article:modified_time\" content=\"2026-04-24T10:11:47+00:00\" \/>\n<meta property=\"og:image\" content=\"https:\/\/www.hotelmaranellovillage.com\/wp-content\/uploads\/2026\/04\/hotel-maranello-village-reception-2026.jpg\" \/>\n\t<meta property=\"og:image:width\" content=\"1200\" \/>\n\t<meta property=\"og:image:height\" content=\"675\" \/>\n\t<meta property=\"og:image:type\" content=\"image\/jpeg\" \/>\n<meta name=\"twitter:card\" content=\"summary_large_image\" \/>\n<meta name=\"twitter:label1\" content=\"Dur\u00e9e de lecture estim\u00e9e\" \/>\n\t<meta name=\"twitter:data1\" content=\"4 minutes\" \/>\n<script type=\"application\/ld+json\" class=\"yoast-schema-graph\">{\"@context\":\"https:\\\/\\\/schema.org\",\"@graph\":[{\"@type\":\"WebPage\",\"@id\":\"https:\\\/\\\/www.hotelmaranellovillage.com\\\/fr\\\/f-a-q\\\/\",\"url\":\"https:\\\/\\\/www.hotelmaranellovillage.com\\\/fr\\\/f-a-q\\\/\",\"name\":\"F.A.Q. | Maranello Village - Hotel & Residence Sito Ufficiale\",\"isPartOf\":{\"@id\":\"https:\\\/\\\/www.hotelmaranellovillage.com\\\/fr\\\/#website\"},\"datePublished\":\"2026-04-02T08:17:37+00:00\",\"dateModified\":\"2026-04-24T10:11:47+00:00\",\"breadcrumb\":{\"@id\":\"https:\\\/\\\/www.hotelmaranellovillage.com\\\/fr\\\/f-a-q\\\/#breadcrumb\"},\"inLanguage\":\"fr-FR\",\"potentialAction\":[{\"@type\":\"ReadAction\",\"target\":[\"https:\\\/\\\/www.hotelmaranellovillage.com\\\/fr\\\/f-a-q\\\/\"]}]},{\"@type\":\"BreadcrumbList\",\"@id\":\"https:\\\/\\\/www.hotelmaranellovillage.com\\\/fr\\\/f-a-q\\\/#breadcrumb\",\"itemListElement\":[{\"@type\":\"ListItem\",\"position\":1,\"name\":\"Home\",\"item\":\"https:\\\/\\\/www.hotelmaranellovillage.com\\\/fr\\\/page-daccueil\\\/\"},{\"@type\":\"ListItem\",\"position\":2,\"name\":\"F.A.Q.\"}]},{\"@type\":\"WebSite\",\"@id\":\"https:\\\/\\\/www.hotelmaranellovillage.com\\\/fr\\\/#website\",\"url\":\"https:\\\/\\\/www.hotelmaranellovillage.com\\\/fr\\\/\",\"name\":\"Maranello Village\",\"description\":\"Hotel &amp; Residence Sito Ufficiale\",\"publisher\":{\"@id\":\"https:\\\/\\\/www.hotelmaranellovillage.com\\\/fr\\\/#organization\"},\"alternateName\":\"HMV\",\"potentialAction\":[{\"@type\":\"SearchAction\",\"target\":{\"@type\":\"EntryPoint\",\"urlTemplate\":\"https:\\\/\\\/www.hotelmaranellovillage.com\\\/fr\\\/?s={search_term_string}\"},\"query-input\":{\"@type\":\"PropertyValueSpecification\",\"valueRequired\":true,\"valueName\":\"search_term_string\"}}],\"inLanguage\":\"fr-FR\"},{\"@type\":\"Organization\",\"@id\":\"https:\\\/\\\/www.hotelmaranellovillage.com\\\/fr\\\/#organization\",\"name\":\"Hotel & Residence 4 stelle\",\"url\":\"https:\\\/\\\/www.hotelmaranellovillage.com\\\/fr\\\/\",\"logo\":{\"@type\":\"ImageObject\",\"inLanguage\":\"fr-FR\",\"@id\":\"https:\\\/\\\/www.hotelmaranellovillage.com\\\/fr\\\/#\\\/schema\\\/logo\\\/image\\\/\",\"url\":\"https:\\\/\\\/www.hotelmaranellovillage.com\\\/wp-content\\\/uploads\\\/2026\\\/04\\\/maranello-village-logo-2026.png\",\"contentUrl\":\"https:\\\/\\\/www.hotelmaranellovillage.com\\\/wp-content\\\/uploads\\\/2026\\\/04\\\/maranello-village-logo-2026.png\",\"width\":800,\"height\":256,\"caption\":\"Hotel & Residence 4 stelle\"},\"image\":{\"@id\":\"https:\\\/\\\/www.hotelmaranellovillage.com\\\/fr\\\/#\\\/schema\\\/logo\\\/image\\\/\"},\"sameAs\":[\"https:\\\/\\\/www.facebook.com\\\/MaranelloVillage\",\"https:\\\/\\\/www.instagram.com\\\/hotelmaranellovillage\\\/\",\"https:\\\/\\\/it.linkedin.com\\\/company\\\/maranello-village-hotel-\"]}]}<\/script>\n<!-- \/ Yoast SEO plugin. -->","yoast_head_json":{"title":"F.A.Q. | Maranello Village - Hotel & Residence Sito Ufficiale","robots":{"index":"index","follow":"follow","max-snippet":"max-snippet:-1","max-image-preview":"max-image-preview:large","max-video-preview":"max-video-preview:-1"},"canonical":"https:\/\/www.hotelmaranellovillage.com\/fr\/f-a-q\/","og_locale":"fr_FR","og_type":"article","og_title":"F.A.Q. | Maranello Village - Hotel & Residence Sito Ufficiale","og_description":"[vc_row full_width=\u00a0\u00bbstretch_row_content_no_spaces\u00a0\u00bb content_placement=\u00a0\u00bbmiddle\u00a0\u00bb css=\u00a0\u00bb.vc_custom_1775120510657{padding-top: 4em !important;padding-bottom: 4em !important;background-color: #101010 !important;}\u00a0\u00bb][vc_column css_animation=\u00a0\u00bbnone\u00a0\u00bb width=\u00a0\u00bb1\/2&Prime; el_class=\u00a0\u00bbdeco-column right\u00a0\u00bb][vc_row_inner][vc_column_inner width=\u00a0\u00bb5\/6&Prime; offset=\u00a0\u00bbvc_col-md-offset-2 vc_col-md-8 vc_col-sm-offset-1 vc_col-xs-offset-1 vc_col-xs-10&Prime; css=\u00a0\u00bb.vc_custom_1772553117214{padding-top: 4em !important;padding-bottom: 4em !important;}\u00a0\u00bb][vc_column_text css=\u00a0\u00bb\u00a0\u00bb]Voici ci-dessous quelques informations essentielles sur votre s\u00e9jour, ainsi que les questions utiles pour planifier votre passage ici au Maranello Village.[\/vc_column_text][\/vc_column_inner][\/vc_row_inner][\/vc_column][vc_column css_animation=\u00a0\u00bbappear\u00a0\u00bb width=\u00a0\u00bb1\/2&Prime; css=\u00a0\u00bb.vc_custom_1772476860811{background-image: url(https:\/\/www.hotelmaranellovillage.com\/wp-content\/uploads\/2026\/03\/hotel-maranello-village-reception-pit-lane-by-night.jpg?id=161) !important;background-position: center !important;background-repeat: no-repeat !important;background-size: [&hellip;]","og_url":"https:\/\/www.hotelmaranellovillage.com\/fr\/f-a-q\/","og_site_name":"Maranello Village","article_publisher":"https:\/\/www.facebook.com\/MaranelloVillage","article_modified_time":"2026-04-24T10:11:47+00:00","og_image":[{"width":1200,"height":675,"url":"https:\/\/www.hotelmaranellovillage.com\/wp-content\/uploads\/2026\/04\/hotel-maranello-village-reception-2026.jpg","type":"image\/jpeg"}],"twitter_card":"summary_large_image","twitter_misc":{"Dur\u00e9e de lecture estim\u00e9e":"4 minutes"},"schema":{"@context":"https:\/\/schema.org","@graph":[{"@type":"WebPage","@id":"https:\/\/www.hotelmaranellovillage.com\/fr\/f-a-q\/","url":"https:\/\/www.hotelmaranellovillage.com\/fr\/f-a-q\/","name":"F.A.Q. | Maranello Village - Hotel & Residence Sito Ufficiale","isPartOf":{"@id":"https:\/\/www.hotelmaranellovillage.com\/fr\/#website"},"datePublished":"2026-04-02T08:17:37+00:00","dateModified":"2026-04-24T10:11:47+00:00","breadcrumb":{"@id":"https:\/\/www.hotelmaranellovillage.com\/fr\/f-a-q\/#breadcrumb"},"inLanguage":"fr-FR","potentialAction":[{"@type":"ReadAction","target":["https:\/\/www.hotelmaranellovillage.com\/fr\/f-a-q\/"]}]},{"@type":"BreadcrumbList","@id":"https:\/\/www.hotelmaranellovillage.com\/fr\/f-a-q\/#breadcrumb","itemListElement":[{"@type":"ListItem","position":1,"name":"Home","item":"https:\/\/www.hotelmaranellovillage.com\/fr\/page-daccueil\/"},{"@type":"ListItem","position":2,"name":"F.A.Q."}]},{"@type":"WebSite","@id":"https:\/\/www.hotelmaranellovillage.com\/fr\/#website","url":"https:\/\/www.hotelmaranellovillage.com\/fr\/","name":"Maranello Village","description":"Hotel &amp; Residence Sito Ufficiale","publisher":{"@id":"https:\/\/www.hotelmaranellovillage.com\/fr\/#organization"},"alternateName":"HMV","potentialAction":[{"@type":"SearchAction","target":{"@type":"EntryPoint","urlTemplate":"https:\/\/www.hotelmaranellovillage.com\/fr\/?s={search_term_string}"},"query-input":{"@type":"PropertyValueSpecification","valueRequired":true,"valueName":"search_term_string"}}],"inLanguage":"fr-FR"},{"@type":"Organization","@id":"https:\/\/www.hotelmaranellovillage.com\/fr\/#organization","name":"Hotel & Residence 4 stelle","url":"https:\/\/www.hotelmaranellovillage.com\/fr\/","logo":{"@type":"ImageObject","inLanguage":"fr-FR","@id":"https:\/\/www.hotelmaranellovillage.com\/fr\/#\/schema\/logo\/image\/","url":"https:\/\/www.hotelmaranellovillage.com\/wp-content\/uploads\/2026\/04\/maranello-village-logo-2026.png","contentUrl":"https:\/\/www.hotelmaranellovillage.com\/wp-content\/uploads\/2026\/04\/maranello-village-logo-2026.png","width":800,"height":256,"caption":"Hotel & Residence 4 stelle"},"image":{"@id":"https:\/\/www.hotelmaranellovillage.com\/fr\/#\/schema\/logo\/image\/"},"sameAs":["https:\/\/www.facebook.com\/MaranelloVillage","https:\/\/www.instagram.com\/hotelmaranellovillage\/","https:\/\/it.linkedin.com\/company\/maranello-village-hotel-"]}]}},"_links":{"self":[{"href":"https:\/\/www.hotelmaranellovillage.com\/fr\/wp-json\/wp\/v2\/pages\/1164","targetHints":{"allow":["GET"]}}],"collection":[{"href":"https:\/\/www.hotelmaranellovillage.com\/fr\/wp-json\/wp\/v2\/pages"}],"about":[{"href":"https:\/\/www.hotelmaranellovillage.com\/fr\/wp-json\/wp\/v2\/types\/page"}],"author":[{"embeddable":true,"href":"https:\/\/www.hotelmaranellovillage.com\/fr\/wp-json\/wp\/v2\/users\/1"}],"replies":[{"embeddable":true,"href":"https:\/\/www.hotelmaranellovillage.com\/fr\/wp-json\/wp\/v2\/comments?post=1164"}],"version-history":[{"count":3,"href":"https:\/\/www.hotelmaranellovillage.com\/fr\/wp-json\/wp\/v2\/pages\/1164\/revisions"}],"predecessor-version":[{"id":1386,"href":"https:\/\/www.hotelmaranellovillage.com\/fr\/wp-json\/wp\/v2\/pages\/1164\/revisions\/1386"}],"wp:attachment":[{"href":"https:\/\/www.hotelmaranellovillage.com\/fr\/wp-json\/wp\/v2\/media?parent=1164"}],"curies":[{"name":"wp","href":"https:\/\/api.w.org\/{rel}","templated":true}]}}