{"id":1160,"date":"2026-03-18T13:32:51","date_gmt":"2026-03-18T12:32:51","guid":{"rendered":"https:\/\/web.hotelmaranellovillage.com\/maranello-et-ses-environs\/degustation-du-vinaigre-balsamique-de-modene\/"},"modified":"2026-04-24T12:22:54","modified_gmt":"2026-04-24T10:22:54","slug":"degustation-du-vinaigre-balsamique-de-modene","status":"publish","type":"page","link":"https:\/\/www.hotelmaranellovillage.com\/fr\/maranello-et-ses-environs\/degustation-du-vinaigre-balsamique-de-modene\/","title":{"rendered":"D\u00e9gustation du vinaigre balsamique de Mod\u00e8ne"},"content":{"rendered":"<div class=\"wpb-content-wrapper\"><p>[vc_row full_width=\u00a0\u00bbstretch_row_content_no_spaces\u00a0\u00bb content_placement=\u00a0\u00bbmiddle\u00a0\u00bb css=\u00a0\u00bb.vc_custom_1772648524312{padding-top: 4em !important;padding-bottom: 4em !important;background-color: #101010 !important;}\u00a0\u00bb][vc_column css_animation=\u00a0\u00bbnone\u00a0\u00bb width=\u00a0\u00bb1\/2&Prime; el_class=\u00a0\u00bbdeco-column right\u00a0\u00bb][vc_row_inner][vc_column_inner width=\u00a0\u00bb5\/6&Prime; offset=\u00a0\u00bbvc_col-md-offset-2 vc_col-md-8 vc_col-sm-offset-1 vc_col-xs-offset-1 vc_col-xs-10&Prime; css=\u00a0\u00bb.vc_custom_1772553117214{padding-top: 4em !important;padding-bottom: 4em !important;}\u00a0\u00bb]<h1 class=\"deco-title sinistra\"><span class=\"eyelet\">Que faire \u00e0 Maranello ?<\/span> D\u00e9gustation du Vinaigre Balsamique   <mark class=\"subtitle\">Traditionnel de Mod\u00e8ne<\/mark><\/h1>[vc_column_text css=\u00a0\u00bb\u00a0\u00bb]L\u2019<strong>Aceto balsamico tradizionale di Modena<\/strong> est le produit embl\u00e9matique de la culture gastronomique locale, connu et appr\u00e9ci\u00e9 dans le monde entier pour sa <strong>saveur unique<\/strong>. C\u2019est un atout majeur pour les meilleurs chefs internationaux et il est de plus en plus pr\u00e9sent sur les tables du monde entier.<\/p>\n<p>Les secrets de sa production sont gard\u00e9s par les familles au sein des vinaigreries historiques, dont le territoire est riche. Aujourd\u2019hui, plusieurs vinaigreries historiques de la r\u00e9gion organisent des <strong>visites et des parcours de d\u00e9gustation<\/strong>, offrant ainsi l\u2019occasion de d\u00e9couvrir ce produit fascinant et peut-\u00eatre de repartir avec un souvenir vraiment sp\u00e9cial.[\/vc_column_text]<div class=\"button-wrapper left\">\r\n\t\t\t\t\t<button type=\"button\" class=\"btn btn-default modal-btn\" data-bs-target=\"#form-69f4c8ee11c3f-modal\" data-modal=\"PGRpdiBjbGFzcz0ibW9kYWwgZmFkZSIgaWQ9ImZvcm0tMTU0NS1tb2RhbCIgdGFiaW5kZXg9Ii0xIiBhcmlhLWxhYmVsbGVkYnk9ImZvcm0tMTU0NS1tb2RhbC1sYWJlbCIgYXJpYS1oaWRkZW49InRydWUiPjxkaXYgY2xhc3M9Im1vZGFsLWRpYWxvZyBtb2RhbC1kaWFsb2ctY2VudGVyZWQiPjxkaXYgY2xhc3M9Im1vZGFsLWNvbnRlbnQiPjxkaXYgY2xhc3M9Im1vZGFsLWhlYWRlciI+PGg1IGNsYXNzPSJtb2RhbC10aXRsZSIgaWQ9ImZvcm0tMTU0NS1tb2RhbC1sYWJlbCI+UmljaGllZGkgaW5mb3JtYXppb25pPC9oNT48YnV0dG9uIHR5cGU9ImJ1dHRvbiIgY2xhc3M9ImJ0bi1jbG9zZSIgZGF0YS1icy1kaXNtaXNzPSJtb2RhbCIgYXJpYS1sYWJlbD0iQ2xvc2UiPjwvYnV0dG9uPjwvZGl2PjxkaXYgY2xhc3M9Im1vZGFsLWJvZHkiPjxmb3JtIGlkPSJmb3JtLTE1NDUiIGNsYXNzPSJhY2ZkLWZvcm0gbmVlZHMtdmFsaWRhdGlvbiIgbm92YWxpZGF0ZSBkYXRhLXJlY2FwdGNoYT0iIiBkYXRhLWdvb2dsZV9hbmFseXRpY3M9ImZhbHNlIj48aW5wdXQgdHlwZT0iaGlkZGVuIiBuYW1lPSJhY2ZkX2Zvcm1faWQiIHZhbHVlPSIxNTQ1Ij48aW5wdXQgdHlwZT0iaGlkZGVuIiBuYW1lPSJhY2ZkX3JlbW90ZV9hZGRyIiB2YWx1ZT0iMjE2LjczLjIxNi4xMTIiPjxpbnB1dCB0eXBlPSJoaWRkZW4iIG5hbWU9ImFjZmRfcmVxdWVzdF91cmkiIHZhbHVlPSIvZnIvd3AtanNvbi93cC92Mi9wYWdlcy8xMTYwIj48aW5wdXQgdHlwZT0iaGlkZGVuIiBuYW1lPSJhY2ZkX3VzZXJfYWdlbnQiIHZhbHVlPSJNb3ppbGxhLzUuMCBBcHBsZVdlYktpdC81MzcuMzYgKEtIVE1MLCBsaWtlIEdlY2tvOyBjb21wYXRpYmxlOyBDbGF1ZGVCb3QvMS4wOyArY2xhdWRlYm90QGFudGhyb3BpYy5jb20pIj48aW5wdXQgdHlwZT0iaGlkZGVuIiBuYW1lPSJhY2ZkX2NvbXBsZXRlX3VybCIgdmFsdWU9Imh0dHBzOi8vd3d3LmhvdGVsbWFyYW5lbGxvdmlsbGFnZS5jb20vZnIvd3AtanNvbi93cC92Mi9wYWdlcy8xMTYwIj5bdmNfcm93IGdhcD0iMTUiXVt2Y19jb2x1bW4gd2lkdGg9IjEvMiJdPGRpdiBjbGFzcz0ibWItMyI+Cgk8bGFiZWwgZm9yPSJub21lLTE1NDUiIGNsYXNzPSJhY2ZkLWxhYmVsIGZvcm0tbGFiZWwiPk5vbSA8YWJiciB0aXRsZT0iUmVxdWlyZWQgZmllbGQiPiYjNDI7PC9hYmJyPjwvbGFiZWw+Cgk8aW5wdXQgdHlwZT0idGV4dCIgY2xhc3M9ImZvcm0tY29udHJvbCAiIGlkPSJub21lLTE1NDUiIG5hbWU9Im5vbWUiIHBsYWNlaG9sZGVyPSJWb3RyZSBub20iICByZXF1aXJlZD4KPC9kaXY+ClsvdmNfY29sdW1uXVt2Y19jb2x1bW4gd2lkdGg9IjEvMiJdPGRpdiBjbGFzcz0ibWItMyI+Cgk8bGFiZWwgZm9yPSJjb2dub21lLTE1NDUiIGNsYXNzPSJhY2ZkLWxhYmVsIGZvcm0tbGFiZWwiPk5vbSBkZSBmYW1pbGxlIDxhYmJyIHRpdGxlPSJSZXF1aXJlZCBmaWVsZCI+JiM0Mjs8L2FiYnI+PC9sYWJlbD4KCTxpbnB1dCB0eXBlPSJ0ZXh0IiBjbGFzcz0iZm9ybS1jb250cm9sICIgaWQ9ImNvZ25vbWUtMTU0NSIgbmFtZT0iY29nbm9tZSIgcGxhY2Vob2xkZXI9IlZvdHJlIG5vbSBkZSBmYW1pbGxlIiAgcmVxdWlyZWQ+CjwvZGl2PgpbL3ZjX2NvbHVtbl1bL3ZjX3Jvd11bdmNfcm93XVt2Y19jb2x1bW5dPGRpdiBjbGFzcz0ibWItMyI+Cgk8bGFiZWwgZm9yPSJlbWFpbC0xNTQ1IiBjbGFzcz0iYWNmZC1sYWJlbCBmb3JtLWxhYmVsIj5Db3VycmllciDDqWxlY3Ryb25pcXVlIDxhYmJyIHRpdGxlPSJSZXF1aXJlZCBmaWVsZCI+JiM0Mjs8L2FiYnI+PC9sYWJlbD4KCTxpbnB1dCB0eXBlPSJlbWFpbCIgY2xhc3M9ImZvcm0tY29udHJvbCAiIGlkPSJlbWFpbC0xNTQ1IiBuYW1lPSJlbWFpbCIgcGxhY2Vob2xkZXI9ImxhdHVhQGVtYWlsLml0IiAgcmVxdWlyZWQ+CjwvZGl2PgpbL3ZjX2NvbHVtbl1bL3ZjX3Jvd11bdmNfcm93XVt2Y19jb2x1bW5dPGRpdiBjbGFzcz0ibWItMyI+Cgk8bGFiZWwgZm9yPSJ0ZWxlZm9uby0xNTQ1IiBjbGFzcz0iYWNmZC1sYWJlbCBmb3JtLWxhYmVsIj5Uw6lsw6lwaG9uZSA8YWJiciB0aXRsZT0iUmVxdWlyZWQgZmllbGQiPiYjNDI7PC9hYmJyPjwvbGFiZWw+Cgk8aW5wdXQgdHlwZT0idGV4dCIgY2xhc3M9ImZvcm0tY29udHJvbCAiIGlkPSJ0ZWxlZm9uby0xNTQ1IiBuYW1lPSJ0ZWxlZm9ubyIgcGxhY2Vob2xkZXI9IiszOS4uLiIgIHJlcXVpcmVkPgo8L2Rpdj4KWy92Y19jb2x1bW5dWy92Y19yb3ddW3ZjX3Jvd11bdmNfY29sdW1uXTxkaXYgY2xhc3M9Im1iLTMiPgoJPGxhYmVsIGZvcj0ibWVzc2FnZ2lvLTE1NDUiPlZvdHJlIGRlbWFuZGUgPGFiYnIgdGl0bGU9IlJlcXVpcmVkIGZpZWxkIj4mIzQyOzwvYWJicj48L2xhYmVsPgoJPHRleHRhcmVhIGNsYXNzPSJmb3JtLWNvbnRyb2wgIiByb3dzPSI0IiBpZD0ibWVzc2FnZ2lvLTE1NDUiIG5hbWU9Im1lc3NhZ2dpbyIgYXJpYS1kZXNjcmliZWRieT0ibWVzc2FnZ2lvLTE1NDUtaGVscCIgICByZXF1aXJlZD48L3RleHRhcmVhPgoJPHNtYWxsIGlkPSJtZXNzYWdnaW8xNTQ1LWhlbHAiIGNsYXNzPSJmb3JtLXRleHQgdGV4dC1tdXRlZCI+U3BlY2lmaWNhIHF1aSBsYSB0dWEgcmljaGllc3RhPC9zbWFsbD4KPC9kaXY+ClsvdmNfY29sdW1uXVsvdmNfcm93XVt2Y19yb3ddW3ZjX2NvbHVtbl0JPGRpdiBjbGFzcz0iZm9ybS1jaGVjayBtYi0xIj4KCQk8aW5wdXQgdHlwZT0iY2hlY2tib3giIGNsYXNzPSJmb3JtLWNoZWNrLWlucHV0IiBpZD0icHJpdmFjeS0xNTQ1LTAiIG5hbWU9InByaXZhY3kiIHZhbHVlPSJhY2NvbnNlbnRvIiByZXF1aXJlZCAvPgoJCTxsYWJlbCBjbGFzcz0iZm9ybS1jaGVjay1sYWJlbCIgZm9yPSJwcml2YWN5LTE1NDUtMCI+SG8gcHJlc28gdmlzaW9uZSBkZWxsYSBwcml2YWN5IHBvbGljeSBlIGFjY29uc2VudG8gYWwgdHJhdHRhbWVudG8gZGVpIG1pZWkgZGF0aSBwZXJzb25hbGkgPGFiYnIgdGl0bGU9IlJlcXVpcmVkIGZpZWxkIj4mIzQyOzwvYWJicj48L2xhYmVsPgoJPC9kaXY+Cgk8ZGl2IGNsYXNzPSJmb3JtLWNoZWNrIG1iLTEiPgoJCTxpbnB1dCB0eXBlPSJjaGVja2JveCIgY2xhc3M9ImZvcm0tY2hlY2staW5wdXQiIGlkPSJuZXdzbGV0dGVyLTE1NDUtMCIgbmFtZT0ibmV3c2xldHRlciIgdmFsdWU9IkFERCIgLz4KCQk8bGFiZWwgY2xhc3M9ImZvcm0tY2hlY2stbGFiZWwiIGZvcj0ibmV3c2xldHRlci0xNTQ1LTAiPkRlc2lkZXJvIHJlc3RhcmUgaW5mb3JtYXRvIGUgcmljZXZlcmUgaW5mb3JtYXppb25pIHZpYSBlLW1haWwgc3VsbGUgbm92aXTDoCBlIGxlIG9mZmVydGUgZGVsIE1hcmFuZWxsbyB2aWxsYWdlPC9sYWJlbD4KCTwvZGl2PgpbL3ZjX2NvbHVtbl1bL3ZjX3Jvd11bdmNfcm93XVt2Y19jb2x1bW5dPGRpdiBjbGFzcz0iYnV0dG9uLXdyYXBwZXIgbWItMyI+Cgk8YnV0dG9uIHR5cGU9InN1Ym1pdCIgaWQ9ImludmlhLTE1NDUiIGNsYXNzPSJidG4gYnRuLWRlZmF1bHQiPkVudm95ZXIgdW5lIGRlbWFuZGUgPGkgY2xhc3M9ImJ0bi1pY29uIGZhcyBmYS1lbnZlbG9wZSI+PC9pPjwvYnV0dG9uPgo8L2Rpdj4KWy92Y19jb2x1bW5dWy92Y19yb3ddPGRpdiBjbGFzcz0ibW9kYWwgYWNmZC1mb3JtLXJlc3BvbnNlIiBkYXRhLWZvcm09ImZvcm0tIjE1NDUiIiB0YWJpbmRleD0iLTEiPjxkaXYgY2xhc3M9Im1vZGFsLWRpYWxvZyBtb2RhbC1kaWFsb2ctY2VudGVyZWQiPjxkaXYgY2xhc3M9Im1vZGFsLWNvbnRlbnQiPjxkaXYgY2xhc3M9Im1vZGFsLWhlYWRlciI+PGg1IGNsYXNzPSJtb2RhbC10aXRsZSI+PC9oNT48YnV0dG9uIHR5cGU9ImJ1dHRvbiIgY2xhc3M9ImJ0bi1jbG9zZSIgZGF0YS1icy1kaXNtaXNzPSJtb2RhbCIgYXJpYS1sYWJlbD0iQ2xvc2UiPjwvYnV0dG9uPjwvZGl2PjxkaXYgY2xhc3M9Im1vZGFsLWJvZHkiPjwvZGl2PjwvZGl2PjwvZGl2PjwvZGl2PjwvZm9ybT48L2Rpdj48L2Rpdj48L2Rpdj48L2Rpdj4=\">Richiedi informazioni<\/button>\r\n\t\t\t\t<\/div>[\/vc_column_inner][\/vc_row_inner][\/vc_column][vc_column css_animation=\u00a0\u00bbappear\u00a0\u00bb width=\u00a0\u00bb1\/2&Prime; css=\u00a0\u00bb.vc_custom_1773914421190{background-image: url(https:\/\/www.hotelmaranellovillage.com\/wp-content\/uploads\/2026\/03\/hotel-maranello-village-degustazione-acetaie-modena.jpg?id=370) !important;background-position: center !important;background-repeat: no-repeat !important;background-size: cover !important;}\u00a0\u00bb]<div title=\"H\u00f4tel Maranello Village - Aux alentours de Maranello - D\u00e9gustation en vinaigrerie\" class=\"image-wrapper\">\n\t\t\t\t<figure class=\"aspect-image\" style=\"background-image:url('https:\/\/www.hotelmaranellovillage.com\/wp-content\/themes\/aitec\/img\/transparent-placeholder.png'); aspect-ratio: 4 \/ 3; \">\n\t\t\t\t\t<img decoding=\"async\" src=\"https:\/\/www.hotelmaranellovillage.com\/wp-content\/uploads\/2026\/03\/hotel-maranello-village-degustazione-acetaie-modena-1024x683.jpg\" alt=\"H\u00f4tel Maranello Village - Aux alentours de Maranello - D\u00e9gustation en vinaigrerie\">\n\t\t\t\t\t<figcaption>H\u00f4tel Maranello Village - Aux alentours de Maranello - D\u00e9gustation en vinaigrerie<\/figcaption>\n\t\t\t\t<\/figure>\n\t\t\t<\/div>[\/vc_column][\/vc_row]<\/p>\n<\/div>","protected":false},"excerpt":{"rendered":"<p>[vc_row full_width=\u00a0\u00bbstretch_row_content_no_spaces\u00a0\u00bb content_placement=\u00a0\u00bbmiddle\u00a0\u00bb css=\u00a0\u00bb.vc_custom_1772648524312{padding-top: 4em !important;padding-bottom: 4em !important;background-color: #101010 !important;}\u00a0\u00bb][vc_column css_animation=\u00a0\u00bbnone\u00a0\u00bb width=\u00a0\u00bb1\/2&Prime; el_class=\u00a0\u00bbdeco-column right\u00a0\u00bb][vc_row_inner][vc_column_inner width=\u00a0\u00bb5\/6&Prime; offset=\u00a0\u00bbvc_col-md-offset-2 vc_col-md-8 vc_col-sm-offset-1 vc_col-xs-offset-1 vc_col-xs-10&Prime; css=\u00a0\u00bb.vc_custom_1772553117214{padding-top: 4em !important;padding-bottom: 4em !important;}\u00a0\u00bb][vc_column_text css=\u00a0\u00bb\u00a0\u00bb]L\u2019Aceto balsamico tradizionale di Modena est le produit embl\u00e9matique de la culture gastronomique locale, connu et appr\u00e9ci\u00e9 dans le monde entier pour sa saveur unique. C\u2019est un atout majeur pour [&hellip;]<\/p>\n","protected":false},"author":1,"featured_media":1161,"parent":961,"menu_order":0,"comment_status":"closed","ping_status":"closed","template":"","meta":{"_acf_changed":false,"rs_blank_template":"","rs_page_bg_color":"","slide_template_v7":"","footnotes":""},"class_list":["post-1160","page","type-page","status-publish","has-post-thumbnail","hentry"],"acf":[],"yoast_head":"<!-- This site is optimized with the Yoast SEO plugin v27.5 - https:\/\/yoast.com\/product\/yoast-seo-wordpress\/ -->\n<title>D\u00e9gustation du vinaigre balsamique de Mod\u00e8ne | Maranello Village - Hotel &amp; Residence Sito Ufficiale<\/title>\n<meta name=\"robots\" content=\"index, follow, max-snippet:-1, max-image-preview:large, max-video-preview:-1\" \/>\n<link rel=\"canonical\" href=\"https:\/\/www.hotelmaranellovillage.com\/fr\/maranello-et-ses-environs\/degustation-du-vinaigre-balsamique-de-modene\/\" \/>\n<meta property=\"og:locale\" content=\"fr_FR\" \/>\n<meta property=\"og:type\" content=\"article\" \/>\n<meta property=\"og:title\" content=\"D\u00e9gustation du vinaigre balsamique de Mod\u00e8ne | Maranello Village - Hotel &amp; Residence Sito Ufficiale\" \/>\n<meta property=\"og:description\" content=\"[vc_row full_width=\u00a0\u00bbstretch_row_content_no_spaces\u00a0\u00bb content_placement=\u00a0\u00bbmiddle\u00a0\u00bb css=\u00a0\u00bb.vc_custom_1772648524312{padding-top: 4em !important;padding-bottom: 4em !important;background-color: #101010 !important;}\u00a0\u00bb][vc_column css_animation=\u00a0\u00bbnone\u00a0\u00bb width=\u00a0\u00bb1\/2&Prime; el_class=\u00a0\u00bbdeco-column right\u00a0\u00bb][vc_row_inner][vc_column_inner width=\u00a0\u00bb5\/6&Prime; offset=\u00a0\u00bbvc_col-md-offset-2 vc_col-md-8 vc_col-sm-offset-1 vc_col-xs-offset-1 vc_col-xs-10&Prime; css=\u00a0\u00bb.vc_custom_1772553117214{padding-top: 4em !important;padding-bottom: 4em !important;}\u00a0\u00bb][vc_column_text css=\u00a0\u00bb\u00a0\u00bb]L\u2019Aceto balsamico tradizionale di Modena est le produit embl\u00e9matique de la culture gastronomique locale, connu et appr\u00e9ci\u00e9 dans le monde entier pour sa saveur unique. C\u2019est un atout majeur pour [&hellip;]\" \/>\n<meta property=\"og:url\" content=\"https:\/\/www.hotelmaranellovillage.com\/fr\/maranello-et-ses-environs\/degustation-du-vinaigre-balsamique-de-modene\/\" \/>\n<meta property=\"og:site_name\" content=\"Maranello Village\" \/>\n<meta property=\"article:publisher\" content=\"https:\/\/www.facebook.com\/MaranelloVillage\" \/>\n<meta property=\"article:modified_time\" content=\"2026-04-24T10:22:54+00:00\" \/>\n<meta property=\"og:image\" content=\"https:\/\/www.hotelmaranellovillage.com\/wp-content\/uploads\/2026\/03\/hotel-maranello-village-degustazione-acetaie-modena.jpg\" \/>\n\t<meta property=\"og:image:width\" content=\"1200\" \/>\n\t<meta property=\"og:image:height\" content=\"800\" \/>\n\t<meta property=\"og:image:type\" content=\"image\/jpeg\" \/>\n<meta name=\"twitter:card\" content=\"summary_large_image\" \/>\n<meta name=\"twitter:label1\" content=\"Dur\u00e9e de lecture estim\u00e9e\" \/>\n\t<meta name=\"twitter:data1\" content=\"1 minute\" \/>\n<script type=\"application\/ld+json\" class=\"yoast-schema-graph\">{\"@context\":\"https:\\\/\\\/schema.org\",\"@graph\":[{\"@type\":\"WebPage\",\"@id\":\"https:\\\/\\\/www.hotelmaranellovillage.com\\\/fr\\\/maranello-et-ses-environs\\\/degustation-du-vinaigre-balsamique-de-modene\\\/\",\"url\":\"https:\\\/\\\/www.hotelmaranellovillage.com\\\/fr\\\/maranello-et-ses-environs\\\/degustation-du-vinaigre-balsamique-de-modene\\\/\",\"name\":\"D\u00e9gustation du vinaigre balsamique de Mod\u00e8ne | Maranello Village - Hotel & Residence Sito Ufficiale\",\"isPartOf\":{\"@id\":\"https:\\\/\\\/www.hotelmaranellovillage.com\\\/fr\\\/#website\"},\"primaryImageOfPage\":{\"@id\":\"https:\\\/\\\/www.hotelmaranellovillage.com\\\/fr\\\/maranello-et-ses-environs\\\/degustation-du-vinaigre-balsamique-de-modene\\\/#primaryimage\"},\"image\":{\"@id\":\"https:\\\/\\\/www.hotelmaranellovillage.com\\\/fr\\\/maranello-et-ses-environs\\\/degustation-du-vinaigre-balsamique-de-modene\\\/#primaryimage\"},\"thumbnailUrl\":\"https:\\\/\\\/www.hotelmaranellovillage.com\\\/wp-content\\\/uploads\\\/2026\\\/03\\\/hotel-maranello-village-degustazione-acetaie-modena.jpg\",\"datePublished\":\"2026-03-18T12:32:51+00:00\",\"dateModified\":\"2026-04-24T10:22:54+00:00\",\"breadcrumb\":{\"@id\":\"https:\\\/\\\/www.hotelmaranellovillage.com\\\/fr\\\/maranello-et-ses-environs\\\/degustation-du-vinaigre-balsamique-de-modene\\\/#breadcrumb\"},\"inLanguage\":\"fr-FR\",\"potentialAction\":[{\"@type\":\"ReadAction\",\"target\":[\"https:\\\/\\\/www.hotelmaranellovillage.com\\\/fr\\\/maranello-et-ses-environs\\\/degustation-du-vinaigre-balsamique-de-modene\\\/\"]}]},{\"@type\":\"ImageObject\",\"inLanguage\":\"fr-FR\",\"@id\":\"https:\\\/\\\/www.hotelmaranellovillage.com\\\/fr\\\/maranello-et-ses-environs\\\/degustation-du-vinaigre-balsamique-de-modene\\\/#primaryimage\",\"url\":\"https:\\\/\\\/www.hotelmaranellovillage.com\\\/wp-content\\\/uploads\\\/2026\\\/03\\\/hotel-maranello-village-degustazione-acetaie-modena.jpg\",\"contentUrl\":\"https:\\\/\\\/www.hotelmaranellovillage.com\\\/wp-content\\\/uploads\\\/2026\\\/03\\\/hotel-maranello-village-degustazione-acetaie-modena.jpg\",\"width\":1200,\"height\":800},{\"@type\":\"BreadcrumbList\",\"@id\":\"https:\\\/\\\/www.hotelmaranellovillage.com\\\/fr\\\/maranello-et-ses-environs\\\/degustation-du-vinaigre-balsamique-de-modene\\\/#breadcrumb\",\"itemListElement\":[{\"@type\":\"ListItem\",\"position\":1,\"name\":\"Home\",\"item\":\"https:\\\/\\\/www.hotelmaranellovillage.com\\\/fr\\\/page-daccueil\\\/\"},{\"@type\":\"ListItem\",\"position\":2,\"name\":\"Maranello et ses environs\",\"item\":\"https:\\\/\\\/www.hotelmaranellovillage.com\\\/fr\\\/maranello-et-ses-environs\\\/\"},{\"@type\":\"ListItem\",\"position\":3,\"name\":\"D\u00e9gustation du vinaigre balsamique de Mod\u00e8ne\"}]},{\"@type\":\"WebSite\",\"@id\":\"https:\\\/\\\/www.hotelmaranellovillage.com\\\/fr\\\/#website\",\"url\":\"https:\\\/\\\/www.hotelmaranellovillage.com\\\/fr\\\/\",\"name\":\"Maranello Village\",\"description\":\"Hotel &amp; Residence Sito Ufficiale\",\"publisher\":{\"@id\":\"https:\\\/\\\/www.hotelmaranellovillage.com\\\/fr\\\/#organization\"},\"alternateName\":\"HMV\",\"potentialAction\":[{\"@type\":\"SearchAction\",\"target\":{\"@type\":\"EntryPoint\",\"urlTemplate\":\"https:\\\/\\\/www.hotelmaranellovillage.com\\\/fr\\\/?s={search_term_string}\"},\"query-input\":{\"@type\":\"PropertyValueSpecification\",\"valueRequired\":true,\"valueName\":\"search_term_string\"}}],\"inLanguage\":\"fr-FR\"},{\"@type\":\"Organization\",\"@id\":\"https:\\\/\\\/www.hotelmaranellovillage.com\\\/fr\\\/#organization\",\"name\":\"Hotel & Residence 4 stelle\",\"url\":\"https:\\\/\\\/www.hotelmaranellovillage.com\\\/fr\\\/\",\"logo\":{\"@type\":\"ImageObject\",\"inLanguage\":\"fr-FR\",\"@id\":\"https:\\\/\\\/www.hotelmaranellovillage.com\\\/fr\\\/#\\\/schema\\\/logo\\\/image\\\/\",\"url\":\"https:\\\/\\\/www.hotelmaranellovillage.com\\\/wp-content\\\/uploads\\\/2026\\\/04\\\/maranello-village-logo-2026.png\",\"contentUrl\":\"https:\\\/\\\/www.hotelmaranellovillage.com\\\/wp-content\\\/uploads\\\/2026\\\/04\\\/maranello-village-logo-2026.png\",\"width\":800,\"height\":256,\"caption\":\"Hotel & Residence 4 stelle\"},\"image\":{\"@id\":\"https:\\\/\\\/www.hotelmaranellovillage.com\\\/fr\\\/#\\\/schema\\\/logo\\\/image\\\/\"},\"sameAs\":[\"https:\\\/\\\/www.facebook.com\\\/MaranelloVillage\",\"https:\\\/\\\/www.instagram.com\\\/hotelmaranellovillage\\\/\",\"https:\\\/\\\/it.linkedin.com\\\/company\\\/maranello-village-hotel-\"]}]}<\/script>\n<!-- \/ Yoast SEO plugin. -->","yoast_head_json":{"title":"D\u00e9gustation du vinaigre balsamique de Mod\u00e8ne | Maranello Village - Hotel & Residence Sito Ufficiale","robots":{"index":"index","follow":"follow","max-snippet":"max-snippet:-1","max-image-preview":"max-image-preview:large","max-video-preview":"max-video-preview:-1"},"canonical":"https:\/\/www.hotelmaranellovillage.com\/fr\/maranello-et-ses-environs\/degustation-du-vinaigre-balsamique-de-modene\/","og_locale":"fr_FR","og_type":"article","og_title":"D\u00e9gustation du vinaigre balsamique de Mod\u00e8ne | Maranello Village - Hotel & Residence Sito Ufficiale","og_description":"[vc_row full_width=\u00a0\u00bbstretch_row_content_no_spaces\u00a0\u00bb content_placement=\u00a0\u00bbmiddle\u00a0\u00bb css=\u00a0\u00bb.vc_custom_1772648524312{padding-top: 4em !important;padding-bottom: 4em !important;background-color: #101010 !important;}\u00a0\u00bb][vc_column css_animation=\u00a0\u00bbnone\u00a0\u00bb width=\u00a0\u00bb1\/2&Prime; el_class=\u00a0\u00bbdeco-column right\u00a0\u00bb][vc_row_inner][vc_column_inner width=\u00a0\u00bb5\/6&Prime; offset=\u00a0\u00bbvc_col-md-offset-2 vc_col-md-8 vc_col-sm-offset-1 vc_col-xs-offset-1 vc_col-xs-10&Prime; css=\u00a0\u00bb.vc_custom_1772553117214{padding-top: 4em !important;padding-bottom: 4em !important;}\u00a0\u00bb][vc_column_text css=\u00a0\u00bb\u00a0\u00bb]L\u2019Aceto balsamico tradizionale di Modena est le produit embl\u00e9matique de la culture gastronomique locale, connu et appr\u00e9ci\u00e9 dans le monde entier pour sa saveur unique. C\u2019est un atout majeur pour [&hellip;]","og_url":"https:\/\/www.hotelmaranellovillage.com\/fr\/maranello-et-ses-environs\/degustation-du-vinaigre-balsamique-de-modene\/","og_site_name":"Maranello Village","article_publisher":"https:\/\/www.facebook.com\/MaranelloVillage","article_modified_time":"2026-04-24T10:22:54+00:00","og_image":[{"width":1200,"height":800,"url":"https:\/\/www.hotelmaranellovillage.com\/wp-content\/uploads\/2026\/03\/hotel-maranello-village-degustazione-acetaie-modena.jpg","type":"image\/jpeg"}],"twitter_card":"summary_large_image","twitter_misc":{"Dur\u00e9e de lecture estim\u00e9e":"1 minute"},"schema":{"@context":"https:\/\/schema.org","@graph":[{"@type":"WebPage","@id":"https:\/\/www.hotelmaranellovillage.com\/fr\/maranello-et-ses-environs\/degustation-du-vinaigre-balsamique-de-modene\/","url":"https:\/\/www.hotelmaranellovillage.com\/fr\/maranello-et-ses-environs\/degustation-du-vinaigre-balsamique-de-modene\/","name":"D\u00e9gustation du vinaigre balsamique de Mod\u00e8ne | Maranello Village - Hotel & Residence Sito Ufficiale","isPartOf":{"@id":"https:\/\/www.hotelmaranellovillage.com\/fr\/#website"},"primaryImageOfPage":{"@id":"https:\/\/www.hotelmaranellovillage.com\/fr\/maranello-et-ses-environs\/degustation-du-vinaigre-balsamique-de-modene\/#primaryimage"},"image":{"@id":"https:\/\/www.hotelmaranellovillage.com\/fr\/maranello-et-ses-environs\/degustation-du-vinaigre-balsamique-de-modene\/#primaryimage"},"thumbnailUrl":"https:\/\/www.hotelmaranellovillage.com\/wp-content\/uploads\/2026\/03\/hotel-maranello-village-degustazione-acetaie-modena.jpg","datePublished":"2026-03-18T12:32:51+00:00","dateModified":"2026-04-24T10:22:54+00:00","breadcrumb":{"@id":"https:\/\/www.hotelmaranellovillage.com\/fr\/maranello-et-ses-environs\/degustation-du-vinaigre-balsamique-de-modene\/#breadcrumb"},"inLanguage":"fr-FR","potentialAction":[{"@type":"ReadAction","target":["https:\/\/www.hotelmaranellovillage.com\/fr\/maranello-et-ses-environs\/degustation-du-vinaigre-balsamique-de-modene\/"]}]},{"@type":"ImageObject","inLanguage":"fr-FR","@id":"https:\/\/www.hotelmaranellovillage.com\/fr\/maranello-et-ses-environs\/degustation-du-vinaigre-balsamique-de-modene\/#primaryimage","url":"https:\/\/www.hotelmaranellovillage.com\/wp-content\/uploads\/2026\/03\/hotel-maranello-village-degustazione-acetaie-modena.jpg","contentUrl":"https:\/\/www.hotelmaranellovillage.com\/wp-content\/uploads\/2026\/03\/hotel-maranello-village-degustazione-acetaie-modena.jpg","width":1200,"height":800},{"@type":"BreadcrumbList","@id":"https:\/\/www.hotelmaranellovillage.com\/fr\/maranello-et-ses-environs\/degustation-du-vinaigre-balsamique-de-modene\/#breadcrumb","itemListElement":[{"@type":"ListItem","position":1,"name":"Home","item":"https:\/\/www.hotelmaranellovillage.com\/fr\/page-daccueil\/"},{"@type":"ListItem","position":2,"name":"Maranello et ses environs","item":"https:\/\/www.hotelmaranellovillage.com\/fr\/maranello-et-ses-environs\/"},{"@type":"ListItem","position":3,"name":"D\u00e9gustation du vinaigre balsamique de Mod\u00e8ne"}]},{"@type":"WebSite","@id":"https:\/\/www.hotelmaranellovillage.com\/fr\/#website","url":"https:\/\/www.hotelmaranellovillage.com\/fr\/","name":"Maranello Village","description":"Hotel &amp; Residence Sito Ufficiale","publisher":{"@id":"https:\/\/www.hotelmaranellovillage.com\/fr\/#organization"},"alternateName":"HMV","potentialAction":[{"@type":"SearchAction","target":{"@type":"EntryPoint","urlTemplate":"https:\/\/www.hotelmaranellovillage.com\/fr\/?s={search_term_string}"},"query-input":{"@type":"PropertyValueSpecification","valueRequired":true,"valueName":"search_term_string"}}],"inLanguage":"fr-FR"},{"@type":"Organization","@id":"https:\/\/www.hotelmaranellovillage.com\/fr\/#organization","name":"Hotel & Residence 4 stelle","url":"https:\/\/www.hotelmaranellovillage.com\/fr\/","logo":{"@type":"ImageObject","inLanguage":"fr-FR","@id":"https:\/\/www.hotelmaranellovillage.com\/fr\/#\/schema\/logo\/image\/","url":"https:\/\/www.hotelmaranellovillage.com\/wp-content\/uploads\/2026\/04\/maranello-village-logo-2026.png","contentUrl":"https:\/\/www.hotelmaranellovillage.com\/wp-content\/uploads\/2026\/04\/maranello-village-logo-2026.png","width":800,"height":256,"caption":"Hotel & Residence 4 stelle"},"image":{"@id":"https:\/\/www.hotelmaranellovillage.com\/fr\/#\/schema\/logo\/image\/"},"sameAs":["https:\/\/www.facebook.com\/MaranelloVillage","https:\/\/www.instagram.com\/hotelmaranellovillage\/","https:\/\/it.linkedin.com\/company\/maranello-village-hotel-"]}]}},"_links":{"self":[{"href":"https:\/\/www.hotelmaranellovillage.com\/fr\/wp-json\/wp\/v2\/pages\/1160","targetHints":{"allow":["GET"]}}],"collection":[{"href":"https:\/\/www.hotelmaranellovillage.com\/fr\/wp-json\/wp\/v2\/pages"}],"about":[{"href":"https:\/\/www.hotelmaranellovillage.com\/fr\/wp-json\/wp\/v2\/types\/page"}],"author":[{"embeddable":true,"href":"https:\/\/www.hotelmaranellovillage.com\/fr\/wp-json\/wp\/v2\/users\/1"}],"replies":[{"embeddable":true,"href":"https:\/\/www.hotelmaranellovillage.com\/fr\/wp-json\/wp\/v2\/comments?post=1160"}],"version-history":[{"count":6,"href":"https:\/\/www.hotelmaranellovillage.com\/fr\/wp-json\/wp\/v2\/pages\/1160\/revisions"}],"predecessor-version":[{"id":1418,"href":"https:\/\/www.hotelmaranellovillage.com\/fr\/wp-json\/wp\/v2\/pages\/1160\/revisions\/1418"}],"up":[{"embeddable":true,"href":"https:\/\/www.hotelmaranellovillage.com\/fr\/wp-json\/wp\/v2\/pages\/961"}],"wp:featuredmedia":[{"embeddable":true,"href":"https:\/\/www.hotelmaranellovillage.com\/fr\/wp-json\/wp\/v2\/media\/1161"}],"wp:attachment":[{"href":"https:\/\/www.hotelmaranellovillage.com\/fr\/wp-json\/wp\/v2\/media?parent=1160"}],"curies":[{"name":"wp","href":"https:\/\/api.w.org\/{rel}","templated":true}]}}