{"id":1143,"date":"2026-03-18T13:34:24","date_gmt":"2026-03-18T12:34:24","guid":{"rendered":"https:\/\/web.hotelmaranellovillage.com\/maranello-et-ses-environs\/visite-de-modene\/"},"modified":"2026-04-24T12:39:05","modified_gmt":"2026-04-24T10:39:05","slug":"visite-de-modene","status":"publish","type":"page","link":"https:\/\/www.hotelmaranellovillage.com\/fr\/maranello-et-ses-environs\/visite-de-modene\/","title":{"rendered":"Visite de Mod\u00e8ne"},"content":{"rendered":"<div class=\"wpb-content-wrapper\"><p>[vc_row full_width=\u00a0\u00bbstretch_row_content_no_spaces\u00a0\u00bb content_placement=\u00a0\u00bbmiddle\u00a0\u00bb css=\u00a0\u00bb.vc_custom_1772648524312{padding-top: 4em !important;padding-bottom: 4em !important;background-color: #101010 !important;}\u00a0\u00bb][vc_column css_animation=\u00a0\u00bbnone\u00a0\u00bb width=\u00a0\u00bb1\/2&Prime; el_class=\u00a0\u00bbdeco-column right\u00a0\u00bb][vc_row_inner][vc_column_inner width=\u00a0\u00bb5\/6&Prime; offset=\u00a0\u00bbvc_col-md-offset-2 vc_col-md-8 vc_col-sm-offset-1 vc_col-xs-offset-1 vc_col-xs-10&Prime; css=\u00a0\u00bb.vc_custom_1772553117214{padding-top: 4em !important;padding-bottom: 4em !important;}\u00a0\u00bb]<h1 class=\"deco-title sinistra\"><span class=\"eyelet\">Que faire \u00e0 Maranello ?<\/span> Visite de <mark class=\"subtitle\">Mod\u00e8ne<\/mark><\/h1>[vc_column_text css=\u00a0\u00bb\u00a0\u00bb]Au-del\u00e0 d&rsquo;\u00eatre une terre de moteurs, <strong>Mod\u00e8ne<\/strong> est une destination \u00e0 d\u00e9couvrir pour son histoire, ses monuments et sa cuisine. Une visite de la ville ne peut que commencer par le Duomo de Mod\u00e8ne, la cath\u00e9drale romane, unique en son genre et inscrite parmi les monuments du <strong>Patrimoine mondial de l&rsquo;UNESCO<\/strong>. Au fil des perspectives et des places du centre, vous ne pourrez qu&rsquo;admirer l&rsquo;historique Palazzo Ducale, aujourd&rsquo;hui si\u00e8ge de l&rsquo;Acad\u00e9mie militaire de l&rsquo;Arm\u00e9e italienne. Enfin, Mod\u00e8ne est \u00e9galement une terre de <strong>bonne cuisine<\/strong>. Ne manquez donc pas <strong>un d\u00e9jeuner ou une d\u00e9gustation avec les produits typiques<\/strong>, comme le vinaigre balsamique traditionnel, le parmigiano-reggiano, le lambrusco, les tortellini, le zampone, le cotechino et bien d&rsquo;autres encore.[\/vc_column_text]<div class=\"button-wrapper left\">\r\n\t\t\t\t\t<button type=\"button\" class=\"btn btn-default modal-btn\" data-bs-target=\"#form-69f4c914904e4-modal\" data-modal=\"PGRpdiBjbGFzcz0ibW9kYWwgZmFkZSIgaWQ9ImZvcm0tMTU0NS1tb2RhbCIgdGFiaW5kZXg9Ii0xIiBhcmlhLWxhYmVsbGVkYnk9ImZvcm0tMTU0NS1tb2RhbC1sYWJlbCIgYXJpYS1oaWRkZW49InRydWUiPjxkaXYgY2xhc3M9Im1vZGFsLWRpYWxvZyBtb2RhbC1kaWFsb2ctY2VudGVyZWQiPjxkaXYgY2xhc3M9Im1vZGFsLWNvbnRlbnQiPjxkaXYgY2xhc3M9Im1vZGFsLWhlYWRlciI+PGg1IGNsYXNzPSJtb2RhbC10aXRsZSIgaWQ9ImZvcm0tMTU0NS1tb2RhbC1sYWJlbCI+Q2hpZWRpIGluZm9ybWF6aW9uaTwvaDU+PGJ1dHRvbiB0eXBlPSJidXR0b24iIGNsYXNzPSJidG4tY2xvc2UiIGRhdGEtYnMtZGlzbWlzcz0ibW9kYWwiIGFyaWEtbGFiZWw9IkNsb3NlIj48L2J1dHRvbj48L2Rpdj48ZGl2IGNsYXNzPSJtb2RhbC1ib2R5Ij48Zm9ybSBpZD0iZm9ybS0xNTQ1IiBjbGFzcz0iYWNmZC1mb3JtIG5lZWRzLXZhbGlkYXRpb24iIG5vdmFsaWRhdGUgZGF0YS1yZWNhcHRjaGE9IiIgZGF0YS1nb29nbGVfYW5hbHl0aWNzPSJmYWxzZSI+PGlucHV0IHR5cGU9ImhpZGRlbiIgbmFtZT0iYWNmZF9mb3JtX2lkIiB2YWx1ZT0iMTU0NSI+PGlucHV0IHR5cGU9ImhpZGRlbiIgbmFtZT0iYWNmZF9yZW1vdGVfYWRkciIgdmFsdWU9IjIxNi43My4yMTYuMTEyIj48aW5wdXQgdHlwZT0iaGlkZGVuIiBuYW1lPSJhY2ZkX3JlcXVlc3RfdXJpIiB2YWx1ZT0iL2ZyL3dwLWpzb24vd3AvdjIvcGFnZXMvMTE0MyI+PGlucHV0IHR5cGU9ImhpZGRlbiIgbmFtZT0iYWNmZF91c2VyX2FnZW50IiB2YWx1ZT0iTW96aWxsYS81LjAgQXBwbGVXZWJLaXQvNTM3LjM2IChLSFRNTCwgbGlrZSBHZWNrbzsgY29tcGF0aWJsZTsgQ2xhdWRlQm90LzEuMDsgK2NsYXVkZWJvdEBhbnRocm9waWMuY29tKSI+PGlucHV0IHR5cGU9ImhpZGRlbiIgbmFtZT0iYWNmZF9jb21wbGV0ZV91cmwiIHZhbHVlPSJodHRwczovL3d3dy5ob3RlbG1hcmFuZWxsb3ZpbGxhZ2UuY29tL2ZyL3dwLWpzb24vd3AvdjIvcGFnZXMvMTE0MyI+W3ZjX3JvdyBnYXA9IjE1Il1bdmNfY29sdW1uIHdpZHRoPSIxLzIiXTxkaXYgY2xhc3M9Im1iLTMiPgoJPGxhYmVsIGZvcj0ibm9tZS0xNTQ1IiBjbGFzcz0iYWNmZC1sYWJlbCBmb3JtLWxhYmVsIj5Ob20gPGFiYnIgdGl0bGU9IlJlcXVpcmVkIGZpZWxkIj4mIzQyOzwvYWJicj48L2xhYmVsPgoJPGlucHV0IHR5cGU9InRleHQiIGNsYXNzPSJmb3JtLWNvbnRyb2wgIiBpZD0ibm9tZS0xNTQ1IiBuYW1lPSJub21lIiBwbGFjZWhvbGRlcj0iVm90cmUgbm9tIiAgcmVxdWlyZWQ+CjwvZGl2PgpbL3ZjX2NvbHVtbl1bdmNfY29sdW1uIHdpZHRoPSIxLzIiXTxkaXYgY2xhc3M9Im1iLTMiPgoJPGxhYmVsIGZvcj0iY29nbm9tZS0xNTQ1IiBjbGFzcz0iYWNmZC1sYWJlbCBmb3JtLWxhYmVsIj5Ob20gZGUgZmFtaWxsZSA8YWJiciB0aXRsZT0iUmVxdWlyZWQgZmllbGQiPiYjNDI7PC9hYmJyPjwvbGFiZWw+Cgk8aW5wdXQgdHlwZT0idGV4dCIgY2xhc3M9ImZvcm0tY29udHJvbCAiIGlkPSJjb2dub21lLTE1NDUiIG5hbWU9ImNvZ25vbWUiIHBsYWNlaG9sZGVyPSJWb3RyZSBub20gZGUgZmFtaWxsZSIgIHJlcXVpcmVkPgo8L2Rpdj4KWy92Y19jb2x1bW5dWy92Y19yb3ddW3ZjX3Jvd11bdmNfY29sdW1uXTxkaXYgY2xhc3M9Im1iLTMiPgoJPGxhYmVsIGZvcj0iZW1haWwtMTU0NSIgY2xhc3M9ImFjZmQtbGFiZWwgZm9ybS1sYWJlbCI+Q291cnJpZXIgw6lsZWN0cm9uaXF1ZSA8YWJiciB0aXRsZT0iUmVxdWlyZWQgZmllbGQiPiYjNDI7PC9hYmJyPjwvbGFiZWw+Cgk8aW5wdXQgdHlwZT0iZW1haWwiIGNsYXNzPSJmb3JtLWNvbnRyb2wgIiBpZD0iZW1haWwtMTU0NSIgbmFtZT0iZW1haWwiIHBsYWNlaG9sZGVyPSJsYXR1YUBlbWFpbC5pdCIgIHJlcXVpcmVkPgo8L2Rpdj4KWy92Y19jb2x1bW5dWy92Y19yb3ddW3ZjX3Jvd11bdmNfY29sdW1uXTxkaXYgY2xhc3M9Im1iLTMiPgoJPGxhYmVsIGZvcj0idGVsZWZvbm8tMTU0NSIgY2xhc3M9ImFjZmQtbGFiZWwgZm9ybS1sYWJlbCI+VMOpbMOpcGhvbmUgPGFiYnIgdGl0bGU9IlJlcXVpcmVkIGZpZWxkIj4mIzQyOzwvYWJicj48L2xhYmVsPgoJPGlucHV0IHR5cGU9InRleHQiIGNsYXNzPSJmb3JtLWNvbnRyb2wgIiBpZD0idGVsZWZvbm8tMTU0NSIgbmFtZT0idGVsZWZvbm8iIHBsYWNlaG9sZGVyPSIrMzkuLi4iICByZXF1aXJlZD4KPC9kaXY+ClsvdmNfY29sdW1uXVsvdmNfcm93XVt2Y19yb3ddW3ZjX2NvbHVtbl08ZGl2IGNsYXNzPSJtYi0zIj4KCTxsYWJlbCBmb3I9Im1lc3NhZ2dpby0xNTQ1Ij5Wb3RyZSBkZW1hbmRlIDxhYmJyIHRpdGxlPSJSZXF1aXJlZCBmaWVsZCI+JiM0Mjs8L2FiYnI+PC9sYWJlbD4KCTx0ZXh0YXJlYSBjbGFzcz0iZm9ybS1jb250cm9sICIgcm93cz0iNCIgaWQ9Im1lc3NhZ2dpby0xNTQ1IiBuYW1lPSJtZXNzYWdnaW8iIGFyaWEtZGVzY3JpYmVkYnk9Im1lc3NhZ2dpby0xNTQ1LWhlbHAiICAgcmVxdWlyZWQ+PC90ZXh0YXJlYT4KCTxzbWFsbCBpZD0ibWVzc2FnZ2lvMTU0NS1oZWxwIiBjbGFzcz0iZm9ybS10ZXh0IHRleHQtbXV0ZWQiPlNwZWNpZmljYSBxdWkgbGEgdHVhIHJpY2hpZXN0YTwvc21hbGw+CjwvZGl2PgpbL3ZjX2NvbHVtbl1bL3ZjX3Jvd11bdmNfcm93XVt2Y19jb2x1bW5dCTxkaXYgY2xhc3M9ImZvcm0tY2hlY2sgbWItMSI+CgkJPGlucHV0IHR5cGU9ImNoZWNrYm94IiBjbGFzcz0iZm9ybS1jaGVjay1pbnB1dCIgaWQ9InByaXZhY3ktMTU0NS0wIiBuYW1lPSJwcml2YWN5IiB2YWx1ZT0iYWNjb25zZW50byIgcmVxdWlyZWQgLz4KCQk8bGFiZWwgY2xhc3M9ImZvcm0tY2hlY2stbGFiZWwiIGZvcj0icHJpdmFjeS0xNTQ1LTAiPkhvIHByZXNvIHZpc2lvbmUgZGVsbGEgcHJpdmFjeSBwb2xpY3kgZSBhY2NvbnNlbnRvIGFsIHRyYXR0YW1lbnRvIGRlaSBtaWVpIGRhdGkgcGVyc29uYWxpIDxhYmJyIHRpdGxlPSJSZXF1aXJlZCBmaWVsZCI+JiM0Mjs8L2FiYnI+PC9sYWJlbD4KCTwvZGl2PgoJPGRpdiBjbGFzcz0iZm9ybS1jaGVjayBtYi0xIj4KCQk8aW5wdXQgdHlwZT0iY2hlY2tib3giIGNsYXNzPSJmb3JtLWNoZWNrLWlucHV0IiBpZD0ibmV3c2xldHRlci0xNTQ1LTAiIG5hbWU9Im5ld3NsZXR0ZXIiIHZhbHVlPSJBREQiIC8+CgkJPGxhYmVsIGNsYXNzPSJmb3JtLWNoZWNrLWxhYmVsIiBmb3I9Im5ld3NsZXR0ZXItMTU0NS0wIj5EZXNpZGVybyByZXN0YXJlIGluZm9ybWF0byBlIHJpY2V2ZXJlIGluZm9ybWF6aW9uaSB2aWEgZS1tYWlsIHN1bGxlIG5vdml0w6AgZSBsZSBvZmZlcnRlIGRlbCBNYXJhbmVsbG8gdmlsbGFnZTwvbGFiZWw+Cgk8L2Rpdj4KWy92Y19jb2x1bW5dWy92Y19yb3ddW3ZjX3Jvd11bdmNfY29sdW1uXTxkaXYgY2xhc3M9ImJ1dHRvbi13cmFwcGVyIG1iLTMiPgoJPGJ1dHRvbiB0eXBlPSJzdWJtaXQiIGlkPSJpbnZpYS0xNTQ1IiBjbGFzcz0iYnRuIGJ0bi1kZWZhdWx0Ij5FbnZveWVyIHVuZSBkZW1hbmRlIDxpIGNsYXNzPSJidG4taWNvbiBmYXMgZmEtZW52ZWxvcGUiPjwvaT48L2J1dHRvbj4KPC9kaXY+ClsvdmNfY29sdW1uXVsvdmNfcm93XTxkaXYgY2xhc3M9Im1vZGFsIGFjZmQtZm9ybS1yZXNwb25zZSIgZGF0YS1mb3JtPSJmb3JtLSIxNTQ1IiIgdGFiaW5kZXg9Ii0xIj48ZGl2IGNsYXNzPSJtb2RhbC1kaWFsb2cgbW9kYWwtZGlhbG9nLWNlbnRlcmVkIj48ZGl2IGNsYXNzPSJtb2RhbC1jb250ZW50Ij48ZGl2IGNsYXNzPSJtb2RhbC1oZWFkZXIiPjxoNSBjbGFzcz0ibW9kYWwtdGl0bGUiPjwvaDU+PGJ1dHRvbiB0eXBlPSJidXR0b24iIGNsYXNzPSJidG4tY2xvc2UiIGRhdGEtYnMtZGlzbWlzcz0ibW9kYWwiIGFyaWEtbGFiZWw9IkNsb3NlIj48L2J1dHRvbj48L2Rpdj48ZGl2IGNsYXNzPSJtb2RhbC1ib2R5Ij48L2Rpdj48L2Rpdj48L2Rpdj48L2Rpdj48L2Zvcm0+PC9kaXY+PC9kaXY+PC9kaXY+PC9kaXY+\">Chiedi informazioni<\/button>\r\n\t\t\t\t<\/div>[\/vc_column_inner][\/vc_row_inner][\/vc_column][vc_column css_animation=\u00a0\u00bbappear\u00a0\u00bb width=\u00a0\u00bb1\/2&Prime; css=\u00a0\u00bb.vc_custom_1775726834640{background-image: url(https:\/\/www.hotelmaranellovillage.com\/wp-content\/uploads\/2026\/04\/hotel-maranello-village-modena-piazza-granda-raduno-auto-classiche.jpg?id=501) !important;background-position: center !important;background-repeat: no-repeat !important;background-size: cover !important;}\u00a0\u00bb]<div title=\"H\u00f4tel Maranello Village - Ce qu&#039;il y a dans les environs de Maranello - Mod\u00e8ne Piazza Grande\" class=\"image-wrapper\">\n\t\t\t\t<figure class=\"aspect-image\" style=\"background-image:url('https:\/\/www.hotelmaranellovillage.com\/wp-content\/themes\/aitec\/img\/transparent-placeholder.png'); aspect-ratio: 4 \/ 3; \">\n\t\t\t\t\t<img decoding=\"async\" src=\"https:\/\/www.hotelmaranellovillage.com\/wp-content\/uploads\/2026\/04\/hotel-maranello-village-modena-piazza-granda-raduno-auto-classiche-1024x793.jpg\" alt=\"H\u00f4tel Maranello Village - Ce qu&#039;il y a dans les environs de Maranello - Mod\u00e8ne Piazza Grande\">\n\t\t\t\t\t<figcaption>H\u00f4tel Maranello Village - Ce qu&#039;il y a dans les environs de Maranello - Mod\u00e8ne Piazza Grande<\/figcaption>\n\t\t\t\t<\/figure>\n\t\t\t<\/div>[\/vc_column][\/vc_row]<\/p>\n<\/div>","protected":false},"excerpt":{"rendered":"<p>[vc_row full_width=\u00a0\u00bbstretch_row_content_no_spaces\u00a0\u00bb content_placement=\u00a0\u00bbmiddle\u00a0\u00bb css=\u00a0\u00bb.vc_custom_1772648524312{padding-top: 4em !important;padding-bottom: 4em !important;background-color: #101010 !important;}\u00a0\u00bb][vc_column css_animation=\u00a0\u00bbnone\u00a0\u00bb width=\u00a0\u00bb1\/2&Prime; el_class=\u00a0\u00bbdeco-column right\u00a0\u00bb][vc_row_inner][vc_column_inner width=\u00a0\u00bb5\/6&Prime; offset=\u00a0\u00bbvc_col-md-offset-2 vc_col-md-8 vc_col-sm-offset-1 vc_col-xs-offset-1 vc_col-xs-10&Prime; css=\u00a0\u00bb.vc_custom_1772553117214{padding-top: 4em !important;padding-bottom: 4em !important;}\u00a0\u00bb][vc_column_text css=\u00a0\u00bb\u00a0\u00bb]Au-del\u00e0 d&rsquo;\u00eatre une terre de moteurs, Mod\u00e8ne est une destination \u00e0 d\u00e9couvrir pour son histoire, ses monuments et sa cuisine. Une visite de la ville ne peut que commencer par [&hellip;]<\/p>\n","protected":false},"author":1,"featured_media":1144,"parent":961,"menu_order":0,"comment_status":"closed","ping_status":"closed","template":"","meta":{"_acf_changed":false,"rs_blank_template":"","rs_page_bg_color":"","slide_template_v7":"","footnotes":""},"class_list":["post-1143","page","type-page","status-publish","has-post-thumbnail","hentry"],"acf":[],"yoast_head":"<!-- This site is optimized with the Yoast SEO plugin v27.5 - https:\/\/yoast.com\/product\/yoast-seo-wordpress\/ -->\n<title>Visite de Mod\u00e8ne | Maranello Village - Hotel &amp; Residence Sito Ufficiale<\/title>\n<meta name=\"robots\" content=\"index, follow, max-snippet:-1, max-image-preview:large, max-video-preview:-1\" \/>\n<link rel=\"canonical\" href=\"https:\/\/www.hotelmaranellovillage.com\/fr\/maranello-et-ses-environs\/visite-de-modene\/\" \/>\n<meta property=\"og:locale\" content=\"fr_FR\" \/>\n<meta property=\"og:type\" content=\"article\" \/>\n<meta property=\"og:title\" content=\"Visite de Mod\u00e8ne | Maranello Village - Hotel &amp; Residence Sito Ufficiale\" \/>\n<meta property=\"og:description\" content=\"[vc_row full_width=\u00a0\u00bbstretch_row_content_no_spaces\u00a0\u00bb content_placement=\u00a0\u00bbmiddle\u00a0\u00bb css=\u00a0\u00bb.vc_custom_1772648524312{padding-top: 4em !important;padding-bottom: 4em !important;background-color: #101010 !important;}\u00a0\u00bb][vc_column css_animation=\u00a0\u00bbnone\u00a0\u00bb width=\u00a0\u00bb1\/2&Prime; el_class=\u00a0\u00bbdeco-column right\u00a0\u00bb][vc_row_inner][vc_column_inner width=\u00a0\u00bb5\/6&Prime; offset=\u00a0\u00bbvc_col-md-offset-2 vc_col-md-8 vc_col-sm-offset-1 vc_col-xs-offset-1 vc_col-xs-10&Prime; css=\u00a0\u00bb.vc_custom_1772553117214{padding-top: 4em !important;padding-bottom: 4em !important;}\u00a0\u00bb][vc_column_text css=\u00a0\u00bb\u00a0\u00bb]Au-del\u00e0 d&rsquo;\u00eatre une terre de moteurs, Mod\u00e8ne est une destination \u00e0 d\u00e9couvrir pour son histoire, ses monuments et sa cuisine. Une visite de la ville ne peut que commencer par [&hellip;]\" \/>\n<meta property=\"og:url\" content=\"https:\/\/www.hotelmaranellovillage.com\/fr\/maranello-et-ses-environs\/visite-de-modene\/\" \/>\n<meta property=\"og:site_name\" content=\"Maranello Village\" \/>\n<meta property=\"article:publisher\" content=\"https:\/\/www.facebook.com\/MaranelloVillage\" \/>\n<meta property=\"article:modified_time\" content=\"2026-04-24T10:39:05+00:00\" \/>\n<meta property=\"og:image\" content=\"https:\/\/www.hotelmaranellovillage.com\/wp-content\/uploads\/2026\/04\/hotel-maranello-village-modena-piazza-granda-raduno-auto-classiche.jpg\" \/>\n\t<meta property=\"og:image:width\" content=\"1131\" \/>\n\t<meta property=\"og:image:height\" content=\"876\" \/>\n\t<meta property=\"og:image:type\" content=\"image\/jpeg\" \/>\n<meta name=\"twitter:card\" content=\"summary_large_image\" \/>\n<meta name=\"twitter:label1\" content=\"Dur\u00e9e de lecture estim\u00e9e\" \/>\n\t<meta name=\"twitter:data1\" content=\"1 minute\" \/>\n<script type=\"application\/ld+json\" class=\"yoast-schema-graph\">{\"@context\":\"https:\\\/\\\/schema.org\",\"@graph\":[{\"@type\":\"WebPage\",\"@id\":\"https:\\\/\\\/www.hotelmaranellovillage.com\\\/fr\\\/maranello-et-ses-environs\\\/visite-de-modene\\\/\",\"url\":\"https:\\\/\\\/www.hotelmaranellovillage.com\\\/fr\\\/maranello-et-ses-environs\\\/visite-de-modene\\\/\",\"name\":\"Visite de Mod\u00e8ne | Maranello Village - Hotel & Residence Sito Ufficiale\",\"isPartOf\":{\"@id\":\"https:\\\/\\\/www.hotelmaranellovillage.com\\\/fr\\\/#website\"},\"primaryImageOfPage\":{\"@id\":\"https:\\\/\\\/www.hotelmaranellovillage.com\\\/fr\\\/maranello-et-ses-environs\\\/visite-de-modene\\\/#primaryimage\"},\"image\":{\"@id\":\"https:\\\/\\\/www.hotelmaranellovillage.com\\\/fr\\\/maranello-et-ses-environs\\\/visite-de-modene\\\/#primaryimage\"},\"thumbnailUrl\":\"https:\\\/\\\/www.hotelmaranellovillage.com\\\/wp-content\\\/uploads\\\/2026\\\/04\\\/hotel-maranello-village-modena-piazza-granda-raduno-auto-classiche.jpg\",\"datePublished\":\"2026-03-18T12:34:24+00:00\",\"dateModified\":\"2026-04-24T10:39:05+00:00\",\"breadcrumb\":{\"@id\":\"https:\\\/\\\/www.hotelmaranellovillage.com\\\/fr\\\/maranello-et-ses-environs\\\/visite-de-modene\\\/#breadcrumb\"},\"inLanguage\":\"fr-FR\",\"potentialAction\":[{\"@type\":\"ReadAction\",\"target\":[\"https:\\\/\\\/www.hotelmaranellovillage.com\\\/fr\\\/maranello-et-ses-environs\\\/visite-de-modene\\\/\"]}]},{\"@type\":\"ImageObject\",\"inLanguage\":\"fr-FR\",\"@id\":\"https:\\\/\\\/www.hotelmaranellovillage.com\\\/fr\\\/maranello-et-ses-environs\\\/visite-de-modene\\\/#primaryimage\",\"url\":\"https:\\\/\\\/www.hotelmaranellovillage.com\\\/wp-content\\\/uploads\\\/2026\\\/04\\\/hotel-maranello-village-modena-piazza-granda-raduno-auto-classiche.jpg\",\"contentUrl\":\"https:\\\/\\\/www.hotelmaranellovillage.com\\\/wp-content\\\/uploads\\\/2026\\\/04\\\/hotel-maranello-village-modena-piazza-granda-raduno-auto-classiche.jpg\",\"width\":1131,\"height\":876},{\"@type\":\"BreadcrumbList\",\"@id\":\"https:\\\/\\\/www.hotelmaranellovillage.com\\\/fr\\\/maranello-et-ses-environs\\\/visite-de-modene\\\/#breadcrumb\",\"itemListElement\":[{\"@type\":\"ListItem\",\"position\":1,\"name\":\"Home\",\"item\":\"https:\\\/\\\/www.hotelmaranellovillage.com\\\/fr\\\/page-daccueil\\\/\"},{\"@type\":\"ListItem\",\"position\":2,\"name\":\"Maranello et ses environs\",\"item\":\"https:\\\/\\\/www.hotelmaranellovillage.com\\\/fr\\\/maranello-et-ses-environs\\\/\"},{\"@type\":\"ListItem\",\"position\":3,\"name\":\"Visite de Mod\u00e8ne\"}]},{\"@type\":\"WebSite\",\"@id\":\"https:\\\/\\\/www.hotelmaranellovillage.com\\\/fr\\\/#website\",\"url\":\"https:\\\/\\\/www.hotelmaranellovillage.com\\\/fr\\\/\",\"name\":\"Maranello Village\",\"description\":\"Hotel &amp; Residence Sito Ufficiale\",\"publisher\":{\"@id\":\"https:\\\/\\\/www.hotelmaranellovillage.com\\\/fr\\\/#organization\"},\"alternateName\":\"HMV\",\"potentialAction\":[{\"@type\":\"SearchAction\",\"target\":{\"@type\":\"EntryPoint\",\"urlTemplate\":\"https:\\\/\\\/www.hotelmaranellovillage.com\\\/fr\\\/?s={search_term_string}\"},\"query-input\":{\"@type\":\"PropertyValueSpecification\",\"valueRequired\":true,\"valueName\":\"search_term_string\"}}],\"inLanguage\":\"fr-FR\"},{\"@type\":\"Organization\",\"@id\":\"https:\\\/\\\/www.hotelmaranellovillage.com\\\/fr\\\/#organization\",\"name\":\"Hotel & Residence 4 stelle\",\"url\":\"https:\\\/\\\/www.hotelmaranellovillage.com\\\/fr\\\/\",\"logo\":{\"@type\":\"ImageObject\",\"inLanguage\":\"fr-FR\",\"@id\":\"https:\\\/\\\/www.hotelmaranellovillage.com\\\/fr\\\/#\\\/schema\\\/logo\\\/image\\\/\",\"url\":\"https:\\\/\\\/www.hotelmaranellovillage.com\\\/wp-content\\\/uploads\\\/2026\\\/04\\\/maranello-village-logo-2026.png\",\"contentUrl\":\"https:\\\/\\\/www.hotelmaranellovillage.com\\\/wp-content\\\/uploads\\\/2026\\\/04\\\/maranello-village-logo-2026.png\",\"width\":800,\"height\":256,\"caption\":\"Hotel & Residence 4 stelle\"},\"image\":{\"@id\":\"https:\\\/\\\/www.hotelmaranellovillage.com\\\/fr\\\/#\\\/schema\\\/logo\\\/image\\\/\"},\"sameAs\":[\"https:\\\/\\\/www.facebook.com\\\/MaranelloVillage\",\"https:\\\/\\\/www.instagram.com\\\/hotelmaranellovillage\\\/\",\"https:\\\/\\\/it.linkedin.com\\\/company\\\/maranello-village-hotel-\"]}]}<\/script>\n<!-- \/ Yoast SEO plugin. -->","yoast_head_json":{"title":"Visite de Mod\u00e8ne | Maranello Village - Hotel & Residence Sito Ufficiale","robots":{"index":"index","follow":"follow","max-snippet":"max-snippet:-1","max-image-preview":"max-image-preview:large","max-video-preview":"max-video-preview:-1"},"canonical":"https:\/\/www.hotelmaranellovillage.com\/fr\/maranello-et-ses-environs\/visite-de-modene\/","og_locale":"fr_FR","og_type":"article","og_title":"Visite de Mod\u00e8ne | Maranello Village - Hotel & Residence Sito Ufficiale","og_description":"[vc_row full_width=\u00a0\u00bbstretch_row_content_no_spaces\u00a0\u00bb content_placement=\u00a0\u00bbmiddle\u00a0\u00bb css=\u00a0\u00bb.vc_custom_1772648524312{padding-top: 4em !important;padding-bottom: 4em !important;background-color: #101010 !important;}\u00a0\u00bb][vc_column css_animation=\u00a0\u00bbnone\u00a0\u00bb width=\u00a0\u00bb1\/2&Prime; el_class=\u00a0\u00bbdeco-column right\u00a0\u00bb][vc_row_inner][vc_column_inner width=\u00a0\u00bb5\/6&Prime; offset=\u00a0\u00bbvc_col-md-offset-2 vc_col-md-8 vc_col-sm-offset-1 vc_col-xs-offset-1 vc_col-xs-10&Prime; css=\u00a0\u00bb.vc_custom_1772553117214{padding-top: 4em !important;padding-bottom: 4em !important;}\u00a0\u00bb][vc_column_text css=\u00a0\u00bb\u00a0\u00bb]Au-del\u00e0 d&rsquo;\u00eatre une terre de moteurs, Mod\u00e8ne est une destination \u00e0 d\u00e9couvrir pour son histoire, ses monuments et sa cuisine. Une visite de la ville ne peut que commencer par [&hellip;]","og_url":"https:\/\/www.hotelmaranellovillage.com\/fr\/maranello-et-ses-environs\/visite-de-modene\/","og_site_name":"Maranello Village","article_publisher":"https:\/\/www.facebook.com\/MaranelloVillage","article_modified_time":"2026-04-24T10:39:05+00:00","og_image":[{"width":1131,"height":876,"url":"https:\/\/www.hotelmaranellovillage.com\/wp-content\/uploads\/2026\/04\/hotel-maranello-village-modena-piazza-granda-raduno-auto-classiche.jpg","type":"image\/jpeg"}],"twitter_card":"summary_large_image","twitter_misc":{"Dur\u00e9e de lecture estim\u00e9e":"1 minute"},"schema":{"@context":"https:\/\/schema.org","@graph":[{"@type":"WebPage","@id":"https:\/\/www.hotelmaranellovillage.com\/fr\/maranello-et-ses-environs\/visite-de-modene\/","url":"https:\/\/www.hotelmaranellovillage.com\/fr\/maranello-et-ses-environs\/visite-de-modene\/","name":"Visite de Mod\u00e8ne | Maranello Village - Hotel & Residence Sito Ufficiale","isPartOf":{"@id":"https:\/\/www.hotelmaranellovillage.com\/fr\/#website"},"primaryImageOfPage":{"@id":"https:\/\/www.hotelmaranellovillage.com\/fr\/maranello-et-ses-environs\/visite-de-modene\/#primaryimage"},"image":{"@id":"https:\/\/www.hotelmaranellovillage.com\/fr\/maranello-et-ses-environs\/visite-de-modene\/#primaryimage"},"thumbnailUrl":"https:\/\/www.hotelmaranellovillage.com\/wp-content\/uploads\/2026\/04\/hotel-maranello-village-modena-piazza-granda-raduno-auto-classiche.jpg","datePublished":"2026-03-18T12:34:24+00:00","dateModified":"2026-04-24T10:39:05+00:00","breadcrumb":{"@id":"https:\/\/www.hotelmaranellovillage.com\/fr\/maranello-et-ses-environs\/visite-de-modene\/#breadcrumb"},"inLanguage":"fr-FR","potentialAction":[{"@type":"ReadAction","target":["https:\/\/www.hotelmaranellovillage.com\/fr\/maranello-et-ses-environs\/visite-de-modene\/"]}]},{"@type":"ImageObject","inLanguage":"fr-FR","@id":"https:\/\/www.hotelmaranellovillage.com\/fr\/maranello-et-ses-environs\/visite-de-modene\/#primaryimage","url":"https:\/\/www.hotelmaranellovillage.com\/wp-content\/uploads\/2026\/04\/hotel-maranello-village-modena-piazza-granda-raduno-auto-classiche.jpg","contentUrl":"https:\/\/www.hotelmaranellovillage.com\/wp-content\/uploads\/2026\/04\/hotel-maranello-village-modena-piazza-granda-raduno-auto-classiche.jpg","width":1131,"height":876},{"@type":"BreadcrumbList","@id":"https:\/\/www.hotelmaranellovillage.com\/fr\/maranello-et-ses-environs\/visite-de-modene\/#breadcrumb","itemListElement":[{"@type":"ListItem","position":1,"name":"Home","item":"https:\/\/www.hotelmaranellovillage.com\/fr\/page-daccueil\/"},{"@type":"ListItem","position":2,"name":"Maranello et ses environs","item":"https:\/\/www.hotelmaranellovillage.com\/fr\/maranello-et-ses-environs\/"},{"@type":"ListItem","position":3,"name":"Visite de Mod\u00e8ne"}]},{"@type":"WebSite","@id":"https:\/\/www.hotelmaranellovillage.com\/fr\/#website","url":"https:\/\/www.hotelmaranellovillage.com\/fr\/","name":"Maranello Village","description":"Hotel &amp; Residence Sito Ufficiale","publisher":{"@id":"https:\/\/www.hotelmaranellovillage.com\/fr\/#organization"},"alternateName":"HMV","potentialAction":[{"@type":"SearchAction","target":{"@type":"EntryPoint","urlTemplate":"https:\/\/www.hotelmaranellovillage.com\/fr\/?s={search_term_string}"},"query-input":{"@type":"PropertyValueSpecification","valueRequired":true,"valueName":"search_term_string"}}],"inLanguage":"fr-FR"},{"@type":"Organization","@id":"https:\/\/www.hotelmaranellovillage.com\/fr\/#organization","name":"Hotel & Residence 4 stelle","url":"https:\/\/www.hotelmaranellovillage.com\/fr\/","logo":{"@type":"ImageObject","inLanguage":"fr-FR","@id":"https:\/\/www.hotelmaranellovillage.com\/fr\/#\/schema\/logo\/image\/","url":"https:\/\/www.hotelmaranellovillage.com\/wp-content\/uploads\/2026\/04\/maranello-village-logo-2026.png","contentUrl":"https:\/\/www.hotelmaranellovillage.com\/wp-content\/uploads\/2026\/04\/maranello-village-logo-2026.png","width":800,"height":256,"caption":"Hotel & Residence 4 stelle"},"image":{"@id":"https:\/\/www.hotelmaranellovillage.com\/fr\/#\/schema\/logo\/image\/"},"sameAs":["https:\/\/www.facebook.com\/MaranelloVillage","https:\/\/www.instagram.com\/hotelmaranellovillage\/","https:\/\/it.linkedin.com\/company\/maranello-village-hotel-"]}]}},"_links":{"self":[{"href":"https:\/\/www.hotelmaranellovillage.com\/fr\/wp-json\/wp\/v2\/pages\/1143","targetHints":{"allow":["GET"]}}],"collection":[{"href":"https:\/\/www.hotelmaranellovillage.com\/fr\/wp-json\/wp\/v2\/pages"}],"about":[{"href":"https:\/\/www.hotelmaranellovillage.com\/fr\/wp-json\/wp\/v2\/types\/page"}],"author":[{"embeddable":true,"href":"https:\/\/www.hotelmaranellovillage.com\/fr\/wp-json\/wp\/v2\/users\/1"}],"replies":[{"embeddable":true,"href":"https:\/\/www.hotelmaranellovillage.com\/fr\/wp-json\/wp\/v2\/comments?post=1143"}],"version-history":[{"count":7,"href":"https:\/\/www.hotelmaranellovillage.com\/fr\/wp-json\/wp\/v2\/pages\/1143\/revisions"}],"predecessor-version":[{"id":1469,"href":"https:\/\/www.hotelmaranellovillage.com\/fr\/wp-json\/wp\/v2\/pages\/1143\/revisions\/1469"}],"up":[{"embeddable":true,"href":"https:\/\/www.hotelmaranellovillage.com\/fr\/wp-json\/wp\/v2\/pages\/961"}],"wp:featuredmedia":[{"embeddable":true,"href":"https:\/\/www.hotelmaranellovillage.com\/fr\/wp-json\/wp\/v2\/media\/1144"}],"wp:attachment":[{"href":"https:\/\/www.hotelmaranellovillage.com\/fr\/wp-json\/wp\/v2\/media?parent=1143"}],"curies":[{"name":"wp","href":"https:\/\/api.w.org\/{rel}","templated":true}]}}