{"id":980,"date":"2026-02-11T19:03:48","date_gmt":"2026-02-11T18:03:48","guid":{"rendered":"https:\/\/web.hotelmaranellovillage.com\/ueber-uns\/"},"modified":"2026-04-30T17:51:54","modified_gmt":"2026-04-30T15:51:54","slug":"ueber-uns","status":"publish","type":"page","link":"https:\/\/www.hotelmaranellovillage.com\/de\/ueber-uns\/","title":{"rendered":"\u00dcber uns"},"content":{"rendered":"<div class=\"wpb-content-wrapper\"><p>[vc_row full_width=&#8220;stretch_row_content_no_spaces&#8220; content_placement=&#8220;middle&#8220; css=&#8220;.vc_custom_1775731181885{margin-bottom: -4rem !important;padding-top: 4em !important;padding-bottom: 4em !important;background-color: #E6D020 !important;}&#8220;][vc_column css_animation=&#8220;none&#8220; width=&#8220;1\/2&#8243; el_class=&#8220;deco-column right&#8220;][vc_row_inner][vc_column_inner width=&#8220;5\/6&#8243; offset=&#8220;vc_col-md-offset-2 vc_col-md-8 vc_col-sm-offset-1 vc_col-xs-offset-1 vc_col-xs-10&#8243; css=&#8220;.vc_custom_1772553117214{padding-top: 4em !important;padding-bottom: 4em !important;}&#8220;]<h2 class=\"deco-title sinistra\"><span class=\"eyelet\">Willkommen im Maranello Village<\/span> Viel mehr als ein <mark class=\"subtitle\">Hotel<\/mark><\/h2>[vc_column_text css=&#8220;&#8220;]Das <strong>Hotel e Residence Maranello Village<\/strong> wurde urspr\u00fcnglich als Unterkunft f\u00fcr Mitarbeiter der Ferrari-Welt konzipiert und vereint eine perfekte Lage mit einem einzigartigen und funktionalen Stil, der sich auf den Mythos der Roten und die Welt des Rennsports konzentriert.<\/p>\n<p>Dieselbe Gastfreundschaft und dieselbe leidenschaftliche Atmosph\u00e4re stehen heute unseren G\u00e4sten zur Verf\u00fcgung, die hier den idealen Ort f\u00fcr ihren Aufenthalt <strong>im Herzen des Motor Valley<\/strong> finden.<\/p>\n<p>Bei uns finden Sie <strong>eine Welt, die ganz dem Cavallino Rampante gewidmet ist<\/strong>, den legend\u00e4rsten Fahrern, den Autos und Rennstrecken, die den Mythos geschaffen haben.<\/p>\n<p>Aber nicht nur das: Ob Sie gesch\u00e4ftlich oder privat unterwegs sind, als Paar oder in einer Gruppe \u2013 bei uns finden Sie <strong>zahlreiche ma\u00dfgeschneiderte Services<\/strong>, die Ihren Aufenthalt zu einem besonderen Erlebnis machen.[\/vc_column_text]<div class=\"button-wrapper inline\"><a class=\"btn btn-default\" href=\"https:\/\/www.simplebooking.it\/ibe2\/hotel\/2562?lang=DE&cur=EUR\"  target=\"_blank\" title=\"Jetzt buchen\">Jetzt buchen<\/a><\/div>[\/vc_column_inner][\/vc_row_inner][\/vc_column][vc_column css_animation=&#8220;appear&#8220; width=&#8220;1\/2&#8243; css=&#8220;.vc_custom_1772476860811{background-image: url(https:\/\/www.hotelmaranellovillage.com\/wp-content\/uploads\/2026\/03\/hotel-maranello-village-reception-pit-lane-by-night.jpg?id=161) !important;background-position: center !important;background-repeat: no-repeat !important;background-size: cover !important;}&#8220;]<div title=\"Willkommen im Maranello Village\" class=\"image-wrapper\">\n\t\t\t\t<figure class=\"aspect-image\" style=\"background-image:url('https:\/\/www.hotelmaranellovillage.com\/wp-content\/themes\/aitec\/img\/transparent-placeholder.png'); aspect-ratio: 4 \/ 3; \">\n\t\t\t\t\t<img decoding=\"async\" src=\"https:\/\/www.hotelmaranellovillage.com\/wp-content\/uploads\/2026\/03\/hotel-maranello-village-reception-pit-lane-by-night-1024x683.jpg\" alt=\"Willkommen im Maranello Village\">\n\t\t\t\t\t<figcaption>Willkommen im Maranello Village<\/figcaption>\n\t\t\t\t<\/figure>\n\t\t\t<\/div>[\/vc_column][\/vc_row][vc_row full_width=&#8220;stretch_row_content_no_spaces&#8220; content_placement=&#8220;middle&#8220; css=&#8220;.vc_custom_1775731674231{background-color: #E6D020 !important;}&#8220;][vc_column width=&#8220;1\/2&#8243; css=&#8220;.vc_custom_1775731057795{background-image: url(https:\/\/www.hotelmaranellovillage.com\/wp-content\/uploads\/2026\/04\/hotel-maranello-village-raduni-auto-appassionati-auto-classiche.jpg?id=514) !important;background-position: center !important;background-repeat: no-repeat !important;background-size: cover !important;}&#8220;]<div title=\"Willkommen im Maranello Village \u2013 Autotreffen f\u00fcr Enthusiasten und vieles mehr\" class=\"image-wrapper\">\n\t\t\t\t<figure class=\"aspect-image\" style=\"background-image:url('https:\/\/www.hotelmaranellovillage.com\/wp-content\/themes\/aitec\/img\/transparent-placeholder.png'); aspect-ratio: 4 \/ 3; \">\n\t\t\t\t\t<img decoding=\"async\" src=\"https:\/\/www.hotelmaranellovillage.com\/wp-content\/uploads\/2026\/04\/hotel-maranello-village-raduni-auto-appassionati-auto-classiche.jpg\" alt=\"Willkommen im Maranello Village \u2013 Autotreffen f\u00fcr Enthusiasten und vieles mehr\">\n\t\t\t\t\t<figcaption>Willkommen im Maranello Village \u2013 Autotreffen f\u00fcr Enthusiasten und vieles mehr<\/figcaption>\n\t\t\t\t<\/figure>\n\t\t\t<\/div>[\/vc_column][vc_column width=&#8220;1\/2&#8243;][vc_row_inner][vc_column_inner width=&#8220;5\/6&#8243; offset=&#8220;vc_col-md-offset-2 vc_col-md-8 vc_col-sm-offset-1 vc_col-xs-offset-1 vc_col-xs-10&#8243; css=&#8220;.vc_custom_1772553117214{padding-top: 4em !important;padding-bottom: 4em !important;}&#8220;]<h2 class=\"deco-title sinistra\"><span class=\"eyelet\">Rallyes und Motorsport<\/span> Hier flie\u00dft die <mark class=\"subtitle\">Leidenschaft<\/mark><\/h2>[vc_column_text css=&#8220;&#8220;]Hier im <strong>Hotel e Residence Maranello Village<\/strong> hat man das Gef\u00fchl, sich auf der Pit-lane einer Rennstrecke zu befinden. Aus diesem Grund <strong>beherbergen wir sehr h\u00e4ufig<\/strong> Treffen von Auto- und Motorradliebhabern, Oldtimer-Paraden, Motorradtreffen und Veranstaltungen mit historischen Fahrzeugen.<\/p>\n<p>Wir beherbergen auch Veranstaltungen des <strong>Scuderia Ferrari Club<\/strong>, und die jungen Fahrer der <strong>Driver Academy Ferrari<\/strong> sind unsere G\u00e4ste.[\/vc_column_text][\/vc_column_inner][\/vc_row_inner][\/vc_column][\/vc_row][vc_row full_width=&#8220;stretch_row&#8220; css=&#8220;.vc_custom_1775118479055{padding-top: 2em !important;padding-bottom: 4em !important;background-color: #101010 !important;}&#8220;][vc_column width=&#8220;1\/3&#8243;]<div title=\"hotel-maranello-village-servizi-ristorante-paddock-gnocco-fritto\" class=\"image-wrapper rounded shadow mb-3\"><figure class=\"aspect-image\" style=\"background-image:url('https:\/\/www.hotelmaranellovillage.com\/wp-content\/uploads\/2026\/03\/hotel-maranello-village-servizi-ristorante-paddock-gnocco-fritto-1024x683.jpg'); aspect-ratio: 16 \/ 9; \" ><\/figure><\/div>[vc_column_text css=&#8220;&#8220; el_class=&#8220;text-white&#8220;]<\/p>\n<h2>Services und mehr<\/h2>\n<p>Vom kostenlosen Parkplatz bis zur video\u00fcberwachten Garage, vom WLAN bis zum Fr\u00fchst\u00fcck, bis hin zu unseren zwei Restaurants und den vollst\u00e4ndig ausgestatteten Konferenzr\u00e4umen \u2013 wir sind bereit, Sie mit Stil und Leidenschaft zu empfangen.<\/p>\n<ul>\n<li>Kostenloser Parkplatz<\/li>\n<li>Video\u00fcberwachte Garage<\/li>\n<li>WLAN<\/li>\n<li>Fr\u00fchst\u00fcck<\/li>\n<li><a href=\"https:\/\/www.hotelmaranellovillage.com\/de\/services\/restaurant-paddock\/\">Traditionelles Restaurant Paddock<\/a><\/li>\n<li><a href=\"https:\/\/www.hotelmaranellovillage.com\/de\/services\/restaurant-pit-lane\/\">Selbstbedienungsrestaurant Pit-lane<\/a><\/li>\n<\/ul>\n<p>[\/vc_column_text]<div class=\"button-wrapper sinistra\"><a class=\"btn btn-default inverted\" href=\"https:\/\/www.hotelmaranellovillage.com\/de\/f-a-q\/\"  title=\"F.A.Q.\">Fragen und Informationen<\/a><\/div>[\/vc_column][vc_column width=&#8220;1\/3&#8243;]<div title=\"hotel-maranello-village-maranello-notte-rossa-reception-pole-position\" class=\"image-wrapper rounded shadow mb-3\"><figure class=\"aspect-image\" style=\"background-image:url('https:\/\/www.hotelmaranellovillage.com\/wp-content\/uploads\/2026\/04\/hotel-maranello-village-maranello-notte-rossa-reception-pole-position.jpg'); aspect-ratio: 16 \/ 9; \" ><\/figure><\/div>[vc_column_text css=&#8220;&#8220; el_class=&#8220;text-white&#8220;]<\/p>\n<h2>Der Gast auf der Pole-Position<\/h2>\n<p>Im Maranello Village Hotel e Residence steht der Gast immer im Mittelpunkt. Kontaktieren Sie uns, um spezielle und exklusive Pakete zu entdecken. Direkt bei der Unterkunft finden Sie immer die besten Preise und Angebote.<\/p>\n<ul>\n<li><a href=\"https:\/\/www.hotelmaranellovillage.com\/de\/angebote\/\">Exklusive Pakete<\/a><\/li>\n<li>Planen Sie Ihren Aufenthalt<\/li>\n<li>Die besten Preise bei direkter Buchung \u00fcber die Unterkunft<\/li>\n<li><a href=\"https:\/\/www.hotelmaranellovillage.com\/de\/kontakt\/\">Kontaktieren Sie uns<\/a><\/li>\n<\/ul>\n<p>[\/vc_column_text]<div class=\"button-wrapper left\">\r\n\t\t\t\t\t<button type=\"button\" class=\"btn btn-default modal-btn inverted\" data-bs-target=\"#form-69f637ce0cae1-modal\" data-modal=\"PGRpdiBjbGFzcz0ibW9kYWwgZmFkZSIgaWQ9ImZvcm0tMTU0Ni1tb2RhbCIgdGFiaW5kZXg9Ii0xIiBhcmlhLWxhYmVsbGVkYnk9ImZvcm0tMTU0Ni1tb2RhbC1sYWJlbCIgYXJpYS1oaWRkZW49InRydWUiPjxkaXYgY2xhc3M9Im1vZGFsLWRpYWxvZyBtb2RhbC1kaWFsb2ctY2VudGVyZWQiPjxkaXYgY2xhc3M9Im1vZGFsLWNvbnRlbnQiPjxkaXYgY2xhc3M9Im1vZGFsLWhlYWRlciI+PGg1IGNsYXNzPSJtb2RhbC10aXRsZSIgaWQ9ImZvcm0tMTU0Ni1tb2RhbC1sYWJlbCI+S29udGFrdGllcmVuIFNpZSB1bnMgamV0enQ8L2g1PjxidXR0b24gdHlwZT0iYnV0dG9uIiBjbGFzcz0iYnRuLWNsb3NlIiBkYXRhLWJzLWRpc21pc3M9Im1vZGFsIiBhcmlhLWxhYmVsPSJDbG9zZSI+PC9idXR0b24+PC9kaXY+PGRpdiBjbGFzcz0ibW9kYWwtYm9keSI+PGZvcm0gaWQ9ImZvcm0tMTU0NiIgY2xhc3M9ImFjZmQtZm9ybSBuZWVkcy12YWxpZGF0aW9uIiBub3ZhbGlkYXRlIGRhdGEtcmVjYXB0Y2hhPSIiIGRhdGEtZ29vZ2xlX2FuYWx5dGljcz0iZmFsc2UiPjxpbnB1dCB0eXBlPSJoaWRkZW4iIG5hbWU9ImFjZmRfZm9ybV9pZCIgdmFsdWU9IjE1NDYiPjxpbnB1dCB0eXBlPSJoaWRkZW4iIG5hbWU9ImFjZmRfcmVtb3RlX2FkZHIiIHZhbHVlPSIyMTYuNzMuMjE3LjE5Ij48aW5wdXQgdHlwZT0iaGlkZGVuIiBuYW1lPSJhY2ZkX3JlcXVlc3RfdXJpIiB2YWx1ZT0iL2RlL3dwLWpzb24vd3AvdjIvcGFnZXMvOTgwIj48aW5wdXQgdHlwZT0iaGlkZGVuIiBuYW1lPSJhY2ZkX3VzZXJfYWdlbnQiIHZhbHVlPSJNb3ppbGxhLzUuMCBBcHBsZVdlYktpdC81MzcuMzYgKEtIVE1MLCBsaWtlIEdlY2tvOyBjb21wYXRpYmxlOyBDbGF1ZGVCb3QvMS4wOyArY2xhdWRlYm90QGFudGhyb3BpYy5jb20pIj48aW5wdXQgdHlwZT0iaGlkZGVuIiBuYW1lPSJhY2ZkX2NvbXBsZXRlX3VybCIgdmFsdWU9Imh0dHBzOi8vd3d3LmhvdGVsbWFyYW5lbGxvdmlsbGFnZS5jb20vZGUvd3AtanNvbi93cC92Mi9wYWdlcy85ODAiPlt2Y19yb3cgZ2FwPSIxNSJdW3ZjX2NvbHVtbiB3aWR0aD0iMS8yIl08ZGl2IGNsYXNzPSJtYi0zIj4KCTxsYWJlbCBmb3I9Im5vbWUtMTU0NiIgY2xhc3M9ImFjZmQtbGFiZWwgZm9ybS1sYWJlbCI+TmFtZSA8YWJiciB0aXRsZT0iUmVxdWlyZWQgZmllbGQiPiYjNDI7PC9hYmJyPjwvbGFiZWw+Cgk8aW5wdXQgdHlwZT0idGV4dCIgY2xhc3M9ImZvcm0tY29udHJvbCAiIGlkPSJub21lLTE1NDYiIG5hbWU9Im5vbWUiIHBsYWNlaG9sZGVyPSJJaHIgTmFtZSIgIHJlcXVpcmVkPgo8L2Rpdj4KWy92Y19jb2x1bW5dW3ZjX2NvbHVtbiB3aWR0aD0iMS8yIl08ZGl2IGNsYXNzPSJtYi0zIj4KCTxsYWJlbCBmb3I9ImNvZ25vbWUtMTU0NiIgY2xhc3M9ImFjZmQtbGFiZWwgZm9ybS1sYWJlbCI+TmFjaG5hbWUgPGFiYnIgdGl0bGU9IlJlcXVpcmVkIGZpZWxkIj4mIzQyOzwvYWJicj48L2xhYmVsPgoJPGlucHV0IHR5cGU9InRleHQiIGNsYXNzPSJmb3JtLWNvbnRyb2wgIiBpZD0iY29nbm9tZS0xNTQ2IiBuYW1lPSJjb2dub21lIiBwbGFjZWhvbGRlcj0iSWhyIE5hY2huYW1lIiAgcmVxdWlyZWQ+CjwvZGl2PgpbL3ZjX2NvbHVtbl1bL3ZjX3Jvd11bdmNfcm93XVt2Y19jb2x1bW5dPGRpdiBjbGFzcz0ibWItMyI+Cgk8bGFiZWwgZm9yPSJlbWFpbC0xNTQ2IiBjbGFzcz0iYWNmZC1sYWJlbCBmb3JtLWxhYmVsIj5FLU1haWwgPGFiYnIgdGl0bGU9IlJlcXVpcmVkIGZpZWxkIj4mIzQyOzwvYWJicj48L2xhYmVsPgoJPGlucHV0IHR5cGU9ImVtYWlsIiBjbGFzcz0iZm9ybS1jb250cm9sICIgaWQ9ImVtYWlsLTE1NDYiIG5hbWU9ImVtYWlsIiBwbGFjZWhvbGRlcj0ibGF0dWFAZW1haWwuaXQiICByZXF1aXJlZD4KPC9kaXY+ClsvdmNfY29sdW1uXVsvdmNfcm93XVt2Y19yb3ddW3ZjX2NvbHVtbl08ZGl2IGNsYXNzPSJtYi0zIj4KCTxsYWJlbCBmb3I9InRlbGVmb25vLTE1NDYiIGNsYXNzPSJhY2ZkLWxhYmVsIGZvcm0tbGFiZWwiPlRlbGVmb24gPGFiYnIgdGl0bGU9IlJlcXVpcmVkIGZpZWxkIj4mIzQyOzwvYWJicj48L2xhYmVsPgoJPGlucHV0IHR5cGU9InRleHQiIGNsYXNzPSJmb3JtLWNvbnRyb2wgIiBpZD0idGVsZWZvbm8tMTU0NiIgbmFtZT0idGVsZWZvbm8iIHBsYWNlaG9sZGVyPSIrMzkuLi4iICByZXF1aXJlZD4KPC9kaXY+ClsvdmNfY29sdW1uXVsvdmNfcm93XVt2Y19yb3ddW3ZjX2NvbHVtbl08ZGl2IGNsYXNzPSJtYi0zIj4KCTxsYWJlbCBmb3I9Im1lc3NhZ2dpby0xNTQ2Ij5JaHJlIEFuZnJhZ2UgPGFiYnIgdGl0bGU9IlJlcXVpcmVkIGZpZWxkIj4mIzQyOzwvYWJicj48L2xhYmVsPgoJPHRleHRhcmVhIGNsYXNzPSJmb3JtLWNvbnRyb2wgIiByb3dzPSI0IiBpZD0ibWVzc2FnZ2lvLTE1NDYiIG5hbWU9Im1lc3NhZ2dpbyIgYXJpYS1kZXNjcmliZWRieT0ibWVzc2FnZ2lvLTE1NDYtaGVscCIgICByZXF1aXJlZD48L3RleHRhcmVhPgoJPHNtYWxsIGlkPSJtZXNzYWdnaW8xNTQ2LWhlbHAiIGNsYXNzPSJmb3JtLXRleHQgdGV4dC1tdXRlZCI+U3BlY2lmaWNhIHF1aSBsYSB0dWEgcmljaGllc3RhPC9zbWFsbD4KPC9kaXY+ClsvdmNfY29sdW1uXVsvdmNfcm93XVt2Y19yb3ddW3ZjX2NvbHVtbl0JPGRpdiBjbGFzcz0iZm9ybS1jaGVjayBtYi0xIj4KCQk8aW5wdXQgdHlwZT0iY2hlY2tib3giIGNsYXNzPSJmb3JtLWNoZWNrLWlucHV0IiBpZD0icHJpdmFjeS0xNTQ2LTAiIG5hbWU9InByaXZhY3kiIHZhbHVlPSJhY2NvbnNlbnRvIiByZXF1aXJlZCAvPgoJCTxsYWJlbCBjbGFzcz0iZm9ybS1jaGVjay1sYWJlbCIgZm9yPSJwcml2YWN5LTE1NDYtMCI+SG8gcHJlc28gdmlzaW9uZSBkZWxsYSBwcml2YWN5IHBvbGljeSBlIGFjY29uc2VudG8gYWwgdHJhdHRhbWVudG8gZGVpIG1pZWkgZGF0aSBwZXJzb25hbGkgPGFiYnIgdGl0bGU9IlJlcXVpcmVkIGZpZWxkIj4mIzQyOzwvYWJicj48L2xhYmVsPgoJPC9kaXY+Cgk8ZGl2IGNsYXNzPSJmb3JtLWNoZWNrIG1iLTEiPgoJCTxpbnB1dCB0eXBlPSJjaGVja2JveCIgY2xhc3M9ImZvcm0tY2hlY2staW5wdXQiIGlkPSJuZXdzbGV0dGVyLTE1NDYtMCIgbmFtZT0ibmV3c2xldHRlciIgdmFsdWU9IkFERCIgLz4KCQk8bGFiZWwgY2xhc3M9ImZvcm0tY2hlY2stbGFiZWwiIGZvcj0ibmV3c2xldHRlci0xNTQ2LTAiPkRlc2lkZXJvIHJlc3RhcmUgaW5mb3JtYXRvIGUgcmljZXZlcmUgaW5mb3JtYXppb25pIHZpYSBlLW1haWwgc3VsbGUgbm92aXTDoCBlIGxlIG9mZmVydGUgZGVsIE1hcmFuZWxsbyB2aWxsYWdlPC9sYWJlbD4KCTwvZGl2PgpbL3ZjX2NvbHVtbl1bL3ZjX3Jvd11bdmNfcm93XVt2Y19jb2x1bW5dPGRpdiBjbGFzcz0iYnV0dG9uLXdyYXBwZXIgbWItMyI+Cgk8YnV0dG9uIHR5cGU9InN1Ym1pdCIgaWQ9ImludmlhLTE1NDYiIGNsYXNzPSJidG4gYnRuLWRlZmF1bHQiPkFuZnJhZ2Ugc2VuZGVuIDxpIGNsYXNzPSJidG4taWNvbiBmYXMgZmEtZW52ZWxvcGUiPjwvaT48L2J1dHRvbj4KPC9kaXY+ClsvdmNfY29sdW1uXVsvdmNfcm93XTxkaXYgY2xhc3M9Im1vZGFsIGFjZmQtZm9ybS1yZXNwb25zZSIgZGF0YS1mb3JtPSJmb3JtLSIxNTQ2IiIgdGFiaW5kZXg9Ii0xIj48ZGl2IGNsYXNzPSJtb2RhbC1kaWFsb2cgbW9kYWwtZGlhbG9nLWNlbnRlcmVkIj48ZGl2IGNsYXNzPSJtb2RhbC1jb250ZW50Ij48ZGl2IGNsYXNzPSJtb2RhbC1oZWFkZXIiPjxoNSBjbGFzcz0ibW9kYWwtdGl0bGUiPjwvaDU+PGJ1dHRvbiB0eXBlPSJidXR0b24iIGNsYXNzPSJidG4tY2xvc2UiIGRhdGEtYnMtZGlzbWlzcz0ibW9kYWwiIGFyaWEtbGFiZWw9IkNsb3NlIj48L2J1dHRvbj48L2Rpdj48ZGl2IGNsYXNzPSJtb2RhbC1ib2R5Ij48L2Rpdj48L2Rpdj48L2Rpdj48L2Rpdj48L2Zvcm0+PC9kaXY+PC9kaXY+PC9kaXY+PC9kaXY+\">Kontaktieren Sie uns jetzt<\/button>\r\n\t\t\t\t<\/div>[\/vc_column][vc_column width=&#8220;1\/3&#8243;]<div title=\"hotel-maranello-village-visita-museo-ferrari-collezione-mef-emilia-romagna-motor-valley\" class=\"image-wrapper rounded shadow mb-3\"><figure class=\"aspect-image\" style=\"background-image:url('https:\/\/www.hotelmaranellovillage.com\/wp-content\/uploads\/2026\/03\/hotel-maranello-village-visita-museo-ferrari-collezione-mef-emilia-romagna-motor-valley-1024x682.jpg'); aspect-ratio: 16 \/ 9; \" ><\/figure><\/div>[vc_column_text css=&#8220;&#8220; el_class=&#8220;text-white&#8220;]<\/p>\n<h2>Maranello<\/h2>\n<p>Entdecken Sie die Gastfreundschaft des Motor Valley zwischen Traumautos, gro\u00dfer kulinarischer Tradition, D\u00f6rfern und \u00fcberraschenden St\u00e4dten, die es zu besuchen gilt. Starten Sie den Motor und besuchen Sie uns.<\/p>\n<ul>\n<li><a href=\"https:\/\/www.hotelmaranellovillage.com\/de\/maranello-und-umgebung\/\">St\u00e4dte und D\u00f6rfer zum Entdecken<\/a><\/li>\n<li>Motor Valley<\/li>\n<li>Food Valley<\/li>\n<li>Museen und Unterhaltung<\/li>\n<\/ul>\n<p>[\/vc_column_text][\/vc_column][\/vc_row]<\/p>\n<\/div>","protected":false},"excerpt":{"rendered":"<p>\u00dcber uns: Maranello Village steht f\u00fcr Gastfreundschaft und eine leidenschaftliche Atmosph\u00e4re, die Sie im Herzen des Motor Valley finden werden.<\/p>\n","protected":false},"author":1,"featured_media":981,"parent":0,"menu_order":0,"comment_status":"closed","ping_status":"closed","template":"","meta":{"_acf_changed":false,"rs_blank_template":"","rs_page_bg_color":"","slide_template_v7":"","footnotes":""},"class_list":["post-980","page","type-page","status-publish","has-post-thumbnail","hentry"],"acf":[],"yoast_head":"<!-- This site is optimized with the Yoast SEO plugin v27.5 - https:\/\/yoast.com\/product\/yoast-seo-wordpress\/ -->\n<title>\u00dcber uns | Maranello Village - Hotel &amp; Residence Sito Ufficiale<\/title>\n<meta name=\"description\" content=\"\u00dcber uns: Maranello Village steht f\u00fcr Gastfreundschaft und eine leidenschaftliche Atmosph\u00e4re, die Sie im Herzen des Motor Valley finden werden.\" \/>\n<meta name=\"robots\" content=\"index, follow, max-snippet:-1, max-image-preview:large, max-video-preview:-1\" \/>\n<link rel=\"canonical\" href=\"https:\/\/www.hotelmaranellovillage.com\/de\/ueber-uns\/\" \/>\n<meta property=\"og:locale\" content=\"de_DE\" \/>\n<meta property=\"og:type\" content=\"article\" \/>\n<meta property=\"og:title\" content=\"\u00dcber uns | Maranello Village - Hotel &amp; Residence Sito Ufficiale\" \/>\n<meta property=\"og:description\" content=\"\u00dcber uns: Maranello Village steht f\u00fcr Gastfreundschaft und eine leidenschaftliche Atmosph\u00e4re, die Sie im Herzen des Motor Valley finden werden.\" \/>\n<meta property=\"og:url\" content=\"https:\/\/www.hotelmaranellovillage.com\/de\/ueber-uns\/\" \/>\n<meta property=\"og:site_name\" content=\"Maranello Village\" \/>\n<meta property=\"article:publisher\" content=\"https:\/\/www.facebook.com\/MaranelloVillage\" \/>\n<meta property=\"article:modified_time\" content=\"2026-04-30T15:51:54+00:00\" \/>\n<meta property=\"og:image\" content=\"https:\/\/www.hotelmaranellovillage.com\/wp-content\/uploads\/2026\/03\/hotel-maranello-village-reception-pit-lane-by-night.jpg\" \/>\n\t<meta property=\"og:image:width\" content=\"1200\" \/>\n\t<meta property=\"og:image:height\" content=\"800\" \/>\n\t<meta property=\"og:image:type\" content=\"image\/jpeg\" \/>\n<meta name=\"twitter:card\" content=\"summary_large_image\" \/>\n<meta name=\"twitter:label1\" content=\"Gesch\u00e4tzte Lesezeit\" \/>\n\t<meta name=\"twitter:data1\" content=\"4\u00a0Minuten\" \/>\n<script type=\"application\/ld+json\" class=\"yoast-schema-graph\">{\"@context\":\"https:\\\/\\\/schema.org\",\"@graph\":[{\"@type\":\"WebPage\",\"@id\":\"https:\\\/\\\/www.hotelmaranellovillage.com\\\/de\\\/ueber-uns\\\/\",\"url\":\"https:\\\/\\\/www.hotelmaranellovillage.com\\\/de\\\/ueber-uns\\\/\",\"name\":\"\u00dcber uns | Maranello Village - Hotel & Residence Sito Ufficiale\",\"isPartOf\":{\"@id\":\"https:\\\/\\\/www.hotelmaranellovillage.com\\\/fr\\\/#website\"},\"primaryImageOfPage\":{\"@id\":\"https:\\\/\\\/www.hotelmaranellovillage.com\\\/de\\\/ueber-uns\\\/#primaryimage\"},\"image\":{\"@id\":\"https:\\\/\\\/www.hotelmaranellovillage.com\\\/de\\\/ueber-uns\\\/#primaryimage\"},\"thumbnailUrl\":\"https:\\\/\\\/www.hotelmaranellovillage.com\\\/wp-content\\\/uploads\\\/2026\\\/03\\\/hotel-maranello-village-reception-pit-lane-by-night.jpg\",\"datePublished\":\"2026-02-11T18:03:48+00:00\",\"dateModified\":\"2026-04-30T15:51:54+00:00\",\"description\":\"\u00dcber uns: Maranello Village steht f\u00fcr Gastfreundschaft und eine leidenschaftliche Atmosph\u00e4re, die Sie im Herzen des Motor Valley finden werden.\",\"breadcrumb\":{\"@id\":\"https:\\\/\\\/www.hotelmaranellovillage.com\\\/de\\\/ueber-uns\\\/#breadcrumb\"},\"inLanguage\":\"de\",\"potentialAction\":[{\"@type\":\"ReadAction\",\"target\":[\"https:\\\/\\\/www.hotelmaranellovillage.com\\\/de\\\/ueber-uns\\\/\"]}]},{\"@type\":\"ImageObject\",\"inLanguage\":\"de\",\"@id\":\"https:\\\/\\\/www.hotelmaranellovillage.com\\\/de\\\/ueber-uns\\\/#primaryimage\",\"url\":\"https:\\\/\\\/www.hotelmaranellovillage.com\\\/wp-content\\\/uploads\\\/2026\\\/03\\\/hotel-maranello-village-reception-pit-lane-by-night.jpg\",\"contentUrl\":\"https:\\\/\\\/www.hotelmaranellovillage.com\\\/wp-content\\\/uploads\\\/2026\\\/03\\\/hotel-maranello-village-reception-pit-lane-by-night.jpg\",\"width\":1200,\"height\":800},{\"@type\":\"BreadcrumbList\",\"@id\":\"https:\\\/\\\/www.hotelmaranellovillage.com\\\/de\\\/ueber-uns\\\/#breadcrumb\",\"itemListElement\":[{\"@type\":\"ListItem\",\"position\":1,\"name\":\"Home\",\"item\":\"https:\\\/\\\/www.hotelmaranellovillage.com\\\/de\\\/startseite\\\/\"},{\"@type\":\"ListItem\",\"position\":2,\"name\":\"\u00dcber uns\"}]},{\"@type\":\"WebSite\",\"@id\":\"https:\\\/\\\/www.hotelmaranellovillage.com\\\/fr\\\/#website\",\"url\":\"https:\\\/\\\/www.hotelmaranellovillage.com\\\/fr\\\/\",\"name\":\"Maranello Village\",\"description\":\"Hotel &amp; Residence Sito Ufficiale\",\"publisher\":{\"@id\":\"https:\\\/\\\/www.hotelmaranellovillage.com\\\/fr\\\/#organization\"},\"alternateName\":\"HMV\",\"potentialAction\":[{\"@type\":\"SearchAction\",\"target\":{\"@type\":\"EntryPoint\",\"urlTemplate\":\"https:\\\/\\\/www.hotelmaranellovillage.com\\\/fr\\\/?s={search_term_string}\"},\"query-input\":{\"@type\":\"PropertyValueSpecification\",\"valueRequired\":true,\"valueName\":\"search_term_string\"}}],\"inLanguage\":\"de\"},{\"@type\":\"Organization\",\"@id\":\"https:\\\/\\\/www.hotelmaranellovillage.com\\\/fr\\\/#organization\",\"name\":\"Hotel & Residence 4 stelle\",\"url\":\"https:\\\/\\\/www.hotelmaranellovillage.com\\\/fr\\\/\",\"logo\":{\"@type\":\"ImageObject\",\"inLanguage\":\"de\",\"@id\":\"https:\\\/\\\/www.hotelmaranellovillage.com\\\/fr\\\/#\\\/schema\\\/logo\\\/image\\\/\",\"url\":\"https:\\\/\\\/www.hotelmaranellovillage.com\\\/wp-content\\\/uploads\\\/2026\\\/04\\\/maranello-village-logo-2026.png\",\"contentUrl\":\"https:\\\/\\\/www.hotelmaranellovillage.com\\\/wp-content\\\/uploads\\\/2026\\\/04\\\/maranello-village-logo-2026.png\",\"width\":800,\"height\":256,\"caption\":\"Hotel & Residence 4 stelle\"},\"image\":{\"@id\":\"https:\\\/\\\/www.hotelmaranellovillage.com\\\/fr\\\/#\\\/schema\\\/logo\\\/image\\\/\"},\"sameAs\":[\"https:\\\/\\\/www.facebook.com\\\/MaranelloVillage\",\"https:\\\/\\\/www.instagram.com\\\/hotelmaranellovillage\\\/\",\"https:\\\/\\\/it.linkedin.com\\\/company\\\/maranello-village-hotel-\"]}]}<\/script>\n<!-- \/ Yoast SEO plugin. -->","yoast_head_json":{"title":"\u00dcber uns | Maranello Village - Hotel & Residence Sito Ufficiale","description":"\u00dcber uns: Maranello Village steht f\u00fcr Gastfreundschaft und eine leidenschaftliche Atmosph\u00e4re, die Sie im Herzen des Motor Valley finden werden.","robots":{"index":"index","follow":"follow","max-snippet":"max-snippet:-1","max-image-preview":"max-image-preview:large","max-video-preview":"max-video-preview:-1"},"canonical":"https:\/\/www.hotelmaranellovillage.com\/de\/ueber-uns\/","og_locale":"de_DE","og_type":"article","og_title":"\u00dcber uns | Maranello Village - Hotel & Residence Sito Ufficiale","og_description":"\u00dcber uns: Maranello Village steht f\u00fcr Gastfreundschaft und eine leidenschaftliche Atmosph\u00e4re, die Sie im Herzen des Motor Valley finden werden.","og_url":"https:\/\/www.hotelmaranellovillage.com\/de\/ueber-uns\/","og_site_name":"Maranello Village","article_publisher":"https:\/\/www.facebook.com\/MaranelloVillage","article_modified_time":"2026-04-30T15:51:54+00:00","og_image":[{"width":1200,"height":800,"url":"https:\/\/www.hotelmaranellovillage.com\/wp-content\/uploads\/2026\/03\/hotel-maranello-village-reception-pit-lane-by-night.jpg","type":"image\/jpeg"}],"twitter_card":"summary_large_image","twitter_misc":{"Gesch\u00e4tzte Lesezeit":"4\u00a0Minuten"},"schema":{"@context":"https:\/\/schema.org","@graph":[{"@type":"WebPage","@id":"https:\/\/www.hotelmaranellovillage.com\/de\/ueber-uns\/","url":"https:\/\/www.hotelmaranellovillage.com\/de\/ueber-uns\/","name":"\u00dcber uns | Maranello Village - Hotel & Residence Sito Ufficiale","isPartOf":{"@id":"https:\/\/www.hotelmaranellovillage.com\/fr\/#website"},"primaryImageOfPage":{"@id":"https:\/\/www.hotelmaranellovillage.com\/de\/ueber-uns\/#primaryimage"},"image":{"@id":"https:\/\/www.hotelmaranellovillage.com\/de\/ueber-uns\/#primaryimage"},"thumbnailUrl":"https:\/\/www.hotelmaranellovillage.com\/wp-content\/uploads\/2026\/03\/hotel-maranello-village-reception-pit-lane-by-night.jpg","datePublished":"2026-02-11T18:03:48+00:00","dateModified":"2026-04-30T15:51:54+00:00","description":"\u00dcber uns: Maranello Village steht f\u00fcr Gastfreundschaft und eine leidenschaftliche Atmosph\u00e4re, die Sie im Herzen des Motor Valley finden werden.","breadcrumb":{"@id":"https:\/\/www.hotelmaranellovillage.com\/de\/ueber-uns\/#breadcrumb"},"inLanguage":"de","potentialAction":[{"@type":"ReadAction","target":["https:\/\/www.hotelmaranellovillage.com\/de\/ueber-uns\/"]}]},{"@type":"ImageObject","inLanguage":"de","@id":"https:\/\/www.hotelmaranellovillage.com\/de\/ueber-uns\/#primaryimage","url":"https:\/\/www.hotelmaranellovillage.com\/wp-content\/uploads\/2026\/03\/hotel-maranello-village-reception-pit-lane-by-night.jpg","contentUrl":"https:\/\/www.hotelmaranellovillage.com\/wp-content\/uploads\/2026\/03\/hotel-maranello-village-reception-pit-lane-by-night.jpg","width":1200,"height":800},{"@type":"BreadcrumbList","@id":"https:\/\/www.hotelmaranellovillage.com\/de\/ueber-uns\/#breadcrumb","itemListElement":[{"@type":"ListItem","position":1,"name":"Home","item":"https:\/\/www.hotelmaranellovillage.com\/de\/startseite\/"},{"@type":"ListItem","position":2,"name":"\u00dcber uns"}]},{"@type":"WebSite","@id":"https:\/\/www.hotelmaranellovillage.com\/fr\/#website","url":"https:\/\/www.hotelmaranellovillage.com\/fr\/","name":"Maranello Village","description":"Hotel &amp; Residence Sito Ufficiale","publisher":{"@id":"https:\/\/www.hotelmaranellovillage.com\/fr\/#organization"},"alternateName":"HMV","potentialAction":[{"@type":"SearchAction","target":{"@type":"EntryPoint","urlTemplate":"https:\/\/www.hotelmaranellovillage.com\/fr\/?s={search_term_string}"},"query-input":{"@type":"PropertyValueSpecification","valueRequired":true,"valueName":"search_term_string"}}],"inLanguage":"de"},{"@type":"Organization","@id":"https:\/\/www.hotelmaranellovillage.com\/fr\/#organization","name":"Hotel & Residence 4 stelle","url":"https:\/\/www.hotelmaranellovillage.com\/fr\/","logo":{"@type":"ImageObject","inLanguage":"de","@id":"https:\/\/www.hotelmaranellovillage.com\/fr\/#\/schema\/logo\/image\/","url":"https:\/\/www.hotelmaranellovillage.com\/wp-content\/uploads\/2026\/04\/maranello-village-logo-2026.png","contentUrl":"https:\/\/www.hotelmaranellovillage.com\/wp-content\/uploads\/2026\/04\/maranello-village-logo-2026.png","width":800,"height":256,"caption":"Hotel & Residence 4 stelle"},"image":{"@id":"https:\/\/www.hotelmaranellovillage.com\/fr\/#\/schema\/logo\/image\/"},"sameAs":["https:\/\/www.facebook.com\/MaranelloVillage","https:\/\/www.instagram.com\/hotelmaranellovillage\/","https:\/\/it.linkedin.com\/company\/maranello-village-hotel-"]}]}},"_links":{"self":[{"href":"https:\/\/www.hotelmaranellovillage.com\/de\/wp-json\/wp\/v2\/pages\/980","targetHints":{"allow":["GET"]}}],"collection":[{"href":"https:\/\/www.hotelmaranellovillage.com\/de\/wp-json\/wp\/v2\/pages"}],"about":[{"href":"https:\/\/www.hotelmaranellovillage.com\/de\/wp-json\/wp\/v2\/types\/page"}],"author":[{"embeddable":true,"href":"https:\/\/www.hotelmaranellovillage.com\/de\/wp-json\/wp\/v2\/users\/1"}],"replies":[{"embeddable":true,"href":"https:\/\/www.hotelmaranellovillage.com\/de\/wp-json\/wp\/v2\/comments?post=980"}],"version-history":[{"count":12,"href":"https:\/\/www.hotelmaranellovillage.com\/de\/wp-json\/wp\/v2\/pages\/980\/revisions"}],"predecessor-version":[{"id":1602,"href":"https:\/\/www.hotelmaranellovillage.com\/de\/wp-json\/wp\/v2\/pages\/980\/revisions\/1602"}],"wp:featuredmedia":[{"embeddable":true,"href":"https:\/\/www.hotelmaranellovillage.com\/de\/wp-json\/wp\/v2\/media\/981"}],"wp:attachment":[{"href":"https:\/\/www.hotelmaranellovillage.com\/de\/wp-json\/wp\/v2\/media?parent=980"}],"curies":[{"name":"wp","href":"https:\/\/api.w.org\/{rel}","templated":true}]}}