{"id":944,"date":"2026-02-11T19:05:27","date_gmt":"2026-02-11T18:05:27","guid":{"rendered":"https:\/\/web.hotelmaranellovillage.com\/zimmer\/standard-doppelzimmer\/"},"modified":"2026-04-24T11:49:24","modified_gmt":"2026-04-24T09:49:24","slug":"standard-doppelzimmer","status":"publish","type":"page","link":"https:\/\/www.hotelmaranellovillage.com\/de\/zimmer\/standard-doppelzimmer\/","title":{"rendered":"Standard-Doppelzimmer"},"content":{"rendered":"<div class=\"wpb-content-wrapper\"><p>[vc_row full_width=&#8220;stretch_row_content_no_spaces&#8220; content_placement=&#8220;middle&#8220;][vc_column width=&#8220;1\/2&#8243; css=&#8220;.vc_custom_1775829156150{padding-top: 0px !important;background-image: url(https:\/\/www.hotelmaranellovillage.com\/wp-content\/uploads\/2026\/04\/doppia-standard-camere-maranello-village-04.jpg?id=546) !important;background-position: center !important;background-repeat: no-repeat !important;background-size: cover !important;}&#8220;]<div title=\"Standard-Doppelzimmer - Maranello Village\" class=\"image-wrapper\">\n\t\t\t\t<figure class=\"aspect-image\" style=\"background-image:url('https:\/\/www.hotelmaranellovillage.com\/wp-content\/themes\/aitec\/img\/transparent-placeholder.png'); aspect-ratio: 3 \/ 2; \">\n\t\t\t\t\t<img decoding=\"async\" src=\"https:\/\/www.hotelmaranellovillage.com\/wp-content\/uploads\/2026\/04\/doppia-standard-camere-maranello-village-04.jpg\" alt=\"Standard-Doppelzimmer - Maranello Village\">\n\t\t\t\t\t<figcaption>Standard-Doppelzimmer - Maranello Village<\/figcaption>\n\t\t\t\t<\/figure>\n\t\t\t<\/div>[\/vc_column][vc_column width=&#8220;1\/3&#8243; offset=&#8220;vc_col-sm-offset-1&#8243;]<h1 class=\"deco-title sinistra\"><span class=\"eyelet\">Zimmer<\/span> Zimmer <mark class=\"subtitle\">Standard-Doppelzimmer<\/mark><\/h1>[vc_column_text css=&#8220;&#8220;]Unsere Standard-Doppelzimmer machen jeden Aufenthalt zu einer Reise in die einzigartige Welt von Ferrari. Der Stil ist schlicht und essenziell, die Farben sind die des Hauses aus Maranello.<\/p>\n<p>Die Zimmer befinden sich im Geb\u00e4ude Daytona und sind perfekt in Bezug auf Komfort und Zweckm\u00e4\u00dfigkeit \u2013 die ideale Wahl f\u00fcr Ihre <strong>Gesch\u00e4ftsreise<\/strong> oder Ihren Urlaub.[\/vc_column_text]<div class=\"button-wrapper sinistra\"><a class=\"btn btn-default\" href=\"https:\/\/www.simplebooking.it\/ibe2\/hotel\/2562?lang=DE\"  target=\"_blank\" title=\"Jetzt buchen\">Jetzt buchen<\/a><\/div>[\/vc_column][\/vc_row][vc_row full_width=&#8220;stretch_row&#8220; content_placement=&#8220;middle&#8220; css=&#8220;.vc_custom_1772473763870{padding-top: 4em !important;padding-bottom: 4em !important;background-color: #EFEFEF !important;}&#8220;][vc_column width=&#8220;5\/12&#8243;]<h2 class=\"deco-title sinistra\"><span class=\"eyelet\">Im Zimmer<\/span> Um Ihren <mark class=\"subtitle\">Aufenthalt abzurunden<\/mark><\/h2>[vc_column_text css=&#8220;&#8220;]Unsere Zimmer beinhalten auch einen gro\u00dfen kostenlosen Parkplatz oder gegen Geb\u00fchr einen Stellplatz in der <strong>Tiefgarage<\/strong>. Das <strong>Fr\u00fchst\u00fcck<\/strong> ist auf Anfrage gegen Geb\u00fchr erh\u00e4ltlich, und unsere <strong>beiden Restaurants<\/strong> sind bereit, Ihren Gaumen zu erobern.<\/p>\n<p>M\u00f6chten Sie mehr erfahren? <a href=\"https:\/\/www.hotelmaranellovillage.com\/de\/kontakt\/\">Kontaktieren Sie uns<\/a>[\/vc_column_text][\/vc_column][vc_column width=&#8220;1\/2&#8243; offset=&#8220;vc_col-sm-offset-1&#8243;]<ul class=\"feature-list text-column-2\">\n\t\t\t\t\t<li><a href=\"https:\/\/www.simplebooking.it\/ibe2\/hotel\/2562?lang=IT\" title=\"Kostenloses Wi-Fi\"><i class=\"fas fa-wifi\"><\/i> Kostenloses Wi-Fi<\/a><\/li>\n<li><a href=\"https:\/\/www.simplebooking.it\/ibe2\/hotel\/2562?lang=IT\" title=\"Minibar\"><i class=\"fas fa-glass-martini\"><\/i> Minibar<\/a><\/li>\n<li><a href=\"https:\/\/www.simplebooking.it\/ibe2\/hotel\/2562?lang=IT\" title=\"Kostenloser 32\" Fernseher\"><i class=\"fas fa-tv\"><\/i> Kostenloser 32\" Fernseher<\/a><\/li>\n<li><a href=\"https:\/\/www.simplebooking.it\/ibe2\/hotel\/2562?lang=IT\" title=\"Privates Badezimmer\"><i class=\"fas fa-shower\"><\/i> Privates Badezimmer<\/a><\/li>\n<li><a href=\"https:\/\/www.simplebooking.it\/ibe2\/hotel\/2562?lang=IT\" title=\"H\u00f6flichkeitsset\"><i class=\"fas fa-pump-soap\"><\/i> H\u00f6flichkeitsset<\/a><\/li>\n<li><a href=\"https:\/\/www.simplebooking.it\/ibe2\/hotel\/2562?lang=IT\" title=\"Haartrockner\"><i class=\"fas fa-wind\"><\/i> Haartrockner<\/a><\/li>\n<li><a href=\"https:\/\/www.simplebooking.it\/ibe2\/hotel\/2562?lang=IT\" title=\"Sicher\"><i class=\"fas fa-lock\"><\/i> Sicher<\/a><\/li>\n<li><a href=\"https:\/\/www.simplebooking.it\/ibe2\/hotel\/2562?lang=IT\" title=\"Telefon und Wecker\"><i class=\"fas fa-phone\"><\/i> Telefon und Wecker<\/a><\/li>\n<li><a href=\"https:\/\/www.simplebooking.it\/ibe2\/hotel\/2562?lang=IT\" title=\"Klimatisierung\"><i class=\"fas fa-snowflake\"><\/i> Klimatisierung<\/a><\/li>\n<li><a href=\"https:\/\/www.simplebooking.it\/ibe2\/hotel\/2562?lang=IT\" title=\"Kostenloses Kinderbett\"><i class=\"fas fa-baby-carriage\"><\/i> Kostenloses Kinderbett<\/a><\/li>\n\t\t\t\t<\/ul>[\/vc_column][\/vc_row][vc_row full_width=&#8220;stretch_row_content_no_spaces&#8220; content_placement=&#8220;middle&#8220; css=&#8220;.vc_custom_1772473985251{background-color: #E51C24 !important;}&#8220;][vc_column width=&#8220;1\/3&#8243; offset=&#8220;vc_col-sm-offset-1&#8243;]<h2 class=\"deco-title sinistra text-white\"><span class=\"eyelet\">Geschenke und Angebote<\/span> Get in the Red <mark class=\"subtitle\">Mood<\/mark><\/h2>[vc_column_text css=&#8220;&#8220; el_class=&#8220;text-white&#8220;]Entdecken Sie <strong>einzigartige Angebote<\/strong> und buchen Sie stets zu den <strong>besten Preisen<\/strong> mit maximalem Service <strong>direkt auf unserer Website<\/strong>.<\/p>\n<p>Reisen Sie mit Stil und lassen Sie die Leidenschaft h\u00f6her schlagen \u2013 wir erwarten Sie.[\/vc_column_text]<div class=\"button-wrapper inline\"><a class=\"btn btn-default color-secondary\" href=\"https:\/\/www.simplebooking.it\/ibe2\/hotel\/2562?lang=DE\"  target=\"_blank\" title=\"Jetzt buchen\">Jetzt buchen<\/a><\/div><div class=\"button-wrapper inline\"><a class=\"btn btn-default color-tertiary nudge-left\" href=\"https:\/\/www.hotelmaranellovillage.com\/de\/angebote\/\"  target=\"_blank\" title=\"Exklusive Angebote\">Exklusive Angebote<\/a><\/div>[\/vc_column][vc_column width=&#8220;1\/2&#8243; css=&#8220;.vc_custom_1772473959278{padding-top: 0px !important;}&#8220; offset=&#8220;vc_col-sm-offset-1&#8243;]<section id=\"snap-slider-69f4b84482227\" class=\"snap-slider-wrapper\" data-items=\"1\">\r\n\t\t\t\t\t\r\n\t\t\t\t\t<div class=\"snap-slider-control\">\r\n\t\t\t\t\t\t<button class=\"snap-slider-control-left\" type=\"button\">\r\n\t\t\t\t\t\t\t<i class=\"fas fa-arrow-left\"><\/i>\r\n\t\t\t\t\t\t\t<span class=\"visually-hidden\">Previous<\/span>\r\n\t\t\t\t\t\t<\/button>\r\n\t\t\t\t\t\t<button class=\"snap-slider-control-right\" type=\"button\">\r\n\t\t\t\t\t\t\t<i class=\"fas fa-arrow-right\"><\/i>\r\n\t\t\t\t\t\t\t<span class=\"visually-hidden\">Next<\/span>\r\n\t\t\t\t\t\t<\/button>\r\n\t\t\t\t\t<\/div>\r\n\t\t\t\t\t<div class=\"snap-slider\">\r\n\t\t\t\t\t\t<figure id=\"snap-slider-69f4b84482227-element-0\" class=\"snap-slider-element aspect-image lightbox\" style=\"background-image:url('https:\/\/www.hotelmaranellovillage.com\/wp-content\/uploads\/2026\/03\/doppia-standard-camere-maranello-village-01-1024x683.jpg'); aspect-ratio:3 \/ 2;\" data-url=\"https:\/\/www.hotelmaranellovillage.com\/wp-content\/uploads\/2026\/03\/doppia-standard-camere-maranello-village-01.jpg\" data-width=\"1200\" data-height=\"800\">\r\n\t\t\t\t\t\t\t<img decoding=\"async\" src=\"https:\/\/www.hotelmaranellovillage.com\/wp-content\/uploads\/2026\/03\/doppia-standard-camere-maranello-village-01-1024x683.jpg\" alt=\"\" \/>\r\n\t\t\t\t\t\t\t\r\n\t\t\t\t\t\t<\/figure>\n<figure id=\"snap-slider-69f4b84482227-element-1\" class=\"snap-slider-element aspect-image lightbox lightbox\" style=\"background-image:url('https:\/\/www.hotelmaranellovillage.com\/wp-content\/uploads\/2026\/03\/doppia-standard-camere-maranello-village-02-1024x683.jpg'); aspect-ratio:3 \/ 2;\" data-url=\"https:\/\/www.hotelmaranellovillage.com\/wp-content\/uploads\/2026\/03\/doppia-standard-camere-maranello-village-02.jpg\" data-width=\"1200\" data-height=\"800\">\r\n\t\t\t\t\t\t\t<img decoding=\"async\" src=\"https:\/\/www.hotelmaranellovillage.com\/wp-content\/uploads\/2026\/03\/doppia-standard-camere-maranello-village-02-1024x683.jpg\" alt=\"\" \/>\r\n\t\t\t\t\t\t\t\r\n\t\t\t\t\t\t<\/figure>\n<figure id=\"snap-slider-69f4b84482227-element-2\" class=\"snap-slider-element aspect-image lightbox lightbox lightbox\" style=\"background-image:url('https:\/\/www.hotelmaranellovillage.com\/wp-content\/uploads\/2026\/03\/doppia-standard-camere-maranello-village-03-1024x683.jpg'); aspect-ratio:3 \/ 2;\" data-url=\"https:\/\/www.hotelmaranellovillage.com\/wp-content\/uploads\/2026\/03\/doppia-standard-camere-maranello-village-03.jpg\" data-width=\"1200\" data-height=\"800\">\r\n\t\t\t\t\t\t\t<img decoding=\"async\" src=\"https:\/\/www.hotelmaranellovillage.com\/wp-content\/uploads\/2026\/03\/doppia-standard-camere-maranello-village-03-1024x683.jpg\" alt=\"\" \/>\r\n\t\t\t\t\t\t\t\r\n\t\t\t\t\t\t<\/figure>\r\n\t\t\t\t\t<\/div>\r\n\t\t\t\t<\/section>[\/vc_column][\/vc_row]<\/p>\n<\/div>","protected":false},"excerpt":{"rendered":"<p>[vc_row full_width=&#8220;stretch_row_content_no_spaces&#8220; content_placement=&#8220;middle&#8220;][vc_column width=&#8220;1\/2&#8243; css=&#8220;.vc_custom_1775829156150{padding-top: 0px !important;background-image: url(https:\/\/www.hotelmaranellovillage.com\/wp-content\/uploads\/2026\/04\/doppia-standard-camere-maranello-village-04.jpg?id=546) !important;background-position: center !important;background-repeat: no-repeat !important;background-size: cover !important;}&#8220;][\/vc_column][vc_column width=&#8220;1\/3&#8243; offset=&#8220;vc_col-sm-offset-1&#8243;][vc_column_text css=&#8220;&#8220;]Unsere Standard-Doppelzimmer machen jeden Aufenthalt zu einer Reise in die einzigartige Welt von Ferrari. Der Stil ist schlicht und essenziell, die Farben sind die des Hauses aus Maranello. Die Zimmer befinden sich im Geb\u00e4ude Daytona und sind perfekt [&hellip;]<\/p>\n","protected":false},"author":1,"featured_media":945,"parent":742,"menu_order":0,"comment_status":"closed","ping_status":"closed","template":"","meta":{"_acf_changed":false,"rs_blank_template":"","rs_page_bg_color":"","slide_template_v7":"","footnotes":""},"class_list":["post-944","page","type-page","status-publish","has-post-thumbnail","hentry"],"acf":[],"yoast_head":"<!-- This site is optimized with the Yoast SEO plugin v27.5 - https:\/\/yoast.com\/product\/yoast-seo-wordpress\/ -->\n<title>Standard-Doppelzimmer | Maranello Village - Hotel &amp; Residence Sito Ufficiale<\/title>\n<meta name=\"robots\" content=\"index, follow, max-snippet:-1, max-image-preview:large, max-video-preview:-1\" \/>\n<link rel=\"canonical\" href=\"https:\/\/www.hotelmaranellovillage.com\/de\/zimmer\/standard-doppelzimmer\/\" \/>\n<meta property=\"og:locale\" content=\"de_DE\" \/>\n<meta property=\"og:type\" content=\"article\" \/>\n<meta property=\"og:title\" content=\"Standard-Doppelzimmer | Maranello Village - Hotel &amp; Residence Sito Ufficiale\" \/>\n<meta property=\"og:description\" content=\"[vc_row full_width=&#8220;stretch_row_content_no_spaces&#8220; content_placement=&#8220;middle&#8220;][vc_column width=&#8220;1\/2&#8243; css=&#8220;.vc_custom_1775829156150{padding-top: 0px !important;background-image: url(https:\/\/www.hotelmaranellovillage.com\/wp-content\/uploads\/2026\/04\/doppia-standard-camere-maranello-village-04.jpg?id=546) !important;background-position: center !important;background-repeat: no-repeat !important;background-size: cover !important;}&#8220;][\/vc_column][vc_column width=&#8220;1\/3&#8243; offset=&#8220;vc_col-sm-offset-1&#8243;][vc_column_text css=&#8220;&#8220;]Unsere Standard-Doppelzimmer machen jeden Aufenthalt zu einer Reise in die einzigartige Welt von Ferrari. Der Stil ist schlicht und essenziell, die Farben sind die des Hauses aus Maranello. Die Zimmer befinden sich im Geb\u00e4ude Daytona und sind perfekt [&hellip;]\" \/>\n<meta property=\"og:url\" content=\"https:\/\/www.hotelmaranellovillage.com\/de\/zimmer\/standard-doppelzimmer\/\" \/>\n<meta property=\"og:site_name\" content=\"Maranello Village\" \/>\n<meta property=\"article:publisher\" content=\"https:\/\/www.facebook.com\/MaranelloVillage\" \/>\n<meta property=\"article:modified_time\" content=\"2026-04-24T09:49:24+00:00\" \/>\n<meta property=\"og:image\" content=\"https:\/\/www.hotelmaranellovillage.com\/wp-content\/uploads\/2026\/03\/doppia-standard-camere-maranello-village-01.jpg\" \/>\n\t<meta property=\"og:image:width\" content=\"1200\" \/>\n\t<meta property=\"og:image:height\" content=\"800\" \/>\n\t<meta property=\"og:image:type\" content=\"image\/jpeg\" \/>\n<meta name=\"twitter:card\" content=\"summary_large_image\" \/>\n<meta name=\"twitter:label1\" content=\"Gesch\u00e4tzte Lesezeit\" \/>\n\t<meta name=\"twitter:data1\" content=\"3\u00a0Minuten\" \/>\n<script type=\"application\/ld+json\" class=\"yoast-schema-graph\">{\"@context\":\"https:\\\/\\\/schema.org\",\"@graph\":[{\"@type\":\"WebPage\",\"@id\":\"https:\\\/\\\/www.hotelmaranellovillage.com\\\/de\\\/zimmer\\\/standard-doppelzimmer\\\/\",\"url\":\"https:\\\/\\\/www.hotelmaranellovillage.com\\\/de\\\/zimmer\\\/standard-doppelzimmer\\\/\",\"name\":\"Standard-Doppelzimmer | Maranello Village - Hotel & Residence Sito Ufficiale\",\"isPartOf\":{\"@id\":\"https:\\\/\\\/www.hotelmaranellovillage.com\\\/fr\\\/#website\"},\"primaryImageOfPage\":{\"@id\":\"https:\\\/\\\/www.hotelmaranellovillage.com\\\/de\\\/zimmer\\\/standard-doppelzimmer\\\/#primaryimage\"},\"image\":{\"@id\":\"https:\\\/\\\/www.hotelmaranellovillage.com\\\/de\\\/zimmer\\\/standard-doppelzimmer\\\/#primaryimage\"},\"thumbnailUrl\":\"https:\\\/\\\/www.hotelmaranellovillage.com\\\/wp-content\\\/uploads\\\/2026\\\/03\\\/doppia-standard-camere-maranello-village-01.jpg\",\"datePublished\":\"2026-02-11T18:05:27+00:00\",\"dateModified\":\"2026-04-24T09:49:24+00:00\",\"breadcrumb\":{\"@id\":\"https:\\\/\\\/www.hotelmaranellovillage.com\\\/de\\\/zimmer\\\/standard-doppelzimmer\\\/#breadcrumb\"},\"inLanguage\":\"de\",\"potentialAction\":[{\"@type\":\"ReadAction\",\"target\":[\"https:\\\/\\\/www.hotelmaranellovillage.com\\\/de\\\/zimmer\\\/standard-doppelzimmer\\\/\"]}]},{\"@type\":\"ImageObject\",\"inLanguage\":\"de\",\"@id\":\"https:\\\/\\\/www.hotelmaranellovillage.com\\\/de\\\/zimmer\\\/standard-doppelzimmer\\\/#primaryimage\",\"url\":\"https:\\\/\\\/www.hotelmaranellovillage.com\\\/wp-content\\\/uploads\\\/2026\\\/03\\\/doppia-standard-camere-maranello-village-01.jpg\",\"contentUrl\":\"https:\\\/\\\/www.hotelmaranellovillage.com\\\/wp-content\\\/uploads\\\/2026\\\/03\\\/doppia-standard-camere-maranello-village-01.jpg\",\"width\":1200,\"height\":800},{\"@type\":\"BreadcrumbList\",\"@id\":\"https:\\\/\\\/www.hotelmaranellovillage.com\\\/de\\\/zimmer\\\/standard-doppelzimmer\\\/#breadcrumb\",\"itemListElement\":[{\"@type\":\"ListItem\",\"position\":1,\"name\":\"Home\",\"item\":\"https:\\\/\\\/www.hotelmaranellovillage.com\\\/de\\\/startseite\\\/\"},{\"@type\":\"ListItem\",\"position\":2,\"name\":\"Zimmer\",\"item\":\"https:\\\/\\\/www.hotelmaranellovillage.com\\\/de\\\/zimmer\\\/\"},{\"@type\":\"ListItem\",\"position\":3,\"name\":\"Standard-Doppelzimmer\"}]},{\"@type\":\"WebSite\",\"@id\":\"https:\\\/\\\/www.hotelmaranellovillage.com\\\/fr\\\/#website\",\"url\":\"https:\\\/\\\/www.hotelmaranellovillage.com\\\/fr\\\/\",\"name\":\"Maranello Village\",\"description\":\"Hotel &amp; Residence Sito Ufficiale\",\"publisher\":{\"@id\":\"https:\\\/\\\/www.hotelmaranellovillage.com\\\/fr\\\/#organization\"},\"alternateName\":\"HMV\",\"potentialAction\":[{\"@type\":\"SearchAction\",\"target\":{\"@type\":\"EntryPoint\",\"urlTemplate\":\"https:\\\/\\\/www.hotelmaranellovillage.com\\\/fr\\\/?s={search_term_string}\"},\"query-input\":{\"@type\":\"PropertyValueSpecification\",\"valueRequired\":true,\"valueName\":\"search_term_string\"}}],\"inLanguage\":\"de\"},{\"@type\":\"Organization\",\"@id\":\"https:\\\/\\\/www.hotelmaranellovillage.com\\\/fr\\\/#organization\",\"name\":\"Hotel & Residence 4 stelle\",\"url\":\"https:\\\/\\\/www.hotelmaranellovillage.com\\\/fr\\\/\",\"logo\":{\"@type\":\"ImageObject\",\"inLanguage\":\"de\",\"@id\":\"https:\\\/\\\/www.hotelmaranellovillage.com\\\/fr\\\/#\\\/schema\\\/logo\\\/image\\\/\",\"url\":\"https:\\\/\\\/www.hotelmaranellovillage.com\\\/wp-content\\\/uploads\\\/2026\\\/04\\\/maranello-village-logo-2026.png\",\"contentUrl\":\"https:\\\/\\\/www.hotelmaranellovillage.com\\\/wp-content\\\/uploads\\\/2026\\\/04\\\/maranello-village-logo-2026.png\",\"width\":800,\"height\":256,\"caption\":\"Hotel & Residence 4 stelle\"},\"image\":{\"@id\":\"https:\\\/\\\/www.hotelmaranellovillage.com\\\/fr\\\/#\\\/schema\\\/logo\\\/image\\\/\"},\"sameAs\":[\"https:\\\/\\\/www.facebook.com\\\/MaranelloVillage\",\"https:\\\/\\\/www.instagram.com\\\/hotelmaranellovillage\\\/\",\"https:\\\/\\\/it.linkedin.com\\\/company\\\/maranello-village-hotel-\"]}]}<\/script>\n<!-- \/ Yoast SEO plugin. -->","yoast_head_json":{"title":"Standard-Doppelzimmer | Maranello Village - Hotel & Residence Sito Ufficiale","robots":{"index":"index","follow":"follow","max-snippet":"max-snippet:-1","max-image-preview":"max-image-preview:large","max-video-preview":"max-video-preview:-1"},"canonical":"https:\/\/www.hotelmaranellovillage.com\/de\/zimmer\/standard-doppelzimmer\/","og_locale":"de_DE","og_type":"article","og_title":"Standard-Doppelzimmer | Maranello Village - Hotel & Residence Sito Ufficiale","og_description":"[vc_row full_width=&#8220;stretch_row_content_no_spaces&#8220; content_placement=&#8220;middle&#8220;][vc_column width=&#8220;1\/2&#8243; css=&#8220;.vc_custom_1775829156150{padding-top: 0px !important;background-image: url(https:\/\/www.hotelmaranellovillage.com\/wp-content\/uploads\/2026\/04\/doppia-standard-camere-maranello-village-04.jpg?id=546) !important;background-position: center !important;background-repeat: no-repeat !important;background-size: cover !important;}&#8220;][\/vc_column][vc_column width=&#8220;1\/3&#8243; offset=&#8220;vc_col-sm-offset-1&#8243;][vc_column_text css=&#8220;&#8220;]Unsere Standard-Doppelzimmer machen jeden Aufenthalt zu einer Reise in die einzigartige Welt von Ferrari. Der Stil ist schlicht und essenziell, die Farben sind die des Hauses aus Maranello. Die Zimmer befinden sich im Geb\u00e4ude Daytona und sind perfekt [&hellip;]","og_url":"https:\/\/www.hotelmaranellovillage.com\/de\/zimmer\/standard-doppelzimmer\/","og_site_name":"Maranello Village","article_publisher":"https:\/\/www.facebook.com\/MaranelloVillage","article_modified_time":"2026-04-24T09:49:24+00:00","og_image":[{"width":1200,"height":800,"url":"https:\/\/www.hotelmaranellovillage.com\/wp-content\/uploads\/2026\/03\/doppia-standard-camere-maranello-village-01.jpg","type":"image\/jpeg"}],"twitter_card":"summary_large_image","twitter_misc":{"Gesch\u00e4tzte Lesezeit":"3\u00a0Minuten"},"schema":{"@context":"https:\/\/schema.org","@graph":[{"@type":"WebPage","@id":"https:\/\/www.hotelmaranellovillage.com\/de\/zimmer\/standard-doppelzimmer\/","url":"https:\/\/www.hotelmaranellovillage.com\/de\/zimmer\/standard-doppelzimmer\/","name":"Standard-Doppelzimmer | Maranello Village - Hotel & Residence Sito Ufficiale","isPartOf":{"@id":"https:\/\/www.hotelmaranellovillage.com\/fr\/#website"},"primaryImageOfPage":{"@id":"https:\/\/www.hotelmaranellovillage.com\/de\/zimmer\/standard-doppelzimmer\/#primaryimage"},"image":{"@id":"https:\/\/www.hotelmaranellovillage.com\/de\/zimmer\/standard-doppelzimmer\/#primaryimage"},"thumbnailUrl":"https:\/\/www.hotelmaranellovillage.com\/wp-content\/uploads\/2026\/03\/doppia-standard-camere-maranello-village-01.jpg","datePublished":"2026-02-11T18:05:27+00:00","dateModified":"2026-04-24T09:49:24+00:00","breadcrumb":{"@id":"https:\/\/www.hotelmaranellovillage.com\/de\/zimmer\/standard-doppelzimmer\/#breadcrumb"},"inLanguage":"de","potentialAction":[{"@type":"ReadAction","target":["https:\/\/www.hotelmaranellovillage.com\/de\/zimmer\/standard-doppelzimmer\/"]}]},{"@type":"ImageObject","inLanguage":"de","@id":"https:\/\/www.hotelmaranellovillage.com\/de\/zimmer\/standard-doppelzimmer\/#primaryimage","url":"https:\/\/www.hotelmaranellovillage.com\/wp-content\/uploads\/2026\/03\/doppia-standard-camere-maranello-village-01.jpg","contentUrl":"https:\/\/www.hotelmaranellovillage.com\/wp-content\/uploads\/2026\/03\/doppia-standard-camere-maranello-village-01.jpg","width":1200,"height":800},{"@type":"BreadcrumbList","@id":"https:\/\/www.hotelmaranellovillage.com\/de\/zimmer\/standard-doppelzimmer\/#breadcrumb","itemListElement":[{"@type":"ListItem","position":1,"name":"Home","item":"https:\/\/www.hotelmaranellovillage.com\/de\/startseite\/"},{"@type":"ListItem","position":2,"name":"Zimmer","item":"https:\/\/www.hotelmaranellovillage.com\/de\/zimmer\/"},{"@type":"ListItem","position":3,"name":"Standard-Doppelzimmer"}]},{"@type":"WebSite","@id":"https:\/\/www.hotelmaranellovillage.com\/fr\/#website","url":"https:\/\/www.hotelmaranellovillage.com\/fr\/","name":"Maranello Village","description":"Hotel &amp; Residence Sito Ufficiale","publisher":{"@id":"https:\/\/www.hotelmaranellovillage.com\/fr\/#organization"},"alternateName":"HMV","potentialAction":[{"@type":"SearchAction","target":{"@type":"EntryPoint","urlTemplate":"https:\/\/www.hotelmaranellovillage.com\/fr\/?s={search_term_string}"},"query-input":{"@type":"PropertyValueSpecification","valueRequired":true,"valueName":"search_term_string"}}],"inLanguage":"de"},{"@type":"Organization","@id":"https:\/\/www.hotelmaranellovillage.com\/fr\/#organization","name":"Hotel & Residence 4 stelle","url":"https:\/\/www.hotelmaranellovillage.com\/fr\/","logo":{"@type":"ImageObject","inLanguage":"de","@id":"https:\/\/www.hotelmaranellovillage.com\/fr\/#\/schema\/logo\/image\/","url":"https:\/\/www.hotelmaranellovillage.com\/wp-content\/uploads\/2026\/04\/maranello-village-logo-2026.png","contentUrl":"https:\/\/www.hotelmaranellovillage.com\/wp-content\/uploads\/2026\/04\/maranello-village-logo-2026.png","width":800,"height":256,"caption":"Hotel & Residence 4 stelle"},"image":{"@id":"https:\/\/www.hotelmaranellovillage.com\/fr\/#\/schema\/logo\/image\/"},"sameAs":["https:\/\/www.facebook.com\/MaranelloVillage","https:\/\/www.instagram.com\/hotelmaranellovillage\/","https:\/\/it.linkedin.com\/company\/maranello-village-hotel-"]}]}},"_links":{"self":[{"href":"https:\/\/www.hotelmaranellovillage.com\/de\/wp-json\/wp\/v2\/pages\/944","targetHints":{"allow":["GET"]}}],"collection":[{"href":"https:\/\/www.hotelmaranellovillage.com\/de\/wp-json\/wp\/v2\/pages"}],"about":[{"href":"https:\/\/www.hotelmaranellovillage.com\/de\/wp-json\/wp\/v2\/types\/page"}],"author":[{"embeddable":true,"href":"https:\/\/www.hotelmaranellovillage.com\/de\/wp-json\/wp\/v2\/users\/1"}],"replies":[{"embeddable":true,"href":"https:\/\/www.hotelmaranellovillage.com\/de\/wp-json\/wp\/v2\/comments?post=944"}],"version-history":[{"count":4,"href":"https:\/\/www.hotelmaranellovillage.com\/de\/wp-json\/wp\/v2\/pages\/944\/revisions"}],"predecessor-version":[{"id":1349,"href":"https:\/\/www.hotelmaranellovillage.com\/de\/wp-json\/wp\/v2\/pages\/944\/revisions\/1349"}],"up":[{"embeddable":true,"href":"https:\/\/www.hotelmaranellovillage.com\/de\/wp-json\/wp\/v2\/pages\/742"}],"wp:featuredmedia":[{"embeddable":true,"href":"https:\/\/www.hotelmaranellovillage.com\/de\/wp-json\/wp\/v2\/media\/945"}],"wp:attachment":[{"href":"https:\/\/www.hotelmaranellovillage.com\/de\/wp-json\/wp\/v2\/media?parent=944"}],"curies":[{"name":"wp","href":"https:\/\/api.w.org\/{rel}","templated":true}]}}