{"id":858,"date":"2026-03-18T13:31:26","date_gmt":"2026-03-18T12:31:26","guid":{"rendered":"https:\/\/web.hotelmaranellovillage.com\/ferrari-testfahrt\/"},"modified":"2026-04-24T12:31:37","modified_gmt":"2026-04-24T10:31:37","slug":"ferrari-testfahrt","status":"publish","type":"page","link":"https:\/\/www.hotelmaranellovillage.com\/de\/maranello-und-umgebung\/ferrari-testfahrt\/","title":{"rendered":"Ferrari-Testfahrt"},"content":{"rendered":"<div class=\"wpb-content-wrapper\"><p>[vc_row full_width=&#8220;stretch_row_content_no_spaces&#8220; content_placement=&#8220;middle&#8220; css=&#8220;.vc_custom_1772648524312{padding-top: 4em !important;padding-bottom: 4em !important;background-color: #101010 !important;}&#8220;][vc_column css_animation=&#8220;none&#8220; width=&#8220;1\/2&#8243; el_class=&#8220;deco-column right&#8220;][vc_row_inner][vc_column_inner width=&#8220;5\/6&#8243; offset=&#8220;vc_col-md-offset-2 vc_col-md-8 vc_col-sm-offset-1 vc_col-xs-offset-1 vc_col-xs-10&#8243; css=&#8220;.vc_custom_1772553117214{padding-top: 4em !important;padding-bottom: 4em !important;}&#8220;]<h1 class=\"deco-title sinistra\"><span class=\"eyelet\">Was Sie in Maranello unternehmen k\u00f6nnen<\/span> Testfahrt in <mark class=\"subtitle\">Ferrari<\/mark><\/h1>[vc_column_text css=&#8220;&#8220;]Sie sind in Maranello und sp\u00fcren bereits das <strong>Dr\u00f6hnen einer Testarossa<\/strong> in der Luft vibrieren. Versp\u00fcren Sie nicht den Wunsch, den Nervenkitzel einer Fahrt zu erleben? Nat\u00fcrlich ist das m\u00f6glich! In Maranello stehen Ihnen verschiedene <strong>spezialisierte Autovermietungen<\/strong> zur Verf\u00fcgung, die es Ihnen erm\u00f6glichen, in einen brandneuen <strong>Ferrari<\/strong> zu steigen und auf der Stra\u00dfe zu fahren oder \u00fcber die Rennstrecke zu jagen, um ein Gef\u00fchl zu erleben, das viele als \u201eunbeschreiblich\u201c bezeichnen.<\/p>\n<p>Die Touren dauern zwischen 10 und 90 Minuten und beginnen bei ca. 140 \u20ac.<\/p>\n<p>W\u00fcnschen Sie ein Paket inklusive Aufenthalt? <a href=\"https:\/\/www.hotelmaranellovillage.com\/de\/angebote\/\">Sehen Sie sich unsere Angebote an<\/a>![\/vc_column_text]<div class=\"button-wrapper left\">\r\n\t\t\t\t\t<button type=\"button\" class=\"btn btn-default modal-btn\" data-bs-target=\"#form-69f4c8b2c2256-modal\" data-modal=\"PGRpdiBjbGFzcz0ibW9kYWwgZmFkZSIgaWQ9ImZvcm0tMTU0Ni1tb2RhbCIgdGFiaW5kZXg9Ii0xIiBhcmlhLWxhYmVsbGVkYnk9ImZvcm0tMTU0Ni1tb2RhbC1sYWJlbCIgYXJpYS1oaWRkZW49InRydWUiPjxkaXYgY2xhc3M9Im1vZGFsLWRpYWxvZyBtb2RhbC1kaWFsb2ctY2VudGVyZWQiPjxkaXYgY2xhc3M9Im1vZGFsLWNvbnRlbnQiPjxkaXYgY2xhc3M9Im1vZGFsLWhlYWRlciI+PGg1IGNsYXNzPSJtb2RhbC10aXRsZSIgaWQ9ImZvcm0tMTU0Ni1tb2RhbC1sYWJlbCI+Q2hpZWRpIGluZm9ybWF6aW9uaTwvaDU+PGJ1dHRvbiB0eXBlPSJidXR0b24iIGNsYXNzPSJidG4tY2xvc2UiIGRhdGEtYnMtZGlzbWlzcz0ibW9kYWwiIGFyaWEtbGFiZWw9IkNsb3NlIj48L2J1dHRvbj48L2Rpdj48ZGl2IGNsYXNzPSJtb2RhbC1ib2R5Ij48Zm9ybSBpZD0iZm9ybS0xNTQ2IiBjbGFzcz0iYWNmZC1mb3JtIG5lZWRzLXZhbGlkYXRpb24iIG5vdmFsaWRhdGUgZGF0YS1yZWNhcHRjaGE9IiIgZGF0YS1nb29nbGVfYW5hbHl0aWNzPSJmYWxzZSI+PGlucHV0IHR5cGU9ImhpZGRlbiIgbmFtZT0iYWNmZF9mb3JtX2lkIiB2YWx1ZT0iMTU0NiI+PGlucHV0IHR5cGU9ImhpZGRlbiIgbmFtZT0iYWNmZF9yZW1vdGVfYWRkciIgdmFsdWU9IjIxNi43My4yMTYuMTEyIj48aW5wdXQgdHlwZT0iaGlkZGVuIiBuYW1lPSJhY2ZkX3JlcXVlc3RfdXJpIiB2YWx1ZT0iL2RlL3dwLWpzb24vd3AvdjIvcGFnZXMvODU4Ij48aW5wdXQgdHlwZT0iaGlkZGVuIiBuYW1lPSJhY2ZkX3VzZXJfYWdlbnQiIHZhbHVlPSJNb3ppbGxhLzUuMCBBcHBsZVdlYktpdC81MzcuMzYgKEtIVE1MLCBsaWtlIEdlY2tvOyBjb21wYXRpYmxlOyBDbGF1ZGVCb3QvMS4wOyArY2xhdWRlYm90QGFudGhyb3BpYy5jb20pIj48aW5wdXQgdHlwZT0iaGlkZGVuIiBuYW1lPSJhY2ZkX2NvbXBsZXRlX3VybCIgdmFsdWU9Imh0dHBzOi8vd3d3LmhvdGVsbWFyYW5lbGxvdmlsbGFnZS5jb20vZGUvd3AtanNvbi93cC92Mi9wYWdlcy84NTgiPlt2Y19yb3cgZ2FwPSIxNSJdW3ZjX2NvbHVtbiB3aWR0aD0iMS8yIl08ZGl2IGNsYXNzPSJtYi0zIj4KCTxsYWJlbCBmb3I9Im5vbWUtMTU0NiIgY2xhc3M9ImFjZmQtbGFiZWwgZm9ybS1sYWJlbCI+TmFtZSA8YWJiciB0aXRsZT0iUmVxdWlyZWQgZmllbGQiPiYjNDI7PC9hYmJyPjwvbGFiZWw+Cgk8aW5wdXQgdHlwZT0idGV4dCIgY2xhc3M9ImZvcm0tY29udHJvbCAiIGlkPSJub21lLTE1NDYiIG5hbWU9Im5vbWUiIHBsYWNlaG9sZGVyPSJJaHIgTmFtZSIgIHJlcXVpcmVkPgo8L2Rpdj4KWy92Y19jb2x1bW5dW3ZjX2NvbHVtbiB3aWR0aD0iMS8yIl08ZGl2IGNsYXNzPSJtYi0zIj4KCTxsYWJlbCBmb3I9ImNvZ25vbWUtMTU0NiIgY2xhc3M9ImFjZmQtbGFiZWwgZm9ybS1sYWJlbCI+TmFjaG5hbWUgPGFiYnIgdGl0bGU9IlJlcXVpcmVkIGZpZWxkIj4mIzQyOzwvYWJicj48L2xhYmVsPgoJPGlucHV0IHR5cGU9InRleHQiIGNsYXNzPSJmb3JtLWNvbnRyb2wgIiBpZD0iY29nbm9tZS0xNTQ2IiBuYW1lPSJjb2dub21lIiBwbGFjZWhvbGRlcj0iSWhyIE5hY2huYW1lIiAgcmVxdWlyZWQ+CjwvZGl2PgpbL3ZjX2NvbHVtbl1bL3ZjX3Jvd11bdmNfcm93XVt2Y19jb2x1bW5dPGRpdiBjbGFzcz0ibWItMyI+Cgk8bGFiZWwgZm9yPSJlbWFpbC0xNTQ2IiBjbGFzcz0iYWNmZC1sYWJlbCBmb3JtLWxhYmVsIj5FLU1haWwgPGFiYnIgdGl0bGU9IlJlcXVpcmVkIGZpZWxkIj4mIzQyOzwvYWJicj48L2xhYmVsPgoJPGlucHV0IHR5cGU9ImVtYWlsIiBjbGFzcz0iZm9ybS1jb250cm9sICIgaWQ9ImVtYWlsLTE1NDYiIG5hbWU9ImVtYWlsIiBwbGFjZWhvbGRlcj0ibGF0dWFAZW1haWwuaXQiICByZXF1aXJlZD4KPC9kaXY+ClsvdmNfY29sdW1uXVsvdmNfcm93XVt2Y19yb3ddW3ZjX2NvbHVtbl08ZGl2IGNsYXNzPSJtYi0zIj4KCTxsYWJlbCBmb3I9InRlbGVmb25vLTE1NDYiIGNsYXNzPSJhY2ZkLWxhYmVsIGZvcm0tbGFiZWwiPlRlbGVmb24gPGFiYnIgdGl0bGU9IlJlcXVpcmVkIGZpZWxkIj4mIzQyOzwvYWJicj48L2xhYmVsPgoJPGlucHV0IHR5cGU9InRleHQiIGNsYXNzPSJmb3JtLWNvbnRyb2wgIiBpZD0idGVsZWZvbm8tMTU0NiIgbmFtZT0idGVsZWZvbm8iIHBsYWNlaG9sZGVyPSIrMzkuLi4iICByZXF1aXJlZD4KPC9kaXY+ClsvdmNfY29sdW1uXVsvdmNfcm93XVt2Y19yb3ddW3ZjX2NvbHVtbl08ZGl2IGNsYXNzPSJtYi0zIj4KCTxsYWJlbCBmb3I9Im1lc3NhZ2dpby0xNTQ2Ij5JaHJlIEFuZnJhZ2UgPGFiYnIgdGl0bGU9IlJlcXVpcmVkIGZpZWxkIj4mIzQyOzwvYWJicj48L2xhYmVsPgoJPHRleHRhcmVhIGNsYXNzPSJmb3JtLWNvbnRyb2wgIiByb3dzPSI0IiBpZD0ibWVzc2FnZ2lvLTE1NDYiIG5hbWU9Im1lc3NhZ2dpbyIgYXJpYS1kZXNjcmliZWRieT0ibWVzc2FnZ2lvLTE1NDYtaGVscCIgICByZXF1aXJlZD48L3RleHRhcmVhPgoJPHNtYWxsIGlkPSJtZXNzYWdnaW8xNTQ2LWhlbHAiIGNsYXNzPSJmb3JtLXRleHQgdGV4dC1tdXRlZCI+U3BlY2lmaWNhIHF1aSBsYSB0dWEgcmljaGllc3RhPC9zbWFsbD4KPC9kaXY+ClsvdmNfY29sdW1uXVsvdmNfcm93XVt2Y19yb3ddW3ZjX2NvbHVtbl0JPGRpdiBjbGFzcz0iZm9ybS1jaGVjayBtYi0xIj4KCQk8aW5wdXQgdHlwZT0iY2hlY2tib3giIGNsYXNzPSJmb3JtLWNoZWNrLWlucHV0IiBpZD0icHJpdmFjeS0xNTQ2LTAiIG5hbWU9InByaXZhY3kiIHZhbHVlPSJhY2NvbnNlbnRvIiByZXF1aXJlZCAvPgoJCTxsYWJlbCBjbGFzcz0iZm9ybS1jaGVjay1sYWJlbCIgZm9yPSJwcml2YWN5LTE1NDYtMCI+SG8gcHJlc28gdmlzaW9uZSBkZWxsYSBwcml2YWN5IHBvbGljeSBlIGFjY29uc2VudG8gYWwgdHJhdHRhbWVudG8gZGVpIG1pZWkgZGF0aSBwZXJzb25hbGkgPGFiYnIgdGl0bGU9IlJlcXVpcmVkIGZpZWxkIj4mIzQyOzwvYWJicj48L2xhYmVsPgoJPC9kaXY+Cgk8ZGl2IGNsYXNzPSJmb3JtLWNoZWNrIG1iLTEiPgoJCTxpbnB1dCB0eXBlPSJjaGVja2JveCIgY2xhc3M9ImZvcm0tY2hlY2staW5wdXQiIGlkPSJuZXdzbGV0dGVyLTE1NDYtMCIgbmFtZT0ibmV3c2xldHRlciIgdmFsdWU9IkFERCIgLz4KCQk8bGFiZWwgY2xhc3M9ImZvcm0tY2hlY2stbGFiZWwiIGZvcj0ibmV3c2xldHRlci0xNTQ2LTAiPkRlc2lkZXJvIHJlc3RhcmUgaW5mb3JtYXRvIGUgcmljZXZlcmUgaW5mb3JtYXppb25pIHZpYSBlLW1haWwgc3VsbGUgbm92aXTDoCBlIGxlIG9mZmVydGUgZGVsIE1hcmFuZWxsbyB2aWxsYWdlPC9sYWJlbD4KCTwvZGl2PgpbL3ZjX2NvbHVtbl1bL3ZjX3Jvd11bdmNfcm93XVt2Y19jb2x1bW5dPGRpdiBjbGFzcz0iYnV0dG9uLXdyYXBwZXIgbWItMyI+Cgk8YnV0dG9uIHR5cGU9InN1Ym1pdCIgaWQ9ImludmlhLTE1NDYiIGNsYXNzPSJidG4gYnRuLWRlZmF1bHQiPkFuZnJhZ2Ugc2VuZGVuIDxpIGNsYXNzPSJidG4taWNvbiBmYXMgZmEtZW52ZWxvcGUiPjwvaT48L2J1dHRvbj4KPC9kaXY+ClsvdmNfY29sdW1uXVsvdmNfcm93XTxkaXYgY2xhc3M9Im1vZGFsIGFjZmQtZm9ybS1yZXNwb25zZSIgZGF0YS1mb3JtPSJmb3JtLSIxNTQ2IiIgdGFiaW5kZXg9Ii0xIj48ZGl2IGNsYXNzPSJtb2RhbC1kaWFsb2cgbW9kYWwtZGlhbG9nLWNlbnRlcmVkIj48ZGl2IGNsYXNzPSJtb2RhbC1jb250ZW50Ij48ZGl2IGNsYXNzPSJtb2RhbC1oZWFkZXIiPjxoNSBjbGFzcz0ibW9kYWwtdGl0bGUiPjwvaDU+PGJ1dHRvbiB0eXBlPSJidXR0b24iIGNsYXNzPSJidG4tY2xvc2UiIGRhdGEtYnMtZGlzbWlzcz0ibW9kYWwiIGFyaWEtbGFiZWw9IkNsb3NlIj48L2J1dHRvbj48L2Rpdj48ZGl2IGNsYXNzPSJtb2RhbC1ib2R5Ij48L2Rpdj48L2Rpdj48L2Rpdj48L2Rpdj48L2Zvcm0+PC9kaXY+PC9kaXY+PC9kaXY+PC9kaXY+\">Chiedi informazioni<\/button>\r\n\t\t\t\t<\/div>[\/vc_column_inner][\/vc_row_inner][\/vc_column][vc_column css_animation=&#8220;appear&#8220; width=&#8220;1\/2&#8243; css=&#8220;.vc_custom_1773914091782{background-image: url(https:\/\/www.hotelmaranellovillage.com\/wp-content\/uploads\/2026\/03\/hotel-maranello-village-offerte-driving-experience-ferrari-california.jpg?id=221) !important;background-position: center !important;background-repeat: no-repeat !important;background-size: cover !important;}&#8220;]<div title=\"Hotel Maranello Village - Sehensw\u00fcrdigkeiten in der Umgebung von Maranello - Testfahrt\" class=\"image-wrapper\">\n\t\t\t\t<figure class=\"aspect-image\" style=\"background-image:url('https:\/\/www.hotelmaranellovillage.com\/wp-content\/themes\/aitec\/img\/transparent-placeholder.png'); aspect-ratio: 4 \/ 3; \">\n\t\t\t\t\t<img decoding=\"async\" src=\"https:\/\/www.hotelmaranellovillage.com\/wp-content\/uploads\/2026\/03\/hotel-maranello-village-offerte-driving-experience-ferrari-california.jpg\" alt=\"Hotel Maranello Village - Sehensw\u00fcrdigkeiten in der Umgebung von Maranello - Testfahrt\">\n\t\t\t\t\t<figcaption>Hotel Maranello Village - Sehensw\u00fcrdigkeiten in der Umgebung von Maranello - Testfahrt<\/figcaption>\n\t\t\t\t<\/figure>\n\t\t\t<\/div>[\/vc_column][\/vc_row]<\/p>\n<\/div>","protected":false},"excerpt":{"rendered":"<p>[vc_row full_width=&#8220;stretch_row_content_no_spaces&#8220; content_placement=&#8220;middle&#8220; css=&#8220;.vc_custom_1772648524312{padding-top: 4em !important;padding-bottom: 4em !important;background-color: #101010 !important;}&#8220;][vc_column css_animation=&#8220;none&#8220; width=&#8220;1\/2&#8243; el_class=&#8220;deco-column right&#8220;][vc_row_inner][vc_column_inner width=&#8220;5\/6&#8243; offset=&#8220;vc_col-md-offset-2 vc_col-md-8 vc_col-sm-offset-1 vc_col-xs-offset-1 vc_col-xs-10&#8243; css=&#8220;.vc_custom_1772553117214{padding-top: 4em !important;padding-bottom: 4em !important;}&#8220;][vc_column_text css=&#8220;&#8220;]Sie sind in Maranello und sp\u00fcren bereits das Dr\u00f6hnen einer Testarossa in der Luft vibrieren. Versp\u00fcren Sie nicht den Wunsch, den Nervenkitzel einer Fahrt zu erleben? Nat\u00fcrlich ist das m\u00f6glich! [&hellip;]<\/p>\n","protected":false},"author":1,"featured_media":859,"parent":1066,"menu_order":0,"comment_status":"closed","ping_status":"closed","template":"","meta":{"_acf_changed":false,"rs_blank_template":"","rs_page_bg_color":"","slide_template_v7":"","footnotes":""},"class_list":["post-858","page","type-page","status-publish","has-post-thumbnail","hentry"],"acf":[],"yoast_head":"<!-- This site is optimized with the Yoast SEO plugin v27.5 - https:\/\/yoast.com\/product\/yoast-seo-wordpress\/ -->\n<title>Ferrari-Testfahrt | Maranello Village - Hotel &amp; Residence Sito Ufficiale<\/title>\n<meta name=\"robots\" content=\"index, follow, max-snippet:-1, max-image-preview:large, max-video-preview:-1\" \/>\n<link rel=\"canonical\" href=\"https:\/\/www.hotelmaranellovillage.com\/de\/maranello-und-umgebung\/ferrari-testfahrt\/\" \/>\n<meta property=\"og:locale\" content=\"de_DE\" \/>\n<meta property=\"og:type\" content=\"article\" \/>\n<meta property=\"og:title\" content=\"Ferrari-Testfahrt | Maranello Village - Hotel &amp; Residence Sito Ufficiale\" \/>\n<meta property=\"og:description\" content=\"[vc_row full_width=&#8220;stretch_row_content_no_spaces&#8220; content_placement=&#8220;middle&#8220; css=&#8220;.vc_custom_1772648524312{padding-top: 4em !important;padding-bottom: 4em !important;background-color: #101010 !important;}&#8220;][vc_column css_animation=&#8220;none&#8220; width=&#8220;1\/2&#8243; el_class=&#8220;deco-column right&#8220;][vc_row_inner][vc_column_inner width=&#8220;5\/6&#8243; offset=&#8220;vc_col-md-offset-2 vc_col-md-8 vc_col-sm-offset-1 vc_col-xs-offset-1 vc_col-xs-10&#8243; css=&#8220;.vc_custom_1772553117214{padding-top: 4em !important;padding-bottom: 4em !important;}&#8220;][vc_column_text css=&#8220;&#8220;]Sie sind in Maranello und sp\u00fcren bereits das Dr\u00f6hnen einer Testarossa in der Luft vibrieren. Versp\u00fcren Sie nicht den Wunsch, den Nervenkitzel einer Fahrt zu erleben? Nat\u00fcrlich ist das m\u00f6glich! [&hellip;]\" \/>\n<meta property=\"og:url\" content=\"https:\/\/www.hotelmaranellovillage.com\/de\/maranello-und-umgebung\/ferrari-testfahrt\/\" \/>\n<meta property=\"og:site_name\" content=\"Maranello Village\" \/>\n<meta property=\"article:publisher\" content=\"https:\/\/www.facebook.com\/MaranelloVillage\" \/>\n<meta property=\"article:modified_time\" content=\"2026-04-24T10:31:37+00:00\" \/>\n<meta property=\"og:image\" content=\"https:\/\/www.hotelmaranellovillage.com\/wp-content\/uploads\/2026\/03\/hotel-maranello-village-offerte-driving-experience-ferrari-california.jpg\" \/>\n\t<meta property=\"og:image:width\" content=\"1024\" \/>\n\t<meta property=\"og:image:height\" content=\"626\" \/>\n\t<meta property=\"og:image:type\" content=\"image\/jpeg\" \/>\n<meta name=\"twitter:card\" content=\"summary_large_image\" \/>\n<meta name=\"twitter:label1\" content=\"Gesch\u00e4tzte Lesezeit\" \/>\n\t<meta name=\"twitter:data1\" content=\"1\u00a0Minute\" \/>\n<script type=\"application\/ld+json\" class=\"yoast-schema-graph\">{\"@context\":\"https:\\\/\\\/schema.org\",\"@graph\":[{\"@type\":\"WebPage\",\"@id\":\"https:\\\/\\\/www.hotelmaranellovillage.com\\\/de\\\/maranello-und-umgebung\\\/ferrari-testfahrt\\\/\",\"url\":\"https:\\\/\\\/www.hotelmaranellovillage.com\\\/de\\\/maranello-und-umgebung\\\/ferrari-testfahrt\\\/\",\"name\":\"Ferrari-Testfahrt | Maranello Village - Hotel & Residence Sito Ufficiale\",\"isPartOf\":{\"@id\":\"https:\\\/\\\/www.hotelmaranellovillage.com\\\/fr\\\/#website\"},\"primaryImageOfPage\":{\"@id\":\"https:\\\/\\\/www.hotelmaranellovillage.com\\\/de\\\/maranello-und-umgebung\\\/ferrari-testfahrt\\\/#primaryimage\"},\"image\":{\"@id\":\"https:\\\/\\\/www.hotelmaranellovillage.com\\\/de\\\/maranello-und-umgebung\\\/ferrari-testfahrt\\\/#primaryimage\"},\"thumbnailUrl\":\"https:\\\/\\\/www.hotelmaranellovillage.com\\\/wp-content\\\/uploads\\\/2026\\\/03\\\/hotel-maranello-village-offerte-driving-experience-ferrari-california.jpg\",\"datePublished\":\"2026-03-18T12:31:26+00:00\",\"dateModified\":\"2026-04-24T10:31:37+00:00\",\"breadcrumb\":{\"@id\":\"https:\\\/\\\/www.hotelmaranellovillage.com\\\/de\\\/maranello-und-umgebung\\\/ferrari-testfahrt\\\/#breadcrumb\"},\"inLanguage\":\"de\",\"potentialAction\":[{\"@type\":\"ReadAction\",\"target\":[\"https:\\\/\\\/www.hotelmaranellovillage.com\\\/de\\\/maranello-und-umgebung\\\/ferrari-testfahrt\\\/\"]}]},{\"@type\":\"ImageObject\",\"inLanguage\":\"de\",\"@id\":\"https:\\\/\\\/www.hotelmaranellovillage.com\\\/de\\\/maranello-und-umgebung\\\/ferrari-testfahrt\\\/#primaryimage\",\"url\":\"https:\\\/\\\/www.hotelmaranellovillage.com\\\/wp-content\\\/uploads\\\/2026\\\/03\\\/hotel-maranello-village-offerte-driving-experience-ferrari-california.jpg\",\"contentUrl\":\"https:\\\/\\\/www.hotelmaranellovillage.com\\\/wp-content\\\/uploads\\\/2026\\\/03\\\/hotel-maranello-village-offerte-driving-experience-ferrari-california.jpg\",\"width\":1024,\"height\":626},{\"@type\":\"BreadcrumbList\",\"@id\":\"https:\\\/\\\/www.hotelmaranellovillage.com\\\/de\\\/maranello-und-umgebung\\\/ferrari-testfahrt\\\/#breadcrumb\",\"itemListElement\":[{\"@type\":\"ListItem\",\"position\":1,\"name\":\"Home\",\"item\":\"https:\\\/\\\/www.hotelmaranellovillage.com\\\/de\\\/startseite\\\/\"},{\"@type\":\"ListItem\",\"position\":2,\"name\":\"Maranello und Umgebung\",\"item\":\"https:\\\/\\\/www.hotelmaranellovillage.com\\\/de\\\/maranello-und-umgebung\\\/\"},{\"@type\":\"ListItem\",\"position\":3,\"name\":\"Ferrari-Testfahrt\"}]},{\"@type\":\"WebSite\",\"@id\":\"https:\\\/\\\/www.hotelmaranellovillage.com\\\/fr\\\/#website\",\"url\":\"https:\\\/\\\/www.hotelmaranellovillage.com\\\/fr\\\/\",\"name\":\"Maranello Village\",\"description\":\"Hotel &amp; Residence Sito Ufficiale\",\"publisher\":{\"@id\":\"https:\\\/\\\/www.hotelmaranellovillage.com\\\/fr\\\/#organization\"},\"alternateName\":\"HMV\",\"potentialAction\":[{\"@type\":\"SearchAction\",\"target\":{\"@type\":\"EntryPoint\",\"urlTemplate\":\"https:\\\/\\\/www.hotelmaranellovillage.com\\\/fr\\\/?s={search_term_string}\"},\"query-input\":{\"@type\":\"PropertyValueSpecification\",\"valueRequired\":true,\"valueName\":\"search_term_string\"}}],\"inLanguage\":\"de\"},{\"@type\":\"Organization\",\"@id\":\"https:\\\/\\\/www.hotelmaranellovillage.com\\\/fr\\\/#organization\",\"name\":\"Hotel & Residence 4 stelle\",\"url\":\"https:\\\/\\\/www.hotelmaranellovillage.com\\\/fr\\\/\",\"logo\":{\"@type\":\"ImageObject\",\"inLanguage\":\"de\",\"@id\":\"https:\\\/\\\/www.hotelmaranellovillage.com\\\/fr\\\/#\\\/schema\\\/logo\\\/image\\\/\",\"url\":\"https:\\\/\\\/www.hotelmaranellovillage.com\\\/wp-content\\\/uploads\\\/2026\\\/04\\\/maranello-village-logo-2026.png\",\"contentUrl\":\"https:\\\/\\\/www.hotelmaranellovillage.com\\\/wp-content\\\/uploads\\\/2026\\\/04\\\/maranello-village-logo-2026.png\",\"width\":800,\"height\":256,\"caption\":\"Hotel & Residence 4 stelle\"},\"image\":{\"@id\":\"https:\\\/\\\/www.hotelmaranellovillage.com\\\/fr\\\/#\\\/schema\\\/logo\\\/image\\\/\"},\"sameAs\":[\"https:\\\/\\\/www.facebook.com\\\/MaranelloVillage\",\"https:\\\/\\\/www.instagram.com\\\/hotelmaranellovillage\\\/\",\"https:\\\/\\\/it.linkedin.com\\\/company\\\/maranello-village-hotel-\"]}]}<\/script>\n<!-- \/ Yoast SEO plugin. -->","yoast_head_json":{"title":"Ferrari-Testfahrt | Maranello Village - Hotel & Residence Sito Ufficiale","robots":{"index":"index","follow":"follow","max-snippet":"max-snippet:-1","max-image-preview":"max-image-preview:large","max-video-preview":"max-video-preview:-1"},"canonical":"https:\/\/www.hotelmaranellovillage.com\/de\/maranello-und-umgebung\/ferrari-testfahrt\/","og_locale":"de_DE","og_type":"article","og_title":"Ferrari-Testfahrt | Maranello Village - Hotel & Residence Sito Ufficiale","og_description":"[vc_row full_width=&#8220;stretch_row_content_no_spaces&#8220; content_placement=&#8220;middle&#8220; css=&#8220;.vc_custom_1772648524312{padding-top: 4em !important;padding-bottom: 4em !important;background-color: #101010 !important;}&#8220;][vc_column css_animation=&#8220;none&#8220; width=&#8220;1\/2&#8243; el_class=&#8220;deco-column right&#8220;][vc_row_inner][vc_column_inner width=&#8220;5\/6&#8243; offset=&#8220;vc_col-md-offset-2 vc_col-md-8 vc_col-sm-offset-1 vc_col-xs-offset-1 vc_col-xs-10&#8243; css=&#8220;.vc_custom_1772553117214{padding-top: 4em !important;padding-bottom: 4em !important;}&#8220;][vc_column_text css=&#8220;&#8220;]Sie sind in Maranello und sp\u00fcren bereits das Dr\u00f6hnen einer Testarossa in der Luft vibrieren. Versp\u00fcren Sie nicht den Wunsch, den Nervenkitzel einer Fahrt zu erleben? Nat\u00fcrlich ist das m\u00f6glich! [&hellip;]","og_url":"https:\/\/www.hotelmaranellovillage.com\/de\/maranello-und-umgebung\/ferrari-testfahrt\/","og_site_name":"Maranello Village","article_publisher":"https:\/\/www.facebook.com\/MaranelloVillage","article_modified_time":"2026-04-24T10:31:37+00:00","og_image":[{"width":1024,"height":626,"url":"https:\/\/www.hotelmaranellovillage.com\/wp-content\/uploads\/2026\/03\/hotel-maranello-village-offerte-driving-experience-ferrari-california.jpg","type":"image\/jpeg"}],"twitter_card":"summary_large_image","twitter_misc":{"Gesch\u00e4tzte Lesezeit":"1\u00a0Minute"},"schema":{"@context":"https:\/\/schema.org","@graph":[{"@type":"WebPage","@id":"https:\/\/www.hotelmaranellovillage.com\/de\/maranello-und-umgebung\/ferrari-testfahrt\/","url":"https:\/\/www.hotelmaranellovillage.com\/de\/maranello-und-umgebung\/ferrari-testfahrt\/","name":"Ferrari-Testfahrt | Maranello Village - Hotel & Residence Sito Ufficiale","isPartOf":{"@id":"https:\/\/www.hotelmaranellovillage.com\/fr\/#website"},"primaryImageOfPage":{"@id":"https:\/\/www.hotelmaranellovillage.com\/de\/maranello-und-umgebung\/ferrari-testfahrt\/#primaryimage"},"image":{"@id":"https:\/\/www.hotelmaranellovillage.com\/de\/maranello-und-umgebung\/ferrari-testfahrt\/#primaryimage"},"thumbnailUrl":"https:\/\/www.hotelmaranellovillage.com\/wp-content\/uploads\/2026\/03\/hotel-maranello-village-offerte-driving-experience-ferrari-california.jpg","datePublished":"2026-03-18T12:31:26+00:00","dateModified":"2026-04-24T10:31:37+00:00","breadcrumb":{"@id":"https:\/\/www.hotelmaranellovillage.com\/de\/maranello-und-umgebung\/ferrari-testfahrt\/#breadcrumb"},"inLanguage":"de","potentialAction":[{"@type":"ReadAction","target":["https:\/\/www.hotelmaranellovillage.com\/de\/maranello-und-umgebung\/ferrari-testfahrt\/"]}]},{"@type":"ImageObject","inLanguage":"de","@id":"https:\/\/www.hotelmaranellovillage.com\/de\/maranello-und-umgebung\/ferrari-testfahrt\/#primaryimage","url":"https:\/\/www.hotelmaranellovillage.com\/wp-content\/uploads\/2026\/03\/hotel-maranello-village-offerte-driving-experience-ferrari-california.jpg","contentUrl":"https:\/\/www.hotelmaranellovillage.com\/wp-content\/uploads\/2026\/03\/hotel-maranello-village-offerte-driving-experience-ferrari-california.jpg","width":1024,"height":626},{"@type":"BreadcrumbList","@id":"https:\/\/www.hotelmaranellovillage.com\/de\/maranello-und-umgebung\/ferrari-testfahrt\/#breadcrumb","itemListElement":[{"@type":"ListItem","position":1,"name":"Home","item":"https:\/\/www.hotelmaranellovillage.com\/de\/startseite\/"},{"@type":"ListItem","position":2,"name":"Maranello und Umgebung","item":"https:\/\/www.hotelmaranellovillage.com\/de\/maranello-und-umgebung\/"},{"@type":"ListItem","position":3,"name":"Ferrari-Testfahrt"}]},{"@type":"WebSite","@id":"https:\/\/www.hotelmaranellovillage.com\/fr\/#website","url":"https:\/\/www.hotelmaranellovillage.com\/fr\/","name":"Maranello Village","description":"Hotel &amp; Residence Sito Ufficiale","publisher":{"@id":"https:\/\/www.hotelmaranellovillage.com\/fr\/#organization"},"alternateName":"HMV","potentialAction":[{"@type":"SearchAction","target":{"@type":"EntryPoint","urlTemplate":"https:\/\/www.hotelmaranellovillage.com\/fr\/?s={search_term_string}"},"query-input":{"@type":"PropertyValueSpecification","valueRequired":true,"valueName":"search_term_string"}}],"inLanguage":"de"},{"@type":"Organization","@id":"https:\/\/www.hotelmaranellovillage.com\/fr\/#organization","name":"Hotel & Residence 4 stelle","url":"https:\/\/www.hotelmaranellovillage.com\/fr\/","logo":{"@type":"ImageObject","inLanguage":"de","@id":"https:\/\/www.hotelmaranellovillage.com\/fr\/#\/schema\/logo\/image\/","url":"https:\/\/www.hotelmaranellovillage.com\/wp-content\/uploads\/2026\/04\/maranello-village-logo-2026.png","contentUrl":"https:\/\/www.hotelmaranellovillage.com\/wp-content\/uploads\/2026\/04\/maranello-village-logo-2026.png","width":800,"height":256,"caption":"Hotel & Residence 4 stelle"},"image":{"@id":"https:\/\/www.hotelmaranellovillage.com\/fr\/#\/schema\/logo\/image\/"},"sameAs":["https:\/\/www.facebook.com\/MaranelloVillage","https:\/\/www.instagram.com\/hotelmaranellovillage\/","https:\/\/it.linkedin.com\/company\/maranello-village-hotel-"]}]}},"_links":{"self":[{"href":"https:\/\/www.hotelmaranellovillage.com\/de\/wp-json\/wp\/v2\/pages\/858","targetHints":{"allow":["GET"]}}],"collection":[{"href":"https:\/\/www.hotelmaranellovillage.com\/de\/wp-json\/wp\/v2\/pages"}],"about":[{"href":"https:\/\/www.hotelmaranellovillage.com\/de\/wp-json\/wp\/v2\/types\/page"}],"author":[{"embeddable":true,"href":"https:\/\/www.hotelmaranellovillage.com\/de\/wp-json\/wp\/v2\/users\/1"}],"replies":[{"embeddable":true,"href":"https:\/\/www.hotelmaranellovillage.com\/de\/wp-json\/wp\/v2\/comments?post=858"}],"version-history":[{"count":4,"href":"https:\/\/www.hotelmaranellovillage.com\/de\/wp-json\/wp\/v2\/pages\/858\/revisions"}],"predecessor-version":[{"id":1457,"href":"https:\/\/www.hotelmaranellovillage.com\/de\/wp-json\/wp\/v2\/pages\/858\/revisions\/1457"}],"up":[{"embeddable":true,"href":"https:\/\/www.hotelmaranellovillage.com\/de\/wp-json\/wp\/v2\/pages\/1066"}],"wp:featuredmedia":[{"embeddable":true,"href":"https:\/\/www.hotelmaranellovillage.com\/de\/wp-json\/wp\/v2\/media\/859"}],"wp:attachment":[{"href":"https:\/\/www.hotelmaranellovillage.com\/de\/wp-json\/wp\/v2\/media?parent=858"}],"curies":[{"name":"wp","href":"https:\/\/api.w.org\/{rel}","templated":true}]}}