{"id":846,"date":"2026-03-18T13:13:08","date_gmt":"2026-03-18T12:13:08","guid":{"rendered":"https:\/\/web.hotelmaranellovillage.com\/sammlung-umberto-panini\/"},"modified":"2026-04-24T12:21:39","modified_gmt":"2026-04-24T10:21:39","slug":"sammlung-umberto-panini","status":"publish","type":"page","link":"https:\/\/www.hotelmaranellovillage.com\/de\/maranello-und-umgebung\/sammlung-umberto-panini\/","title":{"rendered":"Sammlung Umberto Panini"},"content":{"rendered":"<div class=\"wpb-content-wrapper\"><p>[vc_row full_width=&#8220;stretch_row_content_no_spaces&#8220; content_placement=&#8220;middle&#8220; css=&#8220;.vc_custom_1772648524312{padding-top: 4em !important;padding-bottom: 4em !important;background-color: #101010 !important;}&#8220;][vc_column css_animation=&#8220;none&#8220; width=&#8220;1\/2&#8243; el_class=&#8220;deco-column right&#8220;][vc_row_inner][vc_column_inner width=&#8220;5\/6&#8243; offset=&#8220;vc_col-md-offset-2 vc_col-md-8 vc_col-sm-offset-1 vc_col-xs-offset-1 vc_col-xs-10&#8243; css=&#8220;.vc_custom_1772553117214{padding-top: 4em !important;padding-bottom: 4em !important;}&#8220;]<h1 class=\"deco-title sinistra\"><span class=\"eyelet\">Maranello und Umgebung<\/span> Maserati-Sammlung Umberto Panini <\/h1>[vc_column_text css=&#8220;&#8220;]Der 1930 in Pozza di Maranello (MO) geborene <strong>Umberto Panini<\/strong> ist ber\u00fchmt f\u00fcr sein \u201ePapierimperium\u201c, die bekannte Marke der <strong>Panini-Sammelbilder<\/strong>, die er gr\u00fcndete und die wir alle kennen. Nur wenige wissen jedoch, dass er auch ein gro\u00dfer <strong>Maserati<\/strong>-Enthusiast war und dass er es war, der das <strong>ber\u00fchmte Maserati-Museum rettete<\/strong>, das die Originalfahrzeuge sowie die experimentellen Prototypen des historischen Automobilherstellers beherbergte.<\/p>\n<p>Heute ist die Sammlung an ihrem Standort vor den Toren Modenas f\u00fcr die \u00d6ffentlichkeit zug\u00e4nglich, wo historische Modelle wie die Monoposti <strong>6C\/34<\/strong> und <strong>6CM<\/strong> aus der Vorkriegszeit oder der vielfach siegreiche <strong>250F<\/strong>, mit dem <strong>Juan Manuel Fangio<\/strong> die <strong>Formel-1-Weltmeisterschaft<\/strong> gewann, sowie viele weitere Glanzst\u00fccke der Renn- und Stra\u00dfenproduktion des Dreizacks bewundert werden k\u00f6nnen.[\/vc_column_text][\/vc_column_inner][\/vc_row_inner][\/vc_column][vc_column css_animation=&#8220;appear&#8220; width=&#8220;1\/2&#8243; css=&#8220;.vc_custom_1773835674731{background-image: url(https:\/\/www.hotelmaranellovillage.com\/wp-content\/uploads\/2026\/03\/hotel-maranello-village-maranello-e-dintorni-collezione-umberto-panini.jpg?id=348) !important;background-position: center !important;background-repeat: no-repeat !important;background-size: cover !important;}&#8220;]<div title=\"Hotel Maranello Village - Was gibt es in der Umgebung von Maranello - Sammlung Umberto Panini\" class=\"image-wrapper\">\n\t\t\t\t<figure class=\"aspect-image\" style=\"background-image:url('https:\/\/www.hotelmaranellovillage.com\/wp-content\/themes\/aitec\/img\/transparent-placeholder.png'); aspect-ratio: 4 \/ 3; \">\n\t\t\t\t\t<img decoding=\"async\" src=\"https:\/\/www.hotelmaranellovillage.com\/wp-content\/uploads\/2026\/03\/hotel-maranello-village-maranello-e-dintorni-collezione-umberto-panini-1024x622.jpg\" alt=\"Hotel Maranello Village - Was gibt es in der Umgebung von Maranello - Sammlung Umberto Panini\">\n\t\t\t\t\t<figcaption>Hotel Maranello Village - Was gibt es in der Umgebung von Maranello - Sammlung Umberto Panini<\/figcaption>\n\t\t\t\t<\/figure>\n\t\t\t<\/div>[\/vc_column][\/vc_row][vc_row full_width=&#8220;stretch_row_content_no_spaces&#8220; content_placement=&#8220;middle&#8220; css=&#8220;.vc_custom_1773836419860{padding-top: 0px !important;}&#8220;][vc_column width=&#8220;1\/3&#8243; css=&#8220;.vc_custom_1773836426244{padding-top: 0px !important;background-image: url(https:\/\/www.hotelmaranellovillage.com\/wp-content\/uploads\/2026\/03\/hotel-maranello-village-maranello-e-dintorni-collezione-umberto-panini-hall.jpg?id=351) !important;background-position: center !important;background-repeat: no-repeat !important;background-size: cover !important;}&#8220;]<div title=\"Hotel Maranello Village - Was gibt es in der Umgebung von Maranello - Sammlung Umberto Panini\" class=\"image-wrapper\">\n\t\t\t\t<figure class=\"aspect-image\" style=\"background-image:url('https:\/\/www.hotelmaranellovillage.com\/wp-content\/themes\/aitec\/img\/transparent-placeholder.png'); aspect-ratio: 1 \/ 1; \">\n\t\t\t\t\t<img decoding=\"async\" src=\"https:\/\/www.hotelmaranellovillage.com\/wp-content\/uploads\/2026\/03\/hotel-maranello-village-maranello-e-dintorni-collezione-umberto-panini-hall-1024x304.jpg\" alt=\"Hotel Maranello Village - Was gibt es in der Umgebung von Maranello - Sammlung Umberto Panini\">\n\t\t\t\t\t<figcaption>Hotel Maranello Village - Was gibt es in der Umgebung von Maranello - Sammlung Umberto Panini<\/figcaption>\n\t\t\t\t<\/figure>\n\t\t\t<\/div>[\/vc_column][vc_column width=&#8220;1\/2&#8243; offset=&#8220;vc_col-sm-offset-1&#8243; css=&#8220;.vc_custom_1773836432761{padding-top: 2em !important;padding-bottom: 2em !important;}&#8220;]<h2 class=\"deco-title sinistra\"><span class=\"eyelet\">Sammlung Umberto Panini<\/span> Die Geschichte des Maserati-Museums <\/h2>[vc_column_text css=&#8220;&#8220;]Das Museum beherbergte die <strong>bedeutendsten seit 1924 produzierten Fahrzeuge<\/strong> sowie experimentelle Prototypen und schuf so im Laufe der Jahrzehnte eine <strong>weltweit einzigartige<\/strong> Sammlung von Automobilen, Motoren und Komponenten, die in der Lage ist, die historische, technische und stilistische Entwicklung des Unternehmens zu veranschaulichen. Das Museum stellte ein \u00e4u\u00dferst wertvolles Erbe f\u00fcr die Stadt Modena dar, bis sein Schicksal durch die <strong>\u00dcbernahme von Maserati durch FIAT<\/strong> gef\u00e4hrdet wurde und es Gefahr lief, einige der Glanzst\u00fccke der Sammlung zu verlieren.<\/p>\n<p>Umberto Panini reagierte auf den Hilferuf der Fans und des Kulturministers und sorgte daf\u00fcr, dass die <strong>Autos, die versteigert werden sollten, zur\u00fcckgezogen<\/strong> und in einem seiner Anwesen \u201egeparkt\u201c wurden \u2013 dem Agrar- und Lebensmittelbetrieb Hombre der Familie Panini am Rande von Modena, zwischen Baggiovara und Cognento \u2013, damit sie <strong>wieder zum \u00f6ffentlichen Kulturerbe<\/strong> werden konnten.<\/p>\n<p>Seitdem ist die Sammlung der <strong>19 historischen Maserati-Fahrzeuge<\/strong> in der heutigen CUP, Collezione Umberto Panini, zu Ehren eines Mannes, der Motoren und die italienische Tradition liebte, zu besichtigen.[\/vc_column_text][\/vc_column][\/vc_row][vc_row full_width=&#8220;stretch_row&#8220; content_placement=&#8220;middle&#8220; css=&#8220;.vc_custom_1773836900619{padding-top: 0px !important;padding-bottom: 4em !important;background-color: #101010 !important;}&#8220;][vc_column width=&#8220;1\/2&#8243;]<h3 class=\"deco-title sinistra text-white\"> Kontakt und Informationen f\u00fcr den Besuch der <mark class=\"subtitle\">Sammlung Umberto Panini<\/mark><\/h3>[\/vc_column][vc_column width=&#8220;1\/2&#8243;][vc_column_text css=&#8220;&#8220; el_class=&#8220;text-white&#8220;]Die Maserati-Sammlung ist von Montag bis Sonntag zu folgenden Zeiten f\u00fcr die \u00d6ffentlichkeit ge\u00f6ffnet: 09:30\/13:00 \u2013 14:30\/18:00 Uhr. Letzter Einlass 30 Minuten vor Schlie\u00dfung.<\/p>\n<p>FREIER EINTRITT | GROSSER PARKPLATZ<\/p>\n<h4>Gruppen:<\/h4>\n<p class=\"p1\">Die F\u00fchrungen werden direkt vom Reiseveranstalter Modenatur organisiert.<\/p>\n<p class=\"p1\">F\u00fcr Kontakt, Informationen und Reservierungen:<br \/>\ninfo@modenatur.it oder +39059220022<\/p>\n<p class=\"p2\">\u00d6ffnungszeiten f\u00fcr die \u00d6ffentlichkeit: Montag bis Freitag: 9:00\/12:30 \u2013 14:30\/18:00 Uhr.<\/p>\n<p>[\/vc_column_text]<div class=\"button-wrapper inline\"><a class=\"btn btn-default\" href=\"https:\/\/www.paninimotormuseum.it\/\"  target=\"_blank\" title=\"Besuchen Sie die Website des Museums\">Besuchen Sie die Website<\/a><\/div><div class=\"button-wrapper inline\"><a class=\"btn btn-default variant nudge-left\" href=\"https:\/\/bw.trekksoft.com\/views\/window.html?type=activity-booking&id=337075&clientId=BOOKIE-48f87720386551498409a857b&token=f0725cdb2a6e78ecfa27da353ebcefc24f45d00179d3d53d&language=it&agent-code=agent-185037\"  target=\"_blank\" title=\"Tickets kaufen\">Tickets<\/a><\/div>[\/vc_column][\/vc_row]<\/p>\n<\/div>","protected":false},"excerpt":{"rendered":"<p>[vc_row full_width=&#8220;stretch_row_content_no_spaces&#8220; content_placement=&#8220;middle&#8220; css=&#8220;.vc_custom_1772648524312{padding-top: 4em !important;padding-bottom: 4em !important;background-color: #101010 !important;}&#8220;][vc_column css_animation=&#8220;none&#8220; width=&#8220;1\/2&#8243; el_class=&#8220;deco-column right&#8220;][vc_row_inner][vc_column_inner width=&#8220;5\/6&#8243; offset=&#8220;vc_col-md-offset-2 vc_col-md-8 vc_col-sm-offset-1 vc_col-xs-offset-1 vc_col-xs-10&#8243; css=&#8220;.vc_custom_1772553117214{padding-top: 4em !important;padding-bottom: 4em !important;}&#8220;][vc_column_text css=&#8220;&#8220;]Der 1930 in Pozza di Maranello (MO) geborene Umberto Panini ist ber\u00fchmt f\u00fcr sein \u201ePapierimperium\u201c, die bekannte Marke der Panini-Sammelbilder, die er gr\u00fcndete und die wir alle kennen. Nur wenige [&hellip;]<\/p>\n","protected":false},"author":1,"featured_media":847,"parent":1066,"menu_order":0,"comment_status":"closed","ping_status":"closed","template":"","meta":{"_acf_changed":false,"rs_blank_template":"","rs_page_bg_color":"","slide_template_v7":"","footnotes":""},"class_list":["post-846","page","type-page","status-publish","has-post-thumbnail","hentry"],"acf":[],"yoast_head":"<!-- This site is optimized with the Yoast SEO plugin v27.5 - https:\/\/yoast.com\/product\/yoast-seo-wordpress\/ -->\n<title>Sammlung Umberto Panini | Maranello Village - Hotel &amp; Residence Sito Ufficiale<\/title>\n<meta name=\"robots\" content=\"index, follow, max-snippet:-1, max-image-preview:large, max-video-preview:-1\" \/>\n<link rel=\"canonical\" href=\"https:\/\/www.hotelmaranellovillage.com\/de\/maranello-und-umgebung\/sammlung-umberto-panini\/\" \/>\n<meta property=\"og:locale\" content=\"de_DE\" \/>\n<meta property=\"og:type\" content=\"article\" \/>\n<meta property=\"og:title\" content=\"Sammlung Umberto Panini | Maranello Village - Hotel &amp; Residence Sito Ufficiale\" \/>\n<meta property=\"og:description\" content=\"[vc_row full_width=&#8220;stretch_row_content_no_spaces&#8220; content_placement=&#8220;middle&#8220; css=&#8220;.vc_custom_1772648524312{padding-top: 4em !important;padding-bottom: 4em !important;background-color: #101010 !important;}&#8220;][vc_column css_animation=&#8220;none&#8220; width=&#8220;1\/2&#8243; el_class=&#8220;deco-column right&#8220;][vc_row_inner][vc_column_inner width=&#8220;5\/6&#8243; offset=&#8220;vc_col-md-offset-2 vc_col-md-8 vc_col-sm-offset-1 vc_col-xs-offset-1 vc_col-xs-10&#8243; css=&#8220;.vc_custom_1772553117214{padding-top: 4em !important;padding-bottom: 4em !important;}&#8220;][vc_column_text css=&#8220;&#8220;]Der 1930 in Pozza di Maranello (MO) geborene Umberto Panini ist ber\u00fchmt f\u00fcr sein \u201ePapierimperium\u201c, die bekannte Marke der Panini-Sammelbilder, die er gr\u00fcndete und die wir alle kennen. Nur wenige [&hellip;]\" \/>\n<meta property=\"og:url\" content=\"https:\/\/www.hotelmaranellovillage.com\/de\/maranello-und-umgebung\/sammlung-umberto-panini\/\" \/>\n<meta property=\"og:site_name\" content=\"Maranello Village\" \/>\n<meta property=\"article:publisher\" content=\"https:\/\/www.facebook.com\/MaranelloVillage\" \/>\n<meta property=\"article:modified_time\" content=\"2026-04-24T10:21:39+00:00\" \/>\n<meta property=\"og:image\" content=\"https:\/\/www.hotelmaranellovillage.com\/wp-content\/uploads\/2026\/03\/hotel-maranello-village-maranello-e-dintorni-collezione-umberto-panini.jpg\" \/>\n\t<meta property=\"og:image:width\" content=\"1382\" \/>\n\t<meta property=\"og:image:height\" content=\"839\" \/>\n\t<meta property=\"og:image:type\" content=\"image\/jpeg\" \/>\n<meta name=\"twitter:card\" content=\"summary_large_image\" \/>\n<meta name=\"twitter:label1\" content=\"Gesch\u00e4tzte Lesezeit\" \/>\n\t<meta name=\"twitter:data1\" content=\"4\u00a0Minuten\" \/>\n<script type=\"application\/ld+json\" class=\"yoast-schema-graph\">{\"@context\":\"https:\\\/\\\/schema.org\",\"@graph\":[{\"@type\":\"WebPage\",\"@id\":\"https:\\\/\\\/www.hotelmaranellovillage.com\\\/de\\\/maranello-und-umgebung\\\/sammlung-umberto-panini\\\/\",\"url\":\"https:\\\/\\\/www.hotelmaranellovillage.com\\\/de\\\/maranello-und-umgebung\\\/sammlung-umberto-panini\\\/\",\"name\":\"Sammlung Umberto Panini | Maranello Village - Hotel & Residence Sito Ufficiale\",\"isPartOf\":{\"@id\":\"https:\\\/\\\/www.hotelmaranellovillage.com\\\/fr\\\/#website\"},\"primaryImageOfPage\":{\"@id\":\"https:\\\/\\\/www.hotelmaranellovillage.com\\\/de\\\/maranello-und-umgebung\\\/sammlung-umberto-panini\\\/#primaryimage\"},\"image\":{\"@id\":\"https:\\\/\\\/www.hotelmaranellovillage.com\\\/de\\\/maranello-und-umgebung\\\/sammlung-umberto-panini\\\/#primaryimage\"},\"thumbnailUrl\":\"https:\\\/\\\/www.hotelmaranellovillage.com\\\/wp-content\\\/uploads\\\/2026\\\/03\\\/hotel-maranello-village-maranello-e-dintorni-collezione-umberto-panini.jpg\",\"datePublished\":\"2026-03-18T12:13:08+00:00\",\"dateModified\":\"2026-04-24T10:21:39+00:00\",\"breadcrumb\":{\"@id\":\"https:\\\/\\\/www.hotelmaranellovillage.com\\\/de\\\/maranello-und-umgebung\\\/sammlung-umberto-panini\\\/#breadcrumb\"},\"inLanguage\":\"de\",\"potentialAction\":[{\"@type\":\"ReadAction\",\"target\":[\"https:\\\/\\\/www.hotelmaranellovillage.com\\\/de\\\/maranello-und-umgebung\\\/sammlung-umberto-panini\\\/\"]}]},{\"@type\":\"ImageObject\",\"inLanguage\":\"de\",\"@id\":\"https:\\\/\\\/www.hotelmaranellovillage.com\\\/de\\\/maranello-und-umgebung\\\/sammlung-umberto-panini\\\/#primaryimage\",\"url\":\"https:\\\/\\\/www.hotelmaranellovillage.com\\\/wp-content\\\/uploads\\\/2026\\\/03\\\/hotel-maranello-village-maranello-e-dintorni-collezione-umberto-panini.jpg\",\"contentUrl\":\"https:\\\/\\\/www.hotelmaranellovillage.com\\\/wp-content\\\/uploads\\\/2026\\\/03\\\/hotel-maranello-village-maranello-e-dintorni-collezione-umberto-panini.jpg\",\"width\":1382,\"height\":839},{\"@type\":\"BreadcrumbList\",\"@id\":\"https:\\\/\\\/www.hotelmaranellovillage.com\\\/de\\\/maranello-und-umgebung\\\/sammlung-umberto-panini\\\/#breadcrumb\",\"itemListElement\":[{\"@type\":\"ListItem\",\"position\":1,\"name\":\"Home\",\"item\":\"https:\\\/\\\/www.hotelmaranellovillage.com\\\/de\\\/startseite\\\/\"},{\"@type\":\"ListItem\",\"position\":2,\"name\":\"Maranello und Umgebung\",\"item\":\"https:\\\/\\\/www.hotelmaranellovillage.com\\\/de\\\/maranello-und-umgebung\\\/\"},{\"@type\":\"ListItem\",\"position\":3,\"name\":\"Sammlung Umberto Panini\"}]},{\"@type\":\"WebSite\",\"@id\":\"https:\\\/\\\/www.hotelmaranellovillage.com\\\/fr\\\/#website\",\"url\":\"https:\\\/\\\/www.hotelmaranellovillage.com\\\/fr\\\/\",\"name\":\"Maranello Village\",\"description\":\"Hotel &amp; Residence Sito Ufficiale\",\"publisher\":{\"@id\":\"https:\\\/\\\/www.hotelmaranellovillage.com\\\/fr\\\/#organization\"},\"alternateName\":\"HMV\",\"potentialAction\":[{\"@type\":\"SearchAction\",\"target\":{\"@type\":\"EntryPoint\",\"urlTemplate\":\"https:\\\/\\\/www.hotelmaranellovillage.com\\\/fr\\\/?s={search_term_string}\"},\"query-input\":{\"@type\":\"PropertyValueSpecification\",\"valueRequired\":true,\"valueName\":\"search_term_string\"}}],\"inLanguage\":\"de\"},{\"@type\":\"Organization\",\"@id\":\"https:\\\/\\\/www.hotelmaranellovillage.com\\\/fr\\\/#organization\",\"name\":\"Hotel & Residence 4 stelle\",\"url\":\"https:\\\/\\\/www.hotelmaranellovillage.com\\\/fr\\\/\",\"logo\":{\"@type\":\"ImageObject\",\"inLanguage\":\"de\",\"@id\":\"https:\\\/\\\/www.hotelmaranellovillage.com\\\/fr\\\/#\\\/schema\\\/logo\\\/image\\\/\",\"url\":\"https:\\\/\\\/www.hotelmaranellovillage.com\\\/wp-content\\\/uploads\\\/2026\\\/04\\\/maranello-village-logo-2026.png\",\"contentUrl\":\"https:\\\/\\\/www.hotelmaranellovillage.com\\\/wp-content\\\/uploads\\\/2026\\\/04\\\/maranello-village-logo-2026.png\",\"width\":800,\"height\":256,\"caption\":\"Hotel & Residence 4 stelle\"},\"image\":{\"@id\":\"https:\\\/\\\/www.hotelmaranellovillage.com\\\/fr\\\/#\\\/schema\\\/logo\\\/image\\\/\"},\"sameAs\":[\"https:\\\/\\\/www.facebook.com\\\/MaranelloVillage\",\"https:\\\/\\\/www.instagram.com\\\/hotelmaranellovillage\\\/\",\"https:\\\/\\\/it.linkedin.com\\\/company\\\/maranello-village-hotel-\"]}]}<\/script>\n<!-- \/ Yoast SEO plugin. -->","yoast_head_json":{"title":"Sammlung Umberto Panini | Maranello Village - Hotel & Residence Sito Ufficiale","robots":{"index":"index","follow":"follow","max-snippet":"max-snippet:-1","max-image-preview":"max-image-preview:large","max-video-preview":"max-video-preview:-1"},"canonical":"https:\/\/www.hotelmaranellovillage.com\/de\/maranello-und-umgebung\/sammlung-umberto-panini\/","og_locale":"de_DE","og_type":"article","og_title":"Sammlung Umberto Panini | Maranello Village - Hotel & Residence Sito Ufficiale","og_description":"[vc_row full_width=&#8220;stretch_row_content_no_spaces&#8220; content_placement=&#8220;middle&#8220; css=&#8220;.vc_custom_1772648524312{padding-top: 4em !important;padding-bottom: 4em !important;background-color: #101010 !important;}&#8220;][vc_column css_animation=&#8220;none&#8220; width=&#8220;1\/2&#8243; el_class=&#8220;deco-column right&#8220;][vc_row_inner][vc_column_inner width=&#8220;5\/6&#8243; offset=&#8220;vc_col-md-offset-2 vc_col-md-8 vc_col-sm-offset-1 vc_col-xs-offset-1 vc_col-xs-10&#8243; css=&#8220;.vc_custom_1772553117214{padding-top: 4em !important;padding-bottom: 4em !important;}&#8220;][vc_column_text css=&#8220;&#8220;]Der 1930 in Pozza di Maranello (MO) geborene Umberto Panini ist ber\u00fchmt f\u00fcr sein \u201ePapierimperium\u201c, die bekannte Marke der Panini-Sammelbilder, die er gr\u00fcndete und die wir alle kennen. Nur wenige [&hellip;]","og_url":"https:\/\/www.hotelmaranellovillage.com\/de\/maranello-und-umgebung\/sammlung-umberto-panini\/","og_site_name":"Maranello Village","article_publisher":"https:\/\/www.facebook.com\/MaranelloVillage","article_modified_time":"2026-04-24T10:21:39+00:00","og_image":[{"width":1382,"height":839,"url":"https:\/\/www.hotelmaranellovillage.com\/wp-content\/uploads\/2026\/03\/hotel-maranello-village-maranello-e-dintorni-collezione-umberto-panini.jpg","type":"image\/jpeg"}],"twitter_card":"summary_large_image","twitter_misc":{"Gesch\u00e4tzte Lesezeit":"4\u00a0Minuten"},"schema":{"@context":"https:\/\/schema.org","@graph":[{"@type":"WebPage","@id":"https:\/\/www.hotelmaranellovillage.com\/de\/maranello-und-umgebung\/sammlung-umberto-panini\/","url":"https:\/\/www.hotelmaranellovillage.com\/de\/maranello-und-umgebung\/sammlung-umberto-panini\/","name":"Sammlung Umberto Panini | Maranello Village - Hotel & Residence Sito Ufficiale","isPartOf":{"@id":"https:\/\/www.hotelmaranellovillage.com\/fr\/#website"},"primaryImageOfPage":{"@id":"https:\/\/www.hotelmaranellovillage.com\/de\/maranello-und-umgebung\/sammlung-umberto-panini\/#primaryimage"},"image":{"@id":"https:\/\/www.hotelmaranellovillage.com\/de\/maranello-und-umgebung\/sammlung-umberto-panini\/#primaryimage"},"thumbnailUrl":"https:\/\/www.hotelmaranellovillage.com\/wp-content\/uploads\/2026\/03\/hotel-maranello-village-maranello-e-dintorni-collezione-umberto-panini.jpg","datePublished":"2026-03-18T12:13:08+00:00","dateModified":"2026-04-24T10:21:39+00:00","breadcrumb":{"@id":"https:\/\/www.hotelmaranellovillage.com\/de\/maranello-und-umgebung\/sammlung-umberto-panini\/#breadcrumb"},"inLanguage":"de","potentialAction":[{"@type":"ReadAction","target":["https:\/\/www.hotelmaranellovillage.com\/de\/maranello-und-umgebung\/sammlung-umberto-panini\/"]}]},{"@type":"ImageObject","inLanguage":"de","@id":"https:\/\/www.hotelmaranellovillage.com\/de\/maranello-und-umgebung\/sammlung-umberto-panini\/#primaryimage","url":"https:\/\/www.hotelmaranellovillage.com\/wp-content\/uploads\/2026\/03\/hotel-maranello-village-maranello-e-dintorni-collezione-umberto-panini.jpg","contentUrl":"https:\/\/www.hotelmaranellovillage.com\/wp-content\/uploads\/2026\/03\/hotel-maranello-village-maranello-e-dintorni-collezione-umberto-panini.jpg","width":1382,"height":839},{"@type":"BreadcrumbList","@id":"https:\/\/www.hotelmaranellovillage.com\/de\/maranello-und-umgebung\/sammlung-umberto-panini\/#breadcrumb","itemListElement":[{"@type":"ListItem","position":1,"name":"Home","item":"https:\/\/www.hotelmaranellovillage.com\/de\/startseite\/"},{"@type":"ListItem","position":2,"name":"Maranello und Umgebung","item":"https:\/\/www.hotelmaranellovillage.com\/de\/maranello-und-umgebung\/"},{"@type":"ListItem","position":3,"name":"Sammlung Umberto Panini"}]},{"@type":"WebSite","@id":"https:\/\/www.hotelmaranellovillage.com\/fr\/#website","url":"https:\/\/www.hotelmaranellovillage.com\/fr\/","name":"Maranello Village","description":"Hotel &amp; Residence Sito Ufficiale","publisher":{"@id":"https:\/\/www.hotelmaranellovillage.com\/fr\/#organization"},"alternateName":"HMV","potentialAction":[{"@type":"SearchAction","target":{"@type":"EntryPoint","urlTemplate":"https:\/\/www.hotelmaranellovillage.com\/fr\/?s={search_term_string}"},"query-input":{"@type":"PropertyValueSpecification","valueRequired":true,"valueName":"search_term_string"}}],"inLanguage":"de"},{"@type":"Organization","@id":"https:\/\/www.hotelmaranellovillage.com\/fr\/#organization","name":"Hotel & Residence 4 stelle","url":"https:\/\/www.hotelmaranellovillage.com\/fr\/","logo":{"@type":"ImageObject","inLanguage":"de","@id":"https:\/\/www.hotelmaranellovillage.com\/fr\/#\/schema\/logo\/image\/","url":"https:\/\/www.hotelmaranellovillage.com\/wp-content\/uploads\/2026\/04\/maranello-village-logo-2026.png","contentUrl":"https:\/\/www.hotelmaranellovillage.com\/wp-content\/uploads\/2026\/04\/maranello-village-logo-2026.png","width":800,"height":256,"caption":"Hotel & Residence 4 stelle"},"image":{"@id":"https:\/\/www.hotelmaranellovillage.com\/fr\/#\/schema\/logo\/image\/"},"sameAs":["https:\/\/www.facebook.com\/MaranelloVillage","https:\/\/www.instagram.com\/hotelmaranellovillage\/","https:\/\/it.linkedin.com\/company\/maranello-village-hotel-"]}]}},"_links":{"self":[{"href":"https:\/\/www.hotelmaranellovillage.com\/de\/wp-json\/wp\/v2\/pages\/846","targetHints":{"allow":["GET"]}}],"collection":[{"href":"https:\/\/www.hotelmaranellovillage.com\/de\/wp-json\/wp\/v2\/pages"}],"about":[{"href":"https:\/\/www.hotelmaranellovillage.com\/de\/wp-json\/wp\/v2\/types\/page"}],"author":[{"embeddable":true,"href":"https:\/\/www.hotelmaranellovillage.com\/de\/wp-json\/wp\/v2\/users\/1"}],"replies":[{"embeddable":true,"href":"https:\/\/www.hotelmaranellovillage.com\/de\/wp-json\/wp\/v2\/comments?post=846"}],"version-history":[{"count":10,"href":"https:\/\/www.hotelmaranellovillage.com\/de\/wp-json\/wp\/v2\/pages\/846\/revisions"}],"predecessor-version":[{"id":1414,"href":"https:\/\/www.hotelmaranellovillage.com\/de\/wp-json\/wp\/v2\/pages\/846\/revisions\/1414"}],"up":[{"embeddable":true,"href":"https:\/\/www.hotelmaranellovillage.com\/de\/wp-json\/wp\/v2\/pages\/1066"}],"wp:featuredmedia":[{"embeddable":true,"href":"https:\/\/www.hotelmaranellovillage.com\/de\/wp-json\/wp\/v2\/media\/847"}],"wp:attachment":[{"href":"https:\/\/www.hotelmaranellovillage.com\/de\/wp-json\/wp\/v2\/media?parent=846"}],"curies":[{"name":"wp","href":"https:\/\/api.w.org\/{rel}","templated":true}]}}