{"id":1157,"date":"2026-04-02T10:17:37","date_gmt":"2026-04-02T08:17:37","guid":{"rendered":"https:\/\/web.hotelmaranellovillage.com\/f-a-q\/"},"modified":"2026-04-24T12:12:29","modified_gmt":"2026-04-24T10:12:29","slug":"f-a-q","status":"publish","type":"page","link":"https:\/\/www.hotelmaranellovillage.com\/de\/f-a-q\/","title":{"rendered":"F.A.Q."},"content":{"rendered":"<div class=\"wpb-content-wrapper\"><p>[vc_row full_width=&#8220;stretch_row_content_no_spaces&#8220; content_placement=&#8220;middle&#8220; css=&#8220;.vc_custom_1775120510657{padding-top: 4em !important;padding-bottom: 4em !important;background-color: #101010 !important;}&#8220;][vc_column css_animation=&#8220;none&#8220; width=&#8220;1\/2&#8243; el_class=&#8220;deco-column right&#8220;][vc_row_inner][vc_column_inner width=&#8220;5\/6&#8243; offset=&#8220;vc_col-md-offset-2 vc_col-md-8 vc_col-sm-offset-1 vc_col-xs-offset-1 vc_col-xs-10&#8243; css=&#8220;.vc_custom_1772553117214{padding-top: 4em !important;padding-bottom: 4em !important;}&#8220;]<h1 class=\"deco-title sinistra\"><span class=\"eyelet\">F.A.Q.<\/span> H\u00e4ufig <mark class=\"subtitle\">gestellte Fragen<\/mark><\/h1>[vc_column_text css=&#8220;&#8220;]Nachfolgend finden Sie einige wichtige Informationen zu Ihrem Aufenthalt sowie n\u00fctzliche Fragen zur Planung Ihres Besuchs hier im <strong>Maranello Village<\/strong>.[\/vc_column_text]<ul class=\"feature-list\">\n\t\t\t\t\t<li><a href=\"\" title=\"Check-in ist ab 15:00\"><i class=\"fas fa-calendar-check\"><\/i> Check-in ist ab 15:00<\/a><\/li>\n<li><a href=\"\" title=\"Der Check-out erfolgt bis 11 Uhr.\"><i class=\"fas fa-person-walking-luggage\"><\/i> Der Check-out erfolgt bis 11 Uhr.<\/a><\/li>\n<li><a href=\"\" title=\"Das Parken im Freien ist kostenlos\"><i class=\"fas fa-square-parking\"><\/i> Das Parken im Freien ist kostenlos<\/a><\/li>\n<li><a href=\"\" title=\"Kostenloses Wi-Fi\"><i class=\"fas fa-wifi\"><\/i> Kostenloses Wi-Fi<\/a><\/li>\n\t\t\t\t<\/ul><div class=\"button-wrapper left\">\r\n\t\t\t\t\t<button type=\"button\" class=\"btn btn-default modal-btn btn-lg\" data-bs-target=\"#form-69f4b2051edb5-modal\" data-modal=\"PGRpdiBjbGFzcz0ibW9kYWwgZmFkZSIgaWQ9ImZvcm0tMTU0Ni1tb2RhbCIgdGFiaW5kZXg9Ii0xIiBhcmlhLWxhYmVsbGVkYnk9ImZvcm0tMTU0Ni1tb2RhbC1sYWJlbCIgYXJpYS1oaWRkZW49InRydWUiPjxkaXYgY2xhc3M9Im1vZGFsLWRpYWxvZyBtb2RhbC1kaWFsb2ctY2VudGVyZWQiPjxkaXYgY2xhc3M9Im1vZGFsLWNvbnRlbnQiPjxkaXYgY2xhc3M9Im1vZGFsLWhlYWRlciI+PGg1IGNsYXNzPSJtb2RhbC10aXRsZSIgaWQ9ImZvcm0tMTU0Ni1tb2RhbC1sYWJlbCI+Q29udGF0dGFjaTwvaDU+PGJ1dHRvbiB0eXBlPSJidXR0b24iIGNsYXNzPSJidG4tY2xvc2UiIGRhdGEtYnMtZGlzbWlzcz0ibW9kYWwiIGFyaWEtbGFiZWw9IkNsb3NlIj48L2J1dHRvbj48L2Rpdj48ZGl2IGNsYXNzPSJtb2RhbC1ib2R5Ij48Zm9ybSBpZD0iZm9ybS0xNTQ2IiBjbGFzcz0iYWNmZC1mb3JtIG5lZWRzLXZhbGlkYXRpb24iIG5vdmFsaWRhdGUgZGF0YS1yZWNhcHRjaGE9IiIgZGF0YS1nb29nbGVfYW5hbHl0aWNzPSJmYWxzZSI+PGlucHV0IHR5cGU9ImhpZGRlbiIgbmFtZT0iYWNmZF9mb3JtX2lkIiB2YWx1ZT0iMTU0NiI+PGlucHV0IHR5cGU9ImhpZGRlbiIgbmFtZT0iYWNmZF9yZW1vdGVfYWRkciIgdmFsdWU9IjIxNi43My4yMTYuMTEyIj48aW5wdXQgdHlwZT0iaGlkZGVuIiBuYW1lPSJhY2ZkX3JlcXVlc3RfdXJpIiB2YWx1ZT0iL2RlL3dwLWpzb24vd3AvdjIvcGFnZXMvMTE1NyI+PGlucHV0IHR5cGU9ImhpZGRlbiIgbmFtZT0iYWNmZF91c2VyX2FnZW50IiB2YWx1ZT0iTW96aWxsYS81LjAgQXBwbGVXZWJLaXQvNTM3LjM2IChLSFRNTCwgbGlrZSBHZWNrbzsgY29tcGF0aWJsZTsgQ2xhdWRlQm90LzEuMDsgK2NsYXVkZWJvdEBhbnRocm9waWMuY29tKSI+PGlucHV0IHR5cGU9ImhpZGRlbiIgbmFtZT0iYWNmZF9jb21wbGV0ZV91cmwiIHZhbHVlPSJodHRwczovL3d3dy5ob3RlbG1hcmFuZWxsb3ZpbGxhZ2UuY29tL2RlL3dwLWpzb24vd3AvdjIvcGFnZXMvMTE1NyI+W3ZjX3JvdyBnYXA9IjE1Il1bdmNfY29sdW1uIHdpZHRoPSIxLzIiXTxkaXYgY2xhc3M9Im1iLTMiPgoJPGxhYmVsIGZvcj0ibm9tZS0xNTQ2IiBjbGFzcz0iYWNmZC1sYWJlbCBmb3JtLWxhYmVsIj5OYW1lIDxhYmJyIHRpdGxlPSJSZXF1aXJlZCBmaWVsZCI+JiM0Mjs8L2FiYnI+PC9sYWJlbD4KCTxpbnB1dCB0eXBlPSJ0ZXh0IiBjbGFzcz0iZm9ybS1jb250cm9sICIgaWQ9Im5vbWUtMTU0NiIgbmFtZT0ibm9tZSIgcGxhY2Vob2xkZXI9IklociBOYW1lIiAgcmVxdWlyZWQ+CjwvZGl2PgpbL3ZjX2NvbHVtbl1bdmNfY29sdW1uIHdpZHRoPSIxLzIiXTxkaXYgY2xhc3M9Im1iLTMiPgoJPGxhYmVsIGZvcj0iY29nbm9tZS0xNTQ2IiBjbGFzcz0iYWNmZC1sYWJlbCBmb3JtLWxhYmVsIj5OYWNobmFtZSA8YWJiciB0aXRsZT0iUmVxdWlyZWQgZmllbGQiPiYjNDI7PC9hYmJyPjwvbGFiZWw+Cgk8aW5wdXQgdHlwZT0idGV4dCIgY2xhc3M9ImZvcm0tY29udHJvbCAiIGlkPSJjb2dub21lLTE1NDYiIG5hbWU9ImNvZ25vbWUiIHBsYWNlaG9sZGVyPSJJaHIgTmFjaG5hbWUiICByZXF1aXJlZD4KPC9kaXY+ClsvdmNfY29sdW1uXVsvdmNfcm93XVt2Y19yb3ddW3ZjX2NvbHVtbl08ZGl2IGNsYXNzPSJtYi0zIj4KCTxsYWJlbCBmb3I9ImVtYWlsLTE1NDYiIGNsYXNzPSJhY2ZkLWxhYmVsIGZvcm0tbGFiZWwiPkUtTWFpbCA8YWJiciB0aXRsZT0iUmVxdWlyZWQgZmllbGQiPiYjNDI7PC9hYmJyPjwvbGFiZWw+Cgk8aW5wdXQgdHlwZT0iZW1haWwiIGNsYXNzPSJmb3JtLWNvbnRyb2wgIiBpZD0iZW1haWwtMTU0NiIgbmFtZT0iZW1haWwiIHBsYWNlaG9sZGVyPSJsYXR1YUBlbWFpbC5pdCIgIHJlcXVpcmVkPgo8L2Rpdj4KWy92Y19jb2x1bW5dWy92Y19yb3ddW3ZjX3Jvd11bdmNfY29sdW1uXTxkaXYgY2xhc3M9Im1iLTMiPgoJPGxhYmVsIGZvcj0idGVsZWZvbm8tMTU0NiIgY2xhc3M9ImFjZmQtbGFiZWwgZm9ybS1sYWJlbCI+VGVsZWZvbiA8YWJiciB0aXRsZT0iUmVxdWlyZWQgZmllbGQiPiYjNDI7PC9hYmJyPjwvbGFiZWw+Cgk8aW5wdXQgdHlwZT0idGV4dCIgY2xhc3M9ImZvcm0tY29udHJvbCAiIGlkPSJ0ZWxlZm9uby0xNTQ2IiBuYW1lPSJ0ZWxlZm9ubyIgcGxhY2Vob2xkZXI9IiszOS4uLiIgIHJlcXVpcmVkPgo8L2Rpdj4KWy92Y19jb2x1bW5dWy92Y19yb3ddW3ZjX3Jvd11bdmNfY29sdW1uXTxkaXYgY2xhc3M9Im1iLTMiPgoJPGxhYmVsIGZvcj0ibWVzc2FnZ2lvLTE1NDYiPklocmUgQW5mcmFnZSA8YWJiciB0aXRsZT0iUmVxdWlyZWQgZmllbGQiPiYjNDI7PC9hYmJyPjwvbGFiZWw+Cgk8dGV4dGFyZWEgY2xhc3M9ImZvcm0tY29udHJvbCAiIHJvd3M9IjQiIGlkPSJtZXNzYWdnaW8tMTU0NiIgbmFtZT0ibWVzc2FnZ2lvIiBhcmlhLWRlc2NyaWJlZGJ5PSJtZXNzYWdnaW8tMTU0Ni1oZWxwIiAgIHJlcXVpcmVkPjwvdGV4dGFyZWE+Cgk8c21hbGwgaWQ9Im1lc3NhZ2dpbzE1NDYtaGVscCIgY2xhc3M9ImZvcm0tdGV4dCB0ZXh0LW11dGVkIj5TcGVjaWZpY2EgcXVpIGxhIHR1YSByaWNoaWVzdGE8L3NtYWxsPgo8L2Rpdj4KWy92Y19jb2x1bW5dWy92Y19yb3ddW3ZjX3Jvd11bdmNfY29sdW1uXQk8ZGl2IGNsYXNzPSJmb3JtLWNoZWNrIG1iLTEiPgoJCTxpbnB1dCB0eXBlPSJjaGVja2JveCIgY2xhc3M9ImZvcm0tY2hlY2staW5wdXQiIGlkPSJwcml2YWN5LTE1NDYtMCIgbmFtZT0icHJpdmFjeSIgdmFsdWU9ImFjY29uc2VudG8iIHJlcXVpcmVkIC8+CgkJPGxhYmVsIGNsYXNzPSJmb3JtLWNoZWNrLWxhYmVsIiBmb3I9InByaXZhY3ktMTU0Ni0wIj5IbyBwcmVzbyB2aXNpb25lIGRlbGxhIHByaXZhY3kgcG9saWN5IGUgYWNjb25zZW50byBhbCB0cmF0dGFtZW50byBkZWkgbWllaSBkYXRpIHBlcnNvbmFsaSA8YWJiciB0aXRsZT0iUmVxdWlyZWQgZmllbGQiPiYjNDI7PC9hYmJyPjwvbGFiZWw+Cgk8L2Rpdj4KCTxkaXYgY2xhc3M9ImZvcm0tY2hlY2sgbWItMSI+CgkJPGlucHV0IHR5cGU9ImNoZWNrYm94IiBjbGFzcz0iZm9ybS1jaGVjay1pbnB1dCIgaWQ9Im5ld3NsZXR0ZXItMTU0Ni0wIiBuYW1lPSJuZXdzbGV0dGVyIiB2YWx1ZT0iQUREIiAvPgoJCTxsYWJlbCBjbGFzcz0iZm9ybS1jaGVjay1sYWJlbCIgZm9yPSJuZXdzbGV0dGVyLTE1NDYtMCI+RGVzaWRlcm8gcmVzdGFyZSBpbmZvcm1hdG8gZSByaWNldmVyZSBpbmZvcm1hemlvbmkgdmlhIGUtbWFpbCBzdWxsZSBub3ZpdMOgIGUgbGUgb2ZmZXJ0ZSBkZWwgTWFyYW5lbGxvIHZpbGxhZ2U8L2xhYmVsPgoJPC9kaXY+ClsvdmNfY29sdW1uXVsvdmNfcm93XVt2Y19yb3ddW3ZjX2NvbHVtbl08ZGl2IGNsYXNzPSJidXR0b24td3JhcHBlciBtYi0zIj4KCTxidXR0b24gdHlwZT0ic3VibWl0IiBpZD0iaW52aWEtMTU0NiIgY2xhc3M9ImJ0biBidG4tZGVmYXVsdCI+QW5mcmFnZSBzZW5kZW4gPGkgY2xhc3M9ImJ0bi1pY29uIGZhcyBmYS1lbnZlbG9wZSI+PC9pPjwvYnV0dG9uPgo8L2Rpdj4KWy92Y19jb2x1bW5dWy92Y19yb3ddPGRpdiBjbGFzcz0ibW9kYWwgYWNmZC1mb3JtLXJlc3BvbnNlIiBkYXRhLWZvcm09ImZvcm0tIjE1NDYiIiB0YWJpbmRleD0iLTEiPjxkaXYgY2xhc3M9Im1vZGFsLWRpYWxvZyBtb2RhbC1kaWFsb2ctY2VudGVyZWQiPjxkaXYgY2xhc3M9Im1vZGFsLWNvbnRlbnQiPjxkaXYgY2xhc3M9Im1vZGFsLWhlYWRlciI+PGg1IGNsYXNzPSJtb2RhbC10aXRsZSI+PC9oNT48YnV0dG9uIHR5cGU9ImJ1dHRvbiIgY2xhc3M9ImJ0bi1jbG9zZSIgZGF0YS1icy1kaXNtaXNzPSJtb2RhbCIgYXJpYS1sYWJlbD0iQ2xvc2UiPjwvYnV0dG9uPjwvZGl2PjxkaXYgY2xhc3M9Im1vZGFsLWJvZHkiPjwvZGl2PjwvZGl2PjwvZGl2PjwvZGl2PjwvZm9ybT48L2Rpdj48L2Rpdj48L2Rpdj48L2Rpdj4=\">Vuoi sapere altro?<\/button>\r\n\t\t\t\t<\/div>[\/vc_column_inner][\/vc_row_inner][\/vc_column][vc_column css_animation=&#8220;appear&#8220; width=&#8220;1\/2&#8243; css=&#8220;.vc_custom_1772476860811{background-image: url(https:\/\/www.hotelmaranellovillage.com\/wp-content\/uploads\/2026\/03\/hotel-maranello-village-reception-pit-lane-by-night.jpg?id=161) !important;background-position: center !important;background-repeat: no-repeat !important;background-size: cover !important;}&#8220;]<div title=\"Willkommen im Maranello Village\" class=\"image-wrapper\">\n\t\t\t\t<figure class=\"aspect-image\" style=\"background-image:url('https:\/\/www.hotelmaranellovillage.com\/wp-content\/themes\/aitec\/img\/transparent-placeholder.png'); aspect-ratio: 4 \/ 3; \">\n\t\t\t\t\t<img decoding=\"async\" src=\"https:\/\/www.hotelmaranellovillage.com\/wp-content\/uploads\/2026\/03\/hotel-maranello-village-reception-pit-lane-by-night-1024x683.jpg\" alt=\"Willkommen im Maranello Village\">\n\t\t\t\t\t<figcaption>Willkommen im Maranello Village<\/figcaption>\n\t\t\t\t<\/figure>\n\t\t\t<\/div>[\/vc_column][\/vc_row][vc_row][vc_column][vc_empty_space height=&#8220;4rem&#8220;][\/vc_column][\/vc_row][vc_row content_placement=&#8220;middle&#8220;][vc_column width=&#8220;1\/3&#8243;]<h2 class=\"deco-title sinistra with-subtitle\"> Wie erreichen Sie das <mark class=\"subtitle\">Maranello Village?<\/mark><\/h2>[\/vc_column][vc_column width=&#8220;2\/3&#8243;][vc_column_text css=&#8220;&#8220;]Wir befinden uns in der <a href=\"https:\/\/maps.app.goo.gl\/26VZ7Qa7WQt4CCqLA\" target=\"_blank\" rel=\"noopener\">Via Terra delle Rosse, 12 in Maranello<\/a>. Um uns jedoch leichter zu finden, empfehlen wir Ihnen, <a href=\"https:\/\/maps.app.goo.gl\/hRG9Fku7qeaDbA6F8\" target=\"_blank\" rel=\"noopener\">Via Frattini<\/a> in Ihr GPS einzugeben.[\/vc_column_text][\/vc_column][\/vc_row][vc_row content_placement=&#8220;middle&#8220; css=&#8220;.vc_custom_1775124109076{background-color: #E5E5E5 !important;}&#8220;][vc_column width=&#8220;1\/3&#8243;]<h2 class=\"deco-title sinistra with-subtitle\"> Check-in und <mark class=\"subtitle\">Check-out?<\/mark><\/h2>[\/vc_column][vc_column width=&#8220;2\/3&#8243;][vc_column_text css=&#8220;&#8220;]Der Check-in ist ab 15:00 Uhr m\u00f6glich; der Check-out erfolgt bis 11:00 Uhr. Wenn Sie Ihre Tour durch das Motor Valley am Abreisetag fortsetzen m\u00f6chten, k\u00f6nnen Sie Ihr Gep\u00e4ck an unserer Rezeption hinterlegen.[\/vc_column_text][\/vc_column][\/vc_row][vc_row content_placement=&#8220;middle&#8220;][vc_column width=&#8220;1\/3&#8243;]<h2 class=\"deco-title sinistra with-subtitle\"> Welche Kreditkarten <mark class=\"subtitle\">akzeptieren Sie?<\/mark><\/h2>[\/vc_column][vc_column width=&#8220;2\/3&#8243;][vc_column_text css=&#8220;&#8220;]Wir akzeptieren Kreditkarten der Anbieter Visa, Mastercard, JBC, Diners und American Express.[\/vc_column_text][\/vc_column][\/vc_row][vc_row content_placement=&#8220;middle&#8220; css=&#8220;.vc_custom_1775124109076{background-color: #E5E5E5 !important;}&#8220;][vc_column width=&#8220;1\/3&#8243;]<h2 class=\"deco-title sinistra with-subtitle\"> Stornierungs- <mark class=\"subtitle\">bedingungen?<\/mark><\/h2>[\/vc_column][vc_column width=&#8220;2\/3&#8243;][vc_column_text css=&#8220;&#8220;]In der Regel fallen bei Stornierungen <strong>bis 18:00 Uhr am Anreisetag<\/strong> keine Geb\u00fchren an. Wir bitten Sie jedoch, die Stornierungsbedingungen w\u00e4hrend der Buchung stets zu pr\u00fcfen, da diese je nach Zeitraum und Angebot variieren k\u00f6nnen.[\/vc_column_text][\/vc_column][\/vc_row][vc_row content_placement=&#8220;middle&#8220;][vc_column width=&#8220;1\/3&#8243;]<h2 class=\"deco-title sinistra with-subtitle\"> Haben Sie einen <mark class=\"subtitle\">Parkplatz?<\/mark><\/h2>[\/vc_column][vc_column width=&#8220;2\/3&#8243;][vc_column_text css=&#8220;&#8220;]Der Au\u00dfenparkplatz ist kostenlos und verf\u00fcgt \u00fcber 500 Pl\u00e4tze. Zudem steht Ihnen unsere video\u00fcberwachte Tiefgarage gegen Geb\u00fchr zur Verf\u00fcgung.[\/vc_column_text][\/vc_column][\/vc_row][vc_row content_placement=&#8220;middle&#8220; css=&#8220;.vc_custom_1775124109076{background-color: #E5E5E5 !important;}&#8220;][vc_column width=&#8220;1\/3&#8243;]<h2 class=\"deco-title sinistra with-subtitle\"> Sind Haustiere <mark class=\"subtitle\">erlaubt?<\/mark><\/h2>[\/vc_column][vc_column width=&#8220;2\/3&#8243;][vc_column_text css=&#8220;&#8220;]Nat\u00fcrlich, im Maranello Village \u00fcbernachten <strong>kleine Haustiere<\/strong> kostenlos. F\u00fcr gr\u00f6\u00dfere Tiere k\u00f6nnen wir einen Aufpreis von bis zu 20,00 \u20ac pro Tag berechnen.[\/vc_column_text][\/vc_column][\/vc_row][vc_row content_placement=&#8220;middle&#8220;][vc_column width=&#8220;1\/3&#8243;]<h2 class=\"deco-title sinistra with-subtitle\"> Haben Sie eine <mark class=\"subtitle\">WLAN-Verbindung?<\/mark><\/h2>[\/vc_column][vc_column width=&#8220;2\/3&#8243;][vc_column_text css=&#8220;&#8220;]Ja, wir bieten kostenloses WLAN in allen Bereichen an. Auf Anfrage stellen wir jedoch auch eine superschnelle Internetverbindung gegen Geb\u00fchr zur Verf\u00fcgung.[\/vc_column_text][\/vc_column][\/vc_row][vc_row content_placement=&#8220;middle&#8220; css=&#8220;.vc_custom_1775124109076{background-color: #E5E5E5 !important;}&#8220;][vc_column width=&#8220;1\/3&#8243;]<h2 class=\"deco-title sinistra with-subtitle\"> Museo <mark class=\"subtitle\">Ferrari<\/mark><\/h2>[\/vc_column][vc_column width=&#8220;2\/3&#8243;][vc_column_text css=&#8220;&#8220;]Das Museo Ferrari in Maranello ist nur 3,5 km von uns entfernt und kann bequem mit unserem kostenlosen Shuttle erreicht werden, der von Montag bis Samstagvormittag zur Verf\u00fcgung steht. Das Museo Enzo Ferrari befindet sich hingegen in Modena und kann mit dem eigenen Auto oder mit dem Shuttlebus erreicht werden, der es mit dem Museo Ferrari verbindet.[\/vc_column_text][\/vc_column][\/vc_row][vc_row][vc_column][vc_empty_space height=&#8220;4rem&#8220;][\/vc_column][\/vc_row]<\/p>\n<\/div>","protected":false},"excerpt":{"rendered":"<p>[vc_row full_width=&#8220;stretch_row_content_no_spaces&#8220; content_placement=&#8220;middle&#8220; css=&#8220;.vc_custom_1775120510657{padding-top: 4em !important;padding-bottom: 4em !important;background-color: #101010 !important;}&#8220;][vc_column css_animation=&#8220;none&#8220; width=&#8220;1\/2&#8243; el_class=&#8220;deco-column right&#8220;][vc_row_inner][vc_column_inner width=&#8220;5\/6&#8243; offset=&#8220;vc_col-md-offset-2 vc_col-md-8 vc_col-sm-offset-1 vc_col-xs-offset-1 vc_col-xs-10&#8243; css=&#8220;.vc_custom_1772553117214{padding-top: 4em !important;padding-bottom: 4em !important;}&#8220;][vc_column_text css=&#8220;&#8220;]Nachfolgend finden Sie einige wichtige Informationen zu Ihrem Aufenthalt sowie n\u00fctzliche Fragen zur Planung Ihres Besuchs hier im Maranello Village.[\/vc_column_text][\/vc_column_inner][\/vc_row_inner][\/vc_column][vc_column css_animation=&#8220;appear&#8220; width=&#8220;1\/2&#8243; css=&#8220;.vc_custom_1772476860811{background-image: url(https:\/\/www.hotelmaranellovillage.com\/wp-content\/uploads\/2026\/03\/hotel-maranello-village-reception-pit-lane-by-night.jpg?id=161) !important;background-position: center !important;background-repeat: no-repeat !important;background-size: cover [&hellip;]<\/p>\n","protected":false},"author":1,"featured_media":0,"parent":0,"menu_order":0,"comment_status":"closed","ping_status":"closed","template":"","meta":{"_acf_changed":false,"rs_blank_template":"","rs_page_bg_color":"","slide_template_v7":"","footnotes":""},"class_list":["post-1157","page","type-page","status-publish","hentry"],"acf":[],"yoast_head":"<!-- This site is optimized with the Yoast SEO plugin v27.5 - https:\/\/yoast.com\/product\/yoast-seo-wordpress\/ -->\n<title>F.A.Q. | Maranello Village - Hotel &amp; Residence Sito Ufficiale<\/title>\n<meta name=\"robots\" content=\"index, follow, max-snippet:-1, max-image-preview:large, max-video-preview:-1\" \/>\n<link rel=\"canonical\" href=\"https:\/\/www.hotelmaranellovillage.com\/de\/f-a-q\/\" \/>\n<meta property=\"og:locale\" content=\"de_DE\" \/>\n<meta property=\"og:type\" content=\"article\" \/>\n<meta property=\"og:title\" content=\"F.A.Q. | Maranello Village - Hotel &amp; Residence Sito Ufficiale\" \/>\n<meta property=\"og:description\" content=\"[vc_row full_width=&#8220;stretch_row_content_no_spaces&#8220; content_placement=&#8220;middle&#8220; css=&#8220;.vc_custom_1775120510657{padding-top: 4em !important;padding-bottom: 4em !important;background-color: #101010 !important;}&#8220;][vc_column css_animation=&#8220;none&#8220; width=&#8220;1\/2&#8243; el_class=&#8220;deco-column right&#8220;][vc_row_inner][vc_column_inner width=&#8220;5\/6&#8243; offset=&#8220;vc_col-md-offset-2 vc_col-md-8 vc_col-sm-offset-1 vc_col-xs-offset-1 vc_col-xs-10&#8243; css=&#8220;.vc_custom_1772553117214{padding-top: 4em !important;padding-bottom: 4em !important;}&#8220;][vc_column_text css=&#8220;&#8220;]Nachfolgend finden Sie einige wichtige Informationen zu Ihrem Aufenthalt sowie n\u00fctzliche Fragen zur Planung Ihres Besuchs hier im Maranello Village.[\/vc_column_text][\/vc_column_inner][\/vc_row_inner][\/vc_column][vc_column css_animation=&#8220;appear&#8220; width=&#8220;1\/2&#8243; css=&#8220;.vc_custom_1772476860811{background-image: url(https:\/\/www.hotelmaranellovillage.com\/wp-content\/uploads\/2026\/03\/hotel-maranello-village-reception-pit-lane-by-night.jpg?id=161) !important;background-position: center !important;background-repeat: no-repeat !important;background-size: cover [&hellip;]\" \/>\n<meta property=\"og:url\" content=\"https:\/\/www.hotelmaranellovillage.com\/de\/f-a-q\/\" \/>\n<meta property=\"og:site_name\" content=\"Maranello Village\" \/>\n<meta property=\"article:publisher\" content=\"https:\/\/www.facebook.com\/MaranelloVillage\" \/>\n<meta property=\"article:modified_time\" content=\"2026-04-24T10:12:29+00:00\" \/>\n<meta property=\"og:image\" content=\"https:\/\/www.hotelmaranellovillage.com\/wp-content\/uploads\/2026\/04\/hotel-maranello-village-reception-2026.jpg\" \/>\n\t<meta property=\"og:image:width\" content=\"1200\" \/>\n\t<meta property=\"og:image:height\" content=\"675\" \/>\n\t<meta property=\"og:image:type\" content=\"image\/jpeg\" \/>\n<meta name=\"twitter:card\" content=\"summary_large_image\" \/>\n<meta name=\"twitter:label1\" content=\"Gesch\u00e4tzte Lesezeit\" \/>\n\t<meta name=\"twitter:data1\" content=\"4\u00a0Minuten\" \/>\n<script type=\"application\/ld+json\" class=\"yoast-schema-graph\">{\"@context\":\"https:\\\/\\\/schema.org\",\"@graph\":[{\"@type\":\"WebPage\",\"@id\":\"https:\\\/\\\/www.hotelmaranellovillage.com\\\/de\\\/f-a-q\\\/\",\"url\":\"https:\\\/\\\/www.hotelmaranellovillage.com\\\/de\\\/f-a-q\\\/\",\"name\":\"F.A.Q. | Maranello Village - Hotel & Residence Sito Ufficiale\",\"isPartOf\":{\"@id\":\"https:\\\/\\\/www.hotelmaranellovillage.com\\\/fr\\\/#website\"},\"datePublished\":\"2026-04-02T08:17:37+00:00\",\"dateModified\":\"2026-04-24T10:12:29+00:00\",\"breadcrumb\":{\"@id\":\"https:\\\/\\\/www.hotelmaranellovillage.com\\\/de\\\/f-a-q\\\/#breadcrumb\"},\"inLanguage\":\"de\",\"potentialAction\":[{\"@type\":\"ReadAction\",\"target\":[\"https:\\\/\\\/www.hotelmaranellovillage.com\\\/de\\\/f-a-q\\\/\"]}]},{\"@type\":\"BreadcrumbList\",\"@id\":\"https:\\\/\\\/www.hotelmaranellovillage.com\\\/de\\\/f-a-q\\\/#breadcrumb\",\"itemListElement\":[{\"@type\":\"ListItem\",\"position\":1,\"name\":\"Home\",\"item\":\"https:\\\/\\\/www.hotelmaranellovillage.com\\\/de\\\/startseite\\\/\"},{\"@type\":\"ListItem\",\"position\":2,\"name\":\"F.A.Q.\"}]},{\"@type\":\"WebSite\",\"@id\":\"https:\\\/\\\/www.hotelmaranellovillage.com\\\/fr\\\/#website\",\"url\":\"https:\\\/\\\/www.hotelmaranellovillage.com\\\/fr\\\/\",\"name\":\"Maranello Village\",\"description\":\"Hotel &amp; Residence Sito Ufficiale\",\"publisher\":{\"@id\":\"https:\\\/\\\/www.hotelmaranellovillage.com\\\/fr\\\/#organization\"},\"alternateName\":\"HMV\",\"potentialAction\":[{\"@type\":\"SearchAction\",\"target\":{\"@type\":\"EntryPoint\",\"urlTemplate\":\"https:\\\/\\\/www.hotelmaranellovillage.com\\\/fr\\\/?s={search_term_string}\"},\"query-input\":{\"@type\":\"PropertyValueSpecification\",\"valueRequired\":true,\"valueName\":\"search_term_string\"}}],\"inLanguage\":\"de\"},{\"@type\":\"Organization\",\"@id\":\"https:\\\/\\\/www.hotelmaranellovillage.com\\\/fr\\\/#organization\",\"name\":\"Hotel & Residence 4 stelle\",\"url\":\"https:\\\/\\\/www.hotelmaranellovillage.com\\\/fr\\\/\",\"logo\":{\"@type\":\"ImageObject\",\"inLanguage\":\"de\",\"@id\":\"https:\\\/\\\/www.hotelmaranellovillage.com\\\/fr\\\/#\\\/schema\\\/logo\\\/image\\\/\",\"url\":\"https:\\\/\\\/www.hotelmaranellovillage.com\\\/wp-content\\\/uploads\\\/2026\\\/04\\\/maranello-village-logo-2026.png\",\"contentUrl\":\"https:\\\/\\\/www.hotelmaranellovillage.com\\\/wp-content\\\/uploads\\\/2026\\\/04\\\/maranello-village-logo-2026.png\",\"width\":800,\"height\":256,\"caption\":\"Hotel & Residence 4 stelle\"},\"image\":{\"@id\":\"https:\\\/\\\/www.hotelmaranellovillage.com\\\/fr\\\/#\\\/schema\\\/logo\\\/image\\\/\"},\"sameAs\":[\"https:\\\/\\\/www.facebook.com\\\/MaranelloVillage\",\"https:\\\/\\\/www.instagram.com\\\/hotelmaranellovillage\\\/\",\"https:\\\/\\\/it.linkedin.com\\\/company\\\/maranello-village-hotel-\"]}]}<\/script>\n<!-- \/ Yoast SEO plugin. -->","yoast_head_json":{"title":"F.A.Q. | Maranello Village - Hotel & Residence Sito Ufficiale","robots":{"index":"index","follow":"follow","max-snippet":"max-snippet:-1","max-image-preview":"max-image-preview:large","max-video-preview":"max-video-preview:-1"},"canonical":"https:\/\/www.hotelmaranellovillage.com\/de\/f-a-q\/","og_locale":"de_DE","og_type":"article","og_title":"F.A.Q. | Maranello Village - Hotel & Residence Sito Ufficiale","og_description":"[vc_row full_width=&#8220;stretch_row_content_no_spaces&#8220; content_placement=&#8220;middle&#8220; css=&#8220;.vc_custom_1775120510657{padding-top: 4em !important;padding-bottom: 4em !important;background-color: #101010 !important;}&#8220;][vc_column css_animation=&#8220;none&#8220; width=&#8220;1\/2&#8243; el_class=&#8220;deco-column right&#8220;][vc_row_inner][vc_column_inner width=&#8220;5\/6&#8243; offset=&#8220;vc_col-md-offset-2 vc_col-md-8 vc_col-sm-offset-1 vc_col-xs-offset-1 vc_col-xs-10&#8243; css=&#8220;.vc_custom_1772553117214{padding-top: 4em !important;padding-bottom: 4em !important;}&#8220;][vc_column_text css=&#8220;&#8220;]Nachfolgend finden Sie einige wichtige Informationen zu Ihrem Aufenthalt sowie n\u00fctzliche Fragen zur Planung Ihres Besuchs hier im Maranello Village.[\/vc_column_text][\/vc_column_inner][\/vc_row_inner][\/vc_column][vc_column css_animation=&#8220;appear&#8220; width=&#8220;1\/2&#8243; css=&#8220;.vc_custom_1772476860811{background-image: url(https:\/\/www.hotelmaranellovillage.com\/wp-content\/uploads\/2026\/03\/hotel-maranello-village-reception-pit-lane-by-night.jpg?id=161) !important;background-position: center !important;background-repeat: no-repeat !important;background-size: cover [&hellip;]","og_url":"https:\/\/www.hotelmaranellovillage.com\/de\/f-a-q\/","og_site_name":"Maranello Village","article_publisher":"https:\/\/www.facebook.com\/MaranelloVillage","article_modified_time":"2026-04-24T10:12:29+00:00","og_image":[{"width":1200,"height":675,"url":"https:\/\/www.hotelmaranellovillage.com\/wp-content\/uploads\/2026\/04\/hotel-maranello-village-reception-2026.jpg","type":"image\/jpeg"}],"twitter_card":"summary_large_image","twitter_misc":{"Gesch\u00e4tzte Lesezeit":"4\u00a0Minuten"},"schema":{"@context":"https:\/\/schema.org","@graph":[{"@type":"WebPage","@id":"https:\/\/www.hotelmaranellovillage.com\/de\/f-a-q\/","url":"https:\/\/www.hotelmaranellovillage.com\/de\/f-a-q\/","name":"F.A.Q. | Maranello Village - Hotel & Residence Sito Ufficiale","isPartOf":{"@id":"https:\/\/www.hotelmaranellovillage.com\/fr\/#website"},"datePublished":"2026-04-02T08:17:37+00:00","dateModified":"2026-04-24T10:12:29+00:00","breadcrumb":{"@id":"https:\/\/www.hotelmaranellovillage.com\/de\/f-a-q\/#breadcrumb"},"inLanguage":"de","potentialAction":[{"@type":"ReadAction","target":["https:\/\/www.hotelmaranellovillage.com\/de\/f-a-q\/"]}]},{"@type":"BreadcrumbList","@id":"https:\/\/www.hotelmaranellovillage.com\/de\/f-a-q\/#breadcrumb","itemListElement":[{"@type":"ListItem","position":1,"name":"Home","item":"https:\/\/www.hotelmaranellovillage.com\/de\/startseite\/"},{"@type":"ListItem","position":2,"name":"F.A.Q."}]},{"@type":"WebSite","@id":"https:\/\/www.hotelmaranellovillage.com\/fr\/#website","url":"https:\/\/www.hotelmaranellovillage.com\/fr\/","name":"Maranello Village","description":"Hotel &amp; Residence Sito Ufficiale","publisher":{"@id":"https:\/\/www.hotelmaranellovillage.com\/fr\/#organization"},"alternateName":"HMV","potentialAction":[{"@type":"SearchAction","target":{"@type":"EntryPoint","urlTemplate":"https:\/\/www.hotelmaranellovillage.com\/fr\/?s={search_term_string}"},"query-input":{"@type":"PropertyValueSpecification","valueRequired":true,"valueName":"search_term_string"}}],"inLanguage":"de"},{"@type":"Organization","@id":"https:\/\/www.hotelmaranellovillage.com\/fr\/#organization","name":"Hotel & Residence 4 stelle","url":"https:\/\/www.hotelmaranellovillage.com\/fr\/","logo":{"@type":"ImageObject","inLanguage":"de","@id":"https:\/\/www.hotelmaranellovillage.com\/fr\/#\/schema\/logo\/image\/","url":"https:\/\/www.hotelmaranellovillage.com\/wp-content\/uploads\/2026\/04\/maranello-village-logo-2026.png","contentUrl":"https:\/\/www.hotelmaranellovillage.com\/wp-content\/uploads\/2026\/04\/maranello-village-logo-2026.png","width":800,"height":256,"caption":"Hotel & Residence 4 stelle"},"image":{"@id":"https:\/\/www.hotelmaranellovillage.com\/fr\/#\/schema\/logo\/image\/"},"sameAs":["https:\/\/www.facebook.com\/MaranelloVillage","https:\/\/www.instagram.com\/hotelmaranellovillage\/","https:\/\/it.linkedin.com\/company\/maranello-village-hotel-"]}]}},"_links":{"self":[{"href":"https:\/\/www.hotelmaranellovillage.com\/de\/wp-json\/wp\/v2\/pages\/1157","targetHints":{"allow":["GET"]}}],"collection":[{"href":"https:\/\/www.hotelmaranellovillage.com\/de\/wp-json\/wp\/v2\/pages"}],"about":[{"href":"https:\/\/www.hotelmaranellovillage.com\/de\/wp-json\/wp\/v2\/types\/page"}],"author":[{"embeddable":true,"href":"https:\/\/www.hotelmaranellovillage.com\/de\/wp-json\/wp\/v2\/users\/1"}],"replies":[{"embeddable":true,"href":"https:\/\/www.hotelmaranellovillage.com\/de\/wp-json\/wp\/v2\/comments?post=1157"}],"version-history":[{"count":4,"href":"https:\/\/www.hotelmaranellovillage.com\/de\/wp-json\/wp\/v2\/pages\/1157\/revisions"}],"predecessor-version":[{"id":1388,"href":"https:\/\/www.hotelmaranellovillage.com\/de\/wp-json\/wp\/v2\/pages\/1157\/revisions\/1388"}],"wp:attachment":[{"href":"https:\/\/www.hotelmaranellovillage.com\/de\/wp-json\/wp\/v2\/media?parent=1157"}],"curies":[{"name":"wp","href":"https:\/\/api.w.org\/{rel}","templated":true}]}}