{"id":1149,"date":"2026-03-18T13:32:51","date_gmt":"2026-03-18T12:32:51","guid":{"rendered":"https:\/\/web.hotelmaranellovillage.com\/maranello-und-umgebung\/verkostung-von-balsamico-essig-aus-modena\/"},"modified":"2026-04-24T12:23:19","modified_gmt":"2026-04-24T10:23:19","slug":"verkostung-von-balsamico-essig-aus-modena","status":"publish","type":"page","link":"https:\/\/www.hotelmaranellovillage.com\/de\/maranello-und-umgebung\/verkostung-von-balsamico-essig-aus-modena\/","title":{"rendered":"Verkostung von Balsamico-Essig aus Modena"},"content":{"rendered":"<div class=\"wpb-content-wrapper\"><p>[vc_row full_width=&#8220;stretch_row_content_no_spaces&#8220; content_placement=&#8220;middle&#8220; css=&#8220;.vc_custom_1772648524312{padding-top: 4em !important;padding-bottom: 4em !important;background-color: #101010 !important;}&#8220;][vc_column css_animation=&#8220;none&#8220; width=&#8220;1\/2&#8243; el_class=&#8220;deco-column right&#8220;][vc_row_inner][vc_column_inner width=&#8220;5\/6&#8243; offset=&#8220;vc_col-md-offset-2 vc_col-md-8 vc_col-sm-offset-1 vc_col-xs-offset-1 vc_col-xs-10&#8243; css=&#8220;.vc_custom_1772553117214{padding-top: 4em !important;padding-bottom: 4em !important;}&#8220;]<h1 class=\"deco-title sinistra\"><span class=\"eyelet\">Was Sie in Maranello unternehmen k\u00f6nnen<\/span> Verkostung des Balsamico-Essigs  <mark class=\"subtitle\">Tradizionale di Modena<\/mark><\/h1>[vc_column_text css=&#8220;&#8220;]Der <strong>Aceto Balsamico Tradizionale di Modena<\/strong> ist das Symbol der lokalen gastronomischen Kultur und weltweit f\u00fcr seinen <strong>unverwechselbaren Geschmack<\/strong> bekannt und gesch\u00e4tzt. Er ist ein Trumpf im \u00c4rmel der besten internationalen K\u00f6che und findet sich immer h\u00e4ufiger auf den Tischen in aller Welt.<\/p>\n<p>Die Geheimnisse seiner Herstellung werden von den Familien in den historischen Essigmanufakturen (Acetaie) geh\u00fctet, an denen die Region reich ist. Heute gibt es in der Gegend mehrere historische Acetaie, die <strong>Besichtigungen und Verkostungen<\/strong> organisieren und so die Gelegenheit bieten, dieses faszinierende Produkt zu entdecken und vielleicht mit einem ganz besonderen Souvenir nach Hause zur\u00fcckzukehren.[\/vc_column_text]<div class=\"button-wrapper left\">\r\n\t\t\t\t\t<button type=\"button\" class=\"btn btn-default modal-btn\" data-bs-target=\"#form-69f4cb16aa7b2-modal\" data-modal=\"PGRpdiBjbGFzcz0ibW9kYWwgZmFkZSIgaWQ9ImZvcm0tMTU0Ni1tb2RhbCIgdGFiaW5kZXg9Ii0xIiBhcmlhLWxhYmVsbGVkYnk9ImZvcm0tMTU0Ni1tb2RhbC1sYWJlbCIgYXJpYS1oaWRkZW49InRydWUiPjxkaXYgY2xhc3M9Im1vZGFsLWRpYWxvZyBtb2RhbC1kaWFsb2ctY2VudGVyZWQiPjxkaXYgY2xhc3M9Im1vZGFsLWNvbnRlbnQiPjxkaXYgY2xhc3M9Im1vZGFsLWhlYWRlciI+PGg1IGNsYXNzPSJtb2RhbC10aXRsZSIgaWQ9ImZvcm0tMTU0Ni1tb2RhbC1sYWJlbCI+UmljaGllZGkgaW5mb3JtYXppb25pPC9oNT48YnV0dG9uIHR5cGU9ImJ1dHRvbiIgY2xhc3M9ImJ0bi1jbG9zZSIgZGF0YS1icy1kaXNtaXNzPSJtb2RhbCIgYXJpYS1sYWJlbD0iQ2xvc2UiPjwvYnV0dG9uPjwvZGl2PjxkaXYgY2xhc3M9Im1vZGFsLWJvZHkiPjxmb3JtIGlkPSJmb3JtLTE1NDYiIGNsYXNzPSJhY2ZkLWZvcm0gbmVlZHMtdmFsaWRhdGlvbiIgbm92YWxpZGF0ZSBkYXRhLXJlY2FwdGNoYT0iIiBkYXRhLWdvb2dsZV9hbmFseXRpY3M9ImZhbHNlIj48aW5wdXQgdHlwZT0iaGlkZGVuIiBuYW1lPSJhY2ZkX2Zvcm1faWQiIHZhbHVlPSIxNTQ2Ij48aW5wdXQgdHlwZT0iaGlkZGVuIiBuYW1lPSJhY2ZkX3JlbW90ZV9hZGRyIiB2YWx1ZT0iMjE2LjczLjIxNi4xMTIiPjxpbnB1dCB0eXBlPSJoaWRkZW4iIG5hbWU9ImFjZmRfcmVxdWVzdF91cmkiIHZhbHVlPSIvZGUvd3AtanNvbi93cC92Mi9wYWdlcy8xMTQ5Ij48aW5wdXQgdHlwZT0iaGlkZGVuIiBuYW1lPSJhY2ZkX3VzZXJfYWdlbnQiIHZhbHVlPSJNb3ppbGxhLzUuMCBBcHBsZVdlYktpdC81MzcuMzYgKEtIVE1MLCBsaWtlIEdlY2tvOyBjb21wYXRpYmxlOyBDbGF1ZGVCb3QvMS4wOyArY2xhdWRlYm90QGFudGhyb3BpYy5jb20pIj48aW5wdXQgdHlwZT0iaGlkZGVuIiBuYW1lPSJhY2ZkX2NvbXBsZXRlX3VybCIgdmFsdWU9Imh0dHBzOi8vd3d3LmhvdGVsbWFyYW5lbGxvdmlsbGFnZS5jb20vZGUvd3AtanNvbi93cC92Mi9wYWdlcy8xMTQ5Ij5bdmNfcm93IGdhcD0iMTUiXVt2Y19jb2x1bW4gd2lkdGg9IjEvMiJdPGRpdiBjbGFzcz0ibWItMyI+Cgk8bGFiZWwgZm9yPSJub21lLTE1NDYiIGNsYXNzPSJhY2ZkLWxhYmVsIGZvcm0tbGFiZWwiPk5hbWUgPGFiYnIgdGl0bGU9IlJlcXVpcmVkIGZpZWxkIj4mIzQyOzwvYWJicj48L2xhYmVsPgoJPGlucHV0IHR5cGU9InRleHQiIGNsYXNzPSJmb3JtLWNvbnRyb2wgIiBpZD0ibm9tZS0xNTQ2IiBuYW1lPSJub21lIiBwbGFjZWhvbGRlcj0iSWhyIE5hbWUiICByZXF1aXJlZD4KPC9kaXY+ClsvdmNfY29sdW1uXVt2Y19jb2x1bW4gd2lkdGg9IjEvMiJdPGRpdiBjbGFzcz0ibWItMyI+Cgk8bGFiZWwgZm9yPSJjb2dub21lLTE1NDYiIGNsYXNzPSJhY2ZkLWxhYmVsIGZvcm0tbGFiZWwiPk5hY2huYW1lIDxhYmJyIHRpdGxlPSJSZXF1aXJlZCBmaWVsZCI+JiM0Mjs8L2FiYnI+PC9sYWJlbD4KCTxpbnB1dCB0eXBlPSJ0ZXh0IiBjbGFzcz0iZm9ybS1jb250cm9sICIgaWQ9ImNvZ25vbWUtMTU0NiIgbmFtZT0iY29nbm9tZSIgcGxhY2Vob2xkZXI9IklociBOYWNobmFtZSIgIHJlcXVpcmVkPgo8L2Rpdj4KWy92Y19jb2x1bW5dWy92Y19yb3ddW3ZjX3Jvd11bdmNfY29sdW1uXTxkaXYgY2xhc3M9Im1iLTMiPgoJPGxhYmVsIGZvcj0iZW1haWwtMTU0NiIgY2xhc3M9ImFjZmQtbGFiZWwgZm9ybS1sYWJlbCI+RS1NYWlsIDxhYmJyIHRpdGxlPSJSZXF1aXJlZCBmaWVsZCI+JiM0Mjs8L2FiYnI+PC9sYWJlbD4KCTxpbnB1dCB0eXBlPSJlbWFpbCIgY2xhc3M9ImZvcm0tY29udHJvbCAiIGlkPSJlbWFpbC0xNTQ2IiBuYW1lPSJlbWFpbCIgcGxhY2Vob2xkZXI9ImxhdHVhQGVtYWlsLml0IiAgcmVxdWlyZWQ+CjwvZGl2PgpbL3ZjX2NvbHVtbl1bL3ZjX3Jvd11bdmNfcm93XVt2Y19jb2x1bW5dPGRpdiBjbGFzcz0ibWItMyI+Cgk8bGFiZWwgZm9yPSJ0ZWxlZm9uby0xNTQ2IiBjbGFzcz0iYWNmZC1sYWJlbCBmb3JtLWxhYmVsIj5UZWxlZm9uIDxhYmJyIHRpdGxlPSJSZXF1aXJlZCBmaWVsZCI+JiM0Mjs8L2FiYnI+PC9sYWJlbD4KCTxpbnB1dCB0eXBlPSJ0ZXh0IiBjbGFzcz0iZm9ybS1jb250cm9sICIgaWQ9InRlbGVmb25vLTE1NDYiIG5hbWU9InRlbGVmb25vIiBwbGFjZWhvbGRlcj0iKzM5Li4uIiAgcmVxdWlyZWQ+CjwvZGl2PgpbL3ZjX2NvbHVtbl1bL3ZjX3Jvd11bdmNfcm93XVt2Y19jb2x1bW5dPGRpdiBjbGFzcz0ibWItMyI+Cgk8bGFiZWwgZm9yPSJtZXNzYWdnaW8tMTU0NiI+SWhyZSBBbmZyYWdlIDxhYmJyIHRpdGxlPSJSZXF1aXJlZCBmaWVsZCI+JiM0Mjs8L2FiYnI+PC9sYWJlbD4KCTx0ZXh0YXJlYSBjbGFzcz0iZm9ybS1jb250cm9sICIgcm93cz0iNCIgaWQ9Im1lc3NhZ2dpby0xNTQ2IiBuYW1lPSJtZXNzYWdnaW8iIGFyaWEtZGVzY3JpYmVkYnk9Im1lc3NhZ2dpby0xNTQ2LWhlbHAiICAgcmVxdWlyZWQ+PC90ZXh0YXJlYT4KCTxzbWFsbCBpZD0ibWVzc2FnZ2lvMTU0Ni1oZWxwIiBjbGFzcz0iZm9ybS10ZXh0IHRleHQtbXV0ZWQiPlNwZWNpZmljYSBxdWkgbGEgdHVhIHJpY2hpZXN0YTwvc21hbGw+CjwvZGl2PgpbL3ZjX2NvbHVtbl1bL3ZjX3Jvd11bdmNfcm93XVt2Y19jb2x1bW5dCTxkaXYgY2xhc3M9ImZvcm0tY2hlY2sgbWItMSI+CgkJPGlucHV0IHR5cGU9ImNoZWNrYm94IiBjbGFzcz0iZm9ybS1jaGVjay1pbnB1dCIgaWQ9InByaXZhY3ktMTU0Ni0wIiBuYW1lPSJwcml2YWN5IiB2YWx1ZT0iYWNjb25zZW50byIgcmVxdWlyZWQgLz4KCQk8bGFiZWwgY2xhc3M9ImZvcm0tY2hlY2stbGFiZWwiIGZvcj0icHJpdmFjeS0xNTQ2LTAiPkhvIHByZXNvIHZpc2lvbmUgZGVsbGEgcHJpdmFjeSBwb2xpY3kgZSBhY2NvbnNlbnRvIGFsIHRyYXR0YW1lbnRvIGRlaSBtaWVpIGRhdGkgcGVyc29uYWxpIDxhYmJyIHRpdGxlPSJSZXF1aXJlZCBmaWVsZCI+JiM0Mjs8L2FiYnI+PC9sYWJlbD4KCTwvZGl2PgoJPGRpdiBjbGFzcz0iZm9ybS1jaGVjayBtYi0xIj4KCQk8aW5wdXQgdHlwZT0iY2hlY2tib3giIGNsYXNzPSJmb3JtLWNoZWNrLWlucHV0IiBpZD0ibmV3c2xldHRlci0xNTQ2LTAiIG5hbWU9Im5ld3NsZXR0ZXIiIHZhbHVlPSJBREQiIC8+CgkJPGxhYmVsIGNsYXNzPSJmb3JtLWNoZWNrLWxhYmVsIiBmb3I9Im5ld3NsZXR0ZXItMTU0Ni0wIj5EZXNpZGVybyByZXN0YXJlIGluZm9ybWF0byBlIHJpY2V2ZXJlIGluZm9ybWF6aW9uaSB2aWEgZS1tYWlsIHN1bGxlIG5vdml0w6AgZSBsZSBvZmZlcnRlIGRlbCBNYXJhbmVsbG8gdmlsbGFnZTwvbGFiZWw+Cgk8L2Rpdj4KWy92Y19jb2x1bW5dWy92Y19yb3ddW3ZjX3Jvd11bdmNfY29sdW1uXTxkaXYgY2xhc3M9ImJ1dHRvbi13cmFwcGVyIG1iLTMiPgoJPGJ1dHRvbiB0eXBlPSJzdWJtaXQiIGlkPSJpbnZpYS0xNTQ2IiBjbGFzcz0iYnRuIGJ0bi1kZWZhdWx0Ij5BbmZyYWdlIHNlbmRlbiA8aSBjbGFzcz0iYnRuLWljb24gZmFzIGZhLWVudmVsb3BlIj48L2k+PC9idXR0b24+CjwvZGl2PgpbL3ZjX2NvbHVtbl1bL3ZjX3Jvd108ZGl2IGNsYXNzPSJtb2RhbCBhY2ZkLWZvcm0tcmVzcG9uc2UiIGRhdGEtZm9ybT0iZm9ybS0iMTU0NiIiIHRhYmluZGV4PSItMSI+PGRpdiBjbGFzcz0ibW9kYWwtZGlhbG9nIG1vZGFsLWRpYWxvZy1jZW50ZXJlZCI+PGRpdiBjbGFzcz0ibW9kYWwtY29udGVudCI+PGRpdiBjbGFzcz0ibW9kYWwtaGVhZGVyIj48aDUgY2xhc3M9Im1vZGFsLXRpdGxlIj48L2g1PjxidXR0b24gdHlwZT0iYnV0dG9uIiBjbGFzcz0iYnRuLWNsb3NlIiBkYXRhLWJzLWRpc21pc3M9Im1vZGFsIiBhcmlhLWxhYmVsPSJDbG9zZSI+PC9idXR0b24+PC9kaXY+PGRpdiBjbGFzcz0ibW9kYWwtYm9keSI+PC9kaXY+PC9kaXY+PC9kaXY+PC9kaXY+PC9mb3JtPjwvZGl2PjwvZGl2PjwvZGl2PjwvZGl2Pg==\">Richiedi informazioni<\/button>\r\n\t\t\t\t<\/div>[\/vc_column_inner][\/vc_row_inner][\/vc_column][vc_column css_animation=&#8220;appear&#8220; width=&#8220;1\/2&#8243; css=&#8220;.vc_custom_1773914421190{background-image: url(https:\/\/www.hotelmaranellovillage.com\/wp-content\/uploads\/2026\/03\/hotel-maranello-village-degustazione-acetaie-modena.jpg?id=370) !important;background-position: center !important;background-repeat: no-repeat !important;background-size: cover !important;}&#8220;]<div title=\"Hotel Maranello Village - Umgebung von Maranello - Verkostung in Essigmanufakturen\" class=\"image-wrapper\">\n\t\t\t\t<figure class=\"aspect-image\" style=\"background-image:url('https:\/\/www.hotelmaranellovillage.com\/wp-content\/themes\/aitec\/img\/transparent-placeholder.png'); aspect-ratio: 4 \/ 3; \">\n\t\t\t\t\t<img decoding=\"async\" src=\"https:\/\/www.hotelmaranellovillage.com\/wp-content\/uploads\/2026\/03\/hotel-maranello-village-degustazione-acetaie-modena-1024x683.jpg\" alt=\"Hotel Maranello Village - Umgebung von Maranello - Verkostung in Essigmanufakturen\">\n\t\t\t\t\t<figcaption>Hotel Maranello Village - Umgebung von Maranello - Verkostung in Essigmanufakturen<\/figcaption>\n\t\t\t\t<\/figure>\n\t\t\t<\/div>[\/vc_column][\/vc_row]<\/p>\n<\/div>","protected":false},"excerpt":{"rendered":"<p>[vc_row full_width=&#8220;stretch_row_content_no_spaces&#8220; content_placement=&#8220;middle&#8220; css=&#8220;.vc_custom_1772648524312{padding-top: 4em !important;padding-bottom: 4em !important;background-color: #101010 !important;}&#8220;][vc_column css_animation=&#8220;none&#8220; width=&#8220;1\/2&#8243; el_class=&#8220;deco-column right&#8220;][vc_row_inner][vc_column_inner width=&#8220;5\/6&#8243; offset=&#8220;vc_col-md-offset-2 vc_col-md-8 vc_col-sm-offset-1 vc_col-xs-offset-1 vc_col-xs-10&#8243; css=&#8220;.vc_custom_1772553117214{padding-top: 4em !important;padding-bottom: 4em !important;}&#8220;][vc_column_text css=&#8220;&#8220;]Der Aceto Balsamico Tradizionale di Modena ist das Symbol der lokalen gastronomischen Kultur und weltweit f\u00fcr seinen unverwechselbaren Geschmack bekannt und gesch\u00e4tzt. Er ist ein Trumpf im \u00c4rmel der besten [&hellip;]<\/p>\n","protected":false},"author":1,"featured_media":1150,"parent":1066,"menu_order":0,"comment_status":"closed","ping_status":"closed","template":"","meta":{"_acf_changed":false,"rs_blank_template":"","rs_page_bg_color":"","slide_template_v7":"","footnotes":""},"class_list":["post-1149","page","type-page","status-publish","has-post-thumbnail","hentry"],"acf":[],"yoast_head":"<!-- This site is optimized with the Yoast SEO plugin v27.5 - https:\/\/yoast.com\/product\/yoast-seo-wordpress\/ -->\n<title>Verkostung von Balsamico-Essig aus Modena | Maranello Village - Hotel &amp; Residence Sito Ufficiale<\/title>\n<meta name=\"robots\" content=\"index, follow, max-snippet:-1, max-image-preview:large, max-video-preview:-1\" \/>\n<link rel=\"canonical\" href=\"https:\/\/www.hotelmaranellovillage.com\/de\/maranello-und-umgebung\/verkostung-von-balsamico-essig-aus-modena\/\" \/>\n<meta property=\"og:locale\" content=\"de_DE\" \/>\n<meta property=\"og:type\" content=\"article\" \/>\n<meta property=\"og:title\" content=\"Verkostung von Balsamico-Essig aus Modena | Maranello Village - Hotel &amp; Residence Sito Ufficiale\" \/>\n<meta property=\"og:description\" content=\"[vc_row full_width=&#8220;stretch_row_content_no_spaces&#8220; content_placement=&#8220;middle&#8220; css=&#8220;.vc_custom_1772648524312{padding-top: 4em !important;padding-bottom: 4em !important;background-color: #101010 !important;}&#8220;][vc_column css_animation=&#8220;none&#8220; width=&#8220;1\/2&#8243; el_class=&#8220;deco-column right&#8220;][vc_row_inner][vc_column_inner width=&#8220;5\/6&#8243; offset=&#8220;vc_col-md-offset-2 vc_col-md-8 vc_col-sm-offset-1 vc_col-xs-offset-1 vc_col-xs-10&#8243; css=&#8220;.vc_custom_1772553117214{padding-top: 4em !important;padding-bottom: 4em !important;}&#8220;][vc_column_text css=&#8220;&#8220;]Der Aceto Balsamico Tradizionale di Modena ist das Symbol der lokalen gastronomischen Kultur und weltweit f\u00fcr seinen unverwechselbaren Geschmack bekannt und gesch\u00e4tzt. Er ist ein Trumpf im \u00c4rmel der besten [&hellip;]\" \/>\n<meta property=\"og:url\" content=\"https:\/\/www.hotelmaranellovillage.com\/de\/maranello-und-umgebung\/verkostung-von-balsamico-essig-aus-modena\/\" \/>\n<meta property=\"og:site_name\" content=\"Maranello Village\" \/>\n<meta property=\"article:publisher\" content=\"https:\/\/www.facebook.com\/MaranelloVillage\" \/>\n<meta property=\"article:modified_time\" content=\"2026-04-24T10:23:19+00:00\" \/>\n<meta property=\"og:image\" content=\"https:\/\/www.hotelmaranellovillage.com\/wp-content\/uploads\/2026\/03\/hotel-maranello-village-degustazione-acetaie-modena.jpg\" \/>\n\t<meta property=\"og:image:width\" content=\"1200\" \/>\n\t<meta property=\"og:image:height\" content=\"800\" \/>\n\t<meta property=\"og:image:type\" content=\"image\/jpeg\" \/>\n<meta name=\"twitter:card\" content=\"summary_large_image\" \/>\n<meta name=\"twitter:label1\" content=\"Gesch\u00e4tzte Lesezeit\" \/>\n\t<meta name=\"twitter:data1\" content=\"1\u00a0Minute\" \/>\n<script type=\"application\/ld+json\" class=\"yoast-schema-graph\">{\"@context\":\"https:\\\/\\\/schema.org\",\"@graph\":[{\"@type\":\"WebPage\",\"@id\":\"https:\\\/\\\/www.hotelmaranellovillage.com\\\/de\\\/maranello-und-umgebung\\\/verkostung-von-balsamico-essig-aus-modena\\\/\",\"url\":\"https:\\\/\\\/www.hotelmaranellovillage.com\\\/de\\\/maranello-und-umgebung\\\/verkostung-von-balsamico-essig-aus-modena\\\/\",\"name\":\"Verkostung von Balsamico-Essig aus Modena | Maranello Village - Hotel & Residence Sito Ufficiale\",\"isPartOf\":{\"@id\":\"https:\\\/\\\/www.hotelmaranellovillage.com\\\/fr\\\/#website\"},\"primaryImageOfPage\":{\"@id\":\"https:\\\/\\\/www.hotelmaranellovillage.com\\\/de\\\/maranello-und-umgebung\\\/verkostung-von-balsamico-essig-aus-modena\\\/#primaryimage\"},\"image\":{\"@id\":\"https:\\\/\\\/www.hotelmaranellovillage.com\\\/de\\\/maranello-und-umgebung\\\/verkostung-von-balsamico-essig-aus-modena\\\/#primaryimage\"},\"thumbnailUrl\":\"https:\\\/\\\/www.hotelmaranellovillage.com\\\/wp-content\\\/uploads\\\/2026\\\/03\\\/hotel-maranello-village-degustazione-acetaie-modena.jpg\",\"datePublished\":\"2026-03-18T12:32:51+00:00\",\"dateModified\":\"2026-04-24T10:23:19+00:00\",\"breadcrumb\":{\"@id\":\"https:\\\/\\\/www.hotelmaranellovillage.com\\\/de\\\/maranello-und-umgebung\\\/verkostung-von-balsamico-essig-aus-modena\\\/#breadcrumb\"},\"inLanguage\":\"de\",\"potentialAction\":[{\"@type\":\"ReadAction\",\"target\":[\"https:\\\/\\\/www.hotelmaranellovillage.com\\\/de\\\/maranello-und-umgebung\\\/verkostung-von-balsamico-essig-aus-modena\\\/\"]}]},{\"@type\":\"ImageObject\",\"inLanguage\":\"de\",\"@id\":\"https:\\\/\\\/www.hotelmaranellovillage.com\\\/de\\\/maranello-und-umgebung\\\/verkostung-von-balsamico-essig-aus-modena\\\/#primaryimage\",\"url\":\"https:\\\/\\\/www.hotelmaranellovillage.com\\\/wp-content\\\/uploads\\\/2026\\\/03\\\/hotel-maranello-village-degustazione-acetaie-modena.jpg\",\"contentUrl\":\"https:\\\/\\\/www.hotelmaranellovillage.com\\\/wp-content\\\/uploads\\\/2026\\\/03\\\/hotel-maranello-village-degustazione-acetaie-modena.jpg\",\"width\":1200,\"height\":800},{\"@type\":\"BreadcrumbList\",\"@id\":\"https:\\\/\\\/www.hotelmaranellovillage.com\\\/de\\\/maranello-und-umgebung\\\/verkostung-von-balsamico-essig-aus-modena\\\/#breadcrumb\",\"itemListElement\":[{\"@type\":\"ListItem\",\"position\":1,\"name\":\"Home\",\"item\":\"https:\\\/\\\/www.hotelmaranellovillage.com\\\/de\\\/startseite\\\/\"},{\"@type\":\"ListItem\",\"position\":2,\"name\":\"Maranello und Umgebung\",\"item\":\"https:\\\/\\\/www.hotelmaranellovillage.com\\\/de\\\/maranello-und-umgebung\\\/\"},{\"@type\":\"ListItem\",\"position\":3,\"name\":\"Verkostung von Balsamico-Essig aus Modena\"}]},{\"@type\":\"WebSite\",\"@id\":\"https:\\\/\\\/www.hotelmaranellovillage.com\\\/fr\\\/#website\",\"url\":\"https:\\\/\\\/www.hotelmaranellovillage.com\\\/fr\\\/\",\"name\":\"Maranello Village\",\"description\":\"Hotel &amp; Residence Sito Ufficiale\",\"publisher\":{\"@id\":\"https:\\\/\\\/www.hotelmaranellovillage.com\\\/fr\\\/#organization\"},\"alternateName\":\"HMV\",\"potentialAction\":[{\"@type\":\"SearchAction\",\"target\":{\"@type\":\"EntryPoint\",\"urlTemplate\":\"https:\\\/\\\/www.hotelmaranellovillage.com\\\/fr\\\/?s={search_term_string}\"},\"query-input\":{\"@type\":\"PropertyValueSpecification\",\"valueRequired\":true,\"valueName\":\"search_term_string\"}}],\"inLanguage\":\"de\"},{\"@type\":\"Organization\",\"@id\":\"https:\\\/\\\/www.hotelmaranellovillage.com\\\/fr\\\/#organization\",\"name\":\"Hotel & Residence 4 stelle\",\"url\":\"https:\\\/\\\/www.hotelmaranellovillage.com\\\/fr\\\/\",\"logo\":{\"@type\":\"ImageObject\",\"inLanguage\":\"de\",\"@id\":\"https:\\\/\\\/www.hotelmaranellovillage.com\\\/fr\\\/#\\\/schema\\\/logo\\\/image\\\/\",\"url\":\"https:\\\/\\\/www.hotelmaranellovillage.com\\\/wp-content\\\/uploads\\\/2026\\\/04\\\/maranello-village-logo-2026.png\",\"contentUrl\":\"https:\\\/\\\/www.hotelmaranellovillage.com\\\/wp-content\\\/uploads\\\/2026\\\/04\\\/maranello-village-logo-2026.png\",\"width\":800,\"height\":256,\"caption\":\"Hotel & Residence 4 stelle\"},\"image\":{\"@id\":\"https:\\\/\\\/www.hotelmaranellovillage.com\\\/fr\\\/#\\\/schema\\\/logo\\\/image\\\/\"},\"sameAs\":[\"https:\\\/\\\/www.facebook.com\\\/MaranelloVillage\",\"https:\\\/\\\/www.instagram.com\\\/hotelmaranellovillage\\\/\",\"https:\\\/\\\/it.linkedin.com\\\/company\\\/maranello-village-hotel-\"]}]}<\/script>\n<!-- \/ Yoast SEO plugin. -->","yoast_head_json":{"title":"Verkostung von Balsamico-Essig aus Modena | Maranello Village - Hotel & Residence Sito Ufficiale","robots":{"index":"index","follow":"follow","max-snippet":"max-snippet:-1","max-image-preview":"max-image-preview:large","max-video-preview":"max-video-preview:-1"},"canonical":"https:\/\/www.hotelmaranellovillage.com\/de\/maranello-und-umgebung\/verkostung-von-balsamico-essig-aus-modena\/","og_locale":"de_DE","og_type":"article","og_title":"Verkostung von Balsamico-Essig aus Modena | Maranello Village - Hotel & Residence Sito Ufficiale","og_description":"[vc_row full_width=&#8220;stretch_row_content_no_spaces&#8220; content_placement=&#8220;middle&#8220; css=&#8220;.vc_custom_1772648524312{padding-top: 4em !important;padding-bottom: 4em !important;background-color: #101010 !important;}&#8220;][vc_column css_animation=&#8220;none&#8220; width=&#8220;1\/2&#8243; el_class=&#8220;deco-column right&#8220;][vc_row_inner][vc_column_inner width=&#8220;5\/6&#8243; offset=&#8220;vc_col-md-offset-2 vc_col-md-8 vc_col-sm-offset-1 vc_col-xs-offset-1 vc_col-xs-10&#8243; css=&#8220;.vc_custom_1772553117214{padding-top: 4em !important;padding-bottom: 4em !important;}&#8220;][vc_column_text css=&#8220;&#8220;]Der Aceto Balsamico Tradizionale di Modena ist das Symbol der lokalen gastronomischen Kultur und weltweit f\u00fcr seinen unverwechselbaren Geschmack bekannt und gesch\u00e4tzt. Er ist ein Trumpf im \u00c4rmel der besten [&hellip;]","og_url":"https:\/\/www.hotelmaranellovillage.com\/de\/maranello-und-umgebung\/verkostung-von-balsamico-essig-aus-modena\/","og_site_name":"Maranello Village","article_publisher":"https:\/\/www.facebook.com\/MaranelloVillage","article_modified_time":"2026-04-24T10:23:19+00:00","og_image":[{"width":1200,"height":800,"url":"https:\/\/www.hotelmaranellovillage.com\/wp-content\/uploads\/2026\/03\/hotel-maranello-village-degustazione-acetaie-modena.jpg","type":"image\/jpeg"}],"twitter_card":"summary_large_image","twitter_misc":{"Gesch\u00e4tzte Lesezeit":"1\u00a0Minute"},"schema":{"@context":"https:\/\/schema.org","@graph":[{"@type":"WebPage","@id":"https:\/\/www.hotelmaranellovillage.com\/de\/maranello-und-umgebung\/verkostung-von-balsamico-essig-aus-modena\/","url":"https:\/\/www.hotelmaranellovillage.com\/de\/maranello-und-umgebung\/verkostung-von-balsamico-essig-aus-modena\/","name":"Verkostung von Balsamico-Essig aus Modena | Maranello Village - Hotel & Residence Sito Ufficiale","isPartOf":{"@id":"https:\/\/www.hotelmaranellovillage.com\/fr\/#website"},"primaryImageOfPage":{"@id":"https:\/\/www.hotelmaranellovillage.com\/de\/maranello-und-umgebung\/verkostung-von-balsamico-essig-aus-modena\/#primaryimage"},"image":{"@id":"https:\/\/www.hotelmaranellovillage.com\/de\/maranello-und-umgebung\/verkostung-von-balsamico-essig-aus-modena\/#primaryimage"},"thumbnailUrl":"https:\/\/www.hotelmaranellovillage.com\/wp-content\/uploads\/2026\/03\/hotel-maranello-village-degustazione-acetaie-modena.jpg","datePublished":"2026-03-18T12:32:51+00:00","dateModified":"2026-04-24T10:23:19+00:00","breadcrumb":{"@id":"https:\/\/www.hotelmaranellovillage.com\/de\/maranello-und-umgebung\/verkostung-von-balsamico-essig-aus-modena\/#breadcrumb"},"inLanguage":"de","potentialAction":[{"@type":"ReadAction","target":["https:\/\/www.hotelmaranellovillage.com\/de\/maranello-und-umgebung\/verkostung-von-balsamico-essig-aus-modena\/"]}]},{"@type":"ImageObject","inLanguage":"de","@id":"https:\/\/www.hotelmaranellovillage.com\/de\/maranello-und-umgebung\/verkostung-von-balsamico-essig-aus-modena\/#primaryimage","url":"https:\/\/www.hotelmaranellovillage.com\/wp-content\/uploads\/2026\/03\/hotel-maranello-village-degustazione-acetaie-modena.jpg","contentUrl":"https:\/\/www.hotelmaranellovillage.com\/wp-content\/uploads\/2026\/03\/hotel-maranello-village-degustazione-acetaie-modena.jpg","width":1200,"height":800},{"@type":"BreadcrumbList","@id":"https:\/\/www.hotelmaranellovillage.com\/de\/maranello-und-umgebung\/verkostung-von-balsamico-essig-aus-modena\/#breadcrumb","itemListElement":[{"@type":"ListItem","position":1,"name":"Home","item":"https:\/\/www.hotelmaranellovillage.com\/de\/startseite\/"},{"@type":"ListItem","position":2,"name":"Maranello und Umgebung","item":"https:\/\/www.hotelmaranellovillage.com\/de\/maranello-und-umgebung\/"},{"@type":"ListItem","position":3,"name":"Verkostung von Balsamico-Essig aus Modena"}]},{"@type":"WebSite","@id":"https:\/\/www.hotelmaranellovillage.com\/fr\/#website","url":"https:\/\/www.hotelmaranellovillage.com\/fr\/","name":"Maranello Village","description":"Hotel &amp; Residence Sito Ufficiale","publisher":{"@id":"https:\/\/www.hotelmaranellovillage.com\/fr\/#organization"},"alternateName":"HMV","potentialAction":[{"@type":"SearchAction","target":{"@type":"EntryPoint","urlTemplate":"https:\/\/www.hotelmaranellovillage.com\/fr\/?s={search_term_string}"},"query-input":{"@type":"PropertyValueSpecification","valueRequired":true,"valueName":"search_term_string"}}],"inLanguage":"de"},{"@type":"Organization","@id":"https:\/\/www.hotelmaranellovillage.com\/fr\/#organization","name":"Hotel & Residence 4 stelle","url":"https:\/\/www.hotelmaranellovillage.com\/fr\/","logo":{"@type":"ImageObject","inLanguage":"de","@id":"https:\/\/www.hotelmaranellovillage.com\/fr\/#\/schema\/logo\/image\/","url":"https:\/\/www.hotelmaranellovillage.com\/wp-content\/uploads\/2026\/04\/maranello-village-logo-2026.png","contentUrl":"https:\/\/www.hotelmaranellovillage.com\/wp-content\/uploads\/2026\/04\/maranello-village-logo-2026.png","width":800,"height":256,"caption":"Hotel & Residence 4 stelle"},"image":{"@id":"https:\/\/www.hotelmaranellovillage.com\/fr\/#\/schema\/logo\/image\/"},"sameAs":["https:\/\/www.facebook.com\/MaranelloVillage","https:\/\/www.instagram.com\/hotelmaranellovillage\/","https:\/\/it.linkedin.com\/company\/maranello-village-hotel-"]}]}},"_links":{"self":[{"href":"https:\/\/www.hotelmaranellovillage.com\/de\/wp-json\/wp\/v2\/pages\/1149","targetHints":{"allow":["GET"]}}],"collection":[{"href":"https:\/\/www.hotelmaranellovillage.com\/de\/wp-json\/wp\/v2\/pages"}],"about":[{"href":"https:\/\/www.hotelmaranellovillage.com\/de\/wp-json\/wp\/v2\/types\/page"}],"author":[{"embeddable":true,"href":"https:\/\/www.hotelmaranellovillage.com\/de\/wp-json\/wp\/v2\/users\/1"}],"replies":[{"embeddable":true,"href":"https:\/\/www.hotelmaranellovillage.com\/de\/wp-json\/wp\/v2\/comments?post=1149"}],"version-history":[{"count":6,"href":"https:\/\/www.hotelmaranellovillage.com\/de\/wp-json\/wp\/v2\/pages\/1149\/revisions"}],"predecessor-version":[{"id":1420,"href":"https:\/\/www.hotelmaranellovillage.com\/de\/wp-json\/wp\/v2\/pages\/1149\/revisions\/1420"}],"up":[{"embeddable":true,"href":"https:\/\/www.hotelmaranellovillage.com\/de\/wp-json\/wp\/v2\/pages\/1066"}],"wp:featuredmedia":[{"embeddable":true,"href":"https:\/\/www.hotelmaranellovillage.com\/de\/wp-json\/wp\/v2\/media\/1150"}],"wp:attachment":[{"href":"https:\/\/www.hotelmaranellovillage.com\/de\/wp-json\/wp\/v2\/media?parent=1149"}],"curies":[{"name":"wp","href":"https:\/\/api.w.org\/{rel}","templated":true}]}}