{"id":1108,"date":"2026-03-18T11:20:13","date_gmt":"2026-03-18T10:20:13","guid":{"rendered":"https:\/\/web.hotelmaranellovillage.com\/maranello-und-umgebung\/museum-fuer-historische-automobile-stanguellini\/"},"modified":"2026-04-24T12:24:30","modified_gmt":"2026-04-24T10:24:30","slug":"museum-fuer-historische-automobile-stanguellini","status":"publish","type":"page","link":"https:\/\/www.hotelmaranellovillage.com\/de\/maranello-und-umgebung\/museum-fuer-historische-automobile-stanguellini\/","title":{"rendered":"Museum f\u00fcr historische Automobile Stanguellini"},"content":{"rendered":"<div class=\"wpb-content-wrapper\"><p>[vc_row full_width=&#8220;stretch_row_content_no_spaces&#8220; content_placement=&#8220;middle&#8220; css=&#8220;.vc_custom_1772648524312{padding-top: 4em !important;padding-bottom: 4em !important;background-color: #101010 !important;}&#8220;][vc_column css_animation=&#8220;none&#8220; width=&#8220;1\/2&#8243; el_class=&#8220;deco-column right&#8220;][vc_row_inner][vc_column_inner width=&#8220;5\/6&#8243; offset=&#8220;vc_col-md-offset-2 vc_col-md-8 vc_col-sm-offset-1 vc_col-xs-offset-1 vc_col-xs-10&#8243; css=&#8220;.vc_custom_1772553117214{padding-top: 4em !important;padding-bottom: 4em !important;}&#8220;]<h1 class=\"deco-title sinistra\"><span class=\"eyelet\">Maranello und Umgebung<\/span> Museum f\u00fcr historische Automobile <mark class=\"subtitle\">Stanguellini<\/mark><\/h1>[vc_column_text css=&#8220;&#8220;]In Modena h\u00f6rt die Leidenschaft f\u00fcr Motoren nie auf, gro\u00dfartige Geschichten und gro\u00dfe Emotionen zu schenken. In der Stadt befindet sich n\u00e4mlich auch das <strong>Museum f\u00fcr historische Automobile Stanguellini<\/strong>, das die Sammlung der renommierten Marke beherbergt, die 1900 gegr\u00fcndet wurde und bis in die 70er Jahre Pionier gro\u00dfer Innovationen und Abenteuer in der Welt des Rennsports war.<\/p>\n<p>Das Museum wurde 1996 auf Initiative von Francesco, dem Sohn des Gr\u00fcnders Vittorio, er\u00f6ffnet und beherbergt heute seltene und einzigartige St\u00fccke von Stanguellini, darunter die legend\u00e4re <strong>Junior Stanguellini 1100<\/strong> aus den 60er Jahren, die von <strong>Scaglione<\/strong> entworfene <strong>Colibr\u00ec<\/strong> und die <strong>Formel 3<\/strong>, die von allen als motorisiertes Juwel betrachtet wird.[\/vc_column_text]<div class=\"button-wrapper sinistra\"><a class=\"btn btn-default\" href=\"https:\/\/www.stanguellini.it\/\"  target=\"_blank\" title=\"Besuchen Sie die Website stanguellini.it\">Zur Website <i class=\"fas fa-arrow-up-right-from-square\"><\/i><\/a><\/div>[\/vc_column_inner][\/vc_row_inner][\/vc_column][vc_column css_animation=&#8220;appear&#8220; width=&#8220;1\/2&#8243; css=&#8220;.vc_custom_1773829307999{background-image: url(https:\/\/www.hotelmaranellovillage.com\/wp-content\/uploads\/2026\/03\/hotel-maranello-village-foto-museo-stanguellini-modena-motor-valley-da-visitare.jpg?id=319) !important;background-position: center !important;background-repeat: no-repeat !important;background-size: cover !important;}&#8220;]<div title=\"Hotel Maranello Village - Was gibt es in der Umgebung von Maranello - Museum Stanguellini Modena\" class=\"image-wrapper\">\n\t\t\t\t<figure class=\"aspect-image\" style=\"background-image:url('https:\/\/www.hotelmaranellovillage.com\/wp-content\/themes\/aitec\/img\/transparent-placeholder.png'); aspect-ratio: 4 \/ 3; \">\n\t\t\t\t\t<img decoding=\"async\" src=\"https:\/\/www.hotelmaranellovillage.com\/wp-content\/uploads\/2026\/03\/hotel-maranello-village-foto-museo-stanguellini-modena-motor-valley-da-visitare.jpg\" alt=\"Hotel Maranello Village - Was gibt es in der Umgebung von Maranello - Museum Stanguellini Modena\">\n\t\t\t\t\t<figcaption>Hotel Maranello Village - Was gibt es in der Umgebung von Maranello - Museum Stanguellini Modena<\/figcaption>\n\t\t\t\t<\/figure>\n\t\t\t<\/div>[\/vc_column][\/vc_row]<\/p>\n<\/div>","protected":false},"excerpt":{"rendered":"<p>[vc_row full_width=&#8220;stretch_row_content_no_spaces&#8220; content_placement=&#8220;middle&#8220; css=&#8220;.vc_custom_1772648524312{padding-top: 4em !important;padding-bottom: 4em !important;background-color: #101010 !important;}&#8220;][vc_column css_animation=&#8220;none&#8220; width=&#8220;1\/2&#8243; el_class=&#8220;deco-column right&#8220;][vc_row_inner][vc_column_inner width=&#8220;5\/6&#8243; offset=&#8220;vc_col-md-offset-2 vc_col-md-8 vc_col-sm-offset-1 vc_col-xs-offset-1 vc_col-xs-10&#8243; css=&#8220;.vc_custom_1772553117214{padding-top: 4em !important;padding-bottom: 4em !important;}&#8220;][vc_column_text css=&#8220;&#8220;]In Modena h\u00f6rt die Leidenschaft f\u00fcr Motoren nie auf, gro\u00dfartige Geschichten und gro\u00dfe Emotionen zu schenken. In der Stadt befindet sich n\u00e4mlich auch das Museum f\u00fcr historische Automobile Stanguellini, das [&hellip;]<\/p>\n","protected":false},"author":1,"featured_media":1109,"parent":1066,"menu_order":0,"comment_status":"closed","ping_status":"closed","template":"","meta":{"_acf_changed":false,"rs_blank_template":"","rs_page_bg_color":"","slide_template_v7":"","footnotes":""},"class_list":["post-1108","page","type-page","status-publish","has-post-thumbnail","hentry"],"acf":[],"yoast_head":"<!-- This site is optimized with the Yoast SEO plugin v27.5 - https:\/\/yoast.com\/product\/yoast-seo-wordpress\/ -->\n<title>Museum f\u00fcr historische Automobile Stanguellini | Maranello Village - Hotel &amp; Residence Sito Ufficiale<\/title>\n<meta name=\"robots\" content=\"index, follow, max-snippet:-1, max-image-preview:large, max-video-preview:-1\" \/>\n<link rel=\"canonical\" href=\"https:\/\/www.hotelmaranellovillage.com\/de\/maranello-und-umgebung\/museum-fuer-historische-automobile-stanguellini\/\" \/>\n<meta property=\"og:locale\" content=\"de_DE\" \/>\n<meta property=\"og:type\" content=\"article\" \/>\n<meta property=\"og:title\" content=\"Museum f\u00fcr historische Automobile Stanguellini | Maranello Village - Hotel &amp; Residence Sito Ufficiale\" \/>\n<meta property=\"og:description\" content=\"[vc_row full_width=&#8220;stretch_row_content_no_spaces&#8220; content_placement=&#8220;middle&#8220; css=&#8220;.vc_custom_1772648524312{padding-top: 4em !important;padding-bottom: 4em !important;background-color: #101010 !important;}&#8220;][vc_column css_animation=&#8220;none&#8220; width=&#8220;1\/2&#8243; el_class=&#8220;deco-column right&#8220;][vc_row_inner][vc_column_inner width=&#8220;5\/6&#8243; offset=&#8220;vc_col-md-offset-2 vc_col-md-8 vc_col-sm-offset-1 vc_col-xs-offset-1 vc_col-xs-10&#8243; css=&#8220;.vc_custom_1772553117214{padding-top: 4em !important;padding-bottom: 4em !important;}&#8220;][vc_column_text css=&#8220;&#8220;]In Modena h\u00f6rt die Leidenschaft f\u00fcr Motoren nie auf, gro\u00dfartige Geschichten und gro\u00dfe Emotionen zu schenken. In der Stadt befindet sich n\u00e4mlich auch das Museum f\u00fcr historische Automobile Stanguellini, das [&hellip;]\" \/>\n<meta property=\"og:url\" content=\"https:\/\/www.hotelmaranellovillage.com\/de\/maranello-und-umgebung\/museum-fuer-historische-automobile-stanguellini\/\" \/>\n<meta property=\"og:site_name\" content=\"Maranello Village\" \/>\n<meta property=\"article:publisher\" content=\"https:\/\/www.facebook.com\/MaranelloVillage\" \/>\n<meta property=\"article:modified_time\" content=\"2026-04-24T10:24:30+00:00\" \/>\n<meta property=\"og:image\" content=\"https:\/\/www.hotelmaranellovillage.com\/wp-content\/uploads\/2026\/03\/hotel-maranello-village-foto-museo-stanguellini-modena-motor-valley-da-visitare.jpg\" \/>\n\t<meta property=\"og:image:width\" content=\"1024\" \/>\n\t<meta property=\"og:image:height\" content=\"767\" \/>\n\t<meta property=\"og:image:type\" content=\"image\/jpeg\" \/>\n<meta name=\"twitter:card\" content=\"summary_large_image\" \/>\n<meta name=\"twitter:label1\" content=\"Gesch\u00e4tzte Lesezeit\" \/>\n\t<meta name=\"twitter:data1\" content=\"1\u00a0Minute\" \/>\n<script type=\"application\/ld+json\" class=\"yoast-schema-graph\">{\"@context\":\"https:\\\/\\\/schema.org\",\"@graph\":[{\"@type\":\"WebPage\",\"@id\":\"https:\\\/\\\/www.hotelmaranellovillage.com\\\/de\\\/maranello-und-umgebung\\\/museum-fuer-historische-automobile-stanguellini\\\/\",\"url\":\"https:\\\/\\\/www.hotelmaranellovillage.com\\\/de\\\/maranello-und-umgebung\\\/museum-fuer-historische-automobile-stanguellini\\\/\",\"name\":\"Museum f\u00fcr historische Automobile Stanguellini | Maranello Village - Hotel & Residence Sito Ufficiale\",\"isPartOf\":{\"@id\":\"https:\\\/\\\/www.hotelmaranellovillage.com\\\/fr\\\/#website\"},\"primaryImageOfPage\":{\"@id\":\"https:\\\/\\\/www.hotelmaranellovillage.com\\\/de\\\/maranello-und-umgebung\\\/museum-fuer-historische-automobile-stanguellini\\\/#primaryimage\"},\"image\":{\"@id\":\"https:\\\/\\\/www.hotelmaranellovillage.com\\\/de\\\/maranello-und-umgebung\\\/museum-fuer-historische-automobile-stanguellini\\\/#primaryimage\"},\"thumbnailUrl\":\"https:\\\/\\\/www.hotelmaranellovillage.com\\\/wp-content\\\/uploads\\\/2026\\\/03\\\/hotel-maranello-village-foto-museo-stanguellini-modena-motor-valley-da-visitare.jpg\",\"datePublished\":\"2026-03-18T10:20:13+00:00\",\"dateModified\":\"2026-04-24T10:24:30+00:00\",\"breadcrumb\":{\"@id\":\"https:\\\/\\\/www.hotelmaranellovillage.com\\\/de\\\/maranello-und-umgebung\\\/museum-fuer-historische-automobile-stanguellini\\\/#breadcrumb\"},\"inLanguage\":\"de\",\"potentialAction\":[{\"@type\":\"ReadAction\",\"target\":[\"https:\\\/\\\/www.hotelmaranellovillage.com\\\/de\\\/maranello-und-umgebung\\\/museum-fuer-historische-automobile-stanguellini\\\/\"]}]},{\"@type\":\"ImageObject\",\"inLanguage\":\"de\",\"@id\":\"https:\\\/\\\/www.hotelmaranellovillage.com\\\/de\\\/maranello-und-umgebung\\\/museum-fuer-historische-automobile-stanguellini\\\/#primaryimage\",\"url\":\"https:\\\/\\\/www.hotelmaranellovillage.com\\\/wp-content\\\/uploads\\\/2026\\\/03\\\/hotel-maranello-village-foto-museo-stanguellini-modena-motor-valley-da-visitare.jpg\",\"contentUrl\":\"https:\\\/\\\/www.hotelmaranellovillage.com\\\/wp-content\\\/uploads\\\/2026\\\/03\\\/hotel-maranello-village-foto-museo-stanguellini-modena-motor-valley-da-visitare.jpg\",\"width\":1024,\"height\":767},{\"@type\":\"BreadcrumbList\",\"@id\":\"https:\\\/\\\/www.hotelmaranellovillage.com\\\/de\\\/maranello-und-umgebung\\\/museum-fuer-historische-automobile-stanguellini\\\/#breadcrumb\",\"itemListElement\":[{\"@type\":\"ListItem\",\"position\":1,\"name\":\"Home\",\"item\":\"https:\\\/\\\/www.hotelmaranellovillage.com\\\/de\\\/startseite\\\/\"},{\"@type\":\"ListItem\",\"position\":2,\"name\":\"Maranello und Umgebung\",\"item\":\"https:\\\/\\\/www.hotelmaranellovillage.com\\\/de\\\/maranello-und-umgebung\\\/\"},{\"@type\":\"ListItem\",\"position\":3,\"name\":\"Museum f\u00fcr historische Automobile Stanguellini\"}]},{\"@type\":\"WebSite\",\"@id\":\"https:\\\/\\\/www.hotelmaranellovillage.com\\\/fr\\\/#website\",\"url\":\"https:\\\/\\\/www.hotelmaranellovillage.com\\\/fr\\\/\",\"name\":\"Maranello Village\",\"description\":\"Hotel &amp; Residence Sito Ufficiale\",\"publisher\":{\"@id\":\"https:\\\/\\\/www.hotelmaranellovillage.com\\\/fr\\\/#organization\"},\"alternateName\":\"HMV\",\"potentialAction\":[{\"@type\":\"SearchAction\",\"target\":{\"@type\":\"EntryPoint\",\"urlTemplate\":\"https:\\\/\\\/www.hotelmaranellovillage.com\\\/fr\\\/?s={search_term_string}\"},\"query-input\":{\"@type\":\"PropertyValueSpecification\",\"valueRequired\":true,\"valueName\":\"search_term_string\"}}],\"inLanguage\":\"de\"},{\"@type\":\"Organization\",\"@id\":\"https:\\\/\\\/www.hotelmaranellovillage.com\\\/fr\\\/#organization\",\"name\":\"Hotel & Residence 4 stelle\",\"url\":\"https:\\\/\\\/www.hotelmaranellovillage.com\\\/fr\\\/\",\"logo\":{\"@type\":\"ImageObject\",\"inLanguage\":\"de\",\"@id\":\"https:\\\/\\\/www.hotelmaranellovillage.com\\\/fr\\\/#\\\/schema\\\/logo\\\/image\\\/\",\"url\":\"https:\\\/\\\/www.hotelmaranellovillage.com\\\/wp-content\\\/uploads\\\/2026\\\/04\\\/maranello-village-logo-2026.png\",\"contentUrl\":\"https:\\\/\\\/www.hotelmaranellovillage.com\\\/wp-content\\\/uploads\\\/2026\\\/04\\\/maranello-village-logo-2026.png\",\"width\":800,\"height\":256,\"caption\":\"Hotel & Residence 4 stelle\"},\"image\":{\"@id\":\"https:\\\/\\\/www.hotelmaranellovillage.com\\\/fr\\\/#\\\/schema\\\/logo\\\/image\\\/\"},\"sameAs\":[\"https:\\\/\\\/www.facebook.com\\\/MaranelloVillage\",\"https:\\\/\\\/www.instagram.com\\\/hotelmaranellovillage\\\/\",\"https:\\\/\\\/it.linkedin.com\\\/company\\\/maranello-village-hotel-\"]}]}<\/script>\n<!-- \/ Yoast SEO plugin. -->","yoast_head_json":{"title":"Museum f\u00fcr historische Automobile Stanguellini | Maranello Village - Hotel & Residence Sito Ufficiale","robots":{"index":"index","follow":"follow","max-snippet":"max-snippet:-1","max-image-preview":"max-image-preview:large","max-video-preview":"max-video-preview:-1"},"canonical":"https:\/\/www.hotelmaranellovillage.com\/de\/maranello-und-umgebung\/museum-fuer-historische-automobile-stanguellini\/","og_locale":"de_DE","og_type":"article","og_title":"Museum f\u00fcr historische Automobile Stanguellini | Maranello Village - Hotel & Residence Sito Ufficiale","og_description":"[vc_row full_width=&#8220;stretch_row_content_no_spaces&#8220; content_placement=&#8220;middle&#8220; css=&#8220;.vc_custom_1772648524312{padding-top: 4em !important;padding-bottom: 4em !important;background-color: #101010 !important;}&#8220;][vc_column css_animation=&#8220;none&#8220; width=&#8220;1\/2&#8243; el_class=&#8220;deco-column right&#8220;][vc_row_inner][vc_column_inner width=&#8220;5\/6&#8243; offset=&#8220;vc_col-md-offset-2 vc_col-md-8 vc_col-sm-offset-1 vc_col-xs-offset-1 vc_col-xs-10&#8243; css=&#8220;.vc_custom_1772553117214{padding-top: 4em !important;padding-bottom: 4em !important;}&#8220;][vc_column_text css=&#8220;&#8220;]In Modena h\u00f6rt die Leidenschaft f\u00fcr Motoren nie auf, gro\u00dfartige Geschichten und gro\u00dfe Emotionen zu schenken. In der Stadt befindet sich n\u00e4mlich auch das Museum f\u00fcr historische Automobile Stanguellini, das [&hellip;]","og_url":"https:\/\/www.hotelmaranellovillage.com\/de\/maranello-und-umgebung\/museum-fuer-historische-automobile-stanguellini\/","og_site_name":"Maranello Village","article_publisher":"https:\/\/www.facebook.com\/MaranelloVillage","article_modified_time":"2026-04-24T10:24:30+00:00","og_image":[{"width":1024,"height":767,"url":"https:\/\/www.hotelmaranellovillage.com\/wp-content\/uploads\/2026\/03\/hotel-maranello-village-foto-museo-stanguellini-modena-motor-valley-da-visitare.jpg","type":"image\/jpeg"}],"twitter_card":"summary_large_image","twitter_misc":{"Gesch\u00e4tzte Lesezeit":"1\u00a0Minute"},"schema":{"@context":"https:\/\/schema.org","@graph":[{"@type":"WebPage","@id":"https:\/\/www.hotelmaranellovillage.com\/de\/maranello-und-umgebung\/museum-fuer-historische-automobile-stanguellini\/","url":"https:\/\/www.hotelmaranellovillage.com\/de\/maranello-und-umgebung\/museum-fuer-historische-automobile-stanguellini\/","name":"Museum f\u00fcr historische Automobile Stanguellini | Maranello Village - Hotel & Residence Sito Ufficiale","isPartOf":{"@id":"https:\/\/www.hotelmaranellovillage.com\/fr\/#website"},"primaryImageOfPage":{"@id":"https:\/\/www.hotelmaranellovillage.com\/de\/maranello-und-umgebung\/museum-fuer-historische-automobile-stanguellini\/#primaryimage"},"image":{"@id":"https:\/\/www.hotelmaranellovillage.com\/de\/maranello-und-umgebung\/museum-fuer-historische-automobile-stanguellini\/#primaryimage"},"thumbnailUrl":"https:\/\/www.hotelmaranellovillage.com\/wp-content\/uploads\/2026\/03\/hotel-maranello-village-foto-museo-stanguellini-modena-motor-valley-da-visitare.jpg","datePublished":"2026-03-18T10:20:13+00:00","dateModified":"2026-04-24T10:24:30+00:00","breadcrumb":{"@id":"https:\/\/www.hotelmaranellovillage.com\/de\/maranello-und-umgebung\/museum-fuer-historische-automobile-stanguellini\/#breadcrumb"},"inLanguage":"de","potentialAction":[{"@type":"ReadAction","target":["https:\/\/www.hotelmaranellovillage.com\/de\/maranello-und-umgebung\/museum-fuer-historische-automobile-stanguellini\/"]}]},{"@type":"ImageObject","inLanguage":"de","@id":"https:\/\/www.hotelmaranellovillage.com\/de\/maranello-und-umgebung\/museum-fuer-historische-automobile-stanguellini\/#primaryimage","url":"https:\/\/www.hotelmaranellovillage.com\/wp-content\/uploads\/2026\/03\/hotel-maranello-village-foto-museo-stanguellini-modena-motor-valley-da-visitare.jpg","contentUrl":"https:\/\/www.hotelmaranellovillage.com\/wp-content\/uploads\/2026\/03\/hotel-maranello-village-foto-museo-stanguellini-modena-motor-valley-da-visitare.jpg","width":1024,"height":767},{"@type":"BreadcrumbList","@id":"https:\/\/www.hotelmaranellovillage.com\/de\/maranello-und-umgebung\/museum-fuer-historische-automobile-stanguellini\/#breadcrumb","itemListElement":[{"@type":"ListItem","position":1,"name":"Home","item":"https:\/\/www.hotelmaranellovillage.com\/de\/startseite\/"},{"@type":"ListItem","position":2,"name":"Maranello und Umgebung","item":"https:\/\/www.hotelmaranellovillage.com\/de\/maranello-und-umgebung\/"},{"@type":"ListItem","position":3,"name":"Museum f\u00fcr historische Automobile Stanguellini"}]},{"@type":"WebSite","@id":"https:\/\/www.hotelmaranellovillage.com\/fr\/#website","url":"https:\/\/www.hotelmaranellovillage.com\/fr\/","name":"Maranello Village","description":"Hotel &amp; Residence Sito Ufficiale","publisher":{"@id":"https:\/\/www.hotelmaranellovillage.com\/fr\/#organization"},"alternateName":"HMV","potentialAction":[{"@type":"SearchAction","target":{"@type":"EntryPoint","urlTemplate":"https:\/\/www.hotelmaranellovillage.com\/fr\/?s={search_term_string}"},"query-input":{"@type":"PropertyValueSpecification","valueRequired":true,"valueName":"search_term_string"}}],"inLanguage":"de"},{"@type":"Organization","@id":"https:\/\/www.hotelmaranellovillage.com\/fr\/#organization","name":"Hotel & Residence 4 stelle","url":"https:\/\/www.hotelmaranellovillage.com\/fr\/","logo":{"@type":"ImageObject","inLanguage":"de","@id":"https:\/\/www.hotelmaranellovillage.com\/fr\/#\/schema\/logo\/image\/","url":"https:\/\/www.hotelmaranellovillage.com\/wp-content\/uploads\/2026\/04\/maranello-village-logo-2026.png","contentUrl":"https:\/\/www.hotelmaranellovillage.com\/wp-content\/uploads\/2026\/04\/maranello-village-logo-2026.png","width":800,"height":256,"caption":"Hotel & Residence 4 stelle"},"image":{"@id":"https:\/\/www.hotelmaranellovillage.com\/fr\/#\/schema\/logo\/image\/"},"sameAs":["https:\/\/www.facebook.com\/MaranelloVillage","https:\/\/www.instagram.com\/hotelmaranellovillage\/","https:\/\/it.linkedin.com\/company\/maranello-village-hotel-"]}]}},"_links":{"self":[{"href":"https:\/\/www.hotelmaranellovillage.com\/de\/wp-json\/wp\/v2\/pages\/1108","targetHints":{"allow":["GET"]}}],"collection":[{"href":"https:\/\/www.hotelmaranellovillage.com\/de\/wp-json\/wp\/v2\/pages"}],"about":[{"href":"https:\/\/www.hotelmaranellovillage.com\/de\/wp-json\/wp\/v2\/types\/page"}],"author":[{"embeddable":true,"href":"https:\/\/www.hotelmaranellovillage.com\/de\/wp-json\/wp\/v2\/users\/1"}],"replies":[{"embeddable":true,"href":"https:\/\/www.hotelmaranellovillage.com\/de\/wp-json\/wp\/v2\/comments?post=1108"}],"version-history":[{"count":3,"href":"https:\/\/www.hotelmaranellovillage.com\/de\/wp-json\/wp\/v2\/pages\/1108\/revisions"}],"predecessor-version":[{"id":1426,"href":"https:\/\/www.hotelmaranellovillage.com\/de\/wp-json\/wp\/v2\/pages\/1108\/revisions\/1426"}],"up":[{"embeddable":true,"href":"https:\/\/www.hotelmaranellovillage.com\/de\/wp-json\/wp\/v2\/pages\/1066"}],"wp:featuredmedia":[{"embeddable":true,"href":"https:\/\/www.hotelmaranellovillage.com\/de\/wp-json\/wp\/v2\/media\/1109"}],"wp:attachment":[{"href":"https:\/\/www.hotelmaranellovillage.com\/de\/wp-json\/wp\/v2\/media?parent=1108"}],"curies":[{"name":"wp","href":"https:\/\/api.w.org\/{rel}","templated":true}]}}