{"id":1015,"date":"2026-02-11T19:03:07","date_gmt":"2026-02-11T18:03:07","guid":{"rendered":"https:\/\/web.hotelmaranellovillage.com\/services\/"},"modified":"2026-04-24T11:15:22","modified_gmt":"2026-04-24T09:15:22","slug":"services","status":"publish","type":"page","link":"https:\/\/www.hotelmaranellovillage.com\/de\/services\/","title":{"rendered":"Services"},"content":{"rendered":"<div class=\"wpb-content-wrapper\"><p>[vc_row full_width=&#8220;stretch_row_content_no_spaces&#8220; content_placement=&#8220;middle&#8220; css=&#8220;.vc_custom_1772648524312{padding-top: 4em !important;padding-bottom: 4em !important;background-color: #101010 !important;}&#8220;][vc_column css_animation=&#8220;none&#8220; width=&#8220;1\/2&#8243; el_class=&#8220;deco-column right&#8220;][vc_row_inner][vc_column_inner width=&#8220;5\/6&#8243; offset=&#8220;vc_col-md-offset-2 vc_col-md-8 vc_col-sm-offset-1 vc_col-xs-offset-1 vc_col-xs-10&#8243; css=&#8220;.vc_custom_1772553117214{padding-top: 4em !important;padding-bottom: 4em !important;}&#8220;]<h1 class=\"deco-title sinistra\"><span class=\"eyelet\">Services<\/span> Motoren immer auf <mark class=\"subtitle\">Hochtouren<\/mark><\/h1>[vc_column_text css=&#8220;&#8220;]Unser Ziel im <strong>Maranello Village<\/strong> ist es, Ihnen ein tiefes Eintauchen in die <strong>authentischste und faszinierendste Ferrari-Atmosph\u00e4re<\/strong> zu erm\u00f6glichen.<\/p>\n<p>Aus diesem Grund bieten wir Ihnen eine Auswahl an Services, die darauf ausgerichtet sind, jeden Ihrer Aufenthalte einzigartig, komfortabel und sorgenfrei zu gestalten.[\/vc_column_text]<div class=\"button-wrapper inline\"><a class=\"btn btn-default btn-lg\" href=\"https:\/\/www.simplebooking.it\/ibe2\/hotel\/2562?lang=DE&cur=EUR\"  target=\"_blank\" title=\"Jetzt buchen\">Jetzt buchen<\/a><\/div>[\/vc_column_inner][\/vc_row_inner][\/vc_column][vc_column css_animation=&#8220;appear&#8220; width=&#8220;1\/2&#8243; css=&#8220;.vc_custom_1777018584700{background-image: url(https:\/\/www.hotelmaranellovillage.com\/wp-content\/uploads\/2026\/04\/hotel-maranello-village-colazione-buffet-2026.jpg?id=1299) !important;background-position: center !important;background-repeat: no-repeat !important;background-size: cover !important;}&#8220;]<div title=\"Hotel Maranello Village Services \u2013 Fr\u00fchst\u00fccksbuffet\" class=\"image-wrapper\">\n\t\t\t\t<figure class=\"aspect-image\" style=\"background-image:url('https:\/\/www.hotelmaranellovillage.com\/wp-content\/themes\/aitec\/img\/transparent-placeholder.png'); aspect-ratio: 4 \/ 3; \">\n\t\t\t\t\t<img decoding=\"async\" src=\"https:\/\/www.hotelmaranellovillage.com\/wp-content\/uploads\/2026\/04\/hotel-maranello-village-colazione-buffet-2026-1024x682.jpg\" alt=\"Hotel Maranello Village Services \u2013 Fr\u00fchst\u00fccksbuffet\">\n\t\t\t\t\t<figcaption>Hotel Maranello Village Services \u2013 Fr\u00fchst\u00fccksbuffet<\/figcaption>\n\t\t\t\t<\/figure>\n\t\t\t<\/div>[\/vc_column][\/vc_row][vc_row full_width=&#8220;stretch_row&#8220; css=&#8220;.vc_custom_1772648538426{padding-bottom: 2em !important;}&#8220;][vc_column width=&#8220;1\/3&#8243;]<div title=\"hotel-maranello-village-colazione-2026\" class=\"image-wrapper rounded shadow mb-3\"><figure class=\"aspect-image\" style=\"background-image:url('https:\/\/www.hotelmaranellovillage.com\/wp-content\/uploads\/2026\/04\/hotel-maranello-village-colazione-2026-1024x768.jpg'); aspect-ratio: 16 \/ 9; \" ><\/figure><\/div>[vc_column_text css=&#8220;&#8220;]<\/p>\n<h2>Fr\u00fchst\u00fcck<\/h2>\n<p>Starten Sie morgens mit einem Fr\u00fchst\u00fcck f\u00fcr Champions in den Tag. Wir begr\u00fc\u00dfen Sie mit unserem reichhaltigen s\u00fc\u00dfen und herzhaften Buffet. Das Fr\u00fchst\u00fcck steht allen G\u00e4sten gegen Aufpreis zur Verf\u00fcgung. F\u00fcr alle Details steht Ihnen unsere Rezeption jederzeit gerne zur Verf\u00fcgung.<\/p>\n<ul>\n<li>Reichhaltiges s\u00fc\u00dfes und herzhaftes Buffet<\/li>\n<li>Klassische Kaffeespezialit\u00e4ten und Kaltgetr\u00e4nke<\/li>\n<li>Praktischer und schneller Service<\/li>\n<\/ul>\n<p>[\/vc_column_text][\/vc_column][vc_column width=&#8220;1\/3&#8243;]<div title=\"hotel-maranello-village-pet-welcome-a-spasso-cane\" class=\"image-wrapper rounded shadow mb-3\"><figure class=\"aspect-image\" style=\"background-image:url('https:\/\/www.hotelmaranellovillage.com\/wp-content\/uploads\/2026\/04\/hotel-maranello-village-pet-welcome-a-spasso-cane.jpg'); aspect-ratio: 16 \/ 9; \" ><\/figure><\/div>[vc_column_text css=&#8220;&#8220;]<\/p>\n<h2>Haustiere willkommen<\/h2>\n<p>Verreisen Sie nicht, ohne Ihr Haustier mitzunehmen. Im Maranello Village sind Tiere aller Gr\u00f6\u00dfen ohne zus\u00e4tzliche Kosten willkommen.<\/p>\n<ul>\n<li>Bringen Sie Ihre Haustiere mit<\/li>\n<li>Alle Gr\u00f6\u00dfen akzeptiert<\/li>\n<li>Kostenloser Service<\/li>\n<\/ul>\n<p>[\/vc_column_text][\/vc_column][vc_column width=&#8220;1\/3&#8243;]<div title=\"hotel-maranello-village-servizi-ristorante-paddock-gnocco-fritto\" class=\"image-wrapper rounded shadow mb-3\"><figure class=\"aspect-image\" style=\"background-image:url('https:\/\/www.hotelmaranellovillage.com\/wp-content\/uploads\/2026\/03\/hotel-maranello-village-servizi-ristorante-paddock-gnocco-fritto-1024x683.jpg'); aspect-ratio: 16 \/ 9; \" ><\/figure><\/div>[vc_column_text css=&#8220;&#8220;]<\/p>\n<h2>Restaurants<\/h2>\n<p>Wir erwarten Sie zum Mittag- und Abendessen in unseren zwei Restaurants. Im Paddock finden Sie die ganze Gastfreundschaft der gro\u00dfen kulinarischen Tradition von Modena. Im Self-Service-Restaurant Pit Lane hingegen geht der Genuss mit vielen k\u00f6stlichen, sofort verzehrfertigen Gerichten in die \u00dcberholspur:<\/p>\n<ul>\n<li>Gro\u00dfe gastronomische Tradition<\/li>\n<li>M\u00f6glichkeit f\u00fcr ein schnelles Mittagessen<\/li>\n<li>Gesch\u00e4ftsessen (Mittag- und Abendessen)<\/li>\n<li>Gro\u00dfe Auswahl f\u00fcr jeden Bedarf<\/li>\n<\/ul>\n<p>[\/vc_column_text][\/vc_column][\/vc_row][vc_row full_width=&#8220;stretch_row&#8220; css=&#8220;.vc_custom_1772648538426{padding-bottom: 2em !important;}&#8220;][vc_column width=&#8220;1\/3&#8243;]<div title=\"Hotel Maranello Village particolare reception foto\" class=\"image-wrapper rounded shadow mb-3\"><figure class=\"aspect-image\" style=\"background-image:url('https:\/\/www.hotelmaranellovillage.com\/wp-content\/uploads\/2026\/02\/hotel-maranello-villate-reception-focus.jpg'); aspect-ratio: 16 \/ 9; \" ><\/figure><\/div>[vc_column_text css=&#8220;&#8220;]<\/p>\n<h2>Grands Prix<\/h2>\n<p>Haben Sie Angst, w\u00e4hrend Ihrer Reise einen Formel-1-Grand-Prix zu verpassen? Keine Sorge, hier im Maranello Village verpassen wir keinen einzigen. Und wer wei\u00df, vielleicht haben Sie das Gl\u00fcck, das Rennen gemeinsam mit einem im Village wohnenden Ferrari-Ingenieur zu verfolgen \u2013 inklusive Anekdoten und Einblicken hinter die Kulissen von Maranello!<\/p>\n<ul>\n<li>Sie verpassen keine Minute des Rennens<\/li>\n<li>Sky-Live-\u00dcbertragung auf Gro\u00dfbildleinwand im Tagungsraum<\/li>\n<li>Auch von den bequemen Sesseln in der Lobby aus verfolgbar<\/li>\n<\/ul>\n<p>[\/vc_column_text][\/vc_column][vc_column width=&#8220;1\/3&#8243;]<div title=\"hotel-maranello-village-residence-e-dependance-dall-alto\" class=\"image-wrapper rounded shadow mb-3\"><figure class=\"aspect-image\" style=\"background-image:url('https:\/\/www.hotelmaranellovillage.com\/wp-content\/uploads\/2026\/03\/hotel-maranello-village-residence-e-dependance-dall-alto-1024x575.jpg'); aspect-ratio: 16 \/ 9; \" ><\/figure><\/div>[vc_column_text css=&#8220;&#8220;]<\/p>\n<h2>Nachhaltigkeit<\/h2>\n<p>Das Maranello Village ist eine moderne Anlage, die auf Energieverbrauch und \u00f6kologische Nachhaltigkeit achtet und mit effizienten Systemen sowie Photovoltaikanlagen auf den D\u00e4chern ausgestattet ist.<\/p>\n<ul>\n<li>Photovoltaikanlagen<\/li>\n<li>Effiziente Strukturen<\/li>\n<li>Moderne Anlagen<\/li>\n<\/ul>\n<p>[\/vc_column_text][\/vc_column][vc_column width=&#8220;1\/3&#8243;]<div title=\"hotel-maranello-village-reception-parco-e-parcheggio\" class=\"image-wrapper rounded shadow mb-3\"><figure class=\"aspect-image\" style=\"background-image:url('https:\/\/www.hotelmaranellovillage.com\/wp-content\/uploads\/2026\/03\/hotel-maranello-village-reception-parco-e-parcheggio-1024x575.jpg'); aspect-ratio: 16 \/ 9; \" ><\/figure><\/div>[vc_column_text css=&#8220;&#8220;]<\/p>\n<h2>Parkplatz und Garage<\/h2>\n<p>Wie k\u00f6nnten wir Ihr Auto vergessen? Dies ist das Land der Motoren, und f\u00fcr uns sind alle Motoren wichtig. Deshalb garantieren wir Ihnen immer einen Parkplatz, sowohl auf unserem Au\u00dfenparkplatz als auch in der geschlossenen und video\u00fcberwachten Tiefgarage.<\/p>\n<ul>\n<li>Gro\u00dfer kostenloser Au\u00dfenparkplatz<\/li>\n<li>Kostenpflichtige Tiefgarage, geschlossen und video\u00fcberwacht<\/li>\n<li>Sehr bequemer Zugang \u00fcber Schnellstra\u00dfen<\/li>\n<\/ul>\n<p>[\/vc_column_text][\/vc_column][\/vc_row]<\/p>\n<\/div>","protected":false},"excerpt":{"rendered":"<p>[vc_row full_width=&#8220;stretch_row_content_no_spaces&#8220; content_placement=&#8220;middle&#8220; css=&#8220;.vc_custom_1772648524312{padding-top: 4em !important;padding-bottom: 4em !important;background-color: #101010 !important;}&#8220;][vc_column css_animation=&#8220;none&#8220; width=&#8220;1\/2&#8243; el_class=&#8220;deco-column right&#8220;][vc_row_inner][vc_column_inner width=&#8220;5\/6&#8243; offset=&#8220;vc_col-md-offset-2 vc_col-md-8 vc_col-sm-offset-1 vc_col-xs-offset-1 vc_col-xs-10&#8243; css=&#8220;.vc_custom_1772553117214{padding-top: 4em !important;padding-bottom: 4em !important;}&#8220;][vc_column_text css=&#8220;&#8220;]Unser Ziel im Maranello Village ist es, Ihnen ein tiefes Eintauchen in die authentischste und faszinierendste Ferrari-Atmosph\u00e4re zu erm\u00f6glichen. Aus diesem Grund bieten wir Ihnen eine Auswahl an Services, die [&hellip;]<\/p>\n","protected":false},"author":1,"featured_media":0,"parent":0,"menu_order":0,"comment_status":"closed","ping_status":"closed","template":"","meta":{"_acf_changed":false,"rs_blank_template":"","rs_page_bg_color":"","slide_template_v7":"","footnotes":""},"class_list":["post-1015","page","type-page","status-publish","hentry"],"acf":[],"yoast_head":"<!-- This site is optimized with the Yoast SEO plugin v27.5 - https:\/\/yoast.com\/product\/yoast-seo-wordpress\/ -->\n<title>Services | Maranello Village - Hotel &amp; Residence Sito Ufficiale<\/title>\n<meta name=\"robots\" content=\"index, follow, max-snippet:-1, max-image-preview:large, max-video-preview:-1\" \/>\n<link rel=\"canonical\" href=\"https:\/\/www.hotelmaranellovillage.com\/de\/services\/\" \/>\n<meta property=\"og:locale\" content=\"de_DE\" \/>\n<meta property=\"og:type\" content=\"article\" \/>\n<meta property=\"og:title\" content=\"Services | Maranello Village - Hotel &amp; Residence Sito Ufficiale\" \/>\n<meta property=\"og:description\" content=\"[vc_row full_width=&#8220;stretch_row_content_no_spaces&#8220; content_placement=&#8220;middle&#8220; css=&#8220;.vc_custom_1772648524312{padding-top: 4em !important;padding-bottom: 4em !important;background-color: #101010 !important;}&#8220;][vc_column css_animation=&#8220;none&#8220; width=&#8220;1\/2&#8243; el_class=&#8220;deco-column right&#8220;][vc_row_inner][vc_column_inner width=&#8220;5\/6&#8243; offset=&#8220;vc_col-md-offset-2 vc_col-md-8 vc_col-sm-offset-1 vc_col-xs-offset-1 vc_col-xs-10&#8243; css=&#8220;.vc_custom_1772553117214{padding-top: 4em !important;padding-bottom: 4em !important;}&#8220;][vc_column_text css=&#8220;&#8220;]Unser Ziel im Maranello Village ist es, Ihnen ein tiefes Eintauchen in die authentischste und faszinierendste Ferrari-Atmosph\u00e4re zu erm\u00f6glichen. Aus diesem Grund bieten wir Ihnen eine Auswahl an Services, die [&hellip;]\" \/>\n<meta property=\"og:url\" content=\"https:\/\/www.hotelmaranellovillage.com\/de\/services\/\" \/>\n<meta property=\"og:site_name\" content=\"Maranello Village\" \/>\n<meta property=\"article:publisher\" content=\"https:\/\/www.facebook.com\/MaranelloVillage\" \/>\n<meta property=\"article:modified_time\" content=\"2026-04-24T09:15:22+00:00\" \/>\n<meta property=\"og:image\" content=\"https:\/\/www.hotelmaranellovillage.com\/wp-content\/uploads\/2026\/04\/hotel-maranello-village-reception-2026.jpg\" \/>\n\t<meta property=\"og:image:width\" content=\"1200\" \/>\n\t<meta property=\"og:image:height\" content=\"675\" \/>\n\t<meta property=\"og:image:type\" content=\"image\/jpeg\" \/>\n<meta name=\"twitter:card\" content=\"summary_large_image\" \/>\n<meta name=\"twitter:label1\" content=\"Gesch\u00e4tzte Lesezeit\" \/>\n\t<meta name=\"twitter:data1\" content=\"3\u00a0Minuten\" \/>\n<script type=\"application\/ld+json\" class=\"yoast-schema-graph\">{\"@context\":\"https:\\\/\\\/schema.org\",\"@graph\":[{\"@type\":\"WebPage\",\"@id\":\"https:\\\/\\\/www.hotelmaranellovillage.com\\\/de\\\/services\\\/\",\"url\":\"https:\\\/\\\/www.hotelmaranellovillage.com\\\/de\\\/services\\\/\",\"name\":\"Services | Maranello Village - Hotel & Residence Sito Ufficiale\",\"isPartOf\":{\"@id\":\"https:\\\/\\\/www.hotelmaranellovillage.com\\\/fr\\\/#website\"},\"datePublished\":\"2026-02-11T18:03:07+00:00\",\"dateModified\":\"2026-04-24T09:15:22+00:00\",\"breadcrumb\":{\"@id\":\"https:\\\/\\\/www.hotelmaranellovillage.com\\\/de\\\/services\\\/#breadcrumb\"},\"inLanguage\":\"de\",\"potentialAction\":[{\"@type\":\"ReadAction\",\"target\":[\"https:\\\/\\\/www.hotelmaranellovillage.com\\\/de\\\/services\\\/\"]}]},{\"@type\":\"BreadcrumbList\",\"@id\":\"https:\\\/\\\/www.hotelmaranellovillage.com\\\/de\\\/services\\\/#breadcrumb\",\"itemListElement\":[{\"@type\":\"ListItem\",\"position\":1,\"name\":\"Home\",\"item\":\"https:\\\/\\\/www.hotelmaranellovillage.com\\\/de\\\/startseite\\\/\"},{\"@type\":\"ListItem\",\"position\":2,\"name\":\"Services\"}]},{\"@type\":\"WebSite\",\"@id\":\"https:\\\/\\\/www.hotelmaranellovillage.com\\\/fr\\\/#website\",\"url\":\"https:\\\/\\\/www.hotelmaranellovillage.com\\\/fr\\\/\",\"name\":\"Maranello Village\",\"description\":\"Hotel &amp; Residence Sito Ufficiale\",\"publisher\":{\"@id\":\"https:\\\/\\\/www.hotelmaranellovillage.com\\\/fr\\\/#organization\"},\"alternateName\":\"HMV\",\"potentialAction\":[{\"@type\":\"SearchAction\",\"target\":{\"@type\":\"EntryPoint\",\"urlTemplate\":\"https:\\\/\\\/www.hotelmaranellovillage.com\\\/fr\\\/?s={search_term_string}\"},\"query-input\":{\"@type\":\"PropertyValueSpecification\",\"valueRequired\":true,\"valueName\":\"search_term_string\"}}],\"inLanguage\":\"de\"},{\"@type\":\"Organization\",\"@id\":\"https:\\\/\\\/www.hotelmaranellovillage.com\\\/fr\\\/#organization\",\"name\":\"Hotel & Residence 4 stelle\",\"url\":\"https:\\\/\\\/www.hotelmaranellovillage.com\\\/fr\\\/\",\"logo\":{\"@type\":\"ImageObject\",\"inLanguage\":\"de\",\"@id\":\"https:\\\/\\\/www.hotelmaranellovillage.com\\\/fr\\\/#\\\/schema\\\/logo\\\/image\\\/\",\"url\":\"https:\\\/\\\/www.hotelmaranellovillage.com\\\/wp-content\\\/uploads\\\/2026\\\/04\\\/maranello-village-logo-2026.png\",\"contentUrl\":\"https:\\\/\\\/www.hotelmaranellovillage.com\\\/wp-content\\\/uploads\\\/2026\\\/04\\\/maranello-village-logo-2026.png\",\"width\":800,\"height\":256,\"caption\":\"Hotel & Residence 4 stelle\"},\"image\":{\"@id\":\"https:\\\/\\\/www.hotelmaranellovillage.com\\\/fr\\\/#\\\/schema\\\/logo\\\/image\\\/\"},\"sameAs\":[\"https:\\\/\\\/www.facebook.com\\\/MaranelloVillage\",\"https:\\\/\\\/www.instagram.com\\\/hotelmaranellovillage\\\/\",\"https:\\\/\\\/it.linkedin.com\\\/company\\\/maranello-village-hotel-\"]}]}<\/script>\n<!-- \/ Yoast SEO plugin. -->","yoast_head_json":{"title":"Services | Maranello Village - Hotel & Residence Sito Ufficiale","robots":{"index":"index","follow":"follow","max-snippet":"max-snippet:-1","max-image-preview":"max-image-preview:large","max-video-preview":"max-video-preview:-1"},"canonical":"https:\/\/www.hotelmaranellovillage.com\/de\/services\/","og_locale":"de_DE","og_type":"article","og_title":"Services | Maranello Village - Hotel & Residence Sito Ufficiale","og_description":"[vc_row full_width=&#8220;stretch_row_content_no_spaces&#8220; content_placement=&#8220;middle&#8220; css=&#8220;.vc_custom_1772648524312{padding-top: 4em !important;padding-bottom: 4em !important;background-color: #101010 !important;}&#8220;][vc_column css_animation=&#8220;none&#8220; width=&#8220;1\/2&#8243; el_class=&#8220;deco-column right&#8220;][vc_row_inner][vc_column_inner width=&#8220;5\/6&#8243; offset=&#8220;vc_col-md-offset-2 vc_col-md-8 vc_col-sm-offset-1 vc_col-xs-offset-1 vc_col-xs-10&#8243; css=&#8220;.vc_custom_1772553117214{padding-top: 4em !important;padding-bottom: 4em !important;}&#8220;][vc_column_text css=&#8220;&#8220;]Unser Ziel im Maranello Village ist es, Ihnen ein tiefes Eintauchen in die authentischste und faszinierendste Ferrari-Atmosph\u00e4re zu erm\u00f6glichen. Aus diesem Grund bieten wir Ihnen eine Auswahl an Services, die [&hellip;]","og_url":"https:\/\/www.hotelmaranellovillage.com\/de\/services\/","og_site_name":"Maranello Village","article_publisher":"https:\/\/www.facebook.com\/MaranelloVillage","article_modified_time":"2026-04-24T09:15:22+00:00","og_image":[{"width":1200,"height":675,"url":"https:\/\/www.hotelmaranellovillage.com\/wp-content\/uploads\/2026\/04\/hotel-maranello-village-reception-2026.jpg","type":"image\/jpeg"}],"twitter_card":"summary_large_image","twitter_misc":{"Gesch\u00e4tzte Lesezeit":"3\u00a0Minuten"},"schema":{"@context":"https:\/\/schema.org","@graph":[{"@type":"WebPage","@id":"https:\/\/www.hotelmaranellovillage.com\/de\/services\/","url":"https:\/\/www.hotelmaranellovillage.com\/de\/services\/","name":"Services | Maranello Village - Hotel & Residence Sito Ufficiale","isPartOf":{"@id":"https:\/\/www.hotelmaranellovillage.com\/fr\/#website"},"datePublished":"2026-02-11T18:03:07+00:00","dateModified":"2026-04-24T09:15:22+00:00","breadcrumb":{"@id":"https:\/\/www.hotelmaranellovillage.com\/de\/services\/#breadcrumb"},"inLanguage":"de","potentialAction":[{"@type":"ReadAction","target":["https:\/\/www.hotelmaranellovillage.com\/de\/services\/"]}]},{"@type":"BreadcrumbList","@id":"https:\/\/www.hotelmaranellovillage.com\/de\/services\/#breadcrumb","itemListElement":[{"@type":"ListItem","position":1,"name":"Home","item":"https:\/\/www.hotelmaranellovillage.com\/de\/startseite\/"},{"@type":"ListItem","position":2,"name":"Services"}]},{"@type":"WebSite","@id":"https:\/\/www.hotelmaranellovillage.com\/fr\/#website","url":"https:\/\/www.hotelmaranellovillage.com\/fr\/","name":"Maranello Village","description":"Hotel &amp; Residence Sito Ufficiale","publisher":{"@id":"https:\/\/www.hotelmaranellovillage.com\/fr\/#organization"},"alternateName":"HMV","potentialAction":[{"@type":"SearchAction","target":{"@type":"EntryPoint","urlTemplate":"https:\/\/www.hotelmaranellovillage.com\/fr\/?s={search_term_string}"},"query-input":{"@type":"PropertyValueSpecification","valueRequired":true,"valueName":"search_term_string"}}],"inLanguage":"de"},{"@type":"Organization","@id":"https:\/\/www.hotelmaranellovillage.com\/fr\/#organization","name":"Hotel & Residence 4 stelle","url":"https:\/\/www.hotelmaranellovillage.com\/fr\/","logo":{"@type":"ImageObject","inLanguage":"de","@id":"https:\/\/www.hotelmaranellovillage.com\/fr\/#\/schema\/logo\/image\/","url":"https:\/\/www.hotelmaranellovillage.com\/wp-content\/uploads\/2026\/04\/maranello-village-logo-2026.png","contentUrl":"https:\/\/www.hotelmaranellovillage.com\/wp-content\/uploads\/2026\/04\/maranello-village-logo-2026.png","width":800,"height":256,"caption":"Hotel & Residence 4 stelle"},"image":{"@id":"https:\/\/www.hotelmaranellovillage.com\/fr\/#\/schema\/logo\/image\/"},"sameAs":["https:\/\/www.facebook.com\/MaranelloVillage","https:\/\/www.instagram.com\/hotelmaranellovillage\/","https:\/\/it.linkedin.com\/company\/maranello-village-hotel-"]}]}},"_links":{"self":[{"href":"https:\/\/www.hotelmaranellovillage.com\/de\/wp-json\/wp\/v2\/pages\/1015","targetHints":{"allow":["GET"]}}],"collection":[{"href":"https:\/\/www.hotelmaranellovillage.com\/de\/wp-json\/wp\/v2\/pages"}],"about":[{"href":"https:\/\/www.hotelmaranellovillage.com\/de\/wp-json\/wp\/v2\/types\/page"}],"author":[{"embeddable":true,"href":"https:\/\/www.hotelmaranellovillage.com\/de\/wp-json\/wp\/v2\/users\/1"}],"replies":[{"embeddable":true,"href":"https:\/\/www.hotelmaranellovillage.com\/de\/wp-json\/wp\/v2\/comments?post=1015"}],"version-history":[{"count":19,"href":"https:\/\/www.hotelmaranellovillage.com\/de\/wp-json\/wp\/v2\/pages\/1015\/revisions"}],"predecessor-version":[{"id":1330,"href":"https:\/\/www.hotelmaranellovillage.com\/de\/wp-json\/wp\/v2\/pages\/1015\/revisions\/1330"}],"wp:attachment":[{"href":"https:\/\/www.hotelmaranellovillage.com\/de\/wp-json\/wp\/v2\/media?parent=1015"}],"curies":[{"name":"wp","href":"https:\/\/api.w.org\/{rel}","templated":true}]}}